{"id":26167,"date":"2026-01-14T10:27:06","date_gmt":"2026-01-14T13:27:06","guid":{"rendered":"https:\/\/www.ufsm.br\/pro-reitorias\/prograd\/?page_id=26167"},"modified":"2026-01-14T10:28:26","modified_gmt":"2026-01-14T13:28:26","slug":"analise-das-avaliacoes-externas","status":"publish","type":"page","link":"https:\/\/www.ufsm.br\/pro-reitorias\/prograd\/analise-das-avaliacoes-externas","title":{"rendered":"An\u00e1lise das Avalia\u00e7\u00f5es Externas"},"content":{"rendered":"\t\t<div data-elementor-type=\"wp-page\" data-elementor-id=\"26167\" class=\"elementor elementor-26167\">\n\t\t\t\t\t\t<section class=\"elementor-section elementor-top-section elementor-element elementor-element-bb16d6d elementor-section-boxed elementor-section-height-default elementor-section-height-default\" data-id=\"bb16d6d\" data-element_type=\"section\">\n\t\t\t\t\t\t<div class=\"elementor-container elementor-column-gap-default\">\n\t\t\t\t\t<div class=\"elementor-column elementor-col-100 elementor-top-column elementor-element elementor-element-e4d70cf\" data-id=\"e4d70cf\" data-element_type=\"column\">\n\t\t\t<div class=\"elementor-widget-wrap elementor-element-populated\">\n\t\t\t\t\t\t<div class=\"elementor-element elementor-element-479e945 elementor-widget elementor-widget-text-editor\" data-id=\"479e945\" data-element_type=\"widget\" data-widget_type=\"text-editor.default\">\n\t\t\t\t<div class=\"elementor-widget-container\">\n\t\t\t\t\t\t\t<div><p>Para que a intera\u00e7\u00e3o entre os resultados das avalia\u00e7\u00f5es e a gest\u00e3o da institui\u00e7\u00e3o seja efetiva, foram elaborados relat\u00f3rios\u00a0para que sejam evidenciadas as a\u00e7\u00f5es necess\u00e1rias ao atendimento daqueles aspectos considerados insatisfat\u00f3rios nos Relat\u00f3rios de Avalia\u00e7\u00e3o Externa de Cursos.\u00a0Todavia, para que este trabalho tenha efetividade, torna-se necess\u00e1rio o acompanhamento por parte da gest\u00e3o institucional de forma a verificar se as a\u00e7\u00f5es propostas e\/ou necess\u00e1rias apontadas pelos cursos neste relat\u00f3rio est\u00e3o sendo desenvolvidas ou implementadas.<\/p><p>\u00a0<\/p><p><a href=\"https:\/\/www.ufsm.br\/reitoria\/avaliacao\/wp-content\/uploads\/sites\/504\/2019\/01\/Relatorio_Avaliacao_Externa_2014-2015.1.pdf\" target=\"_blank\" rel=\"noopener\">Relat\u00f3rio de An\u00e1lise das Avalia\u00e7\u00f5es Externas 2014-2015\/1<\/a><\/p><p><a href=\"https:\/\/www.ufsm.br\/reitoria\/avaliacao\/wp-content\/uploads\/sites\/504\/2019\/01\/Relatorio_Avaliacao_Externa_2015_2e2016.pdf\" target=\"_blank\" rel=\"noopener\">Relat\u00f3rio de An\u00e1lise das Avalia\u00e7\u00f5es Externas 2015\/2 e 2016<\/a><\/p><\/div>\t\t\t\t\t\t<\/div>\n\t\t\t\t<\/div>\n\t\t\t\t\t<\/div>\n\t\t<\/div>\n\t\t\t\t\t<\/div>\n\t\t<\/section>\n\t\t\t\t<\/div>\n\t\t","protected":false},"excerpt":{"rendered":"<p>Para que a intera\u00e7\u00e3o entre os resultados das avalia\u00e7\u00f5es e a gest\u00e3o da institui\u00e7\u00e3o seja efetiva, foram elaborados relat\u00f3rios\u00a0para que sejam evidenciadas as a\u00e7\u00f5es necess\u00e1rias ao atendimento daqueles aspectos considerados insatisfat\u00f3rios nos Relat\u00f3rios de Avalia\u00e7\u00e3o Externa de Cursos.\u00a0Todavia, para que este trabalho tenha efetividade, torna-se necess\u00e1rio o acompanhamento por parte da gest\u00e3o institucional de forma [&hellip;]<\/p>\n","protected":false},"author":519,"featured_media":0,"parent":0,"menu_order":0,"comment_status":"closed","ping_status":"closed","template":"","meta":{"footnotes":""},"categories":[],"tags":[],"class_list":["post-26167","page","type-page","status-publish","hentry"],"acf":[],"_links":{"self":[{"href":"https:\/\/www.ufsm.br\/pro-reitorias\/prograd\/wp-json\/wp\/v2\/pages\/26167","targetHints":{"allow":["GET"]}}],"collection":[{"href":"https:\/\/www.ufsm.br\/pro-reitorias\/prograd\/wp-json\/wp\/v2\/pages"}],"about":[{"href":"https:\/\/www.ufsm.br\/pro-reitorias\/prograd\/wp-json\/wp\/v2\/types\/page"}],"author":[{"embeddable":true,"href":"https:\/\/www.ufsm.br\/pro-reitorias\/prograd\/wp-json\/wp\/v2\/users\/519"}],"replies":[{"embeddable":true,"href":"https:\/\/www.ufsm.br\/pro-reitorias\/prograd\/wp-json\/wp\/v2\/comments?post=26167"}],"version-history":[{"count":0,"href":"https:\/\/www.ufsm.br\/pro-reitorias\/prograd\/wp-json\/wp\/v2\/pages\/26167\/revisions"}],"wp:attachment":[{"href":"https:\/\/www.ufsm.br\/pro-reitorias\/prograd\/wp-json\/wp\/v2\/media?parent=26167"}],"wp:term":[{"taxonomy":"category","embeddable":true,"href":"https:\/\/www.ufsm.br\/pro-reitorias\/prograd\/wp-json\/wp\/v2\/categories?post=26167"},{"taxonomy":"post_tag","embeddable":true,"href":"https:\/\/www.ufsm.br\/pro-reitorias\/prograd\/wp-json\/wp\/v2\/tags?post=26167"}],"curies":[{"name":"wp","href":"https:\/\/api.w.org\/{rel}","templated":true}]}}