{"id":4127,"date":"2018-05-03T14:34:52","date_gmt":"2018-05-03T17:34:52","guid":{"rendered":"https:\/\/www.ufsm.br\/pro-reitorias\/prograd\/?page_id=4127"},"modified":"2022-05-24T08:48:04","modified_gmt":"2022-05-24T11:48:04","slug":"dados-sisu","status":"publish","type":"page","link":"https:\/\/www.ufsm.br\/pro-reitorias\/prograd\/dados-sisu","title":{"rendered":"Dados SISU"},"content":{"rendered":"\t\t<div data-elementor-type=\"wp-post\" data-elementor-id=\"4127\" class=\"elementor elementor-4127\">\n\t\t\t\t\t\t<section class=\"elementor-section elementor-top-section elementor-element elementor-element-f81b6c6 elementor-section-boxed elementor-section-height-default elementor-section-height-default\" data-id=\"f81b6c6\" data-element_type=\"section\">\n\t\t\t\t\t\t<div class=\"elementor-container elementor-column-gap-default\">\n\t\t\t\t\t<div class=\"elementor-column elementor-col-100 elementor-top-column elementor-element elementor-element-51da629\" data-id=\"51da629\" data-element_type=\"column\">\n\t\t\t<div class=\"elementor-widget-wrap elementor-element-populated\">\n\t\t\t\t\t\t<div class=\"elementor-element elementor-element-d0831cc elementor-widget elementor-widget-text-editor\" data-id=\"d0831cc\" data-element_type=\"widget\" data-widget_type=\"text-editor.default\">\n\t\t\t\t<div class=\"elementor-widget-container\">\n\t\t\t\t\t\t\t<p>Para orienta\u00e7\u00f5es sobre como concorrer \u00e0s vagas dos cursos de gradua\u00e7\u00e3o da UFSM atrav\u00e9s do SiSU, utilizando a nota do Enem, acesse\u00a0<strong><a href=\"http:\/\/www.ufsm.br\/sisu\" rel=\"noopener\">www.ufsm.br\/sisu<\/a><\/strong>. Mais informa\u00e7\u00f5es podem ser obtidas atrav\u00e9s do email\u00a0<b><a href=\"mailto:copa.sisu@ufsm.br\">copa.sisu@ufsm.br<\/a><\/b>,\u00a0dos telefones <strong>(55) 3220-8338 e 3220-8187<\/strong> e\u00a0pela p\u00e1gina\u00a0<a href=\"https:\/\/www.facebook.com\/confirmacaodevagaUFSM\/\"><strong>Confirma\u00e7\u00e3o de Vaga-UFSM<\/strong><\/a>\u00a0no Facebook.\u00a0\u00a0\u00a0<\/p>\t\t\t\t\t\t<\/div>\n\t\t\t\t<\/div>\n\t\t\t\t\t<\/div>\n\t\t<\/div>\n\t\t\t\t\t<\/div>\n\t\t<\/section>\n\t\t\t\t<\/div>\n\t\t","protected":false},"excerpt":{"rendered":"<p>Para orienta\u00e7\u00f5es sobre como concorrer \u00e0s vagas dos cursos de gradua\u00e7\u00e3o da UFSM atrav\u00e9s do SiSU, utilizando a nota do Enem, acesse&nbsp;www.ufsm.br\/sisu. Mais informa\u00e7\u00f5es podem ser obtidas atrav\u00e9s do email&nbsp;copa.sisu@ufsm.br,&nbsp;dos telefones (55) 3220-8338 e 3220-8187 e&nbsp;pela p\u00e1gina&nbsp;Confirma\u00e7\u00e3o de Vaga-UFSM&nbsp;no Facebook.&nbsp;&nbsp;&nbsp;<\/p>\n","protected":false},"author":74,"featured_media":0,"parent":0,"menu_order":0,"comment_status":"closed","ping_status":"closed","template":"","meta":{"footnotes":""},"categories":[],"tags":[],"class_list":["post-4127","page","type-page","status-publish","hentry"],"acf":[],"_links":{"self":[{"href":"https:\/\/www.ufsm.br\/pro-reitorias\/prograd\/wp-json\/wp\/v2\/pages\/4127","targetHints":{"allow":["GET"]}}],"collection":[{"href":"https:\/\/www.ufsm.br\/pro-reitorias\/prograd\/wp-json\/wp\/v2\/pages"}],"about":[{"href":"https:\/\/www.ufsm.br\/pro-reitorias\/prograd\/wp-json\/wp\/v2\/types\/page"}],"author":[{"embeddable":true,"href":"https:\/\/www.ufsm.br\/pro-reitorias\/prograd\/wp-json\/wp\/v2\/users\/74"}],"replies":[{"embeddable":true,"href":"https:\/\/www.ufsm.br\/pro-reitorias\/prograd\/wp-json\/wp\/v2\/comments?post=4127"}],"version-history":[{"count":0,"href":"https:\/\/www.ufsm.br\/pro-reitorias\/prograd\/wp-json\/wp\/v2\/pages\/4127\/revisions"}],"wp:attachment":[{"href":"https:\/\/www.ufsm.br\/pro-reitorias\/prograd\/wp-json\/wp\/v2\/media?parent=4127"}],"wp:term":[{"taxonomy":"category","embeddable":true,"href":"https:\/\/www.ufsm.br\/pro-reitorias\/prograd\/wp-json\/wp\/v2\/categories?post=4127"},{"taxonomy":"post_tag","embeddable":true,"href":"https:\/\/www.ufsm.br\/pro-reitorias\/prograd\/wp-json\/wp\/v2\/tags?post=4127"}],"curies":[{"name":"wp","href":"https:\/\/api.w.org\/{rel}","templated":true}]}}