{"id":192,"date":"2019-04-24T12:54:17","date_gmt":"2019-04-24T15:54:17","guid":{"rendered":"https:\/\/www.ufsm.br\/pro-reitorias\/proinfra\/uma\/?page_id=192"},"modified":"2019-06-17T09:43:09","modified_gmt":"2019-06-17T12:43:09","slug":"mobilidade-urbana","status":"publish","type":"page","link":"https:\/\/www.ufsm.br\/pro-reitorias\/proinfra\/uma\/mobilidade-urbana","title":{"rendered":"Mobilidade Urbana"},"content":{"rendered":"\n<p>A pista multiuso da UFSM foi idealizada com o intuito de atender as demandas de circula\u00e7\u00e3o da universidade\u00a0e mobilidade, dificultada pelo aumento do n\u00famero de servidores e estudantes.<\/p>\n<p>O campus sede representa um dos maiores espa\u00e7os verdes e ao ar livre da cidade de Santa Maria, semelhante a um parque. Dessa forma, al\u00e9m da circula\u00e7\u00e3o, a pista tamb\u00e9m auxilia atividades de recrea\u00e7\u00e3o, como caminhadas, passeios, andar de bicicleta, entre outros. Al\u00e9m de melhorar a circula\u00e7\u00e3o dentro do campus, a pista tamb\u00e9m auxilia na sa\u00fade dos frequentadores, devido \u00e0 pr\u00e1tica de atividades f\u00edsicas.<\/p>\n<p>Em uma pesquisa realizada no ano de 2015, os usu\u00e1rios destacaram que desde a cria\u00e7\u00e3o da pista, os carros param nos cruzamentos, o ambiente tornou-se mais agrad\u00e1vel e as cal\u00e7adas ficaram livres de ciclistas. A maioria das atividades relatadas pelos usu\u00e1rios incluem: leitura nas \u00e1reas verdes ao redor da pista, corrida, caminhada e skate.<\/p>\n<p>Na UFSM tamb\u00e9m existe o Grupo de Estudos em Mobilidade (GeMob), fundado em 2014 com a finalidade de fornecer um ambiente de crescimento profissional e desenvolvimento na \u00e1rea de Engenharia de Tr\u00e1fego na regi\u00e3o central do Rio Grande do Sul. O grupo age no desenvolvimento de projetos que visam melhorar a mobilidade urbana dentro do Campus Santa Maria, al\u00e9m de apoiar o munic\u00edpio em coleta de dados e decis\u00f5es t\u00e9cnicas. Os projetos j\u00e1 desenvolvidos na UFSM s\u00e3o: Via UFSM, Corredor de Acessibilidade e Mobilidade, Reestrutura\u00e7\u00e3o do Estacionamento do Centro de Tecnologia, Levantamento de \u00d4nibus e Educa\u00e7\u00e3o no Tr\u00e2nsito.<\/p>\n<p>Conhe\u00e7a mais sobre o GeMob atrav\u00e9s do site <a href=\"https:\/\/gemobufsm.wixsite.com\/gemob\">https:\/\/gemobufsm.wixsite.com\/gemob<\/a><\/p>\n<p>\u00a0<\/p>\n\n\n\n<p><\/p>\n","protected":false},"excerpt":{"rendered":"<p>A pista multiuso da UFSM foi idealizada com o intuito de atender as demandas de circula\u00e7\u00e3o da universidade\u00a0e mobilidade, dificultada pelo aumento do n\u00famero de servidores e estudantes. O campus sede representa um dos maiores espa\u00e7os verdes e ao ar livre da cidade de Santa Maria, semelhante a um parque. Dessa forma, al\u00e9m da circula\u00e7\u00e3o, [&hellip;]<\/p>\n","protected":false},"author":115,"featured_media":0,"parent":0,"menu_order":0,"comment_status":"closed","ping_status":"closed","template":"","meta":{"footnotes":""},"categories":[],"tags":[],"class_list":["post-192","page","type-page","status-publish","hentry"],"acf":[],"_links":{"self":[{"href":"https:\/\/www.ufsm.br\/pro-reitorias\/proinfra\/uma\/wp-json\/wp\/v2\/pages\/192","targetHints":{"allow":["GET"]}}],"collection":[{"href":"https:\/\/www.ufsm.br\/pro-reitorias\/proinfra\/uma\/wp-json\/wp\/v2\/pages"}],"about":[{"href":"https:\/\/www.ufsm.br\/pro-reitorias\/proinfra\/uma\/wp-json\/wp\/v2\/types\/page"}],"author":[{"embeddable":true,"href":"https:\/\/www.ufsm.br\/pro-reitorias\/proinfra\/uma\/wp-json\/wp\/v2\/users\/115"}],"replies":[{"embeddable":true,"href":"https:\/\/www.ufsm.br\/pro-reitorias\/proinfra\/uma\/wp-json\/wp\/v2\/comments?post=192"}],"version-history":[{"count":0,"href":"https:\/\/www.ufsm.br\/pro-reitorias\/proinfra\/uma\/wp-json\/wp\/v2\/pages\/192\/revisions"}],"wp:attachment":[{"href":"https:\/\/www.ufsm.br\/pro-reitorias\/proinfra\/uma\/wp-json\/wp\/v2\/media?parent=192"}],"wp:term":[{"taxonomy":"category","embeddable":true,"href":"https:\/\/www.ufsm.br\/pro-reitorias\/proinfra\/uma\/wp-json\/wp\/v2\/categories?post=192"},{"taxonomy":"post_tag","embeddable":true,"href":"https:\/\/www.ufsm.br\/pro-reitorias\/proinfra\/uma\/wp-json\/wp\/v2\/tags?post=192"}],"curies":[{"name":"wp","href":"https:\/\/api.w.org\/{rel}","templated":true}]}}