{"id":216,"date":"2019-04-24T13:49:21","date_gmt":"2019-04-24T16:49:21","guid":{"rendered":"https:\/\/www.ufsm.br\/pro-reitorias\/proinfra\/uma\/?page_id=216"},"modified":"2022-04-14T15:44:13","modified_gmt":"2022-04-14T18:44:13","slug":"rota-da-coleta-seletiva","status":"publish","type":"page","link":"https:\/\/www.ufsm.br\/pro-reitorias\/proinfra\/uma\/rota-da-coleta-seletiva","title":{"rendered":"Rota e calend\u00e1rio da coleta seletiva"},"content":{"rendered":"\t\t<div data-elementor-type=\"wp-post\" data-elementor-id=\"216\" class=\"elementor elementor-216\">\n\t\t\t\t\t\t<section class=\"elementor-section elementor-top-section elementor-element elementor-element-3b520800 elementor-section-boxed elementor-section-height-default elementor-section-height-default\" data-id=\"3b520800\" data-element_type=\"section\">\n\t\t\t\t\t\t<div class=\"elementor-container elementor-column-gap-default\">\n\t\t\t\t\t<div class=\"elementor-column elementor-col-100 elementor-top-column elementor-element elementor-element-17f9d379\" data-id=\"17f9d379\" data-element_type=\"column\">\n\t\t\t<div class=\"elementor-widget-wrap elementor-element-populated\">\n\t\t\t\t\t\t<div class=\"elementor-element elementor-element-5a6d40f4 elementor-widget elementor-widget-text-editor\" data-id=\"5a6d40f4\" data-element_type=\"widget\" data-widget_type=\"text-editor.default\">\n\t\t\t\t<div class=\"elementor-widget-container\">\n\t\t\t\t\t\t\t<!-- wp:tadv\/classic-paragraph -->\n<p>A rota da Coleta Seletiva Solid\u00e1ria muda de acordo com o dia:<\/p>\n<p><a href=\"https:\/\/www.ufsm.br\/pro-reitorias\/proinfra\/rota-da-coleta-seletiva-nas-segundas-feiras\/\">Rota da segunda-feira (38 pontos)<\/a><\/p>\n<p><a href=\"https:\/\/www.ufsm.br\/pro-reitorias\/proinfra\/rota-da-coleta-seletiva-nas-quartas-feiras%ef%bf%bc\/\">Rota da quarta-feira (36 pontos)<\/a><\/p>\n<p><a href=\"https:\/\/www.ufsm.br\/pro-reitorias\/proinfra\/uma\/rota-da-coleta-seletiva-nas-quintas-feiras\/\">Rota da quinta-feira (35 pontos)<\/a><\/p>\n<!-- \/wp:tadv\/classic-paragraph --><!-- wp:heading -->\n<h2><br \/>Calend\u00e1rio da coleta seletiva<\/h2>\n<!-- \/wp:heading --><!-- wp:paragraph \/--><!-- wp:paragraph \/--><!-- wp:paragraph -->\n<p>A coleta ocorre todas \u00e0s segundas, quartas e quintas-feiras, a partir das 8h. Nas semanas de feriados, a coleta ocorre nas segundas, ter\u00e7as e quartas-feiras. <br \/>Cada Associa\u00e7\u00e3o \u00e9 respons\u00e1vel pela coleta durante uma semana e h\u00e1 altern\u00e2ncia das semanas a cada novo m\u00eas.<\/p>\n<p>\u00a0<\/p>\n<!-- \/wp:paragraph --><!-- wp:heading -->\n<h2>Calend\u00e1rio de F\u00e9rias da Coleta Seletiva<\/h2>\n<!-- \/wp:heading --><!-- wp:paragraph \/--><!-- wp:image {\"id\":517,\"sizeSlug\":\"large\"} -->\n<figure class=\"wp-block-image size-large\"><img fetchpriority=\"high\" decoding=\"async\" width=\"630\" height=\"376\" class=\"wp-image-517\" src=\"https:\/\/www.ufsm.br\/pro-reitorias\/proinfra\/uma\/wp-content\/uploads\/sites\/609\/2020\/02\/image-1.jpg\" alt=\"\" srcset=\"https:\/\/www.ufsm.br\/app\/uploads\/sites\/609\/2020\/02\/image-1.jpg 630w, https:\/\/www.ufsm.br\/app\/uploads\/sites\/609\/2020\/02\/image-1-300x179.jpg 300w\" sizes=\"(max-width: 630px) 100vw, 630px\" \/><\/figure>\n<!-- \/wp:image --><!-- wp:paragraph -->\n<p>Coleta ocorre nos dias em negrito.<\/p>\n<!-- \/wp:paragraph -->\t\t\t\t\t\t<\/div>\n\t\t\t\t<\/div>\n\t\t\t\t\t<\/div>\n\t\t<\/div>\n\t\t\t\t\t<\/div>\n\t\t<\/section>\n\t\t\t\t<\/div>\n\t\t","protected":false},"excerpt":{"rendered":"<p>A rota da Coleta Seletiva Solid\u00e1ria muda de acordo com o dia: Rota da segunda-feira (38 pontos) Rota da quarta-feira (36 pontos) Rota da quinta-feira (35 pontos) Calend\u00e1rio da coleta seletiva A coleta ocorre todas \u00e0s segundas, quartas e quintas-feiras, a partir das 8h. Nas semanas de feriados, a coleta ocorre nas segundas, ter\u00e7as e [&hellip;]<\/p>\n","protected":false},"author":115,"featured_media":0,"parent":0,"menu_order":0,"comment_status":"closed","ping_status":"closed","template":"","meta":{"footnotes":""},"categories":[],"tags":[],"class_list":["post-216","page","type-page","status-publish","hentry"],"acf":[],"_links":{"self":[{"href":"https:\/\/www.ufsm.br\/pro-reitorias\/proinfra\/uma\/wp-json\/wp\/v2\/pages\/216","targetHints":{"allow":["GET"]}}],"collection":[{"href":"https:\/\/www.ufsm.br\/pro-reitorias\/proinfra\/uma\/wp-json\/wp\/v2\/pages"}],"about":[{"href":"https:\/\/www.ufsm.br\/pro-reitorias\/proinfra\/uma\/wp-json\/wp\/v2\/types\/page"}],"author":[{"embeddable":true,"href":"https:\/\/www.ufsm.br\/pro-reitorias\/proinfra\/uma\/wp-json\/wp\/v2\/users\/115"}],"replies":[{"embeddable":true,"href":"https:\/\/www.ufsm.br\/pro-reitorias\/proinfra\/uma\/wp-json\/wp\/v2\/comments?post=216"}],"version-history":[{"count":0,"href":"https:\/\/www.ufsm.br\/pro-reitorias\/proinfra\/uma\/wp-json\/wp\/v2\/pages\/216\/revisions"}],"wp:attachment":[{"href":"https:\/\/www.ufsm.br\/pro-reitorias\/proinfra\/uma\/wp-json\/wp\/v2\/media?parent=216"}],"wp:term":[{"taxonomy":"category","embeddable":true,"href":"https:\/\/www.ufsm.br\/pro-reitorias\/proinfra\/uma\/wp-json\/wp\/v2\/categories?post=216"},{"taxonomy":"post_tag","embeddable":true,"href":"https:\/\/www.ufsm.br\/pro-reitorias\/proinfra\/uma\/wp-json\/wp\/v2\/tags?post=216"}],"curies":[{"name":"wp","href":"https:\/\/api.w.org\/{rel}","templated":true}]}}