{"id":230,"date":"2019-04-24T15:46:27","date_gmt":"2019-04-24T18:46:27","guid":{"rendered":"https:\/\/www.ufsm.br\/pro-reitorias\/proinfra\/uma\/?page_id=230"},"modified":"2019-06-28T13:18:38","modified_gmt":"2019-06-28T16:18:38","slug":"sinalizacao-lixeiras","status":"publish","type":"page","link":"https:\/\/www.ufsm.br\/pro-reitorias\/proinfra\/uma\/sinalizacao-lixeiras","title":{"rendered":"Sinaliza\u00e7\u00e3o lixeiras"},"content":{"rendered":"\n<p>Nos links abaixo est\u00e3o as etiquetas e cartazes para a identifica\u00e7\u00e3o de lixeiras no campus:<\/p>\n<p>1 &#8211; <a href=\"https:\/\/www.ufsm.br\/pro-reitorias\/proinfra\/uma\/wp-content\/uploads\/sites\/609\/2019\/06\/Adesivo-lixo-org\u00e2nico.pdf\">Adesivo para lixo org\u00e2nico<\/a><\/p>\n<p>2 &#8211; <a href=\"https:\/\/www.ufsm.br\/pro-reitorias\/proinfra\/uma\/wp-content\/uploads\/sites\/609\/2019\/06\/Adesivo-lixo-recicl\u00e1vel.pdf\">Adesivo para lixo recicl\u00e1vel\u00a0<\/a><\/p>\n<p>3 &#8211; <a href=\"https:\/\/www.ufsm.br\/pro-reitorias\/proinfra\/uma\/wp-content\/uploads\/sites\/609\/2019\/06\/Adesivo-lixo-rejeitos.pdf\">Adesivo para rejeitos<\/a><\/p>\n<p>4 &#8211; <a href=\"https:\/\/www.ufsm.br\/pro-reitorias\/proinfra\/uma\/wp-content\/uploads\/sites\/609\/2019\/06\/Cartaz-lixo-org\u00e2nico.pdf\">Cartaz para lixo org\u00e2nico<\/a><\/p>\n<p>5 &#8211;<a href=\"https:\/\/www.ufsm.br\/pro-reitorias\/proinfra\/uma\/wp-content\/uploads\/sites\/609\/2019\/06\/Cartaz_lixo_reciclavel.pdf\"> Cartaz para lixo recicl\u00e1vel\u00a0<\/a><\/p>\n<p>6 &#8211; <a href=\"https:\/\/www.ufsm.br\/pro-reitorias\/proinfra\/uma\/wp-content\/uploads\/sites\/609\/2019\/06\/Cartaz-lixo-rejeito.pdf\">Cartaz para rejeitos<\/a><\/p>\n","protected":false},"excerpt":{"rendered":"<p>Nos links abaixo est\u00e3o as etiquetas e cartazes para a identifica\u00e7\u00e3o de lixeiras no campus: 1 &#8211; Adesivo para lixo org\u00e2nico 2 &#8211; Adesivo para lixo recicl\u00e1vel\u00a0 3 &#8211; Adesivo para rejeitos 4 &#8211; Cartaz para lixo org\u00e2nico 5 &#8211; Cartaz para lixo recicl\u00e1vel\u00a0 6 &#8211; Cartaz para rejeitos<\/p>\n","protected":false},"author":115,"featured_media":0,"parent":0,"menu_order":0,"comment_status":"closed","ping_status":"closed","template":"","meta":{"footnotes":""},"categories":[],"tags":[],"class_list":["post-230","page","type-page","status-publish","hentry"],"acf":[],"_links":{"self":[{"href":"https:\/\/www.ufsm.br\/pro-reitorias\/proinfra\/uma\/wp-json\/wp\/v2\/pages\/230","targetHints":{"allow":["GET"]}}],"collection":[{"href":"https:\/\/www.ufsm.br\/pro-reitorias\/proinfra\/uma\/wp-json\/wp\/v2\/pages"}],"about":[{"href":"https:\/\/www.ufsm.br\/pro-reitorias\/proinfra\/uma\/wp-json\/wp\/v2\/types\/page"}],"author":[{"embeddable":true,"href":"https:\/\/www.ufsm.br\/pro-reitorias\/proinfra\/uma\/wp-json\/wp\/v2\/users\/115"}],"replies":[{"embeddable":true,"href":"https:\/\/www.ufsm.br\/pro-reitorias\/proinfra\/uma\/wp-json\/wp\/v2\/comments?post=230"}],"version-history":[{"count":0,"href":"https:\/\/www.ufsm.br\/pro-reitorias\/proinfra\/uma\/wp-json\/wp\/v2\/pages\/230\/revisions"}],"wp:attachment":[{"href":"https:\/\/www.ufsm.br\/pro-reitorias\/proinfra\/uma\/wp-json\/wp\/v2\/media?parent=230"}],"wp:term":[{"taxonomy":"category","embeddable":true,"href":"https:\/\/www.ufsm.br\/pro-reitorias\/proinfra\/uma\/wp-json\/wp\/v2\/categories?post=230"},{"taxonomy":"post_tag","embeddable":true,"href":"https:\/\/www.ufsm.br\/pro-reitorias\/proinfra\/uma\/wp-json\/wp\/v2\/tags?post=230"}],"curies":[{"name":"wp","href":"https:\/\/api.w.org\/{rel}","templated":true}]}}