{"id":919,"date":"2021-06-18T15:20:30","date_gmt":"2021-06-18T18:20:30","guid":{"rendered":"https:\/\/www.ufsm.br\/pro-reitorias\/proinfra\/uma\/?page_id=919"},"modified":"2021-06-18T15:42:46","modified_gmt":"2021-06-18T18:42:46","slug":"empregos-verdes","status":"publish","type":"page","link":"https:\/\/www.ufsm.br\/pro-reitorias\/proinfra\/uma\/empregos-verdes","title":{"rendered":"Empregos verdes"},"content":{"rendered":"\t\t<div data-elementor-type=\"wp-page\" data-elementor-id=\"919\" class=\"elementor elementor-919\">\n\t\t\t\t\t\t<section class=\"elementor-section elementor-top-section elementor-element elementor-element-3eb816fb elementor-section-boxed elementor-section-height-default elementor-section-height-default\" data-id=\"3eb816fb\" data-element_type=\"section\">\n\t\t\t\t\t\t<div class=\"elementor-container elementor-column-gap-default\">\n\t\t\t\t\t<div class=\"elementor-column elementor-col-100 elementor-top-column elementor-element elementor-element-11bfdd7b\" data-id=\"11bfdd7b\" data-element_type=\"column\">\n\t\t\t<div class=\"elementor-widget-wrap elementor-element-populated\">\n\t\t\t\t\t\t<div class=\"elementor-element elementor-element-26b4ea7a elementor-widget elementor-widget-text-editor\" data-id=\"26b4ea7a\" data-element_type=\"widget\" data-widget_type=\"text-editor.default\">\n\t\t\t\t<div class=\"elementor-widget-container\">\n\t\t\t\t\t\t\t<p><!-- wp:paragraph --><\/p>\n<p><img fetchpriority=\"high\" decoding=\"async\" class=\"wp-image-920 size-medium alignleft\" src=\"https:\/\/www.ufsm.br\/app\/uploads\/sites\/609\/2021\/06\/Politicas-de-assistencia-estudantil-na-UFSM-300x169.jpg\" alt=\"\" width=\"300\" height=\"169\" srcset=\"https:\/\/www.ufsm.br\/app\/uploads\/sites\/609\/2021\/06\/Politicas-de-assistencia-estudantil-na-UFSM-300x169.jpg 300w, https:\/\/www.ufsm.br\/app\/uploads\/sites\/609\/2021\/06\/Politicas-de-assistencia-estudantil-na-UFSM-1024x577.jpg 1024w, https:\/\/www.ufsm.br\/app\/uploads\/sites\/609\/2021\/06\/Politicas-de-assistencia-estudantil-na-UFSM-768x433.jpg 768w, https:\/\/www.ufsm.br\/app\/uploads\/sites\/609\/2021\/06\/Politicas-de-assistencia-estudantil-na-UFSM-1536x865.jpg 1536w, https:\/\/www.ufsm.br\/app\/uploads\/sites\/609\/2021\/06\/Politicas-de-assistencia-estudantil-na-UFSM.jpg 1640w\" sizes=\"(max-width: 300px) 100vw, 300px\" \/><\/p>\n<p>Emprego verde \u00e9 o nome dado a toda atividade remunerada que auxilia diretamente no <strong>desenvolvimento sustent\u00e1vel<\/strong>. Com a\u00e7\u00f5es voltadas \u00e0 preserva\u00e7\u00e3o do meio ambiente, os empregos verdes foram citados pela primeira vez em 2007, numa parceria estabelecida entre o Programa das Na\u00e7\u00f5es Unidas para o Meio Ambiente (PNUMA), a Organiza\u00e7\u00e3o Internacional do Trabalho (OIT) e a Confedera\u00e7\u00e3o Sindical Internacional (CSI).<\/p>\n<p><!-- \/wp:paragraph --><\/p>\n<p><!-- wp:paragraph --><\/p>\n<p>Ao contr\u00e1rio do que muitos pensam, os empregos verdes v\u00e3o al\u00e9m dos cursos voltados \u00e0s Ci\u00eancias Biol\u00f3gicas. <strong>Eles s\u00e3o trabalhos de diferentes \u00e1reas que contribuem com a diminui\u00e7\u00e3o da emiss\u00e3o de carbono na atmosfera, reduzem a quantidade de res\u00edduos gerados, repensam suas formas de consumo de energia e \u00e1gua e auxiliam na prote\u00e7\u00e3o da natureza.\u00a0<\/strong><\/p>\n<p><!-- \/wp:paragraph --><\/p>\n<p><!-- wp:paragraph --><\/p>\n<p>Pensar em novas abordagens de trabalho \u00e9<strong> indispens\u00e1vel para que haja uma mudan\u00e7a ambiental positiva significativa.<\/strong> \u00c9 preciso conectar todos os setores\u00a0 econ\u00f4micos para essa mudan\u00e7a de paradigma, pois todas as atividades podem ser verdes dependendo do vi\u00e9s de suas a\u00e7\u00f5es.\u00a0<\/p>\n<p><!-- \/wp:paragraph --><\/p>\n<p><!-- wp:paragraph --><\/p>\n<p>A s\u00e9rie \u201cEmpregos Verdes\u201d, divulgada no Instagram do UMA, <strong>quebra esse preconceito que temos referente ao que s\u00e3o e quais podem ser os empregos verdes.<\/strong> Com publica\u00e7\u00f5es quinzenais, trazemos profissionais egressos da Universidade para contarem como sua forma\u00e7\u00e3o se tornou um emprego verde.\u00a0<\/p>\n<p><!-- \/wp:paragraph --><\/p>\n<p><!-- wp:paragraph --><\/p>\n<p><a href=\"https:\/\/www.instagram.com\/umaufsm\/?hl=en\">Acompanhe por aqui!<\/a><\/p>\n<p><!-- \/wp:paragraph --><\/p>\t\t\t\t\t\t<\/div>\n\t\t\t\t<\/div>\n\t\t\t\t\t<\/div>\n\t\t<\/div>\n\t\t\t\t\t<\/div>\n\t\t<\/section>\n\t\t\t\t<\/div>\n\t\t","protected":false},"excerpt":{"rendered":"<p>Emprego verde \u00e9 o nome dado a toda atividade remunerada que auxilia diretamente no desenvolvimento sustent\u00e1vel. Com a\u00e7\u00f5es voltadas \u00e0 preserva\u00e7\u00e3o do meio ambiente, os empregos verdes foram citados pela primeira vez em 2007, numa parceria estabelecida entre o Programa das Na\u00e7\u00f5es Unidas para o Meio Ambiente (PNUMA), a Organiza\u00e7\u00e3o Internacional do Trabalho (OIT) e [&hellip;]<\/p>\n","protected":false},"author":2493,"featured_media":0,"parent":0,"menu_order":0,"comment_status":"closed","ping_status":"closed","template":"","meta":{"footnotes":""},"categories":[],"tags":[],"class_list":["post-919","page","type-page","status-publish","hentry"],"acf":[],"_links":{"self":[{"href":"https:\/\/www.ufsm.br\/pro-reitorias\/proinfra\/uma\/wp-json\/wp\/v2\/pages\/919","targetHints":{"allow":["GET"]}}],"collection":[{"href":"https:\/\/www.ufsm.br\/pro-reitorias\/proinfra\/uma\/wp-json\/wp\/v2\/pages"}],"about":[{"href":"https:\/\/www.ufsm.br\/pro-reitorias\/proinfra\/uma\/wp-json\/wp\/v2\/types\/page"}],"author":[{"embeddable":true,"href":"https:\/\/www.ufsm.br\/pro-reitorias\/proinfra\/uma\/wp-json\/wp\/v2\/users\/2493"}],"replies":[{"embeddable":true,"href":"https:\/\/www.ufsm.br\/pro-reitorias\/proinfra\/uma\/wp-json\/wp\/v2\/comments?post=919"}],"version-history":[{"count":0,"href":"https:\/\/www.ufsm.br\/pro-reitorias\/proinfra\/uma\/wp-json\/wp\/v2\/pages\/919\/revisions"}],"wp:attachment":[{"href":"https:\/\/www.ufsm.br\/pro-reitorias\/proinfra\/uma\/wp-json\/wp\/v2\/media?parent=919"}],"wp:term":[{"taxonomy":"category","embeddable":true,"href":"https:\/\/www.ufsm.br\/pro-reitorias\/proinfra\/uma\/wp-json\/wp\/v2\/categories?post=919"},{"taxonomy":"post_tag","embeddable":true,"href":"https:\/\/www.ufsm.br\/pro-reitorias\/proinfra\/uma\/wp-json\/wp\/v2\/tags?post=919"}],"curies":[{"name":"wp","href":"https:\/\/api.w.org\/{rel}","templated":true}]}}