{"id":10,"date":"2018-03-27T09:04:05","date_gmt":"2018-03-27T12:04:05","guid":{"rendered":"https:\/\/www.ufsm.br\/pro-reitorias\/proinfra\/?page_id=10"},"modified":"2022-04-14T14:51:17","modified_gmt":"2022-04-14T17:51:17","slug":"setor-de-planejamento-urbano","status":"publish","type":"page","link":"https:\/\/www.ufsm.br\/pro-reitorias\/proinfra\/setor-de-planejamento-urbano","title":{"rendered":"Setor de Planejamento Urbano"},"content":{"rendered":"<p><strong>Ramal: 8304<\/strong><\/p>\n<p>Compete aos profissionais dos \u00f3rg\u00e3os vinculados ao Planejamento Urbano da UFSM realizar os projetos arquitet\u00f4nicos, fiscalizar obras, criar a\u00e7\u00f5es voltadas ao zoneamento das \u00e1reas da Insitui\u00e7\u00e3o, \u00e0 cria\u00e7\u00e3o do Plano Diretor da UFSM, \u00e0 mobilidade dentro dos campi, ao paisagismo e urbanismo e conjunto com outros \u00f3rg\u00e3os e setores competentes. Maiores informa\u00e7\u00f5es podem ser encontradas no Setor de Planejamento Urbano.<\/p>\n","protected":false},"excerpt":{"rendered":"<p>Ramal: 8304 Compete aos profissionais dos \u00f3rg\u00e3os vinculados ao Planejamento Urbano da UFSM realizar os projetos arquitet\u00f4nicos, fiscalizar obras, criar a\u00e7\u00f5es voltadas ao zoneamento das \u00e1reas da Insitui\u00e7\u00e3o, \u00e0 cria\u00e7\u00e3o do Plano Diretor da UFSM, \u00e0 mobilidade dentro dos campi, ao paisagismo e urbanismo e conjunto com outros \u00f3rg\u00e3os e setores competentes. Maiores informa\u00e7\u00f5es podem [&hellip;]<\/p>\n","protected":false},"author":74,"featured_media":0,"parent":0,"menu_order":0,"comment_status":"closed","ping_status":"closed","template":"","meta":{"footnotes":""},"categories":[],"tags":[],"class_list":["post-10","page","type-page","status-publish","hentry"],"acf":[],"_links":{"self":[{"href":"https:\/\/www.ufsm.br\/pro-reitorias\/proinfra\/wp-json\/wp\/v2\/pages\/10","targetHints":{"allow":["GET"]}}],"collection":[{"href":"https:\/\/www.ufsm.br\/pro-reitorias\/proinfra\/wp-json\/wp\/v2\/pages"}],"about":[{"href":"https:\/\/www.ufsm.br\/pro-reitorias\/proinfra\/wp-json\/wp\/v2\/types\/page"}],"author":[{"embeddable":true,"href":"https:\/\/www.ufsm.br\/pro-reitorias\/proinfra\/wp-json\/wp\/v2\/users\/74"}],"replies":[{"embeddable":true,"href":"https:\/\/www.ufsm.br\/pro-reitorias\/proinfra\/wp-json\/wp\/v2\/comments?post=10"}],"version-history":[{"count":0,"href":"https:\/\/www.ufsm.br\/pro-reitorias\/proinfra\/wp-json\/wp\/v2\/pages\/10\/revisions"}],"wp:attachment":[{"href":"https:\/\/www.ufsm.br\/pro-reitorias\/proinfra\/wp-json\/wp\/v2\/media?parent=10"}],"wp:term":[{"taxonomy":"category","embeddable":true,"href":"https:\/\/www.ufsm.br\/pro-reitorias\/proinfra\/wp-json\/wp\/v2\/categories?post=10"},{"taxonomy":"post_tag","embeddable":true,"href":"https:\/\/www.ufsm.br\/pro-reitorias\/proinfra\/wp-json\/wp\/v2\/tags?post=10"}],"curies":[{"name":"wp","href":"https:\/\/api.w.org\/{rel}","templated":true}]}}