{"id":27,"date":"2018-03-27T09:22:00","date_gmt":"2018-03-27T12:22:00","guid":{"rendered":"https:\/\/www.ufsm.br\/pro-reitorias\/proinfra\/?page_id=27"},"modified":"2023-06-28T11:52:25","modified_gmt":"2023-06-28T14:52:25","slug":"setor-de-telefonia","status":"publish","type":"page","link":"https:\/\/www.ufsm.br\/pro-reitorias\/proinfra\/setor-de-telefonia","title":{"rendered":"Setor de Telefonia"},"content":{"rendered":"<p>Eduardo Monteiro Gomes<\/p>\n<p>Andr\u00e9 Vinicius S. Brizzi<\/p>\n<p>Adriani Souto Teixeira<\/p>\n<p>Elo\u00edsa Helena Venturini Borges<\/p>\n<p>Marilete Carmen Marin Ramos<\/p>\n<p>S\u00f4nia Teresinha Oliveira Ferr\u00e3o<\/p>\n<p>Ramal: 8398<\/p>\n","protected":false},"excerpt":{"rendered":"<p>Eduardo Monteiro Gomes Andr\u00e9 Vinicius S. Brizzi Adriani Souto Teixeira Elo\u00edsa Helena Venturini Borges Marilete Carmen Marin Ramos S\u00f4nia Teresinha Oliveira Ferr\u00e3o Ramal: 8398<\/p>\n","protected":false},"author":74,"featured_media":0,"parent":0,"menu_order":0,"comment_status":"closed","ping_status":"closed","template":"","meta":{"footnotes":""},"categories":[],"tags":[],"class_list":["post-27","page","type-page","status-publish","hentry"],"acf":[],"_links":{"self":[{"href":"https:\/\/www.ufsm.br\/pro-reitorias\/proinfra\/wp-json\/wp\/v2\/pages\/27","targetHints":{"allow":["GET"]}}],"collection":[{"href":"https:\/\/www.ufsm.br\/pro-reitorias\/proinfra\/wp-json\/wp\/v2\/pages"}],"about":[{"href":"https:\/\/www.ufsm.br\/pro-reitorias\/proinfra\/wp-json\/wp\/v2\/types\/page"}],"author":[{"embeddable":true,"href":"https:\/\/www.ufsm.br\/pro-reitorias\/proinfra\/wp-json\/wp\/v2\/users\/74"}],"replies":[{"embeddable":true,"href":"https:\/\/www.ufsm.br\/pro-reitorias\/proinfra\/wp-json\/wp\/v2\/comments?post=27"}],"version-history":[{"count":0,"href":"https:\/\/www.ufsm.br\/pro-reitorias\/proinfra\/wp-json\/wp\/v2\/pages\/27\/revisions"}],"wp:attachment":[{"href":"https:\/\/www.ufsm.br\/pro-reitorias\/proinfra\/wp-json\/wp\/v2\/media?parent=27"}],"wp:term":[{"taxonomy":"category","embeddable":true,"href":"https:\/\/www.ufsm.br\/pro-reitorias\/proinfra\/wp-json\/wp\/v2\/categories?post=27"},{"taxonomy":"post_tag","embeddable":true,"href":"https:\/\/www.ufsm.br\/pro-reitorias\/proinfra\/wp-json\/wp\/v2\/tags?post=27"}],"curies":[{"name":"wp","href":"https:\/\/api.w.org\/{rel}","templated":true}]}}