{"id":329,"date":"2018-07-16T16:15:37","date_gmt":"2018-07-16T19:15:37","guid":{"rendered":"https:\/\/www.ufsm.br\/pro-reitorias\/proinfra\/?page_id=329"},"modified":"2026-02-26T13:36:34","modified_gmt":"2026-02-26T16:36:34","slug":"memorando","status":"publish","type":"page","link":"https:\/\/www.ufsm.br\/pro-reitorias\/proinfra\/memorando","title":{"rendered":"Memorandos"},"content":{"rendered":"<p>A PROINFRA\u00a0 disponibiliza abaixo atrav\u00e9s do memorando 001\/2018, as informa\u00e7\u00f5es relevantes para as solicita\u00e7\u00f5es relacionadas a: manuten\u00e7\u00e3o, projetos, reformas e obras.<\/p>\n<figure id=\"attachment_327\" aria-describedby=\"caption-attachment-327\" style=\"width: 400px\" class=\"wp-caption aligncenter\"><img fetchpriority=\"high\" decoding=\"async\" class=\"wp-image-327\" src=\"https:\/\/www.ufsm.br\/pro-reitorias\/proinfra\/wp-content\/uploads\/sites\/343\/2018\/07\/memocircular0012018.png\" alt=\"O conte\u00fado do arquivo \u00e9: Memorando Circular N\u00famero 01\/2018 - PROINFRA aos Diretores de Centros\/ Campus. Assunto: solicita\u00e7\u00e3o de manuten\u00e7\u00e3o, projetos, reformas e obras para a PROINFRA. Santa Maria, 19 de fevereiro de 2018. Com vistas a organizar os processos internos, solicitamos que os memorandos enviados \u00e0 PROINFRA para assuntos relacionados a: manuten\u00e7\u00e3o, projetos, reformas e obras contenham as seguintes informa\u00e7\u00f5es: descri\u00e7\u00e3o da solicita\u00e7\u00e3o; assinatura do Diretor do Centro\/Campus com ci\u00eancia e concord\u00e2ncia; fonte de recurso financeiro; nome, telefone e e-mail do solicitante\/respons\u00e1vel. Sendo o que se apresenta para o momento, nos colocamos a disposi\u00e7\u00e3o para maiores esclarecimentos. Atenciosamente, Professor Jos\u00e9 Marlo Doleys Soares Pr\u00f3-Reitor de Infraestrutura.\" width=\"400\" height=\"568\" srcset=\"https:\/\/www.ufsm.br\/app\/uploads\/sites\/343\/2018\/07\/memocircular0012018.png 428w, https:\/\/www.ufsm.br\/app\/uploads\/sites\/343\/2018\/07\/memocircular0012018-211x300.png 211w\" sizes=\"(max-width: 400px) 100vw, 400px\" \/><figcaption id=\"caption-attachment-327\" class=\"wp-caption-text\">Solicita\u00e7\u00e3o de Manuten\u00e7\u00e3o, Projetos, Reformas e Obras para a PROINFRA (Memorando 01\/2018)<\/figcaption><\/figure>\n","protected":false},"excerpt":{"rendered":"<p>A PROINFRA\u00a0 disponibiliza abaixo atrav\u00e9s do memorando 001\/2018, as informa\u00e7\u00f5es relevantes para as solicita\u00e7\u00f5es relacionadas a: manuten\u00e7\u00e3o, projetos, reformas e obras.<\/p>\n","protected":false},"author":119,"featured_media":0,"parent":0,"menu_order":0,"comment_status":"closed","ping_status":"closed","template":"","meta":{"footnotes":""},"categories":[],"tags":[],"class_list":["post-329","page","type-page","status-publish","hentry"],"acf":[],"_links":{"self":[{"href":"https:\/\/www.ufsm.br\/pro-reitorias\/proinfra\/wp-json\/wp\/v2\/pages\/329","targetHints":{"allow":["GET"]}}],"collection":[{"href":"https:\/\/www.ufsm.br\/pro-reitorias\/proinfra\/wp-json\/wp\/v2\/pages"}],"about":[{"href":"https:\/\/www.ufsm.br\/pro-reitorias\/proinfra\/wp-json\/wp\/v2\/types\/page"}],"author":[{"embeddable":true,"href":"https:\/\/www.ufsm.br\/pro-reitorias\/proinfra\/wp-json\/wp\/v2\/users\/119"}],"replies":[{"embeddable":true,"href":"https:\/\/www.ufsm.br\/pro-reitorias\/proinfra\/wp-json\/wp\/v2\/comments?post=329"}],"version-history":[{"count":0,"href":"https:\/\/www.ufsm.br\/pro-reitorias\/proinfra\/wp-json\/wp\/v2\/pages\/329\/revisions"}],"wp:attachment":[{"href":"https:\/\/www.ufsm.br\/pro-reitorias\/proinfra\/wp-json\/wp\/v2\/media?parent=329"}],"wp:term":[{"taxonomy":"category","embeddable":true,"href":"https:\/\/www.ufsm.br\/pro-reitorias\/proinfra\/wp-json\/wp\/v2\/categories?post=329"},{"taxonomy":"post_tag","embeddable":true,"href":"https:\/\/www.ufsm.br\/pro-reitorias\/proinfra\/wp-json\/wp\/v2\/tags?post=329"}],"curies":[{"name":"wp","href":"https:\/\/api.w.org\/{rel}","templated":true}]}}