{"id":4,"date":"2018-03-27T09:00:23","date_gmt":"2018-03-27T12:00:23","guid":{"rendered":"https:\/\/www.ufsm.br\/pro-reitorias\/proinfra\/?page_id=4"},"modified":"2018-07-12T12:30:43","modified_gmt":"2018-07-12T15:30:43","slug":"a-proinfra","status":"publish","type":"page","link":"https:\/\/www.ufsm.br\/pro-reitorias\/proinfra\/a-proinfra","title":{"rendered":"Sobre"},"content":{"rendered":"<p>Em 27\/03\/2009 o Conselho Universit\u00e1rio (ConsU), na sua 691\u00aa Sess\u00e3o, aprova a transforma\u00e7\u00e3o da Prefeitura da Cidade Universit\u00e1ria em Pr\u00f3-Reitoria de Infraestrutura &#8211; PROINFRA, tornando-se oficial atrav\u00e9s da Resolu\u00e7\u00e3o N\u00ba. 001 de 30 de mar\u00e7o de 2009, do Gabinete do Reitor.<\/p>\n<p>&nbsp;<\/p>\n<p>Art. 43. \u00c0 Pr\u00f3-Reitoria de Infraestrutura compete:<\/p>\n<p style=\"padding-left: 30px\"><span style=\"font-size: 10pt\"><strong>I.\u00a0<\/strong>Planejar, coordenar, operar, manter e controlar os servi\u00e7os de telefonia fixa e m\u00f3vel;<br \/>\n<\/span><span style=\"font-size: 10pt\"><strong>II.\u00a0<\/strong>Planejar, coordenar, executar e controlar os servi\u00e7os de transporte oficial, os servi\u00e7os de abastecimento, lavagem, lubrifica\u00e7\u00e3o e manuten\u00e7\u00e3o de ve\u00edculos, m\u00e1quinas e equipamentos;<br \/>\n<\/span><span style=\"font-size: 10pt\"><strong>III.\u00a0<\/strong>Coordenar, executar e supervisionar os servi\u00e7os de vigil\u00e2ncia org\u00e2nica, os servi\u00e7os de vigil\u00e2ncia eletr\u00f4nica, os servi\u00e7os de portaria, os servi\u00e7os de elevadores e os servi\u00e7os de preven\u00e7\u00e3o e combate ao fogo;<br \/>\n<\/span><span style=\"font-size: 10pt\"><strong>IV.\u00a0<\/strong>Administrar, controlar e fiscalizar a utiliza\u00e7\u00e3o dos apartamentos residenciais;<br \/>\n<\/span><span style=\"font-size: 10pt\"><strong>V.\u00a0<\/strong>Controlar e fiscalizar os contratos de funcionamento de bares, lancherias e demais permiss\u00f5es de uso de im\u00f3veis;<br \/>\n<\/span><span style=\"font-size: 10pt\"><strong>VI.\u00a0<\/strong>Coordenar a manuten\u00e7\u00e3o e execu\u00e7\u00e3o de servi\u00e7os de serralheria, carpintaria, marcenaria e artefatos de cimento;<br \/>\n<\/span><span style=\"font-size: 10pt\"><strong>VII.\u00a0<\/strong>Coordenar projetos, especifica\u00e7\u00f5es, or\u00e7amentos e execu\u00e7\u00e3o de novas edifica\u00e7\u00f5es, or\u00e7amentos e execu\u00e7\u00e3o de manuten\u00e7\u00e3o e reforma de pr\u00e9dios e infra-estrutura do sistema vi\u00e1rio;<br \/>\n<\/span><span style=\"font-size: 10pt\"><strong>VIII.\u00a0<\/strong>Coordenar a execu\u00e7\u00e3o de projetos el\u00e9tricos em alta e baixa tens\u00e3o, or\u00e7amentos, concorr\u00eancias, fiscaliza\u00e7\u00e3o, execu\u00e7\u00e3o de redes, manuten\u00e7\u00e3o preventiva ou corretiva e reformas em geral;<br \/>\n<\/span><span style=\"font-size: 10pt\"><strong>IX.\u00a0<\/strong>Controlar o consumo e a despesa com \u00e1gua, luz e telefone;<br \/>\n<\/span><span style=\"font-size: 10pt\"><strong>X.\u00a0<\/strong>Planejar a compra de equipamentos e materiais afetos a sua \u00e1rea de atua\u00e7\u00e3o;<br \/>\n<\/span><span style=\"font-size: 10pt\"><strong>XI.\u00a0<\/strong>Coordenar, supervisionar e fiscalizar os servi\u00e7os de limpeza e recolhimento de lixo;<br \/>\n<\/span><span style=\"font-size: 10pt\"><strong>XII.\u00a0<\/strong>Coordenar e executar as atividades de apoio relacionadas com vestibulares e afins;<br \/>\n<\/span><span style=\"font-size: 10pt\"><strong>XIII.\u00a0<\/strong>Coordenar e executar transportes internos de mobili\u00e1rios e equipamentos;<br \/>\n<\/span><span style=\"font-size: 10pt\"><strong>XIV.\u00a0<\/strong>Coordenar e executar a manuten\u00e7\u00e3o da rede de abastecimento de \u00e1gua e saneamento b\u00e1sico;<br \/>\n<\/span><span style=\"font-size: 10pt\"><strong>XV.\u00a0<\/strong>Coordenar e executar os servi\u00e7os de urbaniza\u00e7\u00e3o em ajardinamento e paisagismo, com produ\u00e7\u00e3o em viveiro florestal;<br \/>\n<\/span><span style=\"font-size: 10pt\"><strong>XVI.<\/strong>Coordenar e fiscalizar os contratos de manuten\u00e7\u00e3o;<br \/>\n<\/span><span style=\"font-size: 10pt\"><strong>XVII.<\/strong>Elaborar e sugerir conv\u00eanios com entidades p\u00fablicas e privadas;<br \/>\n<\/span><span style=\"font-size: 10pt\"><strong>XVIII.\u00a0<\/strong>Elaborar planos de aplica\u00e7\u00e3o de recursos or\u00e7ament\u00e1rios, oriundos de receitas pr\u00f3prias ou provindas de aux\u00edlios.<\/span><\/p>\n<p>&nbsp;<\/p>\n","protected":false},"excerpt":{"rendered":"<p>Em 27\/03\/2009 o Conselho Universit\u00e1rio (ConsU), na sua 691\u00aa Sess\u00e3o, aprova a transforma\u00e7\u00e3o da Prefeitura da Cidade Universit\u00e1ria em Pr\u00f3-Reitoria de Infraestrutura &#8211; PROINFRA, tornando-se oficial atrav\u00e9s da Resolu\u00e7\u00e3o N\u00ba. 001 de 30 de mar\u00e7o de 2009, do Gabinete do Reitor. &nbsp; Art. 43. \u00c0 Pr\u00f3-Reitoria de Infraestrutura compete: I.\u00a0Planejar, coordenar, operar, manter e controlar [&hellip;]<\/p>\n","protected":false},"author":74,"featured_media":0,"parent":0,"menu_order":0,"comment_status":"closed","ping_status":"closed","template":"","meta":{"footnotes":""},"categories":[],"tags":[],"class_list":["post-4","page","type-page","status-publish","hentry"],"acf":[],"_links":{"self":[{"href":"https:\/\/www.ufsm.br\/pro-reitorias\/proinfra\/wp-json\/wp\/v2\/pages\/4","targetHints":{"allow":["GET"]}}],"collection":[{"href":"https:\/\/www.ufsm.br\/pro-reitorias\/proinfra\/wp-json\/wp\/v2\/pages"}],"about":[{"href":"https:\/\/www.ufsm.br\/pro-reitorias\/proinfra\/wp-json\/wp\/v2\/types\/page"}],"author":[{"embeddable":true,"href":"https:\/\/www.ufsm.br\/pro-reitorias\/proinfra\/wp-json\/wp\/v2\/users\/74"}],"replies":[{"embeddable":true,"href":"https:\/\/www.ufsm.br\/pro-reitorias\/proinfra\/wp-json\/wp\/v2\/comments?post=4"}],"version-history":[{"count":0,"href":"https:\/\/www.ufsm.br\/pro-reitorias\/proinfra\/wp-json\/wp\/v2\/pages\/4\/revisions"}],"wp:attachment":[{"href":"https:\/\/www.ufsm.br\/pro-reitorias\/proinfra\/wp-json\/wp\/v2\/media?parent=4"}],"wp:term":[{"taxonomy":"category","embeddable":true,"href":"https:\/\/www.ufsm.br\/pro-reitorias\/proinfra\/wp-json\/wp\/v2\/categories?post=4"},{"taxonomy":"post_tag","embeddable":true,"href":"https:\/\/www.ufsm.br\/pro-reitorias\/proinfra\/wp-json\/wp\/v2\/tags?post=4"}],"curies":[{"name":"wp","href":"https:\/\/api.w.org\/{rel}","templated":true}]}}