{"id":7,"date":"2018-03-27T09:02:24","date_gmt":"2018-03-27T12:02:24","guid":{"rendered":"https:\/\/www.ufsm.br\/pro-reitorias\/proinfra\/?page_id=7"},"modified":"2021-11-22T08:59:00","modified_gmt":"2021-11-22T11:59:00","slug":"setor-de-cadastro","status":"publish","type":"page","link":"https:\/\/www.ufsm.br\/pro-reitorias\/proinfra\/setor-de-cadastro","title":{"rendered":"Setor de Cadastro e Patrim\u00f4nio"},"content":{"rendered":"<p><strong>Cadastro<\/strong><\/p>\n<p>Lu\u00eds Leandro Rodrigues Scheid<\/p>\n<p>Ramal: 8283<\/p>\n<p><strong>Patrim\u00f4nio<\/strong><\/p>\n<p>O Setor de Patrim\u00f4nio da PROINFRA, tem como objetivo coordenar e supervisionar as atividades correlatas ao patrim\u00f4nio da Unidade (01.11.00.00.0.0), de acordo com a legisla\u00e7\u00e3o vigente e os \u00f3rg\u00e3os da Administra\u00e7\u00e3o Superior.<\/p>\n<p>S\u00e3o atividades inerentes ao Setor de Patrim\u00f4nio da PROINFRA :<\/p>\n<p>Recebimento e verifica\u00e7\u00e3o do material permanente;<\/p>\n<p>Transfer\u00eancia patrimonial;<\/p>\n<p>Acompanhar o emplacamento patrimonial ;<\/p>\n<p>Elaborar relat\u00f3rio da carga patrimonial;<\/p>\n<p>Fechamento do Invent\u00e1rio Anual;<\/p>\n<p>Solicitar baixa e recolhimento tramitado no sistema do Portal do Patrim\u00f4nio;<\/p>\n<p>Dar suporte e orienta\u00e7\u00e3o as subunidades, na transfer\u00eancia, baixa e empr\u00e9stimo de patrim\u00f4nios.<\/p>\n<p>Rog\u00e9rio Rodrigues<\/p>\n<p>Ramal: 8283<\/p>\n","protected":false},"excerpt":{"rendered":"<p>Cadastro Lu\u00eds Leandro Rodrigues Scheid Ramal: 8283 Patrim\u00f4nio O Setor de Patrim\u00f4nio da PROINFRA, tem como objetivo coordenar e supervisionar as atividades correlatas ao patrim\u00f4nio da Unidade (01.11.00.00.0.0), de acordo com a legisla\u00e7\u00e3o vigente e os \u00f3rg\u00e3os da Administra\u00e7\u00e3o Superior. S\u00e3o atividades inerentes ao Setor de Patrim\u00f4nio da PROINFRA : Recebimento e verifica\u00e7\u00e3o do material [&hellip;]<\/p>\n","protected":false},"author":74,"featured_media":0,"parent":0,"menu_order":0,"comment_status":"closed","ping_status":"closed","template":"","meta":{"footnotes":""},"categories":[],"tags":[],"class_list":["post-7","page","type-page","status-publish","hentry"],"acf":[],"_links":{"self":[{"href":"https:\/\/www.ufsm.br\/pro-reitorias\/proinfra\/wp-json\/wp\/v2\/pages\/7","targetHints":{"allow":["GET"]}}],"collection":[{"href":"https:\/\/www.ufsm.br\/pro-reitorias\/proinfra\/wp-json\/wp\/v2\/pages"}],"about":[{"href":"https:\/\/www.ufsm.br\/pro-reitorias\/proinfra\/wp-json\/wp\/v2\/types\/page"}],"author":[{"embeddable":true,"href":"https:\/\/www.ufsm.br\/pro-reitorias\/proinfra\/wp-json\/wp\/v2\/users\/74"}],"replies":[{"embeddable":true,"href":"https:\/\/www.ufsm.br\/pro-reitorias\/proinfra\/wp-json\/wp\/v2\/comments?post=7"}],"version-history":[{"count":0,"href":"https:\/\/www.ufsm.br\/pro-reitorias\/proinfra\/wp-json\/wp\/v2\/pages\/7\/revisions"}],"wp:attachment":[{"href":"https:\/\/www.ufsm.br\/pro-reitorias\/proinfra\/wp-json\/wp\/v2\/media?parent=7"}],"wp:term":[{"taxonomy":"category","embeddable":true,"href":"https:\/\/www.ufsm.br\/pro-reitorias\/proinfra\/wp-json\/wp\/v2\/categories?post=7"},{"taxonomy":"post_tag","embeddable":true,"href":"https:\/\/www.ufsm.br\/pro-reitorias\/proinfra\/wp-json\/wp\/v2\/tags?post=7"}],"curies":[{"name":"wp","href":"https:\/\/api.w.org\/{rel}","templated":true}]}}