{"id":921,"date":"2022-04-14T15:37:31","date_gmt":"2022-04-14T18:37:31","guid":{"rendered":"https:\/\/www.ufsm.br\/pro-reitorias\/proinfra\/?page_id=921"},"modified":"2022-04-14T15:37:32","modified_gmt":"2022-04-14T18:37:32","slug":"rota-da-coleta-seletiva-nas-segundas-feiras","status":"publish","type":"page","link":"https:\/\/www.ufsm.br\/pro-reitorias\/proinfra\/rota-da-coleta-seletiva-nas-segundas-feiras","title":{"rendered":"Rota da Coleta Seletiva nas segundas-feiras"},"content":{"rendered":"\n<p>17 \u2013 Setor de Manuten\u00e7\u00e3o<br \/>15 \u2013 Almoxarifado central<br \/>16 \u2013 RU II<br \/>11 \u2013 CT Anexo A<br \/>74 \u2013 Centro Comercial<br \/>1 \u2013 Imprensa Universit\u00e1ria (interior)<br \/>2 \u2013 CTISM<br \/>4 \u2013 CT Anexo C (lancheria)<br \/>12 \u2013 CE \u2013 pr\u00e9dio 16 B (fundos)<br \/>13 \u2013 CCNE &#8211; pr\u00e9dio 16 A<br \/>14 \u2013 CE &#8211; pr\u00e9dio 16 (junto da lancheria)<br \/>23 \u2013 FATEC<br \/>24 \u2013 Pr\u00e9dio 21<br \/>25 \u2013 Pr\u00e9dio 20<br \/>26 &#8211; Pr\u00e9dio 19<br \/>27 &#8211; Pr\u00e9dio 18<br \/>28 &#8211; Pr\u00e9dio 17<br \/>30 \u2013 RU I<br \/>31 \u2013 CEU II \u2013 blocos 12 e 15<br \/>32 \u2013 CEU II \u2013 bloco 24<br \/>36 \u2013 CEU III \u2013 blocos da p\u00f3s-gradua\u00e7\u00e3o (Blocos 51, 52, 53, 54 e 55)<br \/>37 \u2013 CAL &#8211; pr\u00e9dio 40<br \/>38 \u2013 CCR &#8211; pr\u00e9dio 42 (interior e no exterior)<br \/>39 \u2013 CCR &#8211; pr\u00e9dio 44 (atende 44 B e 44 C)<br \/>42 \u2013 CCSH &#8211; pr\u00e9dio 74 C<br \/>56 &#8211; CCSH &#8211; pr\u00e9dio 74 B<br \/>51 \u2013 Col\u00e9gio Polit\u00e9cnico<br \/>58 \u2013 Restaurante Pitadella e Reitoria<br \/>59 \u2013 CPD e COPERVES<br \/>62 \u2013 CEFD<br \/>63 \u2013 Moradia ind\u00edgena<br \/>67 \u2013 CCS &#8211; pr\u00e9dio 26<br \/>71 \u2013 CCS Lancheria do PA<br \/>68 \u2013 CCS &#8211; pr\u00e9dio 26 D<\/p>\n","protected":false},"excerpt":{"rendered":"<p>17 \u2013 Setor de Manuten\u00e7\u00e3o15 \u2013 Almoxarifado central16 \u2013 RU II11 \u2013 CT Anexo A74 \u2013 Centro Comercial1 \u2013 Imprensa Universit\u00e1ria (interior)2 \u2013 CTISM4 \u2013 CT Anexo C (lancheria)12 \u2013 CE \u2013 pr\u00e9dio 16 B (fundos)13 \u2013 CCNE &#8211; pr\u00e9dio 16 A14 \u2013 CE &#8211; pr\u00e9dio 16 (junto da lancheria)23 \u2013 FATEC24 \u2013 Pr\u00e9dio 2125 [&hellip;]<\/p>\n","protected":false},"author":80,"featured_media":0,"parent":0,"menu_order":0,"comment_status":"closed","ping_status":"closed","template":"","meta":{"footnotes":""},"categories":[],"tags":[],"class_list":["post-921","page","type-page","status-publish","hentry"],"acf":[],"_links":{"self":[{"href":"https:\/\/www.ufsm.br\/pro-reitorias\/proinfra\/wp-json\/wp\/v2\/pages\/921","targetHints":{"allow":["GET"]}}],"collection":[{"href":"https:\/\/www.ufsm.br\/pro-reitorias\/proinfra\/wp-json\/wp\/v2\/pages"}],"about":[{"href":"https:\/\/www.ufsm.br\/pro-reitorias\/proinfra\/wp-json\/wp\/v2\/types\/page"}],"author":[{"embeddable":true,"href":"https:\/\/www.ufsm.br\/pro-reitorias\/proinfra\/wp-json\/wp\/v2\/users\/80"}],"replies":[{"embeddable":true,"href":"https:\/\/www.ufsm.br\/pro-reitorias\/proinfra\/wp-json\/wp\/v2\/comments?post=921"}],"version-history":[{"count":0,"href":"https:\/\/www.ufsm.br\/pro-reitorias\/proinfra\/wp-json\/wp\/v2\/pages\/921\/revisions"}],"wp:attachment":[{"href":"https:\/\/www.ufsm.br\/pro-reitorias\/proinfra\/wp-json\/wp\/v2\/media?parent=921"}],"wp:term":[{"taxonomy":"category","embeddable":true,"href":"https:\/\/www.ufsm.br\/pro-reitorias\/proinfra\/wp-json\/wp\/v2\/categories?post=921"},{"taxonomy":"post_tag","embeddable":true,"href":"https:\/\/www.ufsm.br\/pro-reitorias\/proinfra\/wp-json\/wp\/v2\/tags?post=921"}],"curies":[{"name":"wp","href":"https:\/\/api.w.org\/{rel}","templated":true}]}}