{"id":928,"date":"2022-04-14T15:53:58","date_gmt":"2022-04-14T18:53:58","guid":{"rendered":"https:\/\/www.ufsm.br\/pro-reitorias\/proinfra\/?page_id=928"},"modified":"2024-11-01T08:28:55","modified_gmt":"2024-11-01T11:28:55","slug":"manual-de-coleta-de-residuos-em-eventos","status":"publish","type":"page","link":"https:\/\/www.ufsm.br\/pro-reitorias\/proinfra\/manual-de-coleta-de-residuos-em-eventos","title":{"rendered":"Manual de coleta de res\u00edduos em eventos"},"content":{"rendered":"\t\t<div data-elementor-type=\"wp-page\" data-elementor-id=\"928\" class=\"elementor elementor-928\">\n\t\t\t\t\t\t<section class=\"elementor-section elementor-top-section elementor-element elementor-element-0816a5d elementor-section-boxed elementor-section-height-default elementor-section-height-default\" data-id=\"0816a5d\" data-element_type=\"section\">\n\t\t\t\t\t\t<div class=\"elementor-container elementor-column-gap-default\">\n\t\t\t\t\t<div class=\"elementor-column elementor-col-100 elementor-top-column elementor-element elementor-element-4692b4b\" data-id=\"4692b4b\" data-element_type=\"column\">\n\t\t\t<div class=\"elementor-widget-wrap elementor-element-populated\">\n\t\t\t\t\t\t<div class=\"elementor-element elementor-element-1a70f4a elementor-widget elementor-widget-text-editor\" data-id=\"1a70f4a\" data-element_type=\"widget\" data-widget_type=\"text-editor.default\">\n\t\t\t\t<div class=\"elementor-widget-container\">\n\t\t\t\t\t\t\t<!-- wp:paragraph -->\n<p>A UFSM conta com um sistema consolidado de coleta e destina\u00e7\u00e3o de res\u00edduos s\u00f3lidos, que contempla dentre outros, os res\u00edduos recicl\u00e1veis, org\u00e2nicos, eletroeletr\u00f4nicos e rejeitos gerados nas atividades di\u00e1rias da Institui\u00e7\u00e3o. A elabora\u00e7\u00e3o deste manual tem como premissa a predefini\u00e7\u00e3o de procedimentos para a inclus\u00e3o da gest\u00e3o de res\u00edduos nos eventos com o trabalho j\u00e1 existente no campus. A seguir \u00e9 apresentado um passo a passo com as etapas fundamentais como a identifica\u00e7\u00e3o, a segrega\u00e7\u00e3o, o acondicionamento e a disposi\u00e7\u00e3o a serem consideradas.<\/p>\n<!-- \/wp:paragraph --><!-- wp:paragraph -->\n<p><strong>COMO FUNCIONA A GEST\u00c3O DE RES\u00cdDUOS S\u00d3LIDOS NA UFSM<\/strong><\/p>\n<!-- \/wp:paragraph --><!-- wp:paragraph -->\n<p>Os <strong>res\u00edduos recicl\u00e1veis<\/strong> s\u00e3o destinados via Coleta Seletiva Solid\u00e1ria da UFSM, nos termos do Decreto Federal N\u00b0 5.940\/2006, que estabelece que os \u00f3rg\u00e3os e entidades da administra\u00e7\u00e3o p\u00fablica direta e indireta devem instituir a coleta seletiva solid\u00e1ria, realizando a separa\u00e7\u00e3o dos res\u00edduos recicl\u00e1veis na fonte geradora e destinando-os \u00e0s associa\u00e7\u00f5es e cooperativas de catadores de materiais recicl\u00e1veis (BRASIL, 2006). Atualmente a Coleta Seletiva Solid\u00e1ria da UFSM conta com aproximadamente 80 pontos (Cont\u00eaineres verdes), coletados alternadamente \u00e0s segundas, quartas e quintas-feiras. A figura 1 apresenta a distribui\u00e7\u00e3o dos pontos de coleta pelo campus.<\/p>\n<!-- \/wp:paragraph --><!-- wp:image {\"id\":545,\"sizeSlug\":\"large\"} -->\n<figure class=\"wp-block-image size-large\">\n<figure id=\"attachment_545\" aria-describedby=\"caption-attachment-545\" style=\"width: 790px\" class=\"wp-caption aligncenter\"><img fetchpriority=\"high\" decoding=\"async\" class=\"wp-image-545\" src=\"https:\/\/www.ufsm.br\/app\/uploads\/sites\/609\/2020\/09\/Disposicao-de-conteiners.jpg\" alt=\"Mapa a\u00e9reo com a disposi\u00e7\u00e3o dos cont\u00eaineres da Coleta Seletiva Solid\u00e1ria\" width=\"790\" height=\"560\" \/><figcaption id=\"caption-attachment-545\" class=\"wp-caption-text\">Figura 1 \u2013 Disposi\u00e7\u00e3o dos cont\u00eaineres da Coleta Seletiva Solid\u00e1ria da UFSM<\/figcaption><\/figure>\n<\/figure>\n<!-- \/wp:image -->\t\t\t\t\t\t<\/div>\n\t\t\t\t<\/div>\n\t\t\t\t\t<\/div>\n\t\t<\/div>\n\t\t\t\t\t<\/div>\n\t\t<\/section>\n\t\t\t\t<section class=\"elementor-section elementor-top-section elementor-element elementor-element-67ed3f6 elementor-section-boxed elementor-section-height-default elementor-section-height-default\" data-id=\"67ed3f6\" data-element_type=\"section\">\n\t\t\t\t\t\t<div class=\"elementor-container elementor-column-gap-default\">\n\t\t\t\t\t<div class=\"elementor-column elementor-col-100 elementor-top-column elementor-element elementor-element-1835436\" data-id=\"1835436\" data-element_type=\"column\">\n\t\t\t<div class=\"elementor-widget-wrap elementor-element-populated\">\n\t\t\t\t\t\t<div class=\"elementor-element elementor-element-f96d190 elementor-widget elementor-widget-text-editor\" data-id=\"f96d190\" data-element_type=\"widget\" data-widget_type=\"text-editor.default\">\n\t\t\t\t<div class=\"elementor-widget-container\">\n\t\t\t\t\t\t\t<p><span style=\"font-family: 'Times New Roman', serif;color: #000000;font-size: 12pt;text-align: var(--bs-body-text-align);line-height: 150%\">Os <b>res\u00edduos<\/b> <b>org\u00e2nicos<\/b> s\u00e3o coletados diariamente e encaminhados para a Usina de Compostagem do Col\u00e9gio Polit\u00e9cnico, onde s\u00e3o tratados por micro-organismos, via processo de compostagem aer\u00f3bica, e transformados em adubo org\u00e2nico,\u00a0<\/span><span style=\"color: #000000;font-size: medium;text-align: var(--bs-body-text-align)\">posteriormente utilizado<\/span><span style=\"font-family: 'Times New Roman', serif;color: #000000;font-size: 12pt;text-align: var(--bs-body-text-align)\">\u00a0<\/span><span style=\"color: #000000;font-size: 1rem;text-align: var(--bs-body-text-align)\">projetos do Col\u00e9gio Polit\u00e9cnico<\/span><span style=\"font-family: 'Times New Roman', serif;color: #000000;font-size: 12pt;text-align: var(--bs-body-text-align)\">.<\/span><\/p>\n<div><span style=\"font-size: 12.0pt;line-height: 150%;font-family: 'Times New Roman',serif\">Os <b>res\u00edduos eletroeletr\u00f4nicos<\/b> gerados na UFSM s\u00e3o acondicionados em Pontos de Entrega Volunt\u00e1ria (PEV\u2019s), sendo coletados quinzenalmente.<\/span><\/div>\n<p><span style=\"font-size: 12.0pt;line-height: 150%;font-family: 'Times New Roman',serif\">Os <b>rejeitos<\/b>, res\u00edduos inorg\u00e2nicos que n\u00e3o podem ser reciclados, s\u00e3o coletados nos cont\u00eaineres cinzas, e destinados a coleta comum realizada pela Prefeitura Municipal de Santa Maria, a destina\u00e7\u00e3o destes res\u00edduos ocorre em aterro sanit\u00e1rio licenciado. <\/span><\/p>\n<p><strong><span style=\"font-size: 12.0pt;line-height: 150%;font-family: 'Times New Roman',serif\">PROCEDIMENTOS PARA COLETA DE RES\u00cdDUOS S\u00d3LIDOS NA UFSM<\/span><\/strong><\/p>\n<p><b><span style=\"font-size: 12.0pt;line-height: 150%;font-family: 'Times New Roman',serif\">Classifica\u00e7\u00e3o dos res\u00edduos<\/span><\/b><\/p>\n<p><span style=\"font-size: 12.0pt;line-height: 150%;font-family: 'Times New Roman',serif\">A separa\u00e7\u00e3o na gera\u00e7\u00e3o dos res\u00edduos deve ser organizada considerando tr\u00eas classes de res\u00edduos, cada qual identificado por uma cor diferente. Essa divis\u00e3o tr\u00edplice baseia-se na destina\u00e7\u00e3o adequada pr\u00f3pria para cada classe:<\/span><\/p>\n<p><b><span style=\"font-size: 12.0pt;line-height: 150%;font-family: 'Times New Roman',serif\">Res\u00edduos recicl\u00e1veis<\/span><\/b><span style=\"font-size: 12.0pt;line-height: 150%;font-family: 'Times New Roman',serif\"> (cor verde): depois de coletados, a UFSM os encaminha de forma igualit\u00e1ria para as associa\u00e7\u00f5es de selecionadores habilitadas;<\/span><\/p>\n<p><b><span style=\"font-size: 12.0pt;line-height: 150%;font-family: 'Times New Roman',serif\">Rejeitos<\/span><\/b><span style=\"font-size: 12.0pt;line-height: 150%;font-family: 'Times New Roman',serif\"> (cor cinza): coletados pela Prefeitura Municipal de Santa Maria para disposi\u00e7\u00e3o final em aterro sanit\u00e1rio;<\/span><\/p>\n<p><b><span style=\"font-size: 12.0pt;line-height: 150%;font-family: 'Times New Roman',serif\">Res\u00edduos org\u00e2nicos<\/span><\/b><span style=\"font-size: 12.0pt;line-height: 150%;font-family: 'Times New Roman',serif\"> (cor marrom): destinados \u00e0 compostagem do Col\u00e9gio Polit\u00e9cnico\/UFSM.<\/span><\/p>\n<p style=\"text-align: justify;text-indent: 49.6pt;line-height: 150%;margin: 0cm 0cm .0001pt 35.45pt\"><span style=\"font-size: 12.0pt;line-height: 150%;font-family: 'Times New Roman',serif\">\u00a0<\/span><\/p>\t\t\t\t\t\t<\/div>\n\t\t\t\t<\/div>\n\t\t\t\t\t<\/div>\n\t\t<\/div>\n\t\t\t\t\t<\/div>\n\t\t<\/section>\n\t\t\t\t<section class=\"elementor-section elementor-top-section elementor-element elementor-element-b611008 elementor-section-boxed elementor-section-height-default elementor-section-height-default\" data-id=\"b611008\" data-element_type=\"section\">\n\t\t\t\t\t\t<div class=\"elementor-container elementor-column-gap-default\">\n\t\t\t\t\t<div class=\"elementor-column elementor-col-100 elementor-top-column elementor-element elementor-element-d9d3bac\" data-id=\"d9d3bac\" data-element_type=\"column\">\n\t\t\t<div class=\"elementor-widget-wrap elementor-element-populated\">\n\t\t\t\t\t\t<div class=\"elementor-element elementor-element-ebfb1b0 elementor-widget elementor-widget-text-editor\" data-id=\"ebfb1b0\" data-element_type=\"widget\" data-widget_type=\"text-editor.default\">\n\t\t\t\t<div class=\"elementor-widget-container\">\n\t\t\t\t\t\t\t<p><strong>Quadro 1 \u2013 Exemplos de res\u00edduos coletados na Coleta Seletiva<\/strong><\/p>\n<p><i>* Materiais que n\u00e3o t\u00eam mercado de reciclagem em Santa Maria. Fonte: Setor de Planejamento Ambiental<\/i><\/p>\n<table style=\"border-collapse: collapse;width: 100%\">\n<tbody>\n<tr>\n<td style=\"width: 39.896455%\"><b>RECICL\u00c1VEIS<\/b><\/td>\n<td style=\"width: 28.025345%\" width=\"151\">\n<p><strong>ORG\u00c2NICOS<\/strong><\/p>\n<\/td>\n<td style=\"width: 41.3043%\" width=\"180\">\n<p><strong>REJEITOS<\/strong><\/p>\n<\/td>\n<\/tr>\n<tr>\n<td style=\"width: 39.896455%\">\n<p>-Caixas de leite, suco (embalagens longa vida)<\/p>\n<p>-Copos de iogurte, margarina, requeij\u00e3o<\/p>\n<p>-Copos pl\u00e1sticos descart\u00e1veis<\/p>\n<p><span style=\"text-align: var(--bs-body-text-align)\">-Embalagem pl\u00e1stica de produtos de limpeza<\/span><\/p>\n<p><span style=\"text-align: var(--bs-body-text-align)\">-Garrafas PET<\/span><\/p>\n<p><span style=\"text-align: var(--bs-body-text-align)\">-Jornais, revistas, livros, apostilas<\/span><\/p>\n<p>-Latas de refrigerante e de conserva<\/p>\n<p>-Panos de limpeza tipo perfex<\/p>\n<p>-Pap\u00e9is brancos e coloridos (ideal separar por cores e n\u00e3o amassar)<\/p>\n<p>-Papel\u00e3o<\/p>\n<p><span style=\"text-align: var(--bs-body-text-align)\">-Sacos e sacolas pl\u00e1sticas<\/span><\/p>\n<p>-Sucatas met\u00e1licas em geral<\/p>\n<p><span style=\"text-align: var(--bs-body-text-align)\">(Colocar em uma caixa e identificar: risco de acidentes)<\/span><\/p>\n<\/td>\n<td style=\"width: 28.025345%\">\n<p><span style=\"text-align: var(--bs-body-text-align)\">-Cascas de frutas e legumes<\/span><\/p>\n<p>-Erva mate<\/p>\n<p>-Folhas e verduras<\/p>\n<p>-P\u00f3 de caf\u00e9<\/p>\n<p>-Restos de alimentos<\/p>\n<p>-Sach\u00eas de ch\u00e1s<\/p>\n<\/td>\n<td style=\"width: 41.3043%\">\n<p>-Bitucas de cigarro<\/p>\n<p>-Chicletes<\/p>\n<p><span style=\"text-align: var(--bs-body-text-align)\">-Fitas adesivas em geral (crepe, durex)<\/span><\/p>\n<p>-Guardanapos e toalhas de papel<\/p>\n<p>-Isopor*<\/p>\n<p>-Len\u00e7os de papel<\/p>\n<p>-Materiais escolares (canetas, l\u00e1pis)*<\/p>\n<p>-Palitos de dente<\/p>\n<p><span style=\"text-align: var(--bs-body-text-align)\">-Papel higi\u00eanico usado<\/span><\/p>\n<p><span style=\"text-align: var(--bs-body-text-align)\">-Papel metalizado (embalagem de batata palha, barra de cereal)<\/span><\/p>\n<\/td>\n<\/tr>\n<\/tbody>\n<\/table>\t\t\t\t\t\t<\/div>\n\t\t\t\t<\/div>\n\t\t\t\t\t<\/div>\n\t\t<\/div>\n\t\t\t\t\t<\/div>\n\t\t<\/section>\n\t\t\t\t<section class=\"elementor-section elementor-top-section elementor-element elementor-element-7704f2a elementor-section-boxed elementor-section-height-default elementor-section-height-default\" data-id=\"7704f2a\" data-element_type=\"section\">\n\t\t\t\t\t\t<div class=\"elementor-container elementor-column-gap-default\">\n\t\t\t\t\t<div class=\"elementor-column elementor-col-100 elementor-top-column elementor-element elementor-element-d0ec6ad\" data-id=\"d0ec6ad\" data-element_type=\"column\">\n\t\t\t<div class=\"elementor-widget-wrap elementor-element-populated\">\n\t\t\t\t\t\t<div class=\"elementor-element elementor-element-dc0054f elementor-widget elementor-widget-text-editor\" data-id=\"dc0054f\" data-element_type=\"widget\" data-widget_type=\"text-editor.default\">\n\t\t\t\t<div class=\"elementor-widget-container\">\n\t\t\t\t\t\t\t<p><strong>Materiais para a coleta dentro do evento<\/strong><\/p>\n<p>A aquisi\u00e7\u00e3o de coletores\/lixeiras \u00e9 responsabilidade da organiza\u00e7\u00e3o do evento e pode ser adquirido via <u>registro de pre\u00e7o<\/u> ou no <u>Almoxarifado Central da UFSM<\/u>. A compra dos sacos de lixo tamb\u00e9m \u00e9 responsabilidade da organiza\u00e7\u00e3o, devendo ser transparente para res\u00edduos recicl\u00e1veis e preto para res\u00edduos org\u00e2nicos e rejeitos. Para auxiliar o p\u00fablico, a identifica\u00e7\u00e3o dos coletores\/lixeiras \u00e9 padronizado, sendo responsabilidade da organiza\u00e7\u00e3o a impress\u00e3o e etiqueta\u00e7\u00e3o, as artes encontram-se dispon\u00edveis na p\u00e1gina <a href=\"https:\/\/www.ufsm.br\/pro-reitorias\/proinfra\/sinalizacao-de-lixeiras\">Sinaliza\u00e7\u00e3o de Lixeiras.<\/a><\/p>\n<p>Para eventos que utilizem banners, s\u00e3o disponibilizadas caixas coletoras e o material \u00e9 destinado via Coleta Seletiva Solid\u00e1ria da UFSM. As caixas coletoras devem ser solicitadas para o Setor de Planejamento Ambiental com anteced\u00eancia de no m\u00ednimo tr\u00eas dias, atrav\u00e9s do e-mail <a href=\"mailto:spaproinfra@ufsm.br\">spaproinfra@ufsm.br<\/a>. O quadro 2 apresenta todos os res\u00edduos que poder\u00e3o ser coletados em eventos internos da UFSM, com a identifica\u00e7\u00e3o de cada um deles, funcionamento da coleta e destina\u00e7\u00e3o final.<\/p>\t\t\t\t\t\t<\/div>\n\t\t\t\t<\/div>\n\t\t\t\t\t<\/div>\n\t\t<\/div>\n\t\t\t\t\t<\/div>\n\t\t<\/section>\n\t\t\t\t<section class=\"elementor-section elementor-top-section elementor-element elementor-element-0431044 elementor-section-boxed elementor-section-height-default elementor-section-height-default\" data-id=\"0431044\" data-element_type=\"section\">\n\t\t\t\t\t\t<div class=\"elementor-container elementor-column-gap-default\">\n\t\t\t\t\t<div class=\"elementor-column elementor-col-100 elementor-top-column elementor-element elementor-element-8dae1ce\" data-id=\"8dae1ce\" data-element_type=\"column\">\n\t\t\t<div class=\"elementor-widget-wrap elementor-element-populated\">\n\t\t\t\t\t\t<div class=\"elementor-element elementor-element-884a680 elementor-widget elementor-widget-text-editor\" data-id=\"884a680\" data-element_type=\"widget\" data-widget_type=\"text-editor.default\">\n\t\t\t\t<div class=\"elementor-widget-container\">\n\t\t\t\t\t\t\t<p><strong>Quadro 2 \u2013 Res\u00edduos coletados na UFSM e informa\u00e7\u00f5es quanto \u00e0 coleta e destina\u00e7\u00e3o final<\/strong><\/p>\n<table style=\"border-collapse: collapse;width: 100%;height: 176px\">\n<tbody>\n<tr style=\"height: 56px\">\n<td style=\"width: 15.3614%;height: 56px\"><strong>Res\u00edduos<\/strong><\/td>\n<td style=\"width: 6.62749%;height: 56px\" width=\"623\">\n<p><strong>Identifica\u00e7\u00e3o<\/strong><\/p>\n<\/td>\n<td style=\"width: 49.4531%;height: 56px\"><strong>Coleta<\/strong><\/td>\n<td style=\"width: 42.0081%;height: 56px\"><strong>Destina\u00e7\u00e3o Final<\/strong><\/td>\n<\/tr>\n<tr style=\"height: 24px\">\n<td style=\"width: 15.3614%;height: 24px\">Recicl\u00e1veis<\/td>\n<td style=\"width: 6.62749%;height: 24px\" width=\"623\">\n<p>Lixeiras identificadas<\/p>\n<\/td>\n<td style=\"width: 49.4531%;height: 24px\" width=\"623\">\n<p>Realizada internamente pelo caminh\u00e3o da Coleta Seletiva UFSM de segunda a quinta. Depositar nos cont\u00eainers verdes.<\/p>\n<\/td>\n<td style=\"width: 42.0081%;height: 24px\" width=\"623\">\n<p>Associa\u00e7\u00f5es e cooperativas de catadores de materiais recicl\u00e1veis<\/p>\n<\/td>\n<\/tr>\n<tr style=\"height: 24px\">\n<td style=\"width: 15.3614%;height: 24px\">Org\u00e2nicos<\/td>\n<td style=\"width: 6.62749%;height: 24px\" width=\"623\">\n<p>Lixeiras identificadas<\/p>\n<\/td>\n<td style=\"width: 49.4531%;height: 24px\" width=\"623\">\n<p>Realizada internamente pela Van da UFSM todos os dias a partir das 15h.<\/p>\n<\/td>\n<td style=\"width: 42.0081%;height: 24px\" width=\"623\">\n<p>Usina de Compostagem do Col\u00e9gio Polit\u00e9cnico<\/p>\n<\/td>\n<\/tr>\n<tr style=\"height: 24px\">\n<td style=\"width: 15.3614%;height: 24px\">Rejeitos<\/td>\n<td style=\"width: 6.62749%\" width=\"623\">\n<p>Lixeiras identificadas<\/p>\n<\/td>\n<td style=\"width: 49.4531%\" width=\"623\">\n<p>Realizada pela Prefeitura de Santa Maria nas segundas, quartas e sextas-feiras. Depositar em cont\u00eainer cinza.<\/p>\n<\/td>\n<td style=\"width: 42.0081%\" width=\"623\">\n<p>Aterro Sanit\u00e1rio<\/p>\n<\/td>\n<\/tr>\n<tr>\n<td style=\"width: 15.3614%\" width=\"623\">\n<p>Eletroeletr\u00f4nicos<\/p>\n<\/td>\n<td style=\"width: 6.62749%\" width=\"623\">\n<p>Pontos de entrega Volunt\u00e1ria &#8211; PEVs<\/p>\n<\/td>\n<td style=\"width: 49.4531%\" width=\"623\">\n<p>Realizada duas vezes por m\u00eas pela empresa QU\u00cdMEA.<\/p>\n<\/td>\n<td style=\"width: 42.0081%\" width=\"623\">\n<p>Enviados para tratamento ou reciclagem<\/p>\n<\/td>\n<\/tr>\n<tr>\n<td style=\"width: 15.3614%\" width=\"623\">\n<p>Banners<\/p>\n<\/td>\n<td style=\"width: 6.62749%\" width=\"623\">\n<p>Caixotes coletores<\/p>\n<\/td>\n<td style=\"width: 49.4531%\" width=\"623\">\n<p>Realizada internamente pelo caminh\u00e3o da Coleta Seletiva UFSM quando houver demanda.<\/p>\n<\/td>\n<td style=\"width: 42.0081%\" width=\"623\">\n<p>Associa\u00e7\u00f5es e cooperativas de catadores de materiais recicl\u00e1veis<\/p>\n<\/td>\n<\/tr>\n<\/tbody>\n<\/table>\t\t\t\t\t\t<\/div>\n\t\t\t\t<\/div>\n\t\t\t\t\t<\/div>\n\t\t<\/div>\n\t\t\t\t\t<\/div>\n\t\t<\/section>\n\t\t\t\t<section class=\"elementor-section elementor-top-section elementor-element elementor-element-5b63e5a elementor-section-boxed elementor-section-height-default elementor-section-height-default\" data-id=\"5b63e5a\" data-element_type=\"section\">\n\t\t\t\t\t\t<div class=\"elementor-container elementor-column-gap-default\">\n\t\t\t\t\t<div class=\"elementor-column elementor-col-100 elementor-top-column elementor-element elementor-element-f0085d5\" data-id=\"f0085d5\" data-element_type=\"column\">\n\t\t\t<div class=\"elementor-widget-wrap elementor-element-populated\">\n\t\t\t\t\t\t<div class=\"elementor-element elementor-element-82b0a45 elementor-widget elementor-widget-text-editor\" data-id=\"82b0a45\" data-element_type=\"widget\" data-widget_type=\"text-editor.default\">\n\t\t\t\t<div class=\"elementor-widget-container\">\n\t\t\t\t\t\t\t<p><strong>CONSUMO CONSCIENTE NOS EVENTOS DA UFSM<\/strong><\/p>\n<p><strong>Banners<\/strong><\/p>\n<p>A fabrica\u00e7\u00e3o de <strong>banners de papel s\u00e3o uma alternativa<\/strong> mais interessante no ponto de vista ambiental em rela\u00e7\u00e3o aos de lona, visto que todo papel \u00e9 encaminhado para as Associa\u00e7\u00f5es e Cooperativas de catadores, onde s\u00e3o reciclados. A lona n\u00e3o \u00e9 reciclada, apenas reaproveitada para confec\u00e7\u00e3o de outros materiais, que nem sempre h\u00e1 mercado para o mesmo.<\/p>\n<p><strong>Copos Pl\u00e1sticos<\/strong><\/p>\n<p>\u00c9 comum presenciar a distribui\u00e7\u00e3o de copos pl\u00e1sticos em eventos na UFSM, o que gera um impacto ambiental alto. \u00c9 importante salientar durante a divulga\u00e7\u00e3o dos eventos que as pessoas levem seu pr\u00f3prio copo\/caneca. Uma ideia seria a venda de copos reutiliz\u00e1veis no pr\u00f3prio evento. <\/p>\t\t\t\t\t\t<\/div>\n\t\t\t\t<\/div>\n\t\t\t\t\t<\/div>\n\t\t<\/div>\n\t\t\t\t\t<\/div>\n\t\t<\/section>\n\t\t\t\t<\/div>\n\t\t","protected":false},"excerpt":{"rendered":"<p>A UFSM conta com um sistema consolidado de coleta e destina\u00e7\u00e3o de res\u00edduos s\u00f3lidos, que contempla dentre outros, os res\u00edduos recicl\u00e1veis, org\u00e2nicos, eletroeletr\u00f4nicos e rejeitos gerados nas atividades di\u00e1rias da Institui\u00e7\u00e3o. A elabora\u00e7\u00e3o deste manual tem como premissa a predefini\u00e7\u00e3o de procedimentos para a inclus\u00e3o da gest\u00e3o de res\u00edduos nos eventos com o trabalho j\u00e1 [&hellip;]<\/p>\n","protected":false},"author":80,"featured_media":0,"parent":0,"menu_order":0,"comment_status":"closed","ping_status":"closed","template":"","meta":{"footnotes":""},"categories":[],"tags":[],"class_list":["post-928","page","type-page","status-publish","hentry"],"acf":[],"_links":{"self":[{"href":"https:\/\/www.ufsm.br\/pro-reitorias\/proinfra\/wp-json\/wp\/v2\/pages\/928","targetHints":{"allow":["GET"]}}],"collection":[{"href":"https:\/\/www.ufsm.br\/pro-reitorias\/proinfra\/wp-json\/wp\/v2\/pages"}],"about":[{"href":"https:\/\/www.ufsm.br\/pro-reitorias\/proinfra\/wp-json\/wp\/v2\/types\/page"}],"author":[{"embeddable":true,"href":"https:\/\/www.ufsm.br\/pro-reitorias\/proinfra\/wp-json\/wp\/v2\/users\/80"}],"replies":[{"embeddable":true,"href":"https:\/\/www.ufsm.br\/pro-reitorias\/proinfra\/wp-json\/wp\/v2\/comments?post=928"}],"version-history":[{"count":0,"href":"https:\/\/www.ufsm.br\/pro-reitorias\/proinfra\/wp-json\/wp\/v2\/pages\/928\/revisions"}],"wp:attachment":[{"href":"https:\/\/www.ufsm.br\/pro-reitorias\/proinfra\/wp-json\/wp\/v2\/media?parent=928"}],"wp:term":[{"taxonomy":"category","embeddable":true,"href":"https:\/\/www.ufsm.br\/pro-reitorias\/proinfra\/wp-json\/wp\/v2\/categories?post=928"},{"taxonomy":"post_tag","embeddable":true,"href":"https:\/\/www.ufsm.br\/pro-reitorias\/proinfra\/wp-json\/wp\/v2\/tags?post=928"}],"curies":[{"name":"wp","href":"https:\/\/api.w.org\/{rel}","templated":true}]}}