{"id":958,"date":"2022-04-20T16:10:17","date_gmt":"2022-04-20T19:10:17","guid":{"rendered":"https:\/\/www.ufsm.br\/pro-reitorias\/proinfra\/?page_id=958"},"modified":"2022-04-25T10:35:54","modified_gmt":"2022-04-25T13:35:54","slug":"manual-orientacao-residuos-quimicos","status":"publish","type":"page","link":"https:\/\/www.ufsm.br\/pro-reitorias\/proinfra\/manual-orientacao-residuos-quimicos","title":{"rendered":"Manual Orienta\u00e7\u00e3o \u2013 Res\u00edduos Qu\u00edmicos"},"content":{"rendered":"\t\t<div data-elementor-type=\"wp-page\" data-elementor-id=\"958\" class=\"elementor elementor-958\">\n\t\t\t\t\t\t<section class=\"elementor-section elementor-top-section elementor-element elementor-element-eb969f3 elementor-section-boxed elementor-section-height-default elementor-section-height-default\" data-id=\"eb969f3\" data-element_type=\"section\">\n\t\t\t\t\t\t<div class=\"elementor-container elementor-column-gap-default\">\n\t\t\t\t\t<div class=\"elementor-column elementor-col-100 elementor-top-column elementor-element elementor-element-a81d825\" data-id=\"a81d825\" data-element_type=\"column\">\n\t\t\t<div class=\"elementor-widget-wrap elementor-element-populated\">\n\t\t\t\t\t\t<div class=\"elementor-element elementor-element-ea7bbf5 elementor-widget elementor-widget-text-editor\" data-id=\"ea7bbf5\" data-element_type=\"widget\" data-widget_type=\"text-editor.default\">\n\t\t\t\t<div class=\"elementor-widget-container\">\n\t\t\t\t\t\t\t<p><strong><span style=\"text-decoration: underline\">QUAIS S\u00c3O<\/span> OS RES\u00cdDUOS QU\u00cdMICOS?<\/strong><\/p><ul><li><strong>Res\u00edduos qu\u00edmicos<\/strong> l\u00edquidos e s\u00f3lidos gerados nos laborat\u00f3rios de pesquisa e extens\u00e3o da UFSM: Res\u00edduos qu\u00edmicos e materiais contaminados s\u00e3o segregados, acondicionados, identificados e pesados no local gerador, estando sob fiscaliza\u00e7\u00e3o do t\u00e9cnico de laborat\u00f3rio ou professor respons\u00e1vel.<\/li><\/ul><p><strong>O QUE <span style=\"text-decoration: underline\">N\u00c3O SE APLICA<\/span> \u00c0 COLETA DE RES\u00cdDUOS QU\u00cdMICOS?<\/strong><\/p><p>Res\u00edduos pass\u00edveis de neutraliza\u00e7\u00e3o para descarte na rede de esgoto. Estes procedimentos devem ser realizados sob vistoria do t\u00e9cnico de laborat\u00f3rio ou professor respons\u00e1vel, bem como os res\u00edduos abrangidos pelas outras coletas (recicl\u00e1veis e org\u00e2nicos).<\/p><p><strong><span style=\"text-decoration: underline\">ONDE ARMAZENAR<\/span> OS RES\u00cdDUOS QU\u00cdMICOS?<\/strong><\/p><p>Res\u00edduos Qu\u00edmicos l\u00edquidos:<\/p><ul><li>bombonas de polietileno de alta densidade (PEAD) com al\u00e7a e tampa estreita rosqueada com etiqueta de identifica\u00e7\u00e3o do res\u00edduo (Figura 1a);<\/li><li>res\u00edduos n\u00e3o identificados ou potencialmente perigosos manter nos frascos originais (Figura 1b);<\/li><\/ul>\t\t\t\t\t\t<\/div>\n\t\t\t\t<\/div>\n\t\t\t\t\t<\/div>\n\t\t<\/div>\n\t\t\t\t\t<\/div>\n\t\t<\/section>\n\t\t\t\t<section class=\"elementor-section elementor-top-section elementor-element elementor-element-4e89a14 elementor-section-boxed elementor-section-height-default elementor-section-height-default\" data-id=\"4e89a14\" data-element_type=\"section\">\n\t\t\t\t\t\t<div class=\"elementor-container elementor-column-gap-default\">\n\t\t\t\t\t<div class=\"elementor-column elementor-col-100 elementor-top-column elementor-element elementor-element-6875cae\" data-id=\"6875cae\" data-element_type=\"column\">\n\t\t\t<div class=\"elementor-widget-wrap elementor-element-populated\">\n\t\t\t\t\t\t<div class=\"elementor-element elementor-element-5f66a4f elementor-widget elementor-widget-image\" data-id=\"5f66a4f\" data-element_type=\"widget\" data-widget_type=\"image.default\">\n\t\t\t\t<div class=\"elementor-widget-container\">\n\t\t\t\t\t\t\t\t\t\t<figure class=\"wp-caption\">\n\t\t\t\t\t\t\t\t\t\t<img fetchpriority=\"high\" decoding=\"async\" width=\"481\" height=\"231\" src=\"https:\/\/www.ufsm.br\/app\/uploads\/sites\/343\/2022\/04\/quimicos-figura-1.jpg\" class=\"attachment-medium_large size-medium_large wp-image-959\" alt=\"\" srcset=\"https:\/\/www.ufsm.br\/app\/uploads\/sites\/343\/2022\/04\/quimicos-figura-1.jpg 481w, https:\/\/www.ufsm.br\/app\/uploads\/sites\/343\/2022\/04\/quimicos-figura-1-300x144.jpg 300w\" sizes=\"(max-width: 481px) 100vw, 481px\" \/>\t\t\t\t\t\t\t\t\t\t\t<figcaption class=\"widget-image-caption wp-caption-text\">Figura 1 - Bombonas PEAD 20L (a) e frascos originais de produtos qu\u00edmicos (b).<\/figcaption>\n\t\t\t\t\t\t\t\t\t\t<\/figure>\n\t\t\t\t\t\t\t<\/div>\n\t\t\t\t<\/div>\n\t\t\t\t\t<\/div>\n\t\t<\/div>\n\t\t\t\t\t<\/div>\n\t\t<\/section>\n\t\t\t\t<section class=\"elementor-section elementor-top-section elementor-element elementor-element-2ba0030 elementor-section-boxed elementor-section-height-default elementor-section-height-default\" data-id=\"2ba0030\" data-element_type=\"section\">\n\t\t\t\t\t\t<div class=\"elementor-container elementor-column-gap-default\">\n\t\t\t\t\t<div class=\"elementor-column elementor-col-100 elementor-top-column elementor-element elementor-element-ba3af0f\" data-id=\"ba3af0f\" data-element_type=\"column\">\n\t\t\t<div class=\"elementor-widget-wrap elementor-element-populated\">\n\t\t\t\t\t\t<div class=\"elementor-element elementor-element-044fc52 elementor-widget elementor-widget-text-editor\" data-id=\"044fc52\" data-element_type=\"widget\" data-widget_type=\"text-editor.default\">\n\t\t\t\t<div class=\"elementor-widget-container\">\n\t\t\t\t\t\t\t<p>Res\u00edduos Qu\u00edmicos s\u00f3lidos:<\/p><ul><li>sacos pl\u00e1stico de cor laranja identificado com o s\u00edmbolo de T\u00d3XICO (Figura 2a);<\/li><li>tambor de PEAD com tampa larga rosqueada (Figura 2b);<\/li><li>res\u00edduos n\u00e3o identificados ou potencialmente perigosos manter nos frascos originais (Figura 2c);<\/li><\/ul><p><strong><span style=\"text-decoration: underline\">PARA ONDE VAI<\/span> O RES\u00cdDUO QU\u00cdMICO GERADO NA UFSM?<\/strong><\/p><p>A coleta \u00e9 realizada nas unidades cadastradas por empresa contratada via licita\u00e7\u00e3o, e apresenta certifica\u00e7\u00f5es e licen\u00e7as ambientais para a coleta especializada, transporte, armazenamento tempor\u00e1rio tratamento e destina\u00e7\u00e3o final dos res\u00edduos qu\u00edmicos, em conformidade com a legisla\u00e7\u00e3o vigente.<\/p>\t\t\t\t\t\t<\/div>\n\t\t\t\t<\/div>\n\t\t\t\t\t<\/div>\n\t\t<\/div>\n\t\t\t\t\t<\/div>\n\t\t<\/section>\n\t\t\t\t<section class=\"elementor-section elementor-top-section elementor-element elementor-element-ceef267 elementor-section-boxed elementor-section-height-default elementor-section-height-default\" data-id=\"ceef267\" data-element_type=\"section\">\n\t\t\t\t\t\t<div class=\"elementor-container elementor-column-gap-default\">\n\t\t\t\t\t<div class=\"elementor-column elementor-col-100 elementor-top-column elementor-element elementor-element-a81a963\" data-id=\"a81a963\" data-element_type=\"column\">\n\t\t\t<div class=\"elementor-widget-wrap elementor-element-populated\">\n\t\t\t\t\t\t<div class=\"elementor-element elementor-element-32c9a2a elementor-widget elementor-widget-image\" data-id=\"32c9a2a\" data-element_type=\"widget\" data-widget_type=\"image.default\">\n\t\t\t\t<div class=\"elementor-widget-container\">\n\t\t\t\t\t\t\t\t\t\t<figure class=\"wp-caption\">\n\t\t\t\t\t\t\t\t\t\t<img decoding=\"async\" width=\"723\" height=\"356\" src=\"https:\/\/www.ufsm.br\/app\/uploads\/sites\/343\/2022\/04\/quimicos-figura-2.jpg\" class=\"attachment-medium_large size-medium_large wp-image-960\" alt=\"\" srcset=\"https:\/\/www.ufsm.br\/app\/uploads\/sites\/343\/2022\/04\/quimicos-figura-2.jpg 723w, https:\/\/www.ufsm.br\/app\/uploads\/sites\/343\/2022\/04\/quimicos-figura-2-300x148.jpg 300w\" sizes=\"(max-width: 723px) 100vw, 723px\" \/>\t\t\t\t\t\t\t\t\t\t\t<figcaption class=\"widget-image-caption wp-caption-text\">Figura 2 - Sacos pl\u00e1sticos de cor laranja (a), tambor PEAD tampa rosqueada (b) e frascos originais (c).<\/figcaption>\n\t\t\t\t\t\t\t\t\t\t<\/figure>\n\t\t\t\t\t\t\t<\/div>\n\t\t\t\t<\/div>\n\t\t\t\t\t<\/div>\n\t\t<\/div>\n\t\t\t\t\t<\/div>\n\t\t<\/section>\n\t\t\t\t<\/div>\n\t\t","protected":false},"excerpt":{"rendered":"<p>QUAIS S\u00c3O OS RES\u00cdDUOS QU\u00cdMICOS? Res\u00edduos qu\u00edmicos l\u00edquidos e s\u00f3lidos gerados nos laborat\u00f3rios de pesquisa e extens\u00e3o da UFSM: Res\u00edduos qu\u00edmicos e materiais contaminados s\u00e3o segregados, acondicionados, identificados e pesados no local gerador, estando sob fiscaliza\u00e7\u00e3o do t\u00e9cnico de laborat\u00f3rio ou professor respons\u00e1vel. O QUE N\u00c3O SE APLICA \u00c0 COLETA DE RES\u00cdDUOS QU\u00cdMICOS? Res\u00edduos pass\u00edveis [&hellip;]<\/p>\n","protected":false},"author":5455,"featured_media":0,"parent":0,"menu_order":0,"comment_status":"closed","ping_status":"closed","template":"","meta":{"footnotes":""},"categories":[],"tags":[],"class_list":["post-958","page","type-page","status-publish","hentry"],"acf":[],"_links":{"self":[{"href":"https:\/\/www.ufsm.br\/pro-reitorias\/proinfra\/wp-json\/wp\/v2\/pages\/958","targetHints":{"allow":["GET"]}}],"collection":[{"href":"https:\/\/www.ufsm.br\/pro-reitorias\/proinfra\/wp-json\/wp\/v2\/pages"}],"about":[{"href":"https:\/\/www.ufsm.br\/pro-reitorias\/proinfra\/wp-json\/wp\/v2\/types\/page"}],"author":[{"embeddable":true,"href":"https:\/\/www.ufsm.br\/pro-reitorias\/proinfra\/wp-json\/wp\/v2\/users\/5455"}],"replies":[{"embeddable":true,"href":"https:\/\/www.ufsm.br\/pro-reitorias\/proinfra\/wp-json\/wp\/v2\/comments?post=958"}],"version-history":[{"count":0,"href":"https:\/\/www.ufsm.br\/pro-reitorias\/proinfra\/wp-json\/wp\/v2\/pages\/958\/revisions"}],"wp:attachment":[{"href":"https:\/\/www.ufsm.br\/pro-reitorias\/proinfra\/wp-json\/wp\/v2\/media?parent=958"}],"wp:term":[{"taxonomy":"category","embeddable":true,"href":"https:\/\/www.ufsm.br\/pro-reitorias\/proinfra\/wp-json\/wp\/v2\/categories?post=958"},{"taxonomy":"post_tag","embeddable":true,"href":"https:\/\/www.ufsm.br\/pro-reitorias\/proinfra\/wp-json\/wp\/v2\/tags?post=958"}],"curies":[{"name":"wp","href":"https:\/\/api.w.org\/{rel}","templated":true}]}}