{"id":968,"date":"2022-04-25T09:47:23","date_gmt":"2022-04-25T12:47:23","guid":{"rendered":"https:\/\/www.ufsm.br\/pro-reitorias\/proinfra\/?page_id=968"},"modified":"2022-04-25T09:53:22","modified_gmt":"2022-04-25T12:53:22","slug":"manual-orientacao-residuos-de-lampadas","status":"publish","type":"page","link":"https:\/\/www.ufsm.br\/pro-reitorias\/proinfra\/manual-orientacao-residuos-de-lampadas","title":{"rendered":"Manual Orienta\u00e7\u00e3o &#8211; Res\u00edduos de l\u00e2mpadas"},"content":{"rendered":"\t\t<div data-elementor-type=\"wp-page\" data-elementor-id=\"968\" class=\"elementor elementor-968\">\n\t\t\t\t\t\t<section class=\"elementor-section elementor-top-section elementor-element elementor-element-5e748a5 elementor-section-boxed elementor-section-height-default elementor-section-height-default\" data-id=\"5e748a5\" data-element_type=\"section\">\n\t\t\t\t\t\t<div class=\"elementor-container elementor-column-gap-default\">\n\t\t\t\t\t<div class=\"elementor-column elementor-col-100 elementor-top-column elementor-element elementor-element-6671bb6\" data-id=\"6671bb6\" data-element_type=\"column\">\n\t\t\t<div class=\"elementor-widget-wrap elementor-element-populated\">\n\t\t\t\t\t\t<div class=\"elementor-element elementor-element-004c7c7 elementor-widget elementor-widget-text-editor\" data-id=\"004c7c7\" data-element_type=\"widget\" data-widget_type=\"text-editor.default\">\n\t\t\t\t<div class=\"elementor-widget-container\">\n\t\t\t\t\t\t\t<p><strong><span style=\"text-decoration: underline\">QUAIS S\u00c3O<\/span> OS RES\u00cdDUOS DE L\u00c2MPADAS?<\/strong><\/p>\n<ul>\n<li>Res\u00edduos de l\u00e2mpadas fluorescentes na UFSM (Figura 1): l\u00e2mpadas queimadas que s\u00e3o geradas ap\u00f3s a manuten\u00e7\u00e3o de ilumina\u00e7\u00e3o, realizada atrav\u00e9s dos funcion\u00e1rios da empresa terceirizada (Sulclean).<\/li>\n<\/ul>\t\t\t\t\t\t<\/div>\n\t\t\t\t<\/div>\n\t\t\t\t\t<\/div>\n\t\t<\/div>\n\t\t\t\t\t<\/div>\n\t\t<\/section>\n\t\t\t\t<section class=\"elementor-section elementor-top-section elementor-element elementor-element-33f99f0 elementor-section-boxed elementor-section-height-default elementor-section-height-default\" data-id=\"33f99f0\" data-element_type=\"section\">\n\t\t\t\t\t\t<div class=\"elementor-container elementor-column-gap-default\">\n\t\t\t\t\t<div class=\"elementor-column elementor-col-100 elementor-top-column elementor-element elementor-element-6c3b2d4\" data-id=\"6c3b2d4\" data-element_type=\"column\">\n\t\t\t<div class=\"elementor-widget-wrap elementor-element-populated\">\n\t\t\t\t\t\t<div class=\"elementor-element elementor-element-9903c58 elementor-widget elementor-widget-image\" data-id=\"9903c58\" data-element_type=\"widget\" data-widget_type=\"image.default\">\n\t\t\t\t<div class=\"elementor-widget-container\">\n\t\t\t\t\t\t\t\t\t\t<figure class=\"wp-caption\">\n\t\t\t\t\t\t\t\t\t\t<img decoding=\"async\" width=\"236\" height=\"155\" src=\"https:\/\/www.ufsm.br\/app\/uploads\/sites\/343\/2022\/04\/Captura-de-tela-2022-04-25-094006.jpg\" class=\"attachment-medium_large size-medium_large wp-image-969\" alt=\"\" \/>\t\t\t\t\t\t\t\t\t\t\t<figcaption class=\"widget-image-caption wp-caption-text\">Figura 1 - L\u00e2mpada fluorescente.<\/figcaption>\n\t\t\t\t\t\t\t\t\t\t<\/figure>\n\t\t\t\t\t\t\t<\/div>\n\t\t\t\t<\/div>\n\t\t\t\t\t<\/div>\n\t\t<\/div>\n\t\t\t\t\t<\/div>\n\t\t<\/section>\n\t\t\t\t<section class=\"elementor-section elementor-top-section elementor-element elementor-element-2aecfcd elementor-section-boxed elementor-section-height-default elementor-section-height-default\" data-id=\"2aecfcd\" data-element_type=\"section\">\n\t\t\t\t\t\t<div class=\"elementor-container elementor-column-gap-default\">\n\t\t\t\t\t<div class=\"elementor-column elementor-col-100 elementor-top-column elementor-element elementor-element-50c4dcd\" data-id=\"50c4dcd\" data-element_type=\"column\">\n\t\t\t<div class=\"elementor-widget-wrap elementor-element-populated\">\n\t\t\t\t\t\t<div class=\"elementor-element elementor-element-20729eb elementor-widget elementor-widget-text-editor\" data-id=\"20729eb\" data-element_type=\"widget\" data-widget_type=\"text-editor.default\">\n\t\t\t\t<div class=\"elementor-widget-container\">\n\t\t\t\t\t\t\t<p><strong>O QUE <span style=\"text-decoration: underline\">N\u00c3O SE APLICA<\/span> \u00c0 COLETA DE L\u00c2MPADAS?<\/strong><\/p><p>L\u00e2mpadas geradas fora das depend\u00eancias da universidade.<\/p><p><strong><span style=\"text-decoration: underline\">ONDE ARMAZENAR<\/span> OS RES\u00cdDUOS DE L\u00c2MPADAS?<\/strong><\/p><ul><li><strong>L\u00e2mpadas queimadas ou em desuso<\/strong>: Realizar o chamado para o setor da el\u00e9trica da manuten\u00e7\u00e3o via sistema OTRS (https:\/\/servicos.cpd.ufsm.br\/);<\/li><li><strong>No caso de quebra acidental de l\u00e2mpadas<\/strong> seguir o seguinte procedimento:<\/li><\/ul><ol><li style=\"list-style-type: none\"><ol><li>Ventile bem o ambiente (abra portas e janelas);<\/li><li>Se for em ambiente com ar condicionado, desligue-o imediatamente;<\/li><li>Recolha os cacos depositando-os em saco. N\u00e3o use vassoura para n\u00e3o dispersar a poeira contaminada. N\u00e3o use aspirador de p\u00f3;<\/li><li>Junte o p\u00f3 com um papel ou pano umedecido e descarte tudo em um saco;<\/li><li>Acondicione o saco com a l\u00e2mpada quebrada e os demais res\u00edduos em um bombona ou outro recipiente identificado com a frase: \u201cL\u00c2MPADA QUEBRADA INSERV\u00cdVEL CONTENDO MERC\u00daRIO\u201d;<\/li><li>Lave bem as m\u00e3os<\/li><\/ol><\/li><\/ol><p><strong>PARA <span style=\"text-decoration: underline\">ONDE VAI<\/span> O RES\u00cdDUO GERADO?<\/strong><\/p><p>Primeiramente as l\u00e2mpadas ser\u00e3o armazenadas no setor de el\u00e9trica da manuten\u00e7\u00e3o na UFSM em cont\u00eainer equipado com filtro de carv\u00e3o ativado e separadores individuais de poliuretano.<br \/>A coleta \u00e9 realizada por empresa contratada pela UFSM via licita\u00e7\u00e3o, e apresenta certifica\u00e7\u00f5es para a coleta especializada, transporte, tratamento e destina\u00e7\u00e3o final dos res\u00edduos de servi\u00e7os de sa\u00fade, em conformidade com a legisla\u00e7\u00e3o vigente.<\/p>\t\t\t\t\t\t<\/div>\n\t\t\t\t<\/div>\n\t\t\t\t\t<\/div>\n\t\t<\/div>\n\t\t\t\t\t<\/div>\n\t\t<\/section>\n\t\t\t\t<\/div>\n\t\t","protected":false},"excerpt":{"rendered":"<p>QUAIS S\u00c3O OS RES\u00cdDUOS DE L\u00c2MPADAS? Res\u00edduos de l\u00e2mpadas fluorescentes na UFSM (Figura 1): l\u00e2mpadas queimadas que s\u00e3o geradas ap\u00f3s a manuten\u00e7\u00e3o de ilumina\u00e7\u00e3o, realizada atrav\u00e9s dos funcion\u00e1rios da empresa terceirizada (Sulclean). Figura 1 &#8211; L\u00e2mpada fluorescente. O QUE N\u00c3O SE APLICA \u00c0 COLETA DE L\u00c2MPADAS? L\u00e2mpadas geradas fora das depend\u00eancias da universidade. ONDE ARMAZENAR [&hellip;]<\/p>\n","protected":false},"author":5455,"featured_media":0,"parent":0,"menu_order":0,"comment_status":"closed","ping_status":"closed","template":"","meta":{"footnotes":""},"categories":[],"tags":[],"class_list":["post-968","page","type-page","status-publish","hentry"],"acf":[],"_links":{"self":[{"href":"https:\/\/www.ufsm.br\/pro-reitorias\/proinfra\/wp-json\/wp\/v2\/pages\/968","targetHints":{"allow":["GET"]}}],"collection":[{"href":"https:\/\/www.ufsm.br\/pro-reitorias\/proinfra\/wp-json\/wp\/v2\/pages"}],"about":[{"href":"https:\/\/www.ufsm.br\/pro-reitorias\/proinfra\/wp-json\/wp\/v2\/types\/page"}],"author":[{"embeddable":true,"href":"https:\/\/www.ufsm.br\/pro-reitorias\/proinfra\/wp-json\/wp\/v2\/users\/5455"}],"replies":[{"embeddable":true,"href":"https:\/\/www.ufsm.br\/pro-reitorias\/proinfra\/wp-json\/wp\/v2\/comments?post=968"}],"version-history":[{"count":0,"href":"https:\/\/www.ufsm.br\/pro-reitorias\/proinfra\/wp-json\/wp\/v2\/pages\/968\/revisions"}],"wp:attachment":[{"href":"https:\/\/www.ufsm.br\/pro-reitorias\/proinfra\/wp-json\/wp\/v2\/media?parent=968"}],"wp:term":[{"taxonomy":"category","embeddable":true,"href":"https:\/\/www.ufsm.br\/pro-reitorias\/proinfra\/wp-json\/wp\/v2\/categories?post=968"},{"taxonomy":"post_tag","embeddable":true,"href":"https:\/\/www.ufsm.br\/pro-reitorias\/proinfra\/wp-json\/wp\/v2\/tags?post=968"}],"curies":[{"name":"wp","href":"https:\/\/api.w.org\/{rel}","templated":true}]}}