{"id":231,"date":"2025-10-23T13:45:39","date_gmt":"2025-10-23T16:45:39","guid":{"rendered":"https:\/\/www.ufsm.br\/pro-reitorias\/proinova\/unidade-embrapii\/?page_id=231"},"modified":"2025-11-04T13:50:19","modified_gmt":"2025-11-04T16:50:19","slug":"noticias","status":"publish","type":"page","link":"https:\/\/www.ufsm.br\/pro-reitorias\/proinova\/unidade-embrapii-iem\/noticias","title":{"rendered":"Not\u00edcias"},"content":{"rendered":"\t\t<div data-elementor-type=\"wp-page\" data-elementor-id=\"231\" class=\"elementor elementor-231\">\n\t\t\t\t\t\t<section class=\"elementor-section elementor-top-section elementor-element elementor-element-e311aac elementor-section-boxed elementor-section-height-default elementor-section-height-default\" data-id=\"e311aac\" data-element_type=\"section\">\n\t\t\t\t\t\t<div class=\"elementor-container elementor-column-gap-default\">\n\t\t\t\t\t<div class=\"elementor-column elementor-col-100 elementor-top-column elementor-element elementor-element-d83a10d\" data-id=\"d83a10d\" data-element_type=\"column\">\n\t\t\t<div class=\"elementor-widget-wrap elementor-element-populated\">\n\t\t\t\t\t\t<div class=\"elementor-element elementor-element-046bfa5 elementor-widget elementor-widget-wp-widget-ufsm_noticias_widget\" data-id=\"046bfa5\" data-element_type=\"widget\" data-widget_type=\"wp-widget-ufsm_noticias_widget.default\">\n\t\t\t\t<div class=\"elementor-widget-container\">\n\t\t\t<div class='widget-noticias-inside'>\n                        <div class=\"row\">\n                                    <div class=\"col-12 col-lg-6 pb-4\">\n                                            <div class=\"noticias-widget-wrap\" style=\"height: 200px; overflow: hidden;\">\n                            <a title=\"\" href=\"https:\/\/www.ufsm.br\/pro-reitorias\/proinova\/unidade-embrapii-iem\/2026\/03\/03\/unidade-embrapii-ufsm-energia-e-mobilidade-e-classificada-na-categoria-ouro\">\n                                <span class=\"visually-hidden\">\n                                    Unidade Embrapii UFSM &#8211; Energia e Mobilidade \u00e9 classificada na categoria Ouro                                <\/span>\n                                <div class=\"noticias-widget-thumbs h-100\">\n                                    <img decoding=\"async\" class=\"object-fit-cover h-100 w-100\" alt=\"\" srcset=\"https:\/\/www.ufsm.br\/app\/uploads\/sites\/984\/2026\/03\/Capas-2-300x169.jpg 300w, https:\/\/www.ufsm.br\/app\/uploads\/sites\/984\/2026\/03\/Capas-2-1024x576.jpg 1024w, https:\/\/www.ufsm.br\/app\/uploads\/sites\/984\/2026\/03\/Capas-2-768x432.jpg 768w, https:\/\/www.ufsm.br\/app\/uploads\/sites\/984\/2026\/03\/Capas-2.jpg 1366w\" src=\"https:\/\/www.ufsm.br\/app\/uploads\/sites\/984\/2026\/03\/Capas-2-1024x576.jpg\"><\/img>\n                                <\/div>\n                            <\/a>\n                        <\/div>\n                                        \n                                        \n                    \n                    <a class=\"noticias-widget-title d-block  m-0 \"  title=\"Unidade Embrapii UFSM &#8211; Energia e Mobilidade \u00e9 classificada na categoria Ouro\" href=\"https:\/\/www.ufsm.br\/pro-reitorias\/proinova\/unidade-embrapii-iem\/2026\/03\/03\/unidade-embrapii-ufsm-energia-e-mobilidade-e-classificada-na-categoria-ouro\">\n                                                Unidade Embrapii UFSM &#8211; Energia e Mobilidade \u00e9 classificada na categoria Ouro                    <\/a>\n                    \n                                            <div class=\"noticias-widget-introtext\">\n                            Na \u00faltima semana, a Unidade Embrapii UFSM &#8211; Energia e Mobilidade foi avaliada na categoria Ouro do Programa de Excel\u00eancia Operacional (PEO) da Empresa Brasileira de Pesquisa e Inova\u00e7\u00e3o Industrial&hellip;                        <\/div>\n                    \n                                        \n                                        \n                                            \n                                                    <div title=\"Publicado em 03\/03\/2026 \" class=\"data-publicacao-widget\">\n                                <i  class=\"far fa-clock\"><\/i>\n                                03\/03\/2026                             <\/div>\n                                                                <\/div>\n                                    <div class=\"col-12 col-lg-6 pb-4\">\n                                            <div class=\"noticias-widget-wrap\" style=\"height: 200px; overflow: hidden;\">\n                            <a title=\"\" href=\"https:\/\/www.ufsm.br\/pro-reitorias\/proinova\/unidade-embrapii-iem\/2026\/02\/02\/unidade-embrapii-ufsm-energia-e-mobilidade-conta-com-nova-gestao-em-2026\">\n                                <span class=\"visually-hidden\">\n                                    Unidade Embrapii UFSM &#8211; Energia e Mobilidade conta com nova gest\u00e3o em 2026                                <\/span>\n                                <div class=\"noticias-widget-thumbs h-100\">\n                                    <img decoding=\"async\" class=\"object-fit-cover h-100 w-100\" alt=\"\" srcset=\"https:\/\/www.ufsm.br\/app\/uploads\/sites\/984\/2026\/02\/Capas-4-300x169.jpg 300w, https:\/\/www.ufsm.br\/app\/uploads\/sites\/984\/2026\/02\/Capas-4-1024x576.jpg 1024w, https:\/\/www.ufsm.br\/app\/uploads\/sites\/984\/2026\/02\/Capas-4-768x432.jpg 768w, https:\/\/www.ufsm.br\/app\/uploads\/sites\/984\/2026\/02\/Capas-4.jpg 1366w\" src=\"https:\/\/www.ufsm.br\/app\/uploads\/sites\/984\/2026\/02\/Capas-4-1024x576.jpg\"><\/img>\n                                <\/div>\n                            <\/a>\n                        <\/div>\n                                        \n                                        \n                    \n                    <a class=\"noticias-widget-title d-block  m-0 \"  title=\"Unidade Embrapii UFSM &#8211; Energia e Mobilidade conta com nova gest\u00e3o em 2026\" href=\"https:\/\/www.ufsm.br\/pro-reitorias\/proinova\/unidade-embrapii-iem\/2026\/02\/02\/unidade-embrapii-ufsm-energia-e-mobilidade-conta-com-nova-gestao-em-2026\">\n                                                Unidade Embrapii UFSM &#8211; Energia e Mobilidade conta com nova gest\u00e3o em 2026                    <\/a>\n                    \n                                            <div class=\"noticias-widget-introtext\">\n                            Desde o in\u00edcio de janeiro, a Unidade Embrapii UFSM &#8211; Energia e Mobilidade conta com uma nova gest\u00e3o. Para o novo ciclo, a professora Carmen Brum Rosa assume a coordena\u00e7\u00e3o,&hellip;                        <\/div>\n                    \n                                        \n                                        \n                                            \n                                                    <div title=\"Publicado em 02\/02\/2026 \" class=\"data-publicacao-widget\">\n                                <i  class=\"far fa-clock\"><\/i>\n                                02\/02\/2026                             <\/div>\n                                                                <\/div>\n                            <\/div>\n                    <div class=\"row\">\n                                    <div class=\"col-12 col-lg-6 pb-4\">\n                                            <div class=\"noticias-widget-wrap\" style=\"height: 200px; overflow: hidden;\">\n                            <a title=\"\" href=\"https:\/\/www.ufsm.br\/pro-reitorias\/proinova\/unidade-embrapii-iem\/2025\/12\/17\/unidade-embrapii-ufsm-participa-do-encontro-anual-das-unidades-embrapii-2025\">\n                                <span class=\"visually-hidden\">\n                                    Unidade Embrapii UFSM participa do Encontro Anual das Unidades EMBRAPII &#8211; 2025                                <\/span>\n                                <div class=\"noticias-widget-thumbs h-100\">\n                                    <img decoding=\"async\" class=\"object-fit-cover h-100 w-100\" alt=\"\" srcset=\"https:\/\/www.ufsm.br\/app\/uploads\/sites\/984\/2025\/12\/Capas-1-300x169.jpg 300w, https:\/\/www.ufsm.br\/app\/uploads\/sites\/984\/2025\/12\/Capas-1-1024x576.jpg 1024w, https:\/\/www.ufsm.br\/app\/uploads\/sites\/984\/2025\/12\/Capas-1-768x432.jpg 768w, https:\/\/www.ufsm.br\/app\/uploads\/sites\/984\/2025\/12\/Capas-1.jpg 1366w\" src=\"https:\/\/www.ufsm.br\/app\/uploads\/sites\/984\/2025\/12\/Capas-1-1024x576.jpg\"><\/img>\n                                <\/div>\n                            <\/a>\n                        <\/div>\n                                        \n                                        \n                    \n                    <a class=\"noticias-widget-title d-block  m-0 \"  title=\"Unidade Embrapii UFSM participa do Encontro Anual das Unidades EMBRAPII &#8211; 2025\" href=\"https:\/\/www.ufsm.br\/pro-reitorias\/proinova\/unidade-embrapii-iem\/2025\/12\/17\/unidade-embrapii-ufsm-participa-do-encontro-anual-das-unidades-embrapii-2025\">\n                                                Unidade Embrapii UFSM participa do Encontro Anual das Unidades EMBRAPII &#8211; 2025                    <\/a>\n                    \n                                            <div class=\"noticias-widget-introtext\">\n                            Nos dias 9 e 10 de dezembro, a Unidade Embrapii UFSM participou do Encontro Anual das Unidades Embrapii de 2025, em Bras\u00edlia &#8211; Distrito Federal. O evento reuniu representantes de&hellip;                        <\/div>\n                    \n                                        \n                                        \n                                            \n                                                    <div title=\"Publicado em 17\/12\/2025 \" class=\"data-publicacao-widget\">\n                                <i  class=\"far fa-clock\"><\/i>\n                                17\/12\/2025                             <\/div>\n                                                                <\/div>\n                                    <div class=\"col-12 col-lg-6 pb-4\">\n                                            <div class=\"noticias-widget-wrap\" style=\"height: 200px; overflow: hidden;\">\n                            <a title=\"\" href=\"https:\/\/www.ufsm.br\/pro-reitorias\/proinova\/unidade-embrapii-iem\/2025\/12\/10\/ultimo-encontro-do-programa-de-capacitacao-4-0-da-unidade-embrapii-ufsm-teve-comunicacao-como-tema\">\n                                <span class=\"visually-hidden\">\n                                    \u00daltimo encontro do Programa de Capacita\u00e7\u00e3o 4.0 da Unidade Embrapii UFSM teve \u201ccomunica\u00e7\u00e3o\u201d como tema                                <\/span>\n                                <div class=\"noticias-widget-thumbs h-100\">\n                                    <img decoding=\"async\" class=\"object-fit-cover h-100 w-100\" alt=\"\" srcset=\"https:\/\/www.ufsm.br\/app\/uploads\/sites\/984\/2025\/12\/Capas-2-300x169.jpg 300w, https:\/\/www.ufsm.br\/app\/uploads\/sites\/984\/2025\/12\/Capas-2-1024x576.jpg 1024w, https:\/\/www.ufsm.br\/app\/uploads\/sites\/984\/2025\/12\/Capas-2-768x432.jpg 768w, https:\/\/www.ufsm.br\/app\/uploads\/sites\/984\/2025\/12\/Capas-2.jpg 1366w\" src=\"https:\/\/www.ufsm.br\/app\/uploads\/sites\/984\/2025\/12\/Capas-2-1024x576.jpg\"><\/img>\n                                <\/div>\n                            <\/a>\n                        <\/div>\n                                        \n                                        \n                    \n                    <a class=\"noticias-widget-title d-block  m-0 \"  title=\"\u00daltimo encontro do Programa de Capacita\u00e7\u00e3o 4.0 da Unidade Embrapii UFSM teve \u201ccomunica\u00e7\u00e3o\u201d como tema\" href=\"https:\/\/www.ufsm.br\/pro-reitorias\/proinova\/unidade-embrapii-iem\/2025\/12\/10\/ultimo-encontro-do-programa-de-capacitacao-4-0-da-unidade-embrapii-ufsm-teve-comunicacao-como-tema\">\n                                                \u00daltimo encontro do Programa de Capacita\u00e7\u00e3o 4.0 da Unidade Embrapii UFSM teve \u201ccomunica\u00e7\u00e3o\u201d como tema                    <\/a>\n                    \n                                            <div class=\"noticias-widget-introtext\">\n                            Na \u00faltima sexta-feira (5), o Programa de Capacita\u00e7\u00e3o 4.0 da Unidade Embrapii UFSM realizou seu \u00faltimo encontro do ano. O momento contou com a participa\u00e7\u00e3o do jornalista e mestre em&hellip;                        <\/div>\n                    \n                                        \n                                        \n                                            \n                                                    <div title=\"Publicado em 10\/12\/2025 \" class=\"data-publicacao-widget\">\n                                <i  class=\"far fa-clock\"><\/i>\n                                10\/12\/2025                             <\/div>\n                                                                <\/div>\n                            <\/div>\n                    <div class=\"row\">\n                                    <div class=\"col-12 col-lg-6 pb-4\">\n                                            <div class=\"noticias-widget-wrap\" style=\"height: 200px; overflow: hidden;\">\n                            <a title=\"\" href=\"https:\/\/www.ufsm.br\/pro-reitorias\/proinova\/unidade-embrapii-iem\/2025\/12\/08\/resultado-da-chamada-publica-interna-para-colaboracoes-no-ambito-dos-projetos-da-unidade-embrapii-ufsm-e-divulgado\">\n                                <span class=\"visually-hidden\">\n                                    Resultado da Chamada P\u00fablica Interna para colabora\u00e7\u00f5es no \u00e2mbito dos projetos da Unidade Embrapii UFSM \u00e9 divulgado                                <\/span>\n                                <div class=\"noticias-widget-thumbs h-100\">\n                                    <img decoding=\"async\" class=\"object-fit-cover h-100 w-100\" alt=\"\" srcset=\"https:\/\/www.ufsm.br\/app\/uploads\/sites\/984\/2025\/12\/Capas-300x169.jpg 300w, https:\/\/www.ufsm.br\/app\/uploads\/sites\/984\/2025\/12\/Capas-1024x576.jpg 1024w, https:\/\/www.ufsm.br\/app\/uploads\/sites\/984\/2025\/12\/Capas-768x432.jpg 768w, https:\/\/www.ufsm.br\/app\/uploads\/sites\/984\/2025\/12\/Capas.jpg 1366w\" src=\"https:\/\/www.ufsm.br\/app\/uploads\/sites\/984\/2025\/12\/Capas-1024x576.jpg\"><\/img>\n                                <\/div>\n                            <\/a>\n                        <\/div>\n                                        \n                                        \n                    \n                    <a class=\"noticias-widget-title d-block  m-0 \"  title=\"Resultado da Chamada P\u00fablica Interna para colabora\u00e7\u00f5es no \u00e2mbito dos projetos da Unidade Embrapii UFSM \u00e9 divulgado\" href=\"https:\/\/www.ufsm.br\/pro-reitorias\/proinova\/unidade-embrapii-iem\/2025\/12\/08\/resultado-da-chamada-publica-interna-para-colaboracoes-no-ambito-dos-projetos-da-unidade-embrapii-ufsm-e-divulgado\">\n                                                Resultado da Chamada P\u00fablica Interna para colabora\u00e7\u00f5es no \u00e2mbito dos projetos da Unidade Embrapii UFSM \u00e9 divulgado                    <\/a>\n                    \n                                            <div class=\"noticias-widget-introtext\">\n                            Confira a lista dos habilitados                        <\/div>\n                    \n                                        \n                                        \n                                            \n                                                    <div title=\"Publicado em 08\/12\/2025 \" class=\"data-publicacao-widget\">\n                                <i  class=\"far fa-clock\"><\/i>\n                                08\/12\/2025                             <\/div>\n                                                                <\/div>\n                            <\/div>\n            <\/div>\n\t\t<\/div>\n\t\t\t\t<\/div>\n\t\t\t\t\t<\/div>\n\t\t<\/div>\n\t\t\t\t\t<\/div>\n\t\t<\/section>\n\t\t\t\t<\/div>\n\t\t","protected":false},"excerpt":{"rendered":"","protected":false},"author":8742,"featured_media":0,"parent":0,"menu_order":0,"comment_status":"closed","ping_status":"closed","template":"","meta":{"footnotes":""},"categories":[],"tags":[],"class_list":["post-231","page","type-page","status-publish","hentry"],"acf":[],"_links":{"self":[{"href":"https:\/\/www.ufsm.br\/pro-reitorias\/proinova\/unidade-embrapii-iem\/wp-json\/wp\/v2\/pages\/231","targetHints":{"allow":["GET"]}}],"collection":[{"href":"https:\/\/www.ufsm.br\/pro-reitorias\/proinova\/unidade-embrapii-iem\/wp-json\/wp\/v2\/pages"}],"about":[{"href":"https:\/\/www.ufsm.br\/pro-reitorias\/proinova\/unidade-embrapii-iem\/wp-json\/wp\/v2\/types\/page"}],"author":[{"embeddable":true,"href":"https:\/\/www.ufsm.br\/pro-reitorias\/proinova\/unidade-embrapii-iem\/wp-json\/wp\/v2\/users\/8742"}],"replies":[{"embeddable":true,"href":"https:\/\/www.ufsm.br\/pro-reitorias\/proinova\/unidade-embrapii-iem\/wp-json\/wp\/v2\/comments?post=231"}],"version-history":[{"count":0,"href":"https:\/\/www.ufsm.br\/pro-reitorias\/proinova\/unidade-embrapii-iem\/wp-json\/wp\/v2\/pages\/231\/revisions"}],"wp:attachment":[{"href":"https:\/\/www.ufsm.br\/pro-reitorias\/proinova\/unidade-embrapii-iem\/wp-json\/wp\/v2\/media?parent=231"}],"wp:term":[{"taxonomy":"category","embeddable":true,"href":"https:\/\/www.ufsm.br\/pro-reitorias\/proinova\/unidade-embrapii-iem\/wp-json\/wp\/v2\/categories?post=231"},{"taxonomy":"post_tag","embeddable":true,"href":"https:\/\/www.ufsm.br\/pro-reitorias\/proinova\/unidade-embrapii-iem\/wp-json\/wp\/v2\/tags?post=231"}],"curies":[{"name":"wp","href":"https:\/\/api.w.org\/{rel}","templated":true}]}}