{"id":337,"date":"2026-03-23T13:38:12","date_gmt":"2026-03-23T16:38:12","guid":{"rendered":"https:\/\/www.ufsm.br\/pro-reitorias\/proinova\/unidade-embrapii\/?page_id=337"},"modified":"2026-03-26T13:33:20","modified_gmt":"2026-03-26T16:33:20","slug":"programas","status":"publish","type":"page","link":"https:\/\/www.ufsm.br\/pro-reitorias\/proinova\/unidade-embrapii-iem\/programas","title":{"rendered":"Programas"},"content":{"rendered":"\t\t<div data-elementor-type=\"wp-page\" data-elementor-id=\"337\" class=\"elementor elementor-337\">\n\t\t\t\t\t\t<section class=\"elementor-section elementor-top-section elementor-element elementor-element-0236c10 elementor-section-boxed elementor-section-height-default elementor-section-height-default\" data-id=\"0236c10\" data-element_type=\"section\">\n\t\t\t\t\t\t<div class=\"elementor-container elementor-column-gap-default\">\n\t\t\t\t\t<div class=\"elementor-column elementor-col-100 elementor-top-column elementor-element elementor-element-6486e3b\" data-id=\"6486e3b\" data-element_type=\"column\">\n\t\t\t<div class=\"elementor-widget-wrap elementor-element-populated\">\n\t\t\t\t\t\t<div class=\"elementor-element elementor-element-abe50c9 elementor-widget elementor-widget-heading\" data-id=\"abe50c9\" data-element_type=\"widget\" data-widget_type=\"heading.default\">\n\t\t\t\t<div class=\"elementor-widget-container\">\n\t\t\t<h2 class=\"elementor-heading-title elementor-size-default\">Capacita\u00e7\u00e3o 4.0<\/h2>\t\t<\/div>\n\t\t\t\t<\/div>\n\t\t\t\t\t<\/div>\n\t\t<\/div>\n\t\t\t\t\t<\/div>\n\t\t<\/section>\n\t\t\t\t<section class=\"elementor-section elementor-top-section elementor-element elementor-element-cfe5677 elementor-section-boxed elementor-section-height-default elementor-section-height-default\" data-id=\"cfe5677\" data-element_type=\"section\">\n\t\t\t\t\t\t<div class=\"elementor-container elementor-column-gap-default\">\n\t\t\t\t\t<div class=\"elementor-column elementor-col-100 elementor-top-column elementor-element elementor-element-53be3fe\" data-id=\"53be3fe\" data-element_type=\"column\">\n\t\t\t<div class=\"elementor-widget-wrap elementor-element-populated\">\n\t\t\t\t\t\t<div class=\"elementor-element elementor-element-8d3f173 elementor-widget elementor-widget-text-editor\" data-id=\"8d3f173\" data-element_type=\"widget\" data-widget_type=\"text-editor.default\">\n\t\t\t\t<div class=\"elementor-widget-container\">\n\t\t\t\t\t\t\t<p style=\"text-align: justify\">O\u00a0Programa Capacita\u00e7\u00e3o 4.0\u00a0Embrapii busca desenvolver e aprimorar as habilidades\u00a0<em>soft skills<\/em>\u00a0de alunos de gradua\u00e7\u00e3o e p\u00f3s-gradua\u00e7\u00e3o da UFSM, preparando-os para enfrentar os desafios e aproveitar as oportunidades do mercado de trabalho, atuando nos projetos em execu\u00e7\u00e3o da unidade, bem como nas atividades de governan\u00e7a da unidade. O programa visa capacitar os participantes com habilidades e compet\u00eancias para o sucesso profissional, como comunica\u00e7\u00e3o eficaz, trabalho em equipe, lideran\u00e7a, resolu\u00e7\u00e3o de problemas, criatividade, adapta\u00e7\u00e3o a mudan\u00e7as e gerenciamento de tempo.\u00a0<\/p>\n<p style=\"text-align: justify\">Como m\u00e9todo para o desenvolvimento das\u00a0<em>soft skills<\/em>, neste programa a abordagem PBL (<em>Problem Based Learning<\/em>\u00a0ou\u00a0<em>Project Based Learning<\/em>) \u00e9 proposta, por meio da qual os discentes resolvem, na pr\u00e1tica (hands-on), problemas similares aos que enfrentar\u00e3o nos seus futuros campos de pesquisa. Assim fazendo, os projetos nos quais os alunos est\u00e3o inseridos se constituem como ambientes pr\u00e1ticos ideais para a formula\u00e7\u00e3o das pr\u00e1ticas hands-on. \u00c9 relevante registrar que a abordagem PBL \u00e9 recomendada neste programa pelo seu foco em projetos \u2013 neste caso, projetos de pesquisa aplicada \u2013 sendo eles os geradores dos problemas reais a serem resolvidos pelos discentes durante o desenvolvimento e\/ou o aprimoramento das suas habilidades socioemocionais.\u00a0<\/p>\t\t\t\t\t\t<\/div>\n\t\t\t\t<\/div>\n\t\t\t\t\t<\/div>\n\t\t<\/div>\n\t\t\t\t\t<\/div>\n\t\t<\/section>\n\t\t\t\t<section class=\"elementor-section elementor-top-section elementor-element elementor-element-d386adf elementor-section-boxed elementor-section-height-default elementor-section-height-default\" data-id=\"d386adf\" data-element_type=\"section\">\n\t\t\t\t\t\t<div class=\"elementor-container elementor-column-gap-default\">\n\t\t\t\t\t<div class=\"elementor-column elementor-col-100 elementor-top-column elementor-element elementor-element-c92deb0\" data-id=\"c92deb0\" data-element_type=\"column\">\n\t\t\t<div class=\"elementor-widget-wrap elementor-element-populated\">\n\t\t\t\t\t\t<div class=\"elementor-element elementor-element-9d38ed3 elementor-widget elementor-widget-heading\" data-id=\"9d38ed3\" data-element_type=\"widget\" data-widget_type=\"heading.default\">\n\t\t\t\t<div class=\"elementor-widget-container\">\n\t\t\t<h2 class=\"elementor-heading-title elementor-size-default\">Parceria Embrapii-Sebrae<\/h2>\t\t<\/div>\n\t\t\t\t<\/div>\n\t\t\t\t\t<\/div>\n\t\t<\/div>\n\t\t\t\t\t<\/div>\n\t\t<\/section>\n\t\t\t\t<section class=\"elementor-section elementor-top-section elementor-element elementor-element-0474292 elementor-section-boxed elementor-section-height-default elementor-section-height-default\" data-id=\"0474292\" data-element_type=\"section\">\n\t\t\t\t\t\t<div class=\"elementor-container elementor-column-gap-default\">\n\t\t\t\t\t<div class=\"elementor-column elementor-col-100 elementor-top-column elementor-element elementor-element-658e55f\" data-id=\"658e55f\" data-element_type=\"column\">\n\t\t\t<div class=\"elementor-widget-wrap elementor-element-populated\">\n\t\t\t\t\t\t<div class=\"elementor-element elementor-element-72d0b77 elementor-widget elementor-widget-text-editor\" data-id=\"72d0b77\" data-element_type=\"widget\" data-widget_type=\"text-editor.default\">\n\t\t\t\t<div class=\"elementor-widget-container\">\n\t\t\t\t\t\t\t<p style=\"text-align: justify\">A Embrapii e o Sebrae se uniram para oferecer apoio t\u00e9cnico e financeiro no desenvolvimento de solu\u00e7\u00f5es inovadoras de micro, pequenas empresas e startups. Assim, nasceu o programa de parceria Embrapii-Sebrae, voltado a empresas com faturamento anual de at\u00e9 R$ 4,8 milh\u00f5es.<\/p>\n<p style=\"text-align: justify\">Nessa parceria, a Embrapii aporta at\u00e9 50% do montante total do projeto e o pagamento do valor restante \u00e9 negociado entre a empresa e a Unidade Embrapii. O Sebrae cobre at\u00e9 70% da contrapartida estabelecida para os micro e pequenos neg\u00f3cios.\u00a0<\/p>\n<p>Em um mercado cada vez mais competitivo e em transforma\u00e7\u00e3o cont\u00ednua, a inova\u00e7\u00e3o \u00e9 crucial para o crescimento da ind\u00fastria. Por isso, a<span style=\"color: #000000;font-size: 1rem\">\u00a0parceria entre Embrapii e Sebrae \u00e9 a chave para abrir horizontes e eliminar os obst\u00e1culos para investir em pesquisa e desenvolvimento de tecnologias inovadoras.<\/span><\/p>\t\t\t\t\t\t<\/div>\n\t\t\t\t<\/div>\n\t\t\t\t\t<\/div>\n\t\t<\/div>\n\t\t\t\t\t<\/div>\n\t\t<\/section>\n\t\t\t\t<section class=\"elementor-section elementor-top-section elementor-element elementor-element-02f4d87 elementor-section-boxed elementor-section-height-default elementor-section-height-default\" data-id=\"02f4d87\" data-element_type=\"section\">\n\t\t\t\t\t\t<div class=\"elementor-container elementor-column-gap-default\">\n\t\t\t\t\t<div class=\"elementor-column elementor-col-100 elementor-top-column elementor-element elementor-element-ededbf4\" data-id=\"ededbf4\" data-element_type=\"column\">\n\t\t\t<div class=\"elementor-widget-wrap elementor-element-populated\">\n\t\t\t\t\t\t<div class=\"elementor-element elementor-element-449067b elementor-widget elementor-widget-heading\" data-id=\"449067b\" data-element_type=\"widget\" data-widget_type=\"heading.default\">\n\t\t\t\t<div class=\"elementor-widget-container\">\n\t\t\t<h2 class=\"elementor-heading-title elementor-size-default\">Programa Mobilidade Verde e Inova\u00e7\u00e3o  - MOVER<\/h2>\t\t<\/div>\n\t\t\t\t<\/div>\n\t\t\t\t\t<\/div>\n\t\t<\/div>\n\t\t\t\t\t<\/div>\n\t\t<\/section>\n\t\t\t\t<section class=\"elementor-section elementor-top-section elementor-element elementor-element-4b0d57c elementor-section-boxed elementor-section-height-default elementor-section-height-default\" data-id=\"4b0d57c\" data-element_type=\"section\">\n\t\t\t\t\t\t<div class=\"elementor-container elementor-column-gap-default\">\n\t\t\t\t\t<div class=\"elementor-column elementor-col-100 elementor-top-column elementor-element elementor-element-5c29a29\" data-id=\"5c29a29\" data-element_type=\"column\">\n\t\t\t<div class=\"elementor-widget-wrap elementor-element-populated\">\n\t\t\t\t\t\t<div class=\"elementor-element elementor-element-5b22f7c elementor-widget elementor-widget-text-editor\" data-id=\"5b22f7c\" data-element_type=\"widget\" data-widget_type=\"text-editor.default\">\n\t\t\t\t<div class=\"elementor-widget-container\">\n\t\t\t\t\t\t\t<p style=\"text-align: justify\">A ind\u00fastria automotiva brasileira est\u00e1 passando por uma revolu\u00e7\u00e3o. Descarboniza\u00e7\u00e3o, eletrifica\u00e7\u00e3o, mobilidade inteligente e digitaliza\u00e7\u00e3o exigem inova\u00e7\u00e3o cont\u00ednua. Nesse cen\u00e1rio, o Programa Mobilidade Verde e Inova\u00e7\u00e3o (MOVER), liderado pelo MDIC (Minist\u00e9rio do Desenvolvimento, Ind\u00fastria, Com\u00e9rcio e Servi\u00e7os) e tendo a Embrapii como Coordenadora de um Programa Priorit\u00e1rio, surge como um acelerador estrat\u00e9gico para empresas que desejam criar solu\u00e7\u00f5es sustent\u00e1veis e competitivas.<\/p>\n<p>Lan\u00e7ado em abril de 2023, como sucessor do Rota\u202f2030, o MOVER \u00e9 uma iniciativa do Governo Federal brasileiro para impulsionar a sustentabilidade e a inova\u00e7\u00e3o tecnol\u00f3gica no setor automotivo do pa\u00eds. Os principais objetivos do programa s\u00e3o:<\/p>\n<p><strong>Descarboniza\u00e7\u00e3o:<\/strong> o programa tem como meta a redu\u00e7\u00e3o de emiss\u00f5es de carbono, incentivando a produ\u00e7\u00e3o de ve\u00edculos mais eficientes e menos poluentes, como h\u00edbridos, el\u00e9tricos e movidos a biocombust\u00edveis;<br \/><strong>Inova\u00e7\u00e3o e Tecnologia:<\/strong> estimular investimentos em pesquisa, desenvolvimento e inova\u00e7\u00e3o (PD&amp;I) na cadeia automotiva;<br \/><strong>Sustentabilidade:<\/strong>\u00a0incluir limites m\u00ednimos de reciclagem na fabrica\u00e7\u00e3o de ve\u00edculos e promover a economia circular no setor;<br \/><strong>Competitividade:<\/strong>\u00a0fortalecer a ind\u00fastria automotiva nacional no cen\u00e1rio global.<\/p>\t\t\t\t\t\t<\/div>\n\t\t\t\t<\/div>\n\t\t\t\t\t<\/div>\n\t\t<\/div>\n\t\t\t\t\t<\/div>\n\t\t<\/section>\n\t\t\t\t<section class=\"elementor-section elementor-top-section elementor-element elementor-element-771766e elementor-section-boxed elementor-section-height-default elementor-section-height-default\" data-id=\"771766e\" data-element_type=\"section\">\n\t\t\t\t\t\t<div class=\"elementor-container elementor-column-gap-default\">\n\t\t\t\t\t<div class=\"elementor-column elementor-col-100 elementor-top-column elementor-element elementor-element-b304b00\" data-id=\"b304b00\" data-element_type=\"column\">\n\t\t\t<div class=\"elementor-widget-wrap elementor-element-populated\">\n\t\t\t\t\t\t<div class=\"elementor-element elementor-element-71bcf50 elementor-widget elementor-widget-heading\" data-id=\"71bcf50\" data-element_type=\"widget\" data-widget_type=\"heading.default\">\n\t\t\t\t<div class=\"elementor-widget-container\">\n\t\t\t<h2 class=\"elementor-heading-title elementor-size-default\">Plano de Desenvolvimento de Compet\u00eancias<\/h2>\t\t<\/div>\n\t\t\t\t<\/div>\n\t\t\t\t\t<\/div>\n\t\t<\/div>\n\t\t\t\t\t<\/div>\n\t\t<\/section>\n\t\t\t\t<section class=\"elementor-section elementor-top-section elementor-element elementor-element-0613ed5 elementor-section-boxed elementor-section-height-default elementor-section-height-default\" data-id=\"0613ed5\" data-element_type=\"section\">\n\t\t\t\t\t\t<div class=\"elementor-container elementor-column-gap-default\">\n\t\t\t\t\t<div class=\"elementor-column elementor-col-100 elementor-top-column elementor-element elementor-element-6c2e2d9\" data-id=\"6c2e2d9\" data-element_type=\"column\">\n\t\t\t<div class=\"elementor-widget-wrap elementor-element-populated\">\n\t\t\t\t\t\t<div class=\"elementor-element elementor-element-d3c05da elementor-widget elementor-widget-text-editor\" data-id=\"d3c05da\" data-element_type=\"widget\" data-widget_type=\"text-editor.default\">\n\t\t\t\t<div class=\"elementor-widget-container\">\n\t\t\t\t\t\t\t<p style=\"text-align: justify\">O Plano de Desenvolvimento de Compet\u00eancias (PDC) \u00e9 uma iniciativa estrat\u00e9gica da EMBRAPII elaborada com o intuito de fortalecer e ampliar as capacidades t\u00e9cnicas, cient\u00edficas e operacionais de suas Unidades. Mais do que um aporte financeiro, o plano funciona como um selo de excel\u00eancia concedido \u00e0quelas que demonstram alto rigor em governan\u00e7a e efici\u00eancia na entrega de solu\u00e7\u00f5es tecnol\u00f3gicas ao setor produtivo.<\/p>\n<p style=\"text-align: justify\">A implanta\u00e7\u00e3o do Plano de Desenvolvimento surge da necessidade de impulsionar a excel\u00eancia e a competitividade das Unidades credenciadas, alinhando suas capacidades \u00e0s novas demandas estrat\u00e9gicas da ind\u00fastria brasileira. A iniciativa visa fortalecer a atua\u00e7\u00e3o das Unidades Embrapii, promovendo a qualifica\u00e7\u00e3o cont\u00ednua a partir da ado\u00e7\u00e3o de um modelo de financiamento b\u00e1sico e vari\u00e1vel, em que os valores repassados para esta finalidade s\u00e3o diretamente proporcionais \u00e0 performance de cada Unidade de acordo com a contrata\u00e7\u00e3o de projetos, com recursos oriundos de aportes da ind\u00fastria. As Unidades com classifica\u00e7\u00e3o \u201cDiamante\u201d e \u201cOuro\u201d na rede que alcan\u00e7arem a meta anual de \u201cE-Coins\u201d estar\u00e3o habilitadas a participarem do Plano de Desenvolvimento de Compet\u00eancias (PDC).\u00a0<\/p>\t\t\t\t\t\t<\/div>\n\t\t\t\t<\/div>\n\t\t\t\t\t<\/div>\n\t\t<\/div>\n\t\t\t\t\t<\/div>\n\t\t<\/section>\n\t\t\t\t<\/div>\n\t\t","protected":false},"excerpt":{"rendered":"<p>Capacita\u00e7\u00e3o 4.0 O\u00a0Programa Capacita\u00e7\u00e3o 4.0\u00a0Embrapii busca desenvolver e aprimorar as habilidades\u00a0soft skills\u00a0de alunos de gradua\u00e7\u00e3o e p\u00f3s-gradua\u00e7\u00e3o da UFSM, preparando-os para enfrentar os desafios e aproveitar as oportunidades do mercado de trabalho, atuando nos projetos em execu\u00e7\u00e3o da unidade, bem como nas atividades de governan\u00e7a da unidade. O programa visa capacitar os participantes com habilidades [&hellip;]<\/p>\n","protected":false},"author":8742,"featured_media":0,"parent":0,"menu_order":0,"comment_status":"closed","ping_status":"closed","template":"","meta":{"footnotes":""},"categories":[],"tags":[],"class_list":["post-337","page","type-page","status-publish","hentry"],"acf":[],"_links":{"self":[{"href":"https:\/\/www.ufsm.br\/pro-reitorias\/proinova\/unidade-embrapii-iem\/wp-json\/wp\/v2\/pages\/337","targetHints":{"allow":["GET"]}}],"collection":[{"href":"https:\/\/www.ufsm.br\/pro-reitorias\/proinova\/unidade-embrapii-iem\/wp-json\/wp\/v2\/pages"}],"about":[{"href":"https:\/\/www.ufsm.br\/pro-reitorias\/proinova\/unidade-embrapii-iem\/wp-json\/wp\/v2\/types\/page"}],"author":[{"embeddable":true,"href":"https:\/\/www.ufsm.br\/pro-reitorias\/proinova\/unidade-embrapii-iem\/wp-json\/wp\/v2\/users\/8742"}],"replies":[{"embeddable":true,"href":"https:\/\/www.ufsm.br\/pro-reitorias\/proinova\/unidade-embrapii-iem\/wp-json\/wp\/v2\/comments?post=337"}],"version-history":[{"count":0,"href":"https:\/\/www.ufsm.br\/pro-reitorias\/proinova\/unidade-embrapii-iem\/wp-json\/wp\/v2\/pages\/337\/revisions"}],"wp:attachment":[{"href":"https:\/\/www.ufsm.br\/pro-reitorias\/proinova\/unidade-embrapii-iem\/wp-json\/wp\/v2\/media?parent=337"}],"wp:term":[{"taxonomy":"category","embeddable":true,"href":"https:\/\/www.ufsm.br\/pro-reitorias\/proinova\/unidade-embrapii-iem\/wp-json\/wp\/v2\/categories?post=337"},{"taxonomy":"post_tag","embeddable":true,"href":"https:\/\/www.ufsm.br\/pro-reitorias\/proinova\/unidade-embrapii-iem\/wp-json\/wp\/v2\/tags?post=337"}],"curies":[{"name":"wp","href":"https:\/\/api.w.org\/{rel}","templated":true}]}}