{"id":2623,"date":"2021-01-07T15:22:30","date_gmt":"2021-01-07T18:22:30","guid":{"rendered":"https:\/\/www.ufsm.br\/orgaos-executivos\/agittec\/?page_id=2623"},"modified":"2025-09-11T09:36:48","modified_gmt":"2025-09-11T12:36:48","slug":"comunicar-invencao-criacao","status":"publish","type":"page","link":"https:\/\/www.ufsm.br\/pro-reitorias\/proinova\/comunicar-invencao-criacao","title":{"rendered":"Comunicar Inven\u00e7\u00e3o\/Cria\u00e7\u00e3o"},"content":{"rendered":"\t\t<div data-elementor-type=\"wp-page\" data-elementor-id=\"2623\" class=\"elementor elementor-2623\">\n\t\t\t\t\t\t<section class=\"elementor-section elementor-top-section elementor-element elementor-element-a19548b elementor-section-boxed elementor-section-height-default elementor-section-height-default\" data-id=\"a19548b\" data-element_type=\"section\">\n\t\t\t\t\t\t<div class=\"elementor-container elementor-column-gap-default\">\n\t\t\t\t\t<div class=\"elementor-column elementor-col-100 elementor-top-column elementor-element elementor-element-d9c105a\" data-id=\"d9c105a\" data-element_type=\"column\">\n\t\t\t<div class=\"elementor-widget-wrap elementor-element-populated\">\n\t\t\t\t\t\t<div class=\"elementor-element elementor-element-5e00283 elementor-widget elementor-widget-image\" data-id=\"5e00283\" data-element_type=\"widget\" data-widget_type=\"image.default\">\n\t\t\t\t<div class=\"elementor-widget-container\">\n\t\t\t\t\t\t\t\t\t\t\t\t\t<img fetchpriority=\"high\" decoding=\"async\" width=\"1920\" height=\"477\" src=\"https:\/\/www.ufsm.br\/app\/uploads\/sites\/399\/2025\/09\/cabecalhos-21.jpg\" class=\"attachment-full size-full wp-image-8975\" alt=\"\" srcset=\"https:\/\/www.ufsm.br\/app\/uploads\/sites\/399\/2025\/09\/cabecalhos-21.jpg 1920w, https:\/\/www.ufsm.br\/app\/uploads\/sites\/399\/2025\/09\/cabecalhos-21-300x75.jpg 300w, https:\/\/www.ufsm.br\/app\/uploads\/sites\/399\/2025\/09\/cabecalhos-21-1024x254.jpg 1024w, https:\/\/www.ufsm.br\/app\/uploads\/sites\/399\/2025\/09\/cabecalhos-21-768x191.jpg 768w, https:\/\/www.ufsm.br\/app\/uploads\/sites\/399\/2025\/09\/cabecalhos-21-1536x382.jpg 1536w\" sizes=\"(max-width: 1920px) 100vw, 1920px\" \/>\t\t\t\t\t\t\t\t\t\t\t\t\t<\/div>\n\t\t\t\t<\/div>\n\t\t\t\t<div class=\"elementor-element elementor-element-8ea3696 elementor-widget-divider--view-line elementor-widget elementor-widget-divider\" data-id=\"8ea3696\" data-element_type=\"widget\" data-widget_type=\"divider.default\">\n\t\t\t\t<div class=\"elementor-widget-container\">\n\t\t\t\t\t<div class=\"elementor-divider\">\n\t\t\t<span class=\"elementor-divider-separator\">\n\t\t\t\t\t\t<\/span>\n\t\t<\/div>\n\t\t\t\t<\/div>\n\t\t\t\t<\/div>\n\t\t\t\t\t<\/div>\n\t\t<\/div>\n\t\t\t\t\t<\/div>\n\t\t<\/section>\n\t\t\t\t<section class=\"elementor-section elementor-top-section elementor-element elementor-element-342033a elementor-section-boxed elementor-section-height-default elementor-section-height-default\" data-id=\"342033a\" data-element_type=\"section\">\n\t\t\t\t\t\t<div class=\"elementor-container elementor-column-gap-default\">\n\t\t\t\t\t<div class=\"elementor-column elementor-col-66 elementor-top-column elementor-element elementor-element-e6d51a2\" data-id=\"e6d51a2\" data-element_type=\"column\">\n\t\t\t<div class=\"elementor-widget-wrap elementor-element-populated\">\n\t\t\t\t\t\t<div class=\"elementor-element elementor-element-ce9ad57 elementor-widget elementor-widget-text-editor\" data-id=\"ce9ad57\" data-element_type=\"widget\" data-widget_type=\"text-editor.default\">\n\t\t\t\t<div class=\"elementor-widget-container\">\n\t\t\t\t\t\t\t<div><p><span style=\"color: #222222;font-family: Arial, Helvetica, sans-serif;font-size: small\">Para comunicar a sua inven\u00e7\u00e3o\/cria\u00e7\u00e3o, preencha o\u00a0<\/span><a style=\"color: #1155cc;font-family: Arial, Helvetica, sans-serif;font-size: small\" href=\"https:\/\/docs.google.com\/document\/d\/1wXfl-uUMxtLuxXnGFFg4WvcB2XV34YbL\/edit\" target=\"_blank\" rel=\"noopener\" data-saferedirecturl=\"https:\/\/www.google.com\/url?q=https:\/\/docs.google.com\/document\/d\/1M3Na-9GhRT5fQwrFLP3F4dvV4pERb4Rn&amp;source=gmail&amp;ust=1676641428905000&amp;usg=AOvVaw3xMbEBUtlh-ypfsZTd9IHI\">formul\u00e1rio dispon\u00edvel neste link<\/a><span style=\"color: #222222;font-family: Arial, Helvetica, sans-serif;font-size: small\">, e\u00a0<\/span><a style=\"color: #1155cc;font-family: Arial, Helvetica, sans-serif;font-size: small\" href=\"https:\/\/portal.ufsm.br\/documentos\/usuario\/documento\/form.html\" target=\"_blank\" rel=\"noopener\" data-saferedirecturl=\"https:\/\/www.google.com\/url?q=https:\/\/portal.ufsm.br\/documentos\/usuario\/documento\/form.html&amp;source=gmail&amp;ust=1676641428905000&amp;usg=AOvVaw3vuDf39-chNcjO1_7gV_Ol\">envie via\u00a0PEN-SIE<\/a><span style=\"color: #222222;font-family: Arial, Helvetica, sans-serif;font-size: small\">\u00a0no Processo de registro de propriedade intelectual (251.2).<\/span><br \/><span style=\"font-size: 12pt\">Observa\u00e7\u00f5es:<\/span><br \/><span style=\"font-size: 12pt\">\u00a0 \u00a0 * Descri\u00e7\u00e3o: preenchimento autom\u00e1tico do sistema. N\u00e3o incluir nenhuma informa\u00e7\u00e3o.<\/span><br \/><span style=\"font-size: 12pt\">\u00a0 \u00a0 *\u00a0<\/span><span style=\"color: #222222;font-family: Arial, Helvetica, sans-serif;font-size: 16px\">Interessado: incluir o\u00a0<\/span><span style=\"font-family: Arial, Helvetica, sans-serif;font-size: 16px;color: #0000ff\">N\u00facleo de Propriedade Intelectual como interessado<\/span><span style=\"color: #222222;font-family: Arial, Helvetica, sans-serif;font-size: 16px\">. Outras pessoas\/ unidades podem ser inclu\u00eddas como interessadas.<\/span><br \/><span style=\"font-size: 12pt\">\u00a0 \u00a0 *\u00a0<\/span><span style=\"color: #222222;font-family: Arial, Helvetica, sans-serif;font-size: 16px\">Autor: incluir, se poss\u00edvel, todos os participantes envolvidos (internos e externos).<\/span><br \/><span style=\"font-size: 12pt\">\u00a0 \u00a0 *\u00a0<\/span><span style=\"font-family: Arial, Helvetica, sans-serif;font-size: 16px;font-weight: var( --e-global-typography-text-font-weight );text-align: var(--bs-body-text-align);color: #222222\">Tramitar o processo para o\u00a0<\/span><span style=\"font-family: Arial, Helvetica, sans-serif;font-size: 16px;font-weight: var( --e-global-typography-text-font-weight );text-align: var(--bs-body-text-align);color: #0000ff\">N\u00daCLEO DE PROPRIEDADE INTELECTUAL da PROINOVA<\/span><span style=\"font-family: Arial, Helvetica, sans-serif;font-size: 16px;font-weight: var( --e-global-typography-text-font-weight );text-align: var(--bs-body-text-align);color: #222222\">\u00a0ap\u00f3s a sua cria\u00e7\u00e3o.<\/span><\/p><\/div><div>Voc\u00ea tamb\u00e9m poder\u00e1 solicitar esclarecimento sobre as possibilidades de prote\u00e7\u00e3o\/transfer\u00eancia da sua tecnologia (tipos de cria\u00e7\u00e3o: patente, programa de computador, desenho industrial, topografia de circuito integrado, marca ou cultivar). Preencha o formul\u00e1rio para agendamento de uma reuni\u00e3o com a nossa equipe. Na reuni\u00e3o voc\u00ea poder\u00e1 apresentar mais detalhes sobre a sua inven\u00e7\u00e3o\/cria\u00e7\u00e3o, e receber\u00e1 informa\u00e7\u00f5es sobre os processos de an\u00e1lise, prote\u00e7\u00e3o e transfer\u00eancia da tecnologia.<\/div><p>Conhe\u00e7a os <a href=\"https:\/\/www.ufsm.br\/pro-reitorias\/proinova\/tipos-de-criacao-4\/\">Tipos de Cria\u00e7\u00e3o<\/a> que a Coordenadoria de Propriedade Intelectual gerencia na UFSM.<\/p>\t\t\t\t\t\t<\/div>\n\t\t\t\t<\/div>\n\t\t\t\t\t<\/div>\n\t\t<\/div>\n\t\t\t\t<div class=\"elementor-column elementor-col-33 elementor-top-column elementor-element elementor-element-992f5e7\" data-id=\"992f5e7\" data-element_type=\"column\">\n\t\t\t<div class=\"elementor-widget-wrap elementor-element-populated\">\n\t\t\t\t\t\t<div class=\"elementor-element elementor-element-47c0c0a elementor-widget elementor-widget-image\" data-id=\"47c0c0a\" data-element_type=\"widget\" data-widget_type=\"image.default\">\n\t\t\t\t<div class=\"elementor-widget-container\">\n\t\t\t\t\t\t\t\t\t\t\t\t\t<img decoding=\"async\" width=\"820\" height=\"543\" src=\"https:\/\/www.ufsm.br\/app\/uploads\/sites\/399\/2023\/04\/Servicos_Coordenadorias_comunicar-invencao.png\" class=\"elementor-animation-shrink attachment-full size-full wp-image-4962\" alt=\"\" srcset=\"https:\/\/www.ufsm.br\/app\/uploads\/sites\/399\/2023\/04\/Servicos_Coordenadorias_comunicar-invencao.png 820w, https:\/\/www.ufsm.br\/app\/uploads\/sites\/399\/2023\/04\/Servicos_Coordenadorias_comunicar-invencao-300x199.png 300w, https:\/\/www.ufsm.br\/app\/uploads\/sites\/399\/2023\/04\/Servicos_Coordenadorias_comunicar-invencao-768x509.png 768w\" sizes=\"(max-width: 820px) 100vw, 820px\" \/>\t\t\t\t\t\t\t\t\t\t\t\t\t<\/div>\n\t\t\t\t<\/div>\n\t\t\t\t\t<\/div>\n\t\t<\/div>\n\t\t\t\t\t<\/div>\n\t\t<\/section>\n\t\t\t\t<\/div>\n\t\t","protected":false},"excerpt":{"rendered":"<p>Para comunicar a sua inven\u00e7\u00e3o\/cria\u00e7\u00e3o, preencha o\u00a0formul\u00e1rio dispon\u00edvel neste link, e\u00a0envie via\u00a0PEN-SIE\u00a0no Processo de registro de propriedade intelectual (251.2).Observa\u00e7\u00f5es:\u00a0 \u00a0 * Descri\u00e7\u00e3o: preenchimento autom\u00e1tico do sistema. N\u00e3o incluir nenhuma informa\u00e7\u00e3o.\u00a0 \u00a0 *\u00a0Interessado: incluir o\u00a0N\u00facleo de Propriedade Intelectual como interessado. Outras pessoas\/ unidades podem ser inclu\u00eddas como interessadas.\u00a0 \u00a0 *\u00a0Autor: incluir, se poss\u00edvel, todos os participantes [&hellip;]<\/p>\n","protected":false},"author":2922,"featured_media":0,"parent":0,"menu_order":0,"comment_status":"closed","ping_status":"closed","template":"","meta":{"episode_type":"","audio_file":"","cover_image":"","cover_image_id":"","duration":"","filesize":"","date_recorded":"","explicit":"","block":"","filesize_raw":"","footnotes":""},"categories":[],"tags":[],"class_list":["post-2623","page","type-page","status-publish","hentry"],"acf":[],"_links":{"self":[{"href":"https:\/\/www.ufsm.br\/pro-reitorias\/proinova\/wp-json\/wp\/v2\/pages\/2623","targetHints":{"allow":["GET"]}}],"collection":[{"href":"https:\/\/www.ufsm.br\/pro-reitorias\/proinova\/wp-json\/wp\/v2\/pages"}],"about":[{"href":"https:\/\/www.ufsm.br\/pro-reitorias\/proinova\/wp-json\/wp\/v2\/types\/page"}],"author":[{"embeddable":true,"href":"https:\/\/www.ufsm.br\/pro-reitorias\/proinova\/wp-json\/wp\/v2\/users\/2922"}],"replies":[{"embeddable":true,"href":"https:\/\/www.ufsm.br\/pro-reitorias\/proinova\/wp-json\/wp\/v2\/comments?post=2623"}],"version-history":[{"count":0,"href":"https:\/\/www.ufsm.br\/pro-reitorias\/proinova\/wp-json\/wp\/v2\/pages\/2623\/revisions"}],"wp:attachment":[{"href":"https:\/\/www.ufsm.br\/pro-reitorias\/proinova\/wp-json\/wp\/v2\/media?parent=2623"}],"wp:term":[{"taxonomy":"category","embeddable":true,"href":"https:\/\/www.ufsm.br\/pro-reitorias\/proinova\/wp-json\/wp\/v2\/categories?post=2623"},{"taxonomy":"post_tag","embeddable":true,"href":"https:\/\/www.ufsm.br\/pro-reitorias\/proinova\/wp-json\/wp\/v2\/tags?post=2623"}],"curies":[{"name":"wp","href":"https:\/\/api.w.org\/{rel}","templated":true}]}}