{"id":3199,"date":"2021-03-15T09:30:12","date_gmt":"2021-03-15T12:30:12","guid":{"rendered":"https:\/\/www.ufsm.br\/orgaos-executivos\/agittec\/?page_id=3199"},"modified":"2021-08-15T17:17:13","modified_gmt":"2021-08-15T20:17:13","slug":"cadeira-com-reutilizacao-de-persianas","status":"publish","type":"page","link":"https:\/\/www.ufsm.br\/pro-reitorias\/proinova\/cadeira-com-reutilizacao-de-persianas","title":{"rendered":"Cadeira com Reutiliza\u00e7\u00e3o de Persianas"},"content":{"rendered":"\t\t<div data-elementor-type=\"wp-page\" data-elementor-id=\"3199\" class=\"elementor elementor-3199\">\n\t\t\t\t\t\t<section class=\"elementor-section elementor-top-section elementor-element elementor-element-b156689 elementor-section-boxed elementor-section-height-default elementor-section-height-default\" data-id=\"b156689\" data-element_type=\"section\">\n\t\t\t\t\t\t<div class=\"elementor-container elementor-column-gap-default\">\n\t\t\t\t\t<div class=\"elementor-column elementor-col-100 elementor-top-column elementor-element elementor-element-e960890\" data-id=\"e960890\" data-element_type=\"column\">\n\t\t\t<div class=\"elementor-widget-wrap elementor-element-populated\">\n\t\t\t\t\t\t<div class=\"elementor-element elementor-element-a2fe128 elementor-widget elementor-widget-image\" data-id=\"a2fe128\" data-element_type=\"widget\" data-widget_type=\"image.default\">\n\t\t\t\t<div class=\"elementor-widget-container\">\n\t\t\t\t\t\t\t\t\t\t\t\t\t<img fetchpriority=\"high\" decoding=\"async\" width=\"5042\" height=\"335\" src=\"https:\/\/www.ufsm.br\/app\/uploads\/sites\/399\/2021\/03\/CADE1.png\" class=\"attachment-full size-full wp-image-3145\" alt=\"Cadeira com Reutiliza\u00e7\u00e3o de Persianas\" srcset=\"https:\/\/www.ufsm.br\/app\/uploads\/sites\/399\/2021\/03\/CADE1.png 5042w, https:\/\/www.ufsm.br\/app\/uploads\/sites\/399\/2021\/03\/CADE1-300x20.png 300w, https:\/\/www.ufsm.br\/app\/uploads\/sites\/399\/2021\/03\/CADE1-1024x68.png 1024w, https:\/\/www.ufsm.br\/app\/uploads\/sites\/399\/2021\/03\/CADE1-768x51.png 768w, https:\/\/www.ufsm.br\/app\/uploads\/sites\/399\/2021\/03\/CADE1-1536x102.png 1536w, https:\/\/www.ufsm.br\/app\/uploads\/sites\/399\/2021\/03\/CADE1-2048x136.png 2048w\" sizes=\"(max-width: 5042px) 100vw, 5042px\" \/>\t\t\t\t\t\t\t\t\t\t\t\t\t<\/div>\n\t\t\t\t<\/div>\n\t\t\t\t<div class=\"elementor-element elementor-element-23ec50f elementor-widget elementor-widget-spacer\" data-id=\"23ec50f\" data-element_type=\"widget\" data-widget_type=\"spacer.default\">\n\t\t\t\t<div class=\"elementor-widget-container\">\n\t\t\t\t\t<div class=\"elementor-spacer\">\n\t\t\t<div class=\"elementor-spacer-inner\"><\/div>\n\t\t<\/div>\n\t\t\t\t<\/div>\n\t\t\t\t<\/div>\n\t\t\t\t\t<\/div>\n\t\t<\/div>\n\t\t\t\t\t<\/div>\n\t\t<\/section>\n\t\t\t\t<section class=\"elementor-section elementor-top-section elementor-element elementor-element-9a79e8f elementor-section-boxed elementor-section-height-default elementor-section-height-default\" data-id=\"9a79e8f\" data-element_type=\"section\">\n\t\t\t\t\t\t<div class=\"elementor-container elementor-column-gap-default\">\n\t\t\t\t\t<div class=\"elementor-column elementor-col-33 elementor-top-column elementor-element elementor-element-1f78416\" data-id=\"1f78416\" data-element_type=\"column\">\n\t\t\t<div class=\"elementor-widget-wrap elementor-element-populated\">\n\t\t\t\t\t\t<div class=\"elementor-element elementor-element-0506b63 elementor-widget elementor-widget-text-editor\" data-id=\"0506b63\" data-element_type=\"widget\" data-widget_type=\"text-editor.default\">\n\t\t\t\t<div class=\"elementor-widget-container\">\n\t\t\t\t\t\t\t<h6 style=\"text-align: center\"><strong>Processo INPI<\/strong><\/h6><p style=\"text-align: center\">BR 30 2015 000712-5<\/p>\t\t\t\t\t\t<\/div>\n\t\t\t\t<\/div>\n\t\t\t\t\t<\/div>\n\t\t<\/div>\n\t\t\t\t<div class=\"elementor-column elementor-col-33 elementor-top-column elementor-element elementor-element-1758b0c\" data-id=\"1758b0c\" data-element_type=\"column\">\n\t\t\t<div class=\"elementor-widget-wrap elementor-element-populated\">\n\t\t\t\t\t\t<div class=\"elementor-element elementor-element-b1527c5 elementor-widget elementor-widget-text-editor\" data-id=\"b1527c5\" data-element_type=\"widget\" data-widget_type=\"text-editor.default\">\n\t\t\t\t<div class=\"elementor-widget-container\">\n\t\t\t\t\t\t\t<h6 style=\"text-align: center\"><strong>Processo UFSM<\/strong><\/h6><p style=\"text-align: center\">00279-DI\/2015<\/p>\t\t\t\t\t\t<\/div>\n\t\t\t\t<\/div>\n\t\t\t\t\t<\/div>\n\t\t<\/div>\n\t\t\t\t<div class=\"elementor-column elementor-col-33 elementor-top-column elementor-element elementor-element-2f79827\" data-id=\"2f79827\" data-element_type=\"column\">\n\t\t\t<div class=\"elementor-widget-wrap elementor-element-populated\">\n\t\t\t\t\t\t<div class=\"elementor-element elementor-element-d5e82cd elementor-widget elementor-widget-text-editor\" data-id=\"d5e82cd\" data-element_type=\"widget\" data-widget_type=\"text-editor.default\">\n\t\t\t\t<div class=\"elementor-widget-container\">\n\t\t\t\t\t\t\t<h6 style=\"text-align: center\"><strong>Status<\/strong><\/h6><p style=\"text-align: center\">Concedido<\/p>\t\t\t\t\t\t<\/div>\n\t\t\t\t<\/div>\n\t\t\t\t\t<\/div>\n\t\t<\/div>\n\t\t\t\t\t<\/div>\n\t\t<\/section>\n\t\t\t\t<section class=\"elementor-section elementor-top-section elementor-element elementor-element-c899a6b elementor-section-boxed elementor-section-height-default elementor-section-height-default\" data-id=\"c899a6b\" data-element_type=\"section\">\n\t\t\t\t\t\t<div class=\"elementor-container elementor-column-gap-default\">\n\t\t\t\t\t<div class=\"elementor-column elementor-col-100 elementor-top-column elementor-element elementor-element-b749f7a\" data-id=\"b749f7a\" data-element_type=\"column\">\n\t\t\t<div class=\"elementor-widget-wrap elementor-element-populated\">\n\t\t\t\t\t\t<div class=\"elementor-element elementor-element-919704c elementor-widget-divider--view-line elementor-widget elementor-widget-divider\" data-id=\"919704c\" data-element_type=\"widget\" data-widget_type=\"divider.default\">\n\t\t\t\t<div class=\"elementor-widget-container\">\n\t\t\t\t\t<div class=\"elementor-divider\">\n\t\t\t<span class=\"elementor-divider-separator\">\n\t\t\t\t\t\t<\/span>\n\t\t<\/div>\n\t\t\t\t<\/div>\n\t\t\t\t<\/div>\n\t\t\t\t\t<\/div>\n\t\t<\/div>\n\t\t\t\t\t<\/div>\n\t\t<\/section>\n\t\t\t\t<section class=\"elementor-section elementor-top-section elementor-element elementor-element-4b61890 elementor-section-boxed elementor-section-height-default elementor-section-height-default\" data-id=\"4b61890\" data-element_type=\"section\">\n\t\t\t\t\t\t<div class=\"elementor-container elementor-column-gap-default\">\n\t\t\t\t\t<div class=\"elementor-column elementor-col-100 elementor-top-column elementor-element elementor-element-85504d8\" data-id=\"85504d8\" data-element_type=\"column\">\n\t\t\t<div class=\"elementor-widget-wrap elementor-element-populated\">\n\t\t\t\t\t\t<div class=\"elementor-element elementor-element-bc21a76 elementor-widget elementor-widget-text-editor\" data-id=\"bc21a76\" data-element_type=\"widget\" data-widget_type=\"text-editor.default\">\n\t\t\t\t<div class=\"elementor-widget-container\">\n\t\t\t\t\t\t\t<h6><strong>Descri\u00e7\u00e3o<\/strong><\/h6><p>O principal objetivo do projeto foi a reutiliza\u00e7\u00e3o de cortinas persianas com a sua aplica\u00e7\u00e3o em outro produto. A estrutura da cadeira \u00e9 feita em a\u00e7o tubular e seu assento foi confeccionado com persianas tramadas. A partir do desenho da cadeira tamb\u00e9m foi desenvolvido um apoio para os p\u00e9s e um banco. 1\u00ba lugar no Pr\u00eamio Indum\u00f3veis de Design, categoria estudante, em 2015.<\/p>\t\t\t\t\t\t<\/div>\n\t\t\t\t<\/div>\n\t\t\t\t\t<\/div>\n\t\t<\/div>\n\t\t\t\t\t<\/div>\n\t\t<\/section>\n\t\t\t\t<section class=\"elementor-section elementor-top-section elementor-element elementor-element-f0088ee elementor-section-boxed elementor-section-height-default elementor-section-height-default\" data-id=\"f0088ee\" data-element_type=\"section\">\n\t\t\t\t\t\t<div class=\"elementor-container elementor-column-gap-default\">\n\t\t\t\t\t<div class=\"elementor-column elementor-col-100 elementor-top-column elementor-element elementor-element-ce3ec67\" data-id=\"ce3ec67\" data-element_type=\"column\">\n\t\t\t<div class=\"elementor-widget-wrap elementor-element-populated\">\n\t\t\t\t\t\t<div class=\"elementor-element elementor-element-6c77dd7 elementor-widget-divider--view-line elementor-widget elementor-widget-divider\" data-id=\"6c77dd7\" data-element_type=\"widget\" data-widget_type=\"divider.default\">\n\t\t\t\t<div class=\"elementor-widget-container\">\n\t\t\t\t\t<div class=\"elementor-divider\">\n\t\t\t<span class=\"elementor-divider-separator\">\n\t\t\t\t\t\t<\/span>\n\t\t<\/div>\n\t\t\t\t<\/div>\n\t\t\t\t<\/div>\n\t\t\t\t\t<\/div>\n\t\t<\/div>\n\t\t\t\t\t<\/div>\n\t\t<\/section>\n\t\t\t\t<section class=\"elementor-section elementor-top-section elementor-element elementor-element-3c83a0b elementor-section-boxed elementor-section-height-default elementor-section-height-default\" data-id=\"3c83a0b\" data-element_type=\"section\" data-settings=\"{&quot;background_background&quot;:&quot;classic&quot;}\">\n\t\t\t\t\t\t<div class=\"elementor-container elementor-column-gap-default\">\n\t\t\t\t\t<div class=\"elementor-column elementor-col-33 elementor-top-column elementor-element elementor-element-07062c3\" data-id=\"07062c3\" data-element_type=\"column\">\n\t\t\t<div class=\"elementor-widget-wrap elementor-element-populated\">\n\t\t\t\t\t\t<div class=\"elementor-element elementor-element-5e03ccb elementor-widget elementor-widget-text-editor\" data-id=\"5e03ccb\" data-element_type=\"widget\" data-widget_type=\"text-editor.default\">\n\t\t\t\t<div class=\"elementor-widget-container\">\n\t\t\t\t\t\t\t<h6 style=\"text-align: center\"><strong>Autora<br \/><\/strong><\/h6><p style=\"text-align: center\">Elenice Lopes<\/p>\t\t\t\t\t\t<\/div>\n\t\t\t\t<\/div>\n\t\t\t\t\t<\/div>\n\t\t<\/div>\n\t\t\t\t<div class=\"elementor-column elementor-col-33 elementor-top-column elementor-element elementor-element-80e71d7\" data-id=\"80e71d7\" data-element_type=\"column\">\n\t\t\t<div class=\"elementor-widget-wrap elementor-element-populated\">\n\t\t\t\t\t\t<div class=\"elementor-element elementor-element-c953163 elementor-widget elementor-widget-text-editor\" data-id=\"c953163\" data-element_type=\"widget\" data-widget_type=\"text-editor.default\">\n\t\t\t\t<div class=\"elementor-widget-container\">\n\t\t\t\t\t\t\t<h6 style=\"text-align: center\"><strong>Orientadora<br \/><\/strong><\/h6><p style=\"text-align: center\">Prof\u00aa. M\u00aa. Mariana Piccoli<\/p>\t\t\t\t\t\t<\/div>\n\t\t\t\t<\/div>\n\t\t\t\t\t<\/div>\n\t\t<\/div>\n\t\t\t\t<div class=\"elementor-column elementor-col-33 elementor-top-column elementor-element elementor-element-01799db\" data-id=\"01799db\" data-element_type=\"column\">\n\t\t\t<div class=\"elementor-widget-wrap elementor-element-populated\">\n\t\t\t\t\t\t<div class=\"elementor-element elementor-element-1df191e elementor-widget elementor-widget-text-editor\" data-id=\"1df191e\" data-element_type=\"widget\" data-widget_type=\"text-editor.default\">\n\t\t\t\t<div class=\"elementor-widget-container\">\n\t\t\t\t\t\t\t<h6 style=\"text-align: center\"><strong>Data do Projeto<br \/><\/strong><\/h6><p style=\"text-align: center\">2014<\/p>\t\t\t\t\t\t<\/div>\n\t\t\t\t<\/div>\n\t\t\t\t\t<\/div>\n\t\t<\/div>\n\t\t\t\t\t<\/div>\n\t\t<\/section>\n\t\t\t\t<section class=\"elementor-section elementor-top-section elementor-element elementor-element-ec1c84e elementor-section-boxed elementor-section-height-default elementor-section-height-default\" data-id=\"ec1c84e\" data-element_type=\"section\">\n\t\t\t\t\t\t<div class=\"elementor-container elementor-column-gap-default\">\n\t\t\t\t\t<div class=\"elementor-column elementor-col-100 elementor-top-column elementor-element elementor-element-072dd04\" data-id=\"072dd04\" data-element_type=\"column\">\n\t\t\t<div class=\"elementor-widget-wrap elementor-element-populated\">\n\t\t\t\t\t\t<div class=\"elementor-element elementor-element-3b3846b elementor-widget elementor-widget-image\" data-id=\"3b3846b\" data-element_type=\"widget\" data-widget_type=\"image.default\">\n\t\t\t\t<div class=\"elementor-widget-container\">\n\t\t\t\t\t\t\t\t\t\t\t\t\t<img decoding=\"async\" width=\"1094\" height=\"547\" src=\"https:\/\/www.ufsm.br\/app\/uploads\/sites\/399\/2021\/03\/capa-15.jpg\" class=\"attachment-full size-full wp-image-3147\" alt=\"\" srcset=\"https:\/\/www.ufsm.br\/app\/uploads\/sites\/399\/2021\/03\/capa-15.jpg 1094w, https:\/\/www.ufsm.br\/app\/uploads\/sites\/399\/2021\/03\/capa-15-300x150.jpg 300w, https:\/\/www.ufsm.br\/app\/uploads\/sites\/399\/2021\/03\/capa-15-1024x512.jpg 1024w, https:\/\/www.ufsm.br\/app\/uploads\/sites\/399\/2021\/03\/capa-15-768x384.jpg 768w\" sizes=\"(max-width: 1094px) 100vw, 1094px\" \/>\t\t\t\t\t\t\t\t\t\t\t\t\t<\/div>\n\t\t\t\t<\/div>\n\t\t\t\t\t<\/div>\n\t\t<\/div>\n\t\t\t\t\t<\/div>\n\t\t<\/section>\n\t\t\t\t<\/div>\n\t\t","protected":false},"excerpt":{"rendered":"<p>Processo INPI BR 30 2015 000712-5 Processo UFSM 00279-DI\/2015 Status Concedido Descri\u00e7\u00e3o O principal objetivo do projeto foi a reutiliza\u00e7\u00e3o de cortinas persianas com a sua aplica\u00e7\u00e3o em outro produto. A estrutura da cadeira \u00e9 feita em a\u00e7o tubular e seu assento foi confeccionado com persianas tramadas. A partir do desenho da cadeira tamb\u00e9m foi [&hellip;]<\/p>\n","protected":false},"author":2922,"featured_media":0,"parent":0,"menu_order":0,"comment_status":"closed","ping_status":"closed","template":"","meta":{"episode_type":"","audio_file":"","cover_image":"","cover_image_id":"","duration":"","filesize":"","date_recorded":"","explicit":"","block":"","filesize_raw":"","footnotes":""},"categories":[],"tags":[],"class_list":["post-3199","page","type-page","status-publish","hentry"],"acf":[],"_links":{"self":[{"href":"https:\/\/www.ufsm.br\/pro-reitorias\/proinova\/wp-json\/wp\/v2\/pages\/3199","targetHints":{"allow":["GET"]}}],"collection":[{"href":"https:\/\/www.ufsm.br\/pro-reitorias\/proinova\/wp-json\/wp\/v2\/pages"}],"about":[{"href":"https:\/\/www.ufsm.br\/pro-reitorias\/proinova\/wp-json\/wp\/v2\/types\/page"}],"author":[{"embeddable":true,"href":"https:\/\/www.ufsm.br\/pro-reitorias\/proinova\/wp-json\/wp\/v2\/users\/2922"}],"replies":[{"embeddable":true,"href":"https:\/\/www.ufsm.br\/pro-reitorias\/proinova\/wp-json\/wp\/v2\/comments?post=3199"}],"version-history":[{"count":0,"href":"https:\/\/www.ufsm.br\/pro-reitorias\/proinova\/wp-json\/wp\/v2\/pages\/3199\/revisions"}],"wp:attachment":[{"href":"https:\/\/www.ufsm.br\/pro-reitorias\/proinova\/wp-json\/wp\/v2\/media?parent=3199"}],"wp:term":[{"taxonomy":"category","embeddable":true,"href":"https:\/\/www.ufsm.br\/pro-reitorias\/proinova\/wp-json\/wp\/v2\/categories?post=3199"},{"taxonomy":"post_tag","embeddable":true,"href":"https:\/\/www.ufsm.br\/pro-reitorias\/proinova\/wp-json\/wp\/v2\/tags?post=3199"}],"curies":[{"name":"wp","href":"https:\/\/api.w.org\/{rel}","templated":true}]}}