{"id":3203,"date":"2021-03-15T10:01:46","date_gmt":"2021-03-15T13:01:46","guid":{"rendered":"https:\/\/www.ufsm.br\/orgaos-executivos\/agittec\/?page_id=3203"},"modified":"2021-03-15T10:05:07","modified_gmt":"2021-03-15T13:05:07","slug":"siga-o-caminho","status":"publish","type":"page","link":"https:\/\/www.ufsm.br\/pro-reitorias\/proinova\/siga-o-caminho","title":{"rendered":"Siga o Caminho"},"content":{"rendered":"\t\t<div data-elementor-type=\"wp-page\" data-elementor-id=\"3203\" class=\"elementor elementor-3203\">\n\t\t\t\t\t\t<section class=\"elementor-section elementor-top-section elementor-element elementor-element-69f652a elementor-section-boxed elementor-section-height-default elementor-section-height-default\" data-id=\"69f652a\" data-element_type=\"section\">\n\t\t\t\t\t\t<div class=\"elementor-container elementor-column-gap-default\">\n\t\t\t\t\t<div class=\"elementor-column elementor-col-100 elementor-top-column elementor-element elementor-element-f87ce9d\" data-id=\"f87ce9d\" data-element_type=\"column\">\n\t\t\t<div class=\"elementor-widget-wrap elementor-element-populated\">\n\t\t\t\t\t\t<div class=\"elementor-element elementor-element-29781ae elementor-widget elementor-widget-image\" data-id=\"29781ae\" data-element_type=\"widget\" data-widget_type=\"image.default\">\n\t\t\t\t<div class=\"elementor-widget-container\">\n\t\t\t\t\t\t\t\t\t\t\t\t\t<img fetchpriority=\"high\" decoding=\"async\" width=\"1920\" height=\"128\" src=\"https:\/\/www.ufsm.br\/app\/uploads\/sites\/399\/2021\/03\/Siga-o-Caminho-1.png\" class=\"attachment-full size-full wp-image-3162\" alt=\"Siga o Caminho\" srcset=\"https:\/\/www.ufsm.br\/app\/uploads\/sites\/399\/2021\/03\/Siga-o-Caminho-1.png 1920w, https:\/\/www.ufsm.br\/app\/uploads\/sites\/399\/2021\/03\/Siga-o-Caminho-1-300x20.png 300w, https:\/\/www.ufsm.br\/app\/uploads\/sites\/399\/2021\/03\/Siga-o-Caminho-1-1024x68.png 1024w, https:\/\/www.ufsm.br\/app\/uploads\/sites\/399\/2021\/03\/Siga-o-Caminho-1-768x51.png 768w, https:\/\/www.ufsm.br\/app\/uploads\/sites\/399\/2021\/03\/Siga-o-Caminho-1-1536x102.png 1536w\" sizes=\"(max-width: 1920px) 100vw, 1920px\" \/>\t\t\t\t\t\t\t\t\t\t\t\t\t<\/div>\n\t\t\t\t<\/div>\n\t\t\t\t<div class=\"elementor-element elementor-element-535b4ab elementor-widget elementor-widget-spacer\" data-id=\"535b4ab\" data-element_type=\"widget\" data-widget_type=\"spacer.default\">\n\t\t\t\t<div class=\"elementor-widget-container\">\n\t\t\t\t\t<div class=\"elementor-spacer\">\n\t\t\t<div class=\"elementor-spacer-inner\"><\/div>\n\t\t<\/div>\n\t\t\t\t<\/div>\n\t\t\t\t<\/div>\n\t\t\t\t\t<\/div>\n\t\t<\/div>\n\t\t\t\t\t<\/div>\n\t\t<\/section>\n\t\t\t\t<section class=\"elementor-section elementor-top-section elementor-element elementor-element-fbb7d9d elementor-section-boxed elementor-section-height-default elementor-section-height-default\" data-id=\"fbb7d9d\" data-element_type=\"section\">\n\t\t\t\t\t\t<div class=\"elementor-container elementor-column-gap-default\">\n\t\t\t\t\t<div class=\"elementor-column elementor-col-33 elementor-top-column elementor-element elementor-element-c44c6a0\" data-id=\"c44c6a0\" data-element_type=\"column\">\n\t\t\t<div class=\"elementor-widget-wrap elementor-element-populated\">\n\t\t\t\t\t\t<div class=\"elementor-element elementor-element-e515f29 elementor-widget elementor-widget-text-editor\" data-id=\"e515f29\" data-element_type=\"widget\" data-widget_type=\"text-editor.default\">\n\t\t\t\t<div class=\"elementor-widget-container\">\n\t\t\t\t\t\t\t<h6 style=\"text-align: center\"><strong>Processo INPI<\/strong><\/h6><p style=\"text-align: center\">DI 7103612-1<\/p>\t\t\t\t\t\t<\/div>\n\t\t\t\t<\/div>\n\t\t\t\t\t<\/div>\n\t\t<\/div>\n\t\t\t\t<div class=\"elementor-column elementor-col-33 elementor-top-column elementor-element elementor-element-195c36b\" data-id=\"195c36b\" data-element_type=\"column\">\n\t\t\t<div class=\"elementor-widget-wrap elementor-element-populated\">\n\t\t\t\t\t\t<div class=\"elementor-element elementor-element-25ddd94 elementor-widget elementor-widget-text-editor\" data-id=\"25ddd94\" data-element_type=\"widget\" data-widget_type=\"text-editor.default\">\n\t\t\t\t<div class=\"elementor-widget-container\">\n\t\t\t\t\t\t\t<h6 style=\"text-align: center\"><strong>Processo UFSM<\/strong><\/h6><p style=\"text-align: center\">00096-DI\/2010<\/p>\t\t\t\t\t\t<\/div>\n\t\t\t\t<\/div>\n\t\t\t\t\t<\/div>\n\t\t<\/div>\n\t\t\t\t<div class=\"elementor-column elementor-col-33 elementor-top-column elementor-element elementor-element-e8167a7\" data-id=\"e8167a7\" data-element_type=\"column\">\n\t\t\t<div class=\"elementor-widget-wrap elementor-element-populated\">\n\t\t\t\t\t\t<div class=\"elementor-element elementor-element-632f44d elementor-widget elementor-widget-text-editor\" data-id=\"632f44d\" data-element_type=\"widget\" data-widget_type=\"text-editor.default\">\n\t\t\t\t<div class=\"elementor-widget-container\">\n\t\t\t\t\t\t\t<h6 style=\"text-align: center\"><strong>Status<\/strong><\/h6><p style=\"text-align: center\">Concedido<\/p>\t\t\t\t\t\t<\/div>\n\t\t\t\t<\/div>\n\t\t\t\t\t<\/div>\n\t\t<\/div>\n\t\t\t\t\t<\/div>\n\t\t<\/section>\n\t\t\t\t<section class=\"elementor-section elementor-top-section elementor-element elementor-element-12c6e17 elementor-section-boxed elementor-section-height-default elementor-section-height-default\" data-id=\"12c6e17\" data-element_type=\"section\">\n\t\t\t\t\t\t<div class=\"elementor-container elementor-column-gap-default\">\n\t\t\t\t\t<div class=\"elementor-column elementor-col-100 elementor-top-column elementor-element elementor-element-30ab008\" data-id=\"30ab008\" data-element_type=\"column\">\n\t\t\t<div class=\"elementor-widget-wrap elementor-element-populated\">\n\t\t\t\t\t\t<div class=\"elementor-element elementor-element-0049d19 elementor-widget-divider--view-line elementor-widget elementor-widget-divider\" data-id=\"0049d19\" data-element_type=\"widget\" data-widget_type=\"divider.default\">\n\t\t\t\t<div class=\"elementor-widget-container\">\n\t\t\t\t\t<div class=\"elementor-divider\">\n\t\t\t<span class=\"elementor-divider-separator\">\n\t\t\t\t\t\t<\/span>\n\t\t<\/div>\n\t\t\t\t<\/div>\n\t\t\t\t<\/div>\n\t\t\t\t\t<\/div>\n\t\t<\/div>\n\t\t\t\t\t<\/div>\n\t\t<\/section>\n\t\t\t\t<section class=\"elementor-section elementor-top-section elementor-element elementor-element-476bcb6 elementor-section-boxed elementor-section-height-default elementor-section-height-default\" data-id=\"476bcb6\" data-element_type=\"section\">\n\t\t\t\t\t\t<div class=\"elementor-container elementor-column-gap-default\">\n\t\t\t\t\t<div class=\"elementor-column elementor-col-100 elementor-top-column elementor-element elementor-element-db16bce\" data-id=\"db16bce\" data-element_type=\"column\">\n\t\t\t<div class=\"elementor-widget-wrap elementor-element-populated\">\n\t\t\t\t\t\t<div class=\"elementor-element elementor-element-2731308 elementor-widget elementor-widget-text-editor\" data-id=\"2731308\" data-element_type=\"widget\" data-widget_type=\"text-editor.default\">\n\t\t\t\t<div class=\"elementor-widget-container\">\n\t\t\t\t\t\t\t<h6><strong>Descri\u00e7\u00e3o<\/strong><\/h6><p>Tabuleiro com placas transversais, onde h\u00e1 vazados de formas geom\u00e9tricas, nestes espa\u00e7os h\u00e1 um fio percorrendo de uma extremidade do brinquedo at\u00e9 a outra. Al\u00e9m disso, em cada fio existe uma pe\u00e7a com formato geom\u00e9trico interligada no mesmo. Sendo assim, o brinquedo estimula a coordena\u00e7\u00e3o motora, pela passagem da pe\u00e7a nos vazados das placas percorrendo o caminho do fio.<\/p>\t\t\t\t\t\t<\/div>\n\t\t\t\t<\/div>\n\t\t\t\t\t<\/div>\n\t\t<\/div>\n\t\t\t\t\t<\/div>\n\t\t<\/section>\n\t\t\t\t<section class=\"elementor-section elementor-top-section elementor-element elementor-element-6d74bb7 elementor-section-boxed elementor-section-height-default elementor-section-height-default\" data-id=\"6d74bb7\" data-element_type=\"section\">\n\t\t\t\t\t\t<div class=\"elementor-container elementor-column-gap-default\">\n\t\t\t\t\t<div class=\"elementor-column elementor-col-100 elementor-top-column elementor-element elementor-element-668fcd7\" data-id=\"668fcd7\" data-element_type=\"column\">\n\t\t\t<div class=\"elementor-widget-wrap elementor-element-populated\">\n\t\t\t\t\t\t<div class=\"elementor-element elementor-element-bc47473 elementor-widget-divider--view-line elementor-widget elementor-widget-divider\" data-id=\"bc47473\" data-element_type=\"widget\" data-widget_type=\"divider.default\">\n\t\t\t\t<div class=\"elementor-widget-container\">\n\t\t\t\t\t<div class=\"elementor-divider\">\n\t\t\t<span class=\"elementor-divider-separator\">\n\t\t\t\t\t\t<\/span>\n\t\t<\/div>\n\t\t\t\t<\/div>\n\t\t\t\t<\/div>\n\t\t\t\t\t<\/div>\n\t\t<\/div>\n\t\t\t\t\t<\/div>\n\t\t<\/section>\n\t\t\t\t<section class=\"elementor-section elementor-top-section elementor-element elementor-element-472fdae elementor-section-boxed elementor-section-height-default elementor-section-height-default\" data-id=\"472fdae\" data-element_type=\"section\" data-settings=\"{&quot;background_background&quot;:&quot;classic&quot;}\">\n\t\t\t\t\t\t<div class=\"elementor-container elementor-column-gap-default\">\n\t\t\t\t\t<div class=\"elementor-column elementor-col-33 elementor-top-column elementor-element elementor-element-1848c2c\" data-id=\"1848c2c\" data-element_type=\"column\">\n\t\t\t<div class=\"elementor-widget-wrap elementor-element-populated\">\n\t\t\t\t\t\t<div class=\"elementor-element elementor-element-60f799c elementor-widget elementor-widget-text-editor\" data-id=\"60f799c\" data-element_type=\"widget\" data-widget_type=\"text-editor.default\">\n\t\t\t\t<div class=\"elementor-widget-container\">\n\t\t\t\t\t\t\t<h6 style=\"text-align: center\"><strong>Autoras<br \/><\/strong><\/h6><p style=\"text-align: center\">Danieli Mahler Nejeliski, Eliana Paula Calegari e Roseane Santos da Silva<\/p>\t\t\t\t\t\t<\/div>\n\t\t\t\t<\/div>\n\t\t\t\t\t<\/div>\n\t\t<\/div>\n\t\t\t\t<div class=\"elementor-column elementor-col-33 elementor-top-column elementor-element elementor-element-a235b85\" data-id=\"a235b85\" data-element_type=\"column\">\n\t\t\t<div class=\"elementor-widget-wrap elementor-element-populated\">\n\t\t\t\t\t\t<div class=\"elementor-element elementor-element-a252169 elementor-widget elementor-widget-text-editor\" data-id=\"a252169\" data-element_type=\"widget\" data-widget_type=\"text-editor.default\">\n\t\t\t\t<div class=\"elementor-widget-container\">\n\t\t\t\t\t\t\t<h6 style=\"text-align: center\"><strong>Orientadora<br \/><\/strong><\/h6><p style=\"text-align: center\">Prof.\u00aa Dr.\u00aa Fabiane Vieira Romano<\/p>\t\t\t\t\t\t<\/div>\n\t\t\t\t<\/div>\n\t\t\t\t\t<\/div>\n\t\t<\/div>\n\t\t\t\t<div class=\"elementor-column elementor-col-33 elementor-top-column elementor-element elementor-element-287ec2f\" data-id=\"287ec2f\" data-element_type=\"column\">\n\t\t\t<div class=\"elementor-widget-wrap elementor-element-populated\">\n\t\t\t\t\t\t<div class=\"elementor-element elementor-element-4a0de04 elementor-widget elementor-widget-text-editor\" data-id=\"4a0de04\" data-element_type=\"widget\" data-widget_type=\"text-editor.default\">\n\t\t\t\t<div class=\"elementor-widget-container\">\n\t\t\t\t\t\t\t<h6 style=\"text-align: center\"><strong>Data do Projeto<br \/><\/strong><\/h6><p style=\"text-align: center\">2010<\/p>\t\t\t\t\t\t<\/div>\n\t\t\t\t<\/div>\n\t\t\t\t\t<\/div>\n\t\t<\/div>\n\t\t\t\t\t<\/div>\n\t\t<\/section>\n\t\t\t\t<section class=\"elementor-section elementor-top-section elementor-element elementor-element-0cce326 elementor-section-boxed elementor-section-height-default elementor-section-height-default\" data-id=\"0cce326\" data-element_type=\"section\">\n\t\t\t\t\t\t<div class=\"elementor-container elementor-column-gap-default\">\n\t\t\t\t\t<div class=\"elementor-column elementor-col-100 elementor-top-column elementor-element elementor-element-f0d072e\" data-id=\"f0d072e\" data-element_type=\"column\">\n\t\t\t<div class=\"elementor-widget-wrap elementor-element-populated\">\n\t\t\t\t\t\t<div class=\"elementor-element elementor-element-2e92ae7 elementor-widget elementor-widget-image\" data-id=\"2e92ae7\" data-element_type=\"widget\" data-widget_type=\"image.default\">\n\t\t\t\t<div class=\"elementor-widget-container\">\n\t\t\t\t\t\t\t\t\t\t\t\t\t<img decoding=\"async\" width=\"884\" height=\"442\" src=\"https:\/\/www.ufsm.br\/app\/uploads\/sites\/399\/2021\/03\/capa-21.jpg\" class=\"attachment-full size-full wp-image-3163\" alt=\"\" srcset=\"https:\/\/www.ufsm.br\/app\/uploads\/sites\/399\/2021\/03\/capa-21.jpg 884w, https:\/\/www.ufsm.br\/app\/uploads\/sites\/399\/2021\/03\/capa-21-300x150.jpg 300w, https:\/\/www.ufsm.br\/app\/uploads\/sites\/399\/2021\/03\/capa-21-768x384.jpg 768w\" sizes=\"(max-width: 884px) 100vw, 884px\" \/>\t\t\t\t\t\t\t\t\t\t\t\t\t<\/div>\n\t\t\t\t<\/div>\n\t\t\t\t\t<\/div>\n\t\t<\/div>\n\t\t\t\t\t<\/div>\n\t\t<\/section>\n\t\t\t\t<\/div>\n\t\t","protected":false},"excerpt":{"rendered":"<p>Processo INPI DI 7103612-1 Processo UFSM 00096-DI\/2010 Status Concedido Descri\u00e7\u00e3o Tabuleiro com placas transversais, onde h\u00e1 vazados de formas geom\u00e9tricas, nestes espa\u00e7os h\u00e1 um fio percorrendo de uma extremidade do brinquedo at\u00e9 a outra. Al\u00e9m disso, em cada fio existe uma pe\u00e7a com formato geom\u00e9trico interligada no mesmo. Sendo assim, o brinquedo estimula a coordena\u00e7\u00e3o [&hellip;]<\/p>\n","protected":false},"author":2922,"featured_media":0,"parent":0,"menu_order":0,"comment_status":"closed","ping_status":"closed","template":"","meta":{"episode_type":"","audio_file":"","cover_image":"","cover_image_id":"","duration":"","filesize":"","date_recorded":"","explicit":"","block":"","filesize_raw":"","footnotes":""},"categories":[],"tags":[],"class_list":["post-3203","page","type-page","status-publish","hentry"],"acf":[],"_links":{"self":[{"href":"https:\/\/www.ufsm.br\/pro-reitorias\/proinova\/wp-json\/wp\/v2\/pages\/3203","targetHints":{"allow":["GET"]}}],"collection":[{"href":"https:\/\/www.ufsm.br\/pro-reitorias\/proinova\/wp-json\/wp\/v2\/pages"}],"about":[{"href":"https:\/\/www.ufsm.br\/pro-reitorias\/proinova\/wp-json\/wp\/v2\/types\/page"}],"author":[{"embeddable":true,"href":"https:\/\/www.ufsm.br\/pro-reitorias\/proinova\/wp-json\/wp\/v2\/users\/2922"}],"replies":[{"embeddable":true,"href":"https:\/\/www.ufsm.br\/pro-reitorias\/proinova\/wp-json\/wp\/v2\/comments?post=3203"}],"version-history":[{"count":0,"href":"https:\/\/www.ufsm.br\/pro-reitorias\/proinova\/wp-json\/wp\/v2\/pages\/3203\/revisions"}],"wp:attachment":[{"href":"https:\/\/www.ufsm.br\/pro-reitorias\/proinova\/wp-json\/wp\/v2\/media?parent=3203"}],"wp:term":[{"taxonomy":"category","embeddable":true,"href":"https:\/\/www.ufsm.br\/pro-reitorias\/proinova\/wp-json\/wp\/v2\/categories?post=3203"},{"taxonomy":"post_tag","embeddable":true,"href":"https:\/\/www.ufsm.br\/pro-reitorias\/proinova\/wp-json\/wp\/v2\/tags?post=3203"}],"curies":[{"name":"wp","href":"https:\/\/api.w.org\/{rel}","templated":true}]}}