{"id":3207,"date":"2021-03-15T10:20:36","date_gmt":"2021-03-15T13:20:36","guid":{"rendered":"https:\/\/www.ufsm.br\/orgaos-executivos\/agittec\/?page_id=3207"},"modified":"2021-03-15T10:23:46","modified_gmt":"2021-03-15T13:23:46","slug":"maquina-de-vendas-de-passagens","status":"publish","type":"page","link":"https:\/\/www.ufsm.br\/pro-reitorias\/proinova\/maquina-de-vendas-de-passagens","title":{"rendered":"M\u00e1quina de Vendas de Passagens"},"content":{"rendered":"\t\t<div data-elementor-type=\"wp-page\" data-elementor-id=\"3207\" class=\"elementor elementor-3207\">\n\t\t\t\t\t\t<section class=\"elementor-section elementor-top-section elementor-element elementor-element-6d3a594 elementor-section-boxed elementor-section-height-default elementor-section-height-default\" data-id=\"6d3a594\" data-element_type=\"section\">\n\t\t\t\t\t\t<div class=\"elementor-container elementor-column-gap-default\">\n\t\t\t\t\t<div class=\"elementor-column elementor-col-100 elementor-top-column elementor-element elementor-element-903e484\" data-id=\"903e484\" data-element_type=\"column\">\n\t\t\t<div class=\"elementor-widget-wrap elementor-element-populated\">\n\t\t\t\t\t\t<div class=\"elementor-element elementor-element-bdf7470 elementor-widget elementor-widget-image\" data-id=\"bdf7470\" data-element_type=\"widget\" data-widget_type=\"image.default\">\n\t\t\t\t<div class=\"elementor-widget-container\">\n\t\t\t\t\t\t\t\t\t\t\t\t\t<img fetchpriority=\"high\" decoding=\"async\" width=\"5042\" height=\"335\" src=\"https:\/\/www.ufsm.br\/app\/uploads\/sites\/399\/2021\/03\/Maquina-de-Vendas-de-Passagens-1.png\" class=\"attachment-full size-full wp-image-3177\" alt=\"M\u00e1quina de Vendas de Passagens\" srcset=\"https:\/\/www.ufsm.br\/app\/uploads\/sites\/399\/2021\/03\/Maquina-de-Vendas-de-Passagens-1.png 5042w, https:\/\/www.ufsm.br\/app\/uploads\/sites\/399\/2021\/03\/Maquina-de-Vendas-de-Passagens-1-300x20.png 300w, https:\/\/www.ufsm.br\/app\/uploads\/sites\/399\/2021\/03\/Maquina-de-Vendas-de-Passagens-1-1024x68.png 1024w, https:\/\/www.ufsm.br\/app\/uploads\/sites\/399\/2021\/03\/Maquina-de-Vendas-de-Passagens-1-768x51.png 768w, https:\/\/www.ufsm.br\/app\/uploads\/sites\/399\/2021\/03\/Maquina-de-Vendas-de-Passagens-1-1536x102.png 1536w, https:\/\/www.ufsm.br\/app\/uploads\/sites\/399\/2021\/03\/Maquina-de-Vendas-de-Passagens-1-2048x136.png 2048w\" sizes=\"(max-width: 5042px) 100vw, 5042px\" \/>\t\t\t\t\t\t\t\t\t\t\t\t\t<\/div>\n\t\t\t\t<\/div>\n\t\t\t\t<div class=\"elementor-element elementor-element-01ec385 elementor-widget elementor-widget-spacer\" data-id=\"01ec385\" data-element_type=\"widget\" data-widget_type=\"spacer.default\">\n\t\t\t\t<div class=\"elementor-widget-container\">\n\t\t\t\t\t<div class=\"elementor-spacer\">\n\t\t\t<div class=\"elementor-spacer-inner\"><\/div>\n\t\t<\/div>\n\t\t\t\t<\/div>\n\t\t\t\t<\/div>\n\t\t\t\t\t<\/div>\n\t\t<\/div>\n\t\t\t\t\t<\/div>\n\t\t<\/section>\n\t\t\t\t<section class=\"elementor-section elementor-top-section elementor-element elementor-element-d334f17 elementor-section-boxed elementor-section-height-default elementor-section-height-default\" data-id=\"d334f17\" data-element_type=\"section\">\n\t\t\t\t\t\t<div class=\"elementor-container elementor-column-gap-default\">\n\t\t\t\t\t<div class=\"elementor-column elementor-col-33 elementor-top-column elementor-element elementor-element-4d6f386\" data-id=\"4d6f386\" data-element_type=\"column\">\n\t\t\t<div class=\"elementor-widget-wrap elementor-element-populated\">\n\t\t\t\t\t\t<div class=\"elementor-element elementor-element-75f9603 elementor-widget elementor-widget-text-editor\" data-id=\"75f9603\" data-element_type=\"widget\" data-widget_type=\"text-editor.default\">\n\t\t\t\t<div class=\"elementor-widget-container\">\n\t\t\t\t\t\t\t<h6 style=\"text-align: center\"><strong>Processo INPI<\/strong><\/h6><p style=\"text-align: center\">BR 302015003001-1<\/p>\t\t\t\t\t\t<\/div>\n\t\t\t\t<\/div>\n\t\t\t\t\t<\/div>\n\t\t<\/div>\n\t\t\t\t<div class=\"elementor-column elementor-col-33 elementor-top-column elementor-element elementor-element-5a1e6d0\" data-id=\"5a1e6d0\" data-element_type=\"column\">\n\t\t\t<div class=\"elementor-widget-wrap elementor-element-populated\">\n\t\t\t\t\t\t<div class=\"elementor-element elementor-element-484512e elementor-widget elementor-widget-text-editor\" data-id=\"484512e\" data-element_type=\"widget\" data-widget_type=\"text-editor.default\">\n\t\t\t\t<div class=\"elementor-widget-container\">\n\t\t\t\t\t\t\t<h6 style=\"text-align: center\"><strong>Processo UFSM<\/strong><\/h6><p style=\"text-align: center\">00316-DI\/2015<\/p>\t\t\t\t\t\t<\/div>\n\t\t\t\t<\/div>\n\t\t\t\t\t<\/div>\n\t\t<\/div>\n\t\t\t\t<div class=\"elementor-column elementor-col-33 elementor-top-column elementor-element elementor-element-794215b\" data-id=\"794215b\" data-element_type=\"column\">\n\t\t\t<div class=\"elementor-widget-wrap elementor-element-populated\">\n\t\t\t\t\t\t<div class=\"elementor-element elementor-element-e7e6891 elementor-widget elementor-widget-text-editor\" data-id=\"e7e6891\" data-element_type=\"widget\" data-widget_type=\"text-editor.default\">\n\t\t\t\t<div class=\"elementor-widget-container\">\n\t\t\t\t\t\t\t<h6 style=\"text-align: center\"><strong>Status<\/strong><\/h6><p style=\"text-align: center\">Concedido<\/p>\t\t\t\t\t\t<\/div>\n\t\t\t\t<\/div>\n\t\t\t\t\t<\/div>\n\t\t<\/div>\n\t\t\t\t\t<\/div>\n\t\t<\/section>\n\t\t\t\t<section class=\"elementor-section elementor-top-section elementor-element elementor-element-6a60006 elementor-section-boxed elementor-section-height-default elementor-section-height-default\" data-id=\"6a60006\" data-element_type=\"section\">\n\t\t\t\t\t\t<div class=\"elementor-container elementor-column-gap-default\">\n\t\t\t\t\t<div class=\"elementor-column elementor-col-100 elementor-top-column elementor-element elementor-element-b69ad3e\" data-id=\"b69ad3e\" data-element_type=\"column\">\n\t\t\t<div class=\"elementor-widget-wrap elementor-element-populated\">\n\t\t\t\t\t\t<div class=\"elementor-element elementor-element-1d0593c elementor-widget-divider--view-line elementor-widget elementor-widget-divider\" data-id=\"1d0593c\" data-element_type=\"widget\" data-widget_type=\"divider.default\">\n\t\t\t\t<div class=\"elementor-widget-container\">\n\t\t\t\t\t<div class=\"elementor-divider\">\n\t\t\t<span class=\"elementor-divider-separator\">\n\t\t\t\t\t\t<\/span>\n\t\t<\/div>\n\t\t\t\t<\/div>\n\t\t\t\t<\/div>\n\t\t\t\t\t<\/div>\n\t\t<\/div>\n\t\t\t\t\t<\/div>\n\t\t<\/section>\n\t\t\t\t<section class=\"elementor-section elementor-top-section elementor-element elementor-element-c71bc68 elementor-section-boxed elementor-section-height-default elementor-section-height-default\" data-id=\"c71bc68\" data-element_type=\"section\">\n\t\t\t\t\t\t<div class=\"elementor-container elementor-column-gap-default\">\n\t\t\t\t\t<div class=\"elementor-column elementor-col-100 elementor-top-column elementor-element elementor-element-f1a0c2c\" data-id=\"f1a0c2c\" data-element_type=\"column\">\n\t\t\t<div class=\"elementor-widget-wrap elementor-element-populated\">\n\t\t\t\t\t\t<div class=\"elementor-element elementor-element-e5a4f87 elementor-widget elementor-widget-text-editor\" data-id=\"e5a4f87\" data-element_type=\"widget\" data-widget_type=\"text-editor.default\">\n\t\t\t\t<div class=\"elementor-widget-container\">\n\t\t\t\t\t\t\t<h6><strong>Descri\u00e7\u00e3o<\/strong><\/h6><p>Este projeto de conclus\u00e3o de curso estudou o design de experi\u00eancia do usu\u00e1rio e sua aplica\u00e7\u00e3o em um projeto voltado para o transporte p\u00fablico. Com o aux\u00edlio de uma pesquisa, identificaram-se dois problemas principais: a compra de passagens e a falta de informa\u00e7\u00f5es nas paradas de \u00f4nibus. O modelo final consiste em um m\u00f3dulo multifuncional, onde tanto a m\u00e1quina de vendas quanto um banco ou um outdoor podem ser acoplados, constituindo uma pequena parada de \u00f4nibus.<\/p>\t\t\t\t\t\t<\/div>\n\t\t\t\t<\/div>\n\t\t\t\t\t<\/div>\n\t\t<\/div>\n\t\t\t\t\t<\/div>\n\t\t<\/section>\n\t\t\t\t<section class=\"elementor-section elementor-top-section elementor-element elementor-element-e81eeeb elementor-section-boxed elementor-section-height-default elementor-section-height-default\" data-id=\"e81eeeb\" data-element_type=\"section\">\n\t\t\t\t\t\t<div class=\"elementor-container elementor-column-gap-default\">\n\t\t\t\t\t<div class=\"elementor-column elementor-col-100 elementor-top-column elementor-element elementor-element-6d5ac8a\" data-id=\"6d5ac8a\" data-element_type=\"column\">\n\t\t\t<div class=\"elementor-widget-wrap elementor-element-populated\">\n\t\t\t\t\t\t<div class=\"elementor-element elementor-element-27a3221 elementor-widget-divider--view-line elementor-widget elementor-widget-divider\" data-id=\"27a3221\" data-element_type=\"widget\" data-widget_type=\"divider.default\">\n\t\t\t\t<div class=\"elementor-widget-container\">\n\t\t\t\t\t<div class=\"elementor-divider\">\n\t\t\t<span class=\"elementor-divider-separator\">\n\t\t\t\t\t\t<\/span>\n\t\t<\/div>\n\t\t\t\t<\/div>\n\t\t\t\t<\/div>\n\t\t\t\t\t<\/div>\n\t\t<\/div>\n\t\t\t\t\t<\/div>\n\t\t<\/section>\n\t\t\t\t<section class=\"elementor-section elementor-top-section elementor-element elementor-element-882a26d elementor-section-boxed elementor-section-height-default elementor-section-height-default\" data-id=\"882a26d\" data-element_type=\"section\" data-settings=\"{&quot;background_background&quot;:&quot;classic&quot;}\">\n\t\t\t\t\t\t<div class=\"elementor-container elementor-column-gap-default\">\n\t\t\t\t\t<div class=\"elementor-column elementor-col-33 elementor-top-column elementor-element elementor-element-771b1c0\" data-id=\"771b1c0\" data-element_type=\"column\">\n\t\t\t<div class=\"elementor-widget-wrap elementor-element-populated\">\n\t\t\t\t\t\t<div class=\"elementor-element elementor-element-96e9b96 elementor-widget elementor-widget-text-editor\" data-id=\"96e9b96\" data-element_type=\"widget\" data-widget_type=\"text-editor.default\">\n\t\t\t\t<div class=\"elementor-widget-container\">\n\t\t\t\t\t\t\t<h6 style=\"text-align: center\"><strong>Autora<br \/><\/strong><\/h6><p style=\"text-align: center\">Josiane Longhi Siqueira<\/p>\t\t\t\t\t\t<\/div>\n\t\t\t\t<\/div>\n\t\t\t\t\t<\/div>\n\t\t<\/div>\n\t\t\t\t<div class=\"elementor-column elementor-col-33 elementor-top-column elementor-element elementor-element-2bf1420\" data-id=\"2bf1420\" data-element_type=\"column\">\n\t\t\t<div class=\"elementor-widget-wrap elementor-element-populated\">\n\t\t\t\t\t\t<div class=\"elementor-element elementor-element-296982d elementor-widget elementor-widget-text-editor\" data-id=\"296982d\" data-element_type=\"widget\" data-widget_type=\"text-editor.default\">\n\t\t\t\t<div class=\"elementor-widget-container\">\n\t\t\t\t\t\t\t<h6 style=\"text-align: center\"><strong>Orientadora<br \/><\/strong><\/h6><p style=\"text-align: center\">Prof.\u00aa Dr.\u00aa Fabiane Vieira Romano<\/p>\t\t\t\t\t\t<\/div>\n\t\t\t\t<\/div>\n\t\t\t\t\t<\/div>\n\t\t<\/div>\n\t\t\t\t<div class=\"elementor-column elementor-col-33 elementor-top-column elementor-element elementor-element-fc09d62\" data-id=\"fc09d62\" data-element_type=\"column\">\n\t\t\t<div class=\"elementor-widget-wrap elementor-element-populated\">\n\t\t\t\t\t\t<div class=\"elementor-element elementor-element-7186cd4 elementor-widget elementor-widget-text-editor\" data-id=\"7186cd4\" data-element_type=\"widget\" data-widget_type=\"text-editor.default\">\n\t\t\t\t<div class=\"elementor-widget-container\">\n\t\t\t\t\t\t\t<h6 style=\"text-align: center\"><strong>Data do Projeto<br \/><\/strong><\/h6><p style=\"text-align: center\">2015<\/p>\t\t\t\t\t\t<\/div>\n\t\t\t\t<\/div>\n\t\t\t\t\t<\/div>\n\t\t<\/div>\n\t\t\t\t\t<\/div>\n\t\t<\/section>\n\t\t\t\t<section class=\"elementor-section elementor-top-section elementor-element elementor-element-2b7be88 elementor-section-boxed elementor-section-height-default elementor-section-height-default\" data-id=\"2b7be88\" data-element_type=\"section\">\n\t\t\t\t\t\t<div class=\"elementor-container elementor-column-gap-default\">\n\t\t\t\t\t<div class=\"elementor-column elementor-col-100 elementor-top-column elementor-element elementor-element-b2ffc67\" data-id=\"b2ffc67\" data-element_type=\"column\">\n\t\t\t<div class=\"elementor-widget-wrap elementor-element-populated\">\n\t\t\t\t\t\t<div class=\"elementor-element elementor-element-b012d33 elementor-widget elementor-widget-image\" data-id=\"b012d33\" data-element_type=\"widget\" data-widget_type=\"image.default\">\n\t\t\t\t<div class=\"elementor-widget-container\">\n\t\t\t\t\t\t\t\t\t\t\t\t\t<img decoding=\"async\" width=\"768\" height=\"511\" src=\"https:\/\/www.ufsm.br\/app\/uploads\/sites\/399\/2021\/03\/CAPA_E1.jpg\" class=\"attachment-full size-full wp-image-3179\" alt=\"\" srcset=\"https:\/\/www.ufsm.br\/app\/uploads\/sites\/399\/2021\/03\/CAPA_E1.jpg 768w, https:\/\/www.ufsm.br\/app\/uploads\/sites\/399\/2021\/03\/CAPA_E1-300x200.jpg 300w, https:\/\/www.ufsm.br\/app\/uploads\/sites\/399\/2021\/03\/CAPA_E1-272x182.jpg 272w\" sizes=\"(max-width: 768px) 100vw, 768px\" \/>\t\t\t\t\t\t\t\t\t\t\t\t\t<\/div>\n\t\t\t\t<\/div>\n\t\t\t\t\t<\/div>\n\t\t<\/div>\n\t\t\t\t\t<\/div>\n\t\t<\/section>\n\t\t\t\t<\/div>\n\t\t","protected":false},"excerpt":{"rendered":"<p>Processo INPI BR 302015003001-1 Processo UFSM 00316-DI\/2015 Status Concedido Descri\u00e7\u00e3o Este projeto de conclus\u00e3o de curso estudou o design de experi\u00eancia do usu\u00e1rio e sua aplica\u00e7\u00e3o em um projeto voltado para o transporte p\u00fablico. Com o aux\u00edlio de uma pesquisa, identificaram-se dois problemas principais: a compra de passagens e a falta de informa\u00e7\u00f5es nas paradas [&hellip;]<\/p>\n","protected":false},"author":2922,"featured_media":0,"parent":0,"menu_order":0,"comment_status":"closed","ping_status":"closed","template":"","meta":{"episode_type":"","audio_file":"","cover_image":"","cover_image_id":"","duration":"","filesize":"","date_recorded":"","explicit":"","block":"","filesize_raw":"","footnotes":""},"categories":[],"tags":[],"class_list":["post-3207","page","type-page","status-publish","hentry"],"acf":[],"_links":{"self":[{"href":"https:\/\/www.ufsm.br\/pro-reitorias\/proinova\/wp-json\/wp\/v2\/pages\/3207","targetHints":{"allow":["GET"]}}],"collection":[{"href":"https:\/\/www.ufsm.br\/pro-reitorias\/proinova\/wp-json\/wp\/v2\/pages"}],"about":[{"href":"https:\/\/www.ufsm.br\/pro-reitorias\/proinova\/wp-json\/wp\/v2\/types\/page"}],"author":[{"embeddable":true,"href":"https:\/\/www.ufsm.br\/pro-reitorias\/proinova\/wp-json\/wp\/v2\/users\/2922"}],"replies":[{"embeddable":true,"href":"https:\/\/www.ufsm.br\/pro-reitorias\/proinova\/wp-json\/wp\/v2\/comments?post=3207"}],"version-history":[{"count":0,"href":"https:\/\/www.ufsm.br\/pro-reitorias\/proinova\/wp-json\/wp\/v2\/pages\/3207\/revisions"}],"wp:attachment":[{"href":"https:\/\/www.ufsm.br\/pro-reitorias\/proinova\/wp-json\/wp\/v2\/media?parent=3207"}],"wp:term":[{"taxonomy":"category","embeddable":true,"href":"https:\/\/www.ufsm.br\/pro-reitorias\/proinova\/wp-json\/wp\/v2\/categories?post=3207"},{"taxonomy":"post_tag","embeddable":true,"href":"https:\/\/www.ufsm.br\/pro-reitorias\/proinova\/wp-json\/wp\/v2\/tags?post=3207"}],"curies":[{"name":"wp","href":"https:\/\/api.w.org\/{rel}","templated":true}]}}