{"id":3208,"date":"2021-03-15T10:24:31","date_gmt":"2021-03-15T13:24:31","guid":{"rendered":"https:\/\/www.ufsm.br\/orgaos-executivos\/agittec\/?page_id=3208"},"modified":"2021-03-15T11:39:40","modified_gmt":"2021-03-15T14:39:40","slug":"bebedouro-publico","status":"publish","type":"page","link":"https:\/\/www.ufsm.br\/pro-reitorias\/proinova\/bebedouro-publico","title":{"rendered":"Bebedouro p\u00fablico"},"content":{"rendered":"\t\t<div data-elementor-type=\"wp-page\" data-elementor-id=\"3208\" class=\"elementor elementor-3208\">\n\t\t\t\t\t\t<section class=\"elementor-section elementor-top-section elementor-element elementor-element-9c5f5a6 elementor-section-boxed elementor-section-height-default elementor-section-height-default\" data-id=\"9c5f5a6\" data-element_type=\"section\">\n\t\t\t\t\t\t<div class=\"elementor-container elementor-column-gap-default\">\n\t\t\t\t\t<div class=\"elementor-column elementor-col-100 elementor-top-column elementor-element elementor-element-6570cf7\" data-id=\"6570cf7\" data-element_type=\"column\">\n\t\t\t<div class=\"elementor-widget-wrap elementor-element-populated\">\n\t\t\t\t\t\t<div class=\"elementor-element elementor-element-fcde660 elementor-widget elementor-widget-image\" data-id=\"fcde660\" data-element_type=\"widget\" data-widget_type=\"image.default\">\n\t\t\t\t<div class=\"elementor-widget-container\">\n\t\t\t\t\t\t\t\t\t\t\t\t\t<img fetchpriority=\"high\" decoding=\"async\" width=\"1920\" height=\"128\" src=\"https:\/\/www.ufsm.br\/app\/uploads\/sites\/399\/2021\/03\/Bebedouro-Publico-1.png\" class=\"attachment-full size-full wp-image-3180\" alt=\"Bebedouro p\u00fablico\" srcset=\"https:\/\/www.ufsm.br\/app\/uploads\/sites\/399\/2021\/03\/Bebedouro-Publico-1.png 1920w, https:\/\/www.ufsm.br\/app\/uploads\/sites\/399\/2021\/03\/Bebedouro-Publico-1-300x20.png 300w, https:\/\/www.ufsm.br\/app\/uploads\/sites\/399\/2021\/03\/Bebedouro-Publico-1-1024x68.png 1024w, https:\/\/www.ufsm.br\/app\/uploads\/sites\/399\/2021\/03\/Bebedouro-Publico-1-768x51.png 768w, https:\/\/www.ufsm.br\/app\/uploads\/sites\/399\/2021\/03\/Bebedouro-Publico-1-1536x102.png 1536w\" sizes=\"(max-width: 1920px) 100vw, 1920px\" \/>\t\t\t\t\t\t\t\t\t\t\t\t\t<\/div>\n\t\t\t\t<\/div>\n\t\t\t\t<div class=\"elementor-element elementor-element-5e09b3d elementor-widget elementor-widget-spacer\" data-id=\"5e09b3d\" data-element_type=\"widget\" data-widget_type=\"spacer.default\">\n\t\t\t\t<div class=\"elementor-widget-container\">\n\t\t\t\t\t<div class=\"elementor-spacer\">\n\t\t\t<div class=\"elementor-spacer-inner\"><\/div>\n\t\t<\/div>\n\t\t\t\t<\/div>\n\t\t\t\t<\/div>\n\t\t\t\t\t<\/div>\n\t\t<\/div>\n\t\t\t\t\t<\/div>\n\t\t<\/section>\n\t\t\t\t<section class=\"elementor-section elementor-top-section elementor-element elementor-element-1650991 elementor-section-boxed elementor-section-height-default elementor-section-height-default\" data-id=\"1650991\" data-element_type=\"section\">\n\t\t\t\t\t\t<div class=\"elementor-container elementor-column-gap-default\">\n\t\t\t\t\t<div class=\"elementor-column elementor-col-33 elementor-top-column elementor-element elementor-element-bb955d4\" data-id=\"bb955d4\" data-element_type=\"column\">\n\t\t\t<div class=\"elementor-widget-wrap elementor-element-populated\">\n\t\t\t\t\t\t<div class=\"elementor-element elementor-element-10f6c41 elementor-widget elementor-widget-text-editor\" data-id=\"10f6c41\" data-element_type=\"widget\" data-widget_type=\"text-editor.default\">\n\t\t\t\t<div class=\"elementor-widget-container\">\n\t\t\t\t\t\t\t<h6 style=\"text-align: center\"><strong>Processo INPI<\/strong><\/h6><p style=\"text-align: center\">BR 302014003582-7<\/p>\t\t\t\t\t\t<\/div>\n\t\t\t\t<\/div>\n\t\t\t\t\t<\/div>\n\t\t<\/div>\n\t\t\t\t<div class=\"elementor-column elementor-col-33 elementor-top-column elementor-element elementor-element-79e92c1\" data-id=\"79e92c1\" data-element_type=\"column\">\n\t\t\t<div class=\"elementor-widget-wrap elementor-element-populated\">\n\t\t\t\t\t\t<div class=\"elementor-element elementor-element-5e536a2 elementor-widget elementor-widget-text-editor\" data-id=\"5e536a2\" data-element_type=\"widget\" data-widget_type=\"text-editor.default\">\n\t\t\t\t<div class=\"elementor-widget-container\">\n\t\t\t\t\t\t\t<h6 style=\"text-align: center\"><strong>Processo UFSM<\/strong><\/h6><p style=\"text-align: center\">00210-DI\/2014<\/p>\t\t\t\t\t\t<\/div>\n\t\t\t\t<\/div>\n\t\t\t\t\t<\/div>\n\t\t<\/div>\n\t\t\t\t<div class=\"elementor-column elementor-col-33 elementor-top-column elementor-element elementor-element-d26c6aa\" data-id=\"d26c6aa\" data-element_type=\"column\">\n\t\t\t<div class=\"elementor-widget-wrap elementor-element-populated\">\n\t\t\t\t\t\t<div class=\"elementor-element elementor-element-172b3de elementor-widget elementor-widget-text-editor\" data-id=\"172b3de\" data-element_type=\"widget\" data-widget_type=\"text-editor.default\">\n\t\t\t\t<div class=\"elementor-widget-container\">\n\t\t\t\t\t\t\t<h6 style=\"text-align: center\"><strong>Status<\/strong><\/h6><p style=\"text-align: center\">Concedido<\/p>\t\t\t\t\t\t<\/div>\n\t\t\t\t<\/div>\n\t\t\t\t\t<\/div>\n\t\t<\/div>\n\t\t\t\t\t<\/div>\n\t\t<\/section>\n\t\t\t\t<section class=\"elementor-section elementor-top-section elementor-element elementor-element-5e26340 elementor-section-boxed elementor-section-height-default elementor-section-height-default\" data-id=\"5e26340\" data-element_type=\"section\">\n\t\t\t\t\t\t<div class=\"elementor-container elementor-column-gap-default\">\n\t\t\t\t\t<div class=\"elementor-column elementor-col-100 elementor-top-column elementor-element elementor-element-63bbd6e\" data-id=\"63bbd6e\" data-element_type=\"column\">\n\t\t\t<div class=\"elementor-widget-wrap elementor-element-populated\">\n\t\t\t\t\t\t<div class=\"elementor-element elementor-element-fb47109 elementor-widget-divider--view-line elementor-widget elementor-widget-divider\" data-id=\"fb47109\" data-element_type=\"widget\" data-widget_type=\"divider.default\">\n\t\t\t\t<div class=\"elementor-widget-container\">\n\t\t\t\t\t<div class=\"elementor-divider\">\n\t\t\t<span class=\"elementor-divider-separator\">\n\t\t\t\t\t\t<\/span>\n\t\t<\/div>\n\t\t\t\t<\/div>\n\t\t\t\t<\/div>\n\t\t\t\t\t<\/div>\n\t\t<\/div>\n\t\t\t\t\t<\/div>\n\t\t<\/section>\n\t\t\t\t<section class=\"elementor-section elementor-top-section elementor-element elementor-element-09f4e06 elementor-section-boxed elementor-section-height-default elementor-section-height-default\" data-id=\"09f4e06\" data-element_type=\"section\">\n\t\t\t\t\t\t<div class=\"elementor-container elementor-column-gap-default\">\n\t\t\t\t\t<div class=\"elementor-column elementor-col-100 elementor-top-column elementor-element elementor-element-f8f2333\" data-id=\"f8f2333\" data-element_type=\"column\">\n\t\t\t<div class=\"elementor-widget-wrap elementor-element-populated\">\n\t\t\t\t\t\t<div class=\"elementor-element elementor-element-be43938 elementor-widget elementor-widget-text-editor\" data-id=\"be43938\" data-element_type=\"widget\" data-widget_type=\"text-editor.default\">\n\t\t\t\t<div class=\"elementor-widget-container\">\n\t\t\t\t\t\t\t<h6><strong>Descri\u00e7\u00e3o<\/strong><\/h6><p>Bebedouro P\u00fablico com identidade ic\u00f4nica (torneira), que, atrav\u00e9s das sa\u00eddas de \u00e1gua em altura m\u00e9dia (conforme NBR9050\/2004 da ABNT), atende sem distin\u00e7\u00e3o a maior parte da popula\u00e7\u00e3o (crian\u00e7as, adultos e idosos, cadeirantes ou n\u00e3o), oferecendo ainda a possibilidade de encher copos e garrafas (PET de at\u00e9 3,3 litros), e, de poder ser instalado em diversos espa\u00e7os p\u00fablicos da cidade integrando-se ao ambiente. Outras caracter\u00edsticas s\u00e3o a ilumina\u00e7\u00e3o noturna de LED, o sistema hidr\u00e1ulico interno com acessos para manuten\u00e7\u00e3o, apoio confort\u00e1vel do corpo no produto durante o uso e forma atemporal. O produto visa o Design Universal e atende \u00e0s normas nacionais de acessibilidade podendo ainda ser produzido com diferentes materiais e acabamentos.<br \/>O projeto conquistou 7 pr\u00eamios, 5 de Design, 1 pela qualidade como trabalho acad\u00eamico e 1 em um concurso de empreendedorismo.<\/p>\t\t\t\t\t\t<\/div>\n\t\t\t\t<\/div>\n\t\t\t\t\t<\/div>\n\t\t<\/div>\n\t\t\t\t\t<\/div>\n\t\t<\/section>\n\t\t\t\t<section class=\"elementor-section elementor-top-section elementor-element elementor-element-e04ff4f elementor-section-boxed elementor-section-height-default elementor-section-height-default\" data-id=\"e04ff4f\" data-element_type=\"section\">\n\t\t\t\t\t\t<div class=\"elementor-container elementor-column-gap-default\">\n\t\t\t\t\t<div class=\"elementor-column elementor-col-100 elementor-top-column elementor-element elementor-element-487cf43\" data-id=\"487cf43\" data-element_type=\"column\">\n\t\t\t<div class=\"elementor-widget-wrap elementor-element-populated\">\n\t\t\t\t\t\t<div class=\"elementor-element elementor-element-e16bb26 elementor-widget-divider--view-line elementor-widget elementor-widget-divider\" data-id=\"e16bb26\" data-element_type=\"widget\" data-widget_type=\"divider.default\">\n\t\t\t\t<div class=\"elementor-widget-container\">\n\t\t\t\t\t<div class=\"elementor-divider\">\n\t\t\t<span class=\"elementor-divider-separator\">\n\t\t\t\t\t\t<\/span>\n\t\t<\/div>\n\t\t\t\t<\/div>\n\t\t\t\t<\/div>\n\t\t\t\t\t<\/div>\n\t\t<\/div>\n\t\t\t\t\t<\/div>\n\t\t<\/section>\n\t\t\t\t<section class=\"elementor-section elementor-top-section elementor-element elementor-element-5211fbf elementor-section-boxed elementor-section-height-default elementor-section-height-default\" data-id=\"5211fbf\" data-element_type=\"section\" data-settings=\"{&quot;background_background&quot;:&quot;classic&quot;}\">\n\t\t\t\t\t\t<div class=\"elementor-container elementor-column-gap-default\">\n\t\t\t\t\t<div class=\"elementor-column elementor-col-33 elementor-top-column elementor-element elementor-element-4c2febe\" data-id=\"4c2febe\" data-element_type=\"column\">\n\t\t\t<div class=\"elementor-widget-wrap elementor-element-populated\">\n\t\t\t\t\t\t<div class=\"elementor-element elementor-element-f626ccf elementor-widget elementor-widget-text-editor\" data-id=\"f626ccf\" data-element_type=\"widget\" data-widget_type=\"text-editor.default\">\n\t\t\t\t<div class=\"elementor-widget-container\">\n\t\t\t\t\t\t\t<h6 style=\"text-align: center\"><strong>Autor<br \/><\/strong><\/h6><p style=\"text-align: center\">Bruno Spanevello Pergher<\/p>\t\t\t\t\t\t<\/div>\n\t\t\t\t<\/div>\n\t\t\t\t\t<\/div>\n\t\t<\/div>\n\t\t\t\t<div class=\"elementor-column elementor-col-33 elementor-top-column elementor-element elementor-element-9b35d7a\" data-id=\"9b35d7a\" data-element_type=\"column\">\n\t\t\t<div class=\"elementor-widget-wrap elementor-element-populated\">\n\t\t\t\t\t\t<div class=\"elementor-element elementor-element-2e30a54 elementor-widget elementor-widget-text-editor\" data-id=\"2e30a54\" data-element_type=\"widget\" data-widget_type=\"text-editor.default\">\n\t\t\t\t<div class=\"elementor-widget-container\">\n\t\t\t\t\t\t\t<h6 style=\"text-align: center\"><strong>Orientadora<br \/><\/strong><\/h6><p style=\"text-align: center\">Prof.\u00aa Dr.\u00aa Fabiane Vieira Romano<\/p>\t\t\t\t\t\t<\/div>\n\t\t\t\t<\/div>\n\t\t\t\t\t<\/div>\n\t\t<\/div>\n\t\t\t\t<div class=\"elementor-column elementor-col-33 elementor-top-column elementor-element elementor-element-ba241ba\" data-id=\"ba241ba\" data-element_type=\"column\">\n\t\t\t<div class=\"elementor-widget-wrap elementor-element-populated\">\n\t\t\t\t\t\t<div class=\"elementor-element elementor-element-2f53a6d elementor-widget elementor-widget-text-editor\" data-id=\"2f53a6d\" data-element_type=\"widget\" data-widget_type=\"text-editor.default\">\n\t\t\t\t<div class=\"elementor-widget-container\">\n\t\t\t\t\t\t\t<h6 style=\"text-align: center\"><strong>Data do Projeto<br \/><\/strong><\/h6><p style=\"text-align: center\">2014<\/p>\t\t\t\t\t\t<\/div>\n\t\t\t\t<\/div>\n\t\t\t\t\t<\/div>\n\t\t<\/div>\n\t\t\t\t\t<\/div>\n\t\t<\/section>\n\t\t\t\t<section class=\"elementor-section elementor-top-section elementor-element elementor-element-0ae7593 elementor-section-boxed elementor-section-height-default elementor-section-height-default\" data-id=\"0ae7593\" data-element_type=\"section\">\n\t\t\t\t\t\t<div class=\"elementor-container elementor-column-gap-default\">\n\t\t\t\t\t<div class=\"elementor-column elementor-col-100 elementor-top-column elementor-element elementor-element-94e6821\" data-id=\"94e6821\" data-element_type=\"column\">\n\t\t\t<div class=\"elementor-widget-wrap elementor-element-populated\">\n\t\t\t\t\t\t<div class=\"elementor-element elementor-element-e1054fc elementor-widget elementor-widget-image\" data-id=\"e1054fc\" data-element_type=\"widget\" data-widget_type=\"image.default\">\n\t\t\t\t<div class=\"elementor-widget-container\">\n\t\t\t\t\t\t\t\t\t\t\t\t\t<img decoding=\"async\" width=\"768\" height=\"803\" src=\"https:\/\/www.ufsm.br\/app\/uploads\/sites\/399\/2021\/03\/bebedouro-arte-768x803.jpg\" class=\"attachment-medium_large size-medium_large wp-image-3215\" alt=\"\" srcset=\"https:\/\/www.ufsm.br\/app\/uploads\/sites\/399\/2021\/03\/bebedouro-arte-768x803.jpg 768w, https:\/\/www.ufsm.br\/app\/uploads\/sites\/399\/2021\/03\/bebedouro-arte-287x300.jpg 287w, https:\/\/www.ufsm.br\/app\/uploads\/sites\/399\/2021\/03\/bebedouro-arte-979x1024.jpg 979w, https:\/\/www.ufsm.br\/app\/uploads\/sites\/399\/2021\/03\/bebedouro-arte-1469x1536.jpg 1469w, https:\/\/www.ufsm.br\/app\/uploads\/sites\/399\/2021\/03\/bebedouro-arte.jpg 1920w\" sizes=\"(max-width: 768px) 100vw, 768px\" \/>\t\t\t\t\t\t\t\t\t\t\t\t\t<\/div>\n\t\t\t\t<\/div>\n\t\t\t\t\t<\/div>\n\t\t<\/div>\n\t\t\t\t\t<\/div>\n\t\t<\/section>\n\t\t\t\t<\/div>\n\t\t","protected":false},"excerpt":{"rendered":"<p>Processo INPI BR 302014003582-7 Processo UFSM 00210-DI\/2014 Status Concedido Descri\u00e7\u00e3o Bebedouro P\u00fablico com identidade ic\u00f4nica (torneira), que, atrav\u00e9s das sa\u00eddas de \u00e1gua em altura m\u00e9dia (conforme NBR9050\/2004 da ABNT), atende sem distin\u00e7\u00e3o a maior parte da popula\u00e7\u00e3o (crian\u00e7as, adultos e idosos, cadeirantes ou n\u00e3o), oferecendo ainda a possibilidade de encher copos e garrafas (PET de [&hellip;]<\/p>\n","protected":false},"author":2922,"featured_media":0,"parent":0,"menu_order":0,"comment_status":"closed","ping_status":"closed","template":"","meta":{"episode_type":"","audio_file":"","cover_image":"","cover_image_id":"","duration":"","filesize":"","date_recorded":"","explicit":"","block":"","filesize_raw":"","footnotes":""},"categories":[],"tags":[],"class_list":["post-3208","page","type-page","status-publish","hentry"],"acf":[],"_links":{"self":[{"href":"https:\/\/www.ufsm.br\/pro-reitorias\/proinova\/wp-json\/wp\/v2\/pages\/3208","targetHints":{"allow":["GET"]}}],"collection":[{"href":"https:\/\/www.ufsm.br\/pro-reitorias\/proinova\/wp-json\/wp\/v2\/pages"}],"about":[{"href":"https:\/\/www.ufsm.br\/pro-reitorias\/proinova\/wp-json\/wp\/v2\/types\/page"}],"author":[{"embeddable":true,"href":"https:\/\/www.ufsm.br\/pro-reitorias\/proinova\/wp-json\/wp\/v2\/users\/2922"}],"replies":[{"embeddable":true,"href":"https:\/\/www.ufsm.br\/pro-reitorias\/proinova\/wp-json\/wp\/v2\/comments?post=3208"}],"version-history":[{"count":0,"href":"https:\/\/www.ufsm.br\/pro-reitorias\/proinova\/wp-json\/wp\/v2\/pages\/3208\/revisions"}],"wp:attachment":[{"href":"https:\/\/www.ufsm.br\/pro-reitorias\/proinova\/wp-json\/wp\/v2\/media?parent=3208"}],"wp:term":[{"taxonomy":"category","embeddable":true,"href":"https:\/\/www.ufsm.br\/pro-reitorias\/proinova\/wp-json\/wp\/v2\/categories?post=3208"},{"taxonomy":"post_tag","embeddable":true,"href":"https:\/\/www.ufsm.br\/pro-reitorias\/proinova\/wp-json\/wp\/v2\/tags?post=3208"}],"curies":[{"name":"wp","href":"https:\/\/api.w.org\/{rel}","templated":true}]}}