{"id":3516,"date":"2021-04-28T14:41:21","date_gmt":"2021-04-28T17:41:21","guid":{"rendered":"https:\/\/www.ufsm.br\/orgaos-executivos\/agittec\/?page_id=3516"},"modified":"2026-02-02T10:28:34","modified_gmt":"2026-02-02T13:28:34","slug":"palestras_dinamicas","status":"publish","type":"page","link":"https:\/\/www.ufsm.br\/pro-reitorias\/proinova\/palestras_dinamicas","title":{"rendered":"Palestras e Din\u00e2micas"},"content":{"rendered":"\t\t<div data-elementor-type=\"wp-page\" data-elementor-id=\"3516\" class=\"elementor elementor-3516\">\n\t\t\t\t\t\t<section class=\"elementor-section elementor-top-section elementor-element elementor-element-f191ceb elementor-section-boxed elementor-section-height-default elementor-section-height-default\" data-id=\"f191ceb\" data-element_type=\"section\">\n\t\t\t\t\t\t<div class=\"elementor-container elementor-column-gap-default\">\n\t\t\t\t\t<div class=\"elementor-column elementor-col-100 elementor-top-column elementor-element elementor-element-b1e49af\" data-id=\"b1e49af\" data-element_type=\"column\">\n\t\t\t<div class=\"elementor-widget-wrap elementor-element-populated\">\n\t\t\t\t\t\t<div class=\"elementor-element elementor-element-d9bf5d3 elementor-widget elementor-widget-image\" data-id=\"d9bf5d3\" data-element_type=\"widget\" data-widget_type=\"image.default\">\n\t\t\t\t<div class=\"elementor-widget-container\">\n\t\t\t\t\t\t\t\t\t\t\t\t\t<img fetchpriority=\"high\" decoding=\"async\" width=\"1920\" height=\"477\" src=\"https:\/\/www.ufsm.br\/app\/uploads\/sites\/399\/2025\/09\/cabecalhos-08.jpg\" class=\"attachment-full size-full wp-image-8961\" alt=\"\" srcset=\"https:\/\/www.ufsm.br\/app\/uploads\/sites\/399\/2025\/09\/cabecalhos-08.jpg 1920w, https:\/\/www.ufsm.br\/app\/uploads\/sites\/399\/2025\/09\/cabecalhos-08-300x75.jpg 300w, https:\/\/www.ufsm.br\/app\/uploads\/sites\/399\/2025\/09\/cabecalhos-08-1024x254.jpg 1024w, https:\/\/www.ufsm.br\/app\/uploads\/sites\/399\/2025\/09\/cabecalhos-08-768x191.jpg 768w, https:\/\/www.ufsm.br\/app\/uploads\/sites\/399\/2025\/09\/cabecalhos-08-1536x382.jpg 1536w\" sizes=\"(max-width: 1920px) 100vw, 1920px\" \/>\t\t\t\t\t\t\t\t\t\t\t\t\t<\/div>\n\t\t\t\t<\/div>\n\t\t\t\t<div class=\"elementor-element elementor-element-042228d elementor-widget-divider--view-line elementor-widget elementor-widget-divider\" data-id=\"042228d\" data-element_type=\"widget\" data-widget_type=\"divider.default\">\n\t\t\t\t<div class=\"elementor-widget-container\">\n\t\t\t\t\t<div class=\"elementor-divider\">\n\t\t\t<span class=\"elementor-divider-separator\">\n\t\t\t\t\t\t<\/span>\n\t\t<\/div>\n\t\t\t\t<\/div>\n\t\t\t\t<\/div>\n\t\t\t\t\t<\/div>\n\t\t<\/div>\n\t\t\t\t\t<\/div>\n\t\t<\/section>\n\t\t\t\t<section class=\"elementor-section elementor-top-section elementor-element elementor-element-617cfed elementor-section-boxed elementor-section-height-default elementor-section-height-default\" data-id=\"617cfed\" data-element_type=\"section\">\n\t\t\t\t\t\t<div class=\"elementor-container elementor-column-gap-default\">\n\t\t\t\t\t<div class=\"elementor-column elementor-col-100 elementor-top-column elementor-element elementor-element-133b5fe\" data-id=\"133b5fe\" data-element_type=\"column\">\n\t\t\t<div class=\"elementor-widget-wrap elementor-element-populated\">\n\t\t\t\t\t\t<div class=\"elementor-element elementor-element-b7a6c82 elementor-widget elementor-widget-text-editor\" data-id=\"b7a6c82\" data-element_type=\"widget\" data-widget_type=\"text-editor.default\">\n\t\t\t\t<div class=\"elementor-widget-container\">\n\t\t\t\t\t\t\t<p><strong>PALESTRAS COM TURMAS<\/strong><\/p><p>Dura\u00e7\u00e3o de 1h \u00e0 1:30h<\/p>\t\t\t\t\t\t<\/div>\n\t\t\t\t<\/div>\n\t\t\t\t\t<\/div>\n\t\t<\/div>\n\t\t\t\t\t<\/div>\n\t\t<\/section>\n\t\t\t\t<section class=\"elementor-section elementor-top-section elementor-element elementor-element-f65c6b7 elementor-section-boxed elementor-section-height-default elementor-section-height-default\" data-id=\"f65c6b7\" data-element_type=\"section\">\n\t\t\t\t\t\t<div class=\"elementor-container elementor-column-gap-default\">\n\t\t\t\t\t<div class=\"elementor-column elementor-col-100 elementor-top-column elementor-element elementor-element-6b1d468\" data-id=\"6b1d468\" data-element_type=\"column\">\n\t\t\t<div class=\"elementor-widget-wrap elementor-element-populated\">\n\t\t\t\t\t\t<div class=\"elementor-element elementor-element-9cb302b elementor-widget elementor-widget-image\" data-id=\"9cb302b\" data-element_type=\"widget\" data-widget_type=\"image.default\">\n\t\t\t\t<div class=\"elementor-widget-container\">\n\t\t\t\t\t\t\t\t\t\t\t\t\t<img decoding=\"async\" width=\"594\" height=\"283\" src=\"https:\/\/www.ufsm.br\/app\/uploads\/sites\/399\/2024\/02\/0m4yGenBMd1QF32z7QnAjfUoQfQu3tguSIRkI8N5qW3_sGSw2Z8puJ2NOrPStsaCyzB0yfpCiyXsFgp2sqFWlkEA79MY0wepK3jFO8ve7El4Y_6JM_rePBG1_FVmnVYJMJGqi02XGvCoRHtlNIhPlQ.jpg\" class=\"attachment-large size-large wp-image-6374\" alt=\"\" srcset=\"https:\/\/www.ufsm.br\/app\/uploads\/sites\/399\/2024\/02\/0m4yGenBMd1QF32z7QnAjfUoQfQu3tguSIRkI8N5qW3_sGSw2Z8puJ2NOrPStsaCyzB0yfpCiyXsFgp2sqFWlkEA79MY0wepK3jFO8ve7El4Y_6JM_rePBG1_FVmnVYJMJGqi02XGvCoRHtlNIhPlQ.jpg 594w, https:\/\/www.ufsm.br\/app\/uploads\/sites\/399\/2024\/02\/0m4yGenBMd1QF32z7QnAjfUoQfQu3tguSIRkI8N5qW3_sGSw2Z8puJ2NOrPStsaCyzB0yfpCiyXsFgp2sqFWlkEA79MY0wepK3jFO8ve7El4Y_6JM_rePBG1_FVmnVYJMJGqi02XGvCoRHtlNIhPlQ-300x143.jpg 300w\" sizes=\"(max-width: 594px) 100vw, 594px\" \/>\t\t\t\t\t\t\t\t\t\t\t\t\t<\/div>\n\t\t\t\t<\/div>\n\t\t\t\t\t<\/div>\n\t\t<\/div>\n\t\t\t\t\t<\/div>\n\t\t<\/section>\n\t\t\t\t<section class=\"elementor-section elementor-top-section elementor-element elementor-element-bb139bd elementor-section-boxed elementor-section-height-default elementor-section-height-default\" data-id=\"bb139bd\" data-element_type=\"section\">\n\t\t\t\t\t\t<div class=\"elementor-container elementor-column-gap-default\">\n\t\t\t\t\t<div class=\"elementor-column elementor-col-100 elementor-top-column elementor-element elementor-element-c491a18\" data-id=\"c491a18\" data-element_type=\"column\">\n\t\t\t<div class=\"elementor-widget-wrap elementor-element-populated\">\n\t\t\t\t\t\t<div class=\"elementor-element elementor-element-9e08a5c elementor-widget elementor-widget-text-editor\" data-id=\"9e08a5c\" data-element_type=\"widget\" data-widget_type=\"text-editor.default\">\n\t\t\t\t<div class=\"elementor-widget-container\">\n\t\t\t\t\t\t\t<p><strong>Descri\u00e7\u00e3o:\u00a0<\/strong><span style=\"text-align: var(--bs-body-text-align)\">o objetivo da palestra \u00e9 apresentar a PROINOVA, a Pulsar Incubadora e o InovaTec Parque Tecnol\u00f3gico, al\u00e9m de sensibilizar a comunidade acad\u00eamica sobre os temas relacionados ao empreendedorismo e inova\u00e7\u00e3o, despertando o interesse dos discentes a fim de agregar conhecimento a sua forma\u00e7\u00e3o t\u00e9cnica.\u00a0<\/span><span style=\"text-align: var(--bs-body-text-align)\">Quando h\u00e1 disponibilidade dos empres\u00e1rios, convidamos representantes das empresas residentes na Incubadora Pulsar para apresentar sua experi\u00eancia e trajet\u00f3ria.<\/span><\/p><p>\u00a0<\/p>\t\t\t\t\t\t<\/div>\n\t\t\t\t<\/div>\n\t\t\t\t\t<\/div>\n\t\t<\/div>\n\t\t\t\t\t<\/div>\n\t\t<\/section>\n\t\t\t\t<section class=\"elementor-section elementor-top-section elementor-element elementor-element-39b90b5 elementor-section-boxed elementor-section-height-default elementor-section-height-default\" data-id=\"39b90b5\" data-element_type=\"section\">\n\t\t\t\t\t\t<div class=\"elementor-container elementor-column-gap-default\">\n\t\t\t\t\t<div class=\"elementor-column elementor-col-100 elementor-top-column elementor-element elementor-element-0bbcfc9\" data-id=\"0bbcfc9\" data-element_type=\"column\">\n\t\t\t<div class=\"elementor-widget-wrap elementor-element-populated\">\n\t\t\t\t\t\t<div class=\"elementor-element elementor-element-5753f4c elementor-widget elementor-widget-text-editor\" data-id=\"5753f4c\" data-element_type=\"widget\" data-widget_type=\"text-editor.default\">\n\t\t\t\t<div class=\"elementor-widget-container\">\n\t\t\t\t\t\t\t<p><b>DIN\u00c2MICA<\/b><\/p><p>Dura\u00e7\u00e3o de 2h<\/p>\t\t\t\t\t\t<\/div>\n\t\t\t\t<\/div>\n\t\t\t\t\t<\/div>\n\t\t<\/div>\n\t\t\t\t\t<\/div>\n\t\t<\/section>\n\t\t\t\t<section class=\"elementor-section elementor-top-section elementor-element elementor-element-2bd43f0 elementor-section-boxed elementor-section-height-default elementor-section-height-default\" data-id=\"2bd43f0\" data-element_type=\"section\">\n\t\t\t\t\t\t<div class=\"elementor-container elementor-column-gap-default\">\n\t\t\t\t\t<div class=\"elementor-column elementor-col-100 elementor-top-column elementor-element elementor-element-6aa0d29\" data-id=\"6aa0d29\" data-element_type=\"column\">\n\t\t\t<div class=\"elementor-widget-wrap elementor-element-populated\">\n\t\t\t\t\t\t<div class=\"elementor-element elementor-element-14a478b elementor-widget elementor-widget-image\" data-id=\"14a478b\" data-element_type=\"widget\" data-widget_type=\"image.default\">\n\t\t\t\t<div class=\"elementor-widget-container\">\n\t\t\t\t\t\t\t\t\t\t\t\t\t<img decoding=\"async\" width=\"799\" height=\"445\" src=\"https:\/\/www.ufsm.br\/app\/uploads\/sites\/399\/2024\/02\/41x4XPxIy6x5CWCaAuimNtOVL2PzVKE4cZeN9MClC4SNwCaNTHyPBdnxqz-7KP0ggW3F-5PPZRyjoguoa_Kz4DS6pEAP6azFMa5na7Iezjw3wEuxbMwaAIp3VutuqEgMPcKnJ8P9zISQ5m4JEwWn6A.jpg\" class=\"attachment-large size-large wp-image-6375\" alt=\"\" srcset=\"https:\/\/www.ufsm.br\/app\/uploads\/sites\/399\/2024\/02\/41x4XPxIy6x5CWCaAuimNtOVL2PzVKE4cZeN9MClC4SNwCaNTHyPBdnxqz-7KP0ggW3F-5PPZRyjoguoa_Kz4DS6pEAP6azFMa5na7Iezjw3wEuxbMwaAIp3VutuqEgMPcKnJ8P9zISQ5m4JEwWn6A.jpg 799w, https:\/\/www.ufsm.br\/app\/uploads\/sites\/399\/2024\/02\/41x4XPxIy6x5CWCaAuimNtOVL2PzVKE4cZeN9MClC4SNwCaNTHyPBdnxqz-7KP0ggW3F-5PPZRyjoguoa_Kz4DS6pEAP6azFMa5na7Iezjw3wEuxbMwaAIp3VutuqEgMPcKnJ8P9zISQ5m4JEwWn6A-300x167.jpg 300w, https:\/\/www.ufsm.br\/app\/uploads\/sites\/399\/2024\/02\/41x4XPxIy6x5CWCaAuimNtOVL2PzVKE4cZeN9MClC4SNwCaNTHyPBdnxqz-7KP0ggW3F-5PPZRyjoguoa_Kz4DS6pEAP6azFMa5na7Iezjw3wEuxbMwaAIp3VutuqEgMPcKnJ8P9zISQ5m4JEwWn6A-768x428.jpg 768w\" sizes=\"(max-width: 799px) 100vw, 799px\" \/>\t\t\t\t\t\t\t\t\t\t\t\t\t<\/div>\n\t\t\t\t<\/div>\n\t\t\t\t\t<\/div>\n\t\t<\/div>\n\t\t\t\t\t<\/div>\n\t\t<\/section>\n\t\t\t\t<section class=\"elementor-section elementor-top-section elementor-element elementor-element-50f11b4 elementor-section-boxed elementor-section-height-default elementor-section-height-default\" data-id=\"50f11b4\" data-element_type=\"section\">\n\t\t\t\t\t\t<div class=\"elementor-container elementor-column-gap-default\">\n\t\t\t\t\t<div class=\"elementor-column elementor-col-100 elementor-top-column elementor-element elementor-element-7951f51\" data-id=\"7951f51\" data-element_type=\"column\">\n\t\t\t<div class=\"elementor-widget-wrap elementor-element-populated\">\n\t\t\t\t\t\t<div class=\"elementor-element elementor-element-52ff0cf elementor-widget elementor-widget-text-editor\" data-id=\"52ff0cf\" data-element_type=\"widget\" data-widget_type=\"text-editor.default\">\n\t\t\t\t<div class=\"elementor-widget-container\">\n\t\t\t\t\t\t\t<p><strong>Descri\u00e7\u00e3o:<\/strong> atividade pr\u00e1tica onde os alunos, divididos em grupo, exercitam e desenvolvem a Lideran\u00e7a, Tomada de Decis\u00e3o, Inova\u00e7\u00e3o, Trabalho em Equipe, Gest\u00e3o de Tempo, Escuta Ativa e Relacionamento Interpessoal.<\/p><p dir=\"ltr\"><a href=\"https:\/\/docs.google.com\/forms\/d\/13hvV4s8eoyhgSwmsmQeAlyCDVZR94q2xVs22l01DYvk\/viewform?edit_requested=true\">Clique aqui para solicitar agendamento<\/a>.<\/p>\t\t\t\t\t\t<\/div>\n\t\t\t\t<\/div>\n\t\t\t\t\t<\/div>\n\t\t<\/div>\n\t\t\t\t\t<\/div>\n\t\t<\/section>\n\t\t\t\t<\/div>\n\t\t","protected":false},"excerpt":{"rendered":"<p>PALESTRAS COM TURMAS Dura\u00e7\u00e3o de 1h \u00e0 1:30h Descri\u00e7\u00e3o:\u00a0o objetivo da palestra \u00e9 apresentar a PROINOVA, a Pulsar Incubadora e o InovaTec Parque Tecnol\u00f3gico, al\u00e9m de sensibilizar a comunidade acad\u00eamica sobre os temas relacionados ao empreendedorismo e inova\u00e7\u00e3o, despertando o interesse dos discentes a fim de agregar conhecimento a sua forma\u00e7\u00e3o t\u00e9cnica.\u00a0Quando h\u00e1 disponibilidade dos [&hellip;]<\/p>\n","protected":false},"author":8513,"featured_media":0,"parent":0,"menu_order":0,"comment_status":"closed","ping_status":"closed","template":"","meta":{"episode_type":"","audio_file":"","cover_image":"","cover_image_id":"","duration":"","filesize":"","date_recorded":"","explicit":"","block":"","filesize_raw":"","footnotes":""},"categories":[],"tags":[],"class_list":["post-3516","page","type-page","status-publish","hentry"],"acf":[],"_links":{"self":[{"href":"https:\/\/www.ufsm.br\/pro-reitorias\/proinova\/wp-json\/wp\/v2\/pages\/3516","targetHints":{"allow":["GET"]}}],"collection":[{"href":"https:\/\/www.ufsm.br\/pro-reitorias\/proinova\/wp-json\/wp\/v2\/pages"}],"about":[{"href":"https:\/\/www.ufsm.br\/pro-reitorias\/proinova\/wp-json\/wp\/v2\/types\/page"}],"author":[{"embeddable":true,"href":"https:\/\/www.ufsm.br\/pro-reitorias\/proinova\/wp-json\/wp\/v2\/users\/8513"}],"replies":[{"embeddable":true,"href":"https:\/\/www.ufsm.br\/pro-reitorias\/proinova\/wp-json\/wp\/v2\/comments?post=3516"}],"version-history":[{"count":0,"href":"https:\/\/www.ufsm.br\/pro-reitorias\/proinova\/wp-json\/wp\/v2\/pages\/3516\/revisions"}],"wp:attachment":[{"href":"https:\/\/www.ufsm.br\/pro-reitorias\/proinova\/wp-json\/wp\/v2\/media?parent=3516"}],"wp:term":[{"taxonomy":"category","embeddable":true,"href":"https:\/\/www.ufsm.br\/pro-reitorias\/proinova\/wp-json\/wp\/v2\/categories?post=3516"},{"taxonomy":"post_tag","embeddable":true,"href":"https:\/\/www.ufsm.br\/pro-reitorias\/proinova\/wp-json\/wp\/v2\/tags?post=3516"}],"curies":[{"name":"wp","href":"https:\/\/api.w.org\/{rel}","templated":true}]}}