{"id":5060,"date":"2023-04-25T16:11:26","date_gmt":"2023-04-25T19:11:26","guid":{"rendered":"https:\/\/www.ufsm.br\/pro-reitorias\/proinova\/?page_id=5060"},"modified":"2024-04-22T11:14:21","modified_gmt":"2024-04-22T14:14:21","slug":"almoxarifado","status":"publish","type":"page","link":"https:\/\/www.ufsm.br\/pro-reitorias\/proinova\/almoxarifado","title":{"rendered":"Almoxarifado"},"content":{"rendered":"\t\t<div data-elementor-type=\"wp-page\" data-elementor-id=\"5060\" class=\"elementor elementor-5060\">\n\t\t\t\t\t\t<section class=\"elementor-section elementor-top-section elementor-element elementor-element-50c42ac elementor-section-boxed elementor-section-height-default elementor-section-height-default\" data-id=\"50c42ac\" data-element_type=\"section\">\n\t\t\t\t\t\t<div class=\"elementor-container elementor-column-gap-default\">\n\t\t\t\t\t<div class=\"elementor-column elementor-col-100 elementor-top-column elementor-element elementor-element-0ce9c39\" data-id=\"0ce9c39\" data-element_type=\"column\">\n\t\t\t<div class=\"elementor-widget-wrap elementor-element-populated\">\n\t\t\t\t\t\t<div class=\"elementor-element elementor-element-9f44a82 elementor-widget elementor-widget-image\" data-id=\"9f44a82\" data-element_type=\"widget\" data-widget_type=\"image.default\">\n\t\t\t\t<div class=\"elementor-widget-container\">\n\t\t\t\t\t\t\t\t\t\t\t\t\t<img fetchpriority=\"high\" decoding=\"async\" width=\"1920\" height=\"477\" src=\"https:\/\/www.ufsm.br\/app\/uploads\/sites\/399\/2023\/04\/Banners_Paginas_naao_Almoxarifado-1.jpg\" class=\"attachment-full size-full wp-image-5071\" alt=\"\" srcset=\"https:\/\/www.ufsm.br\/app\/uploads\/sites\/399\/2023\/04\/Banners_Paginas_naao_Almoxarifado-1.jpg 1920w, https:\/\/www.ufsm.br\/app\/uploads\/sites\/399\/2023\/04\/Banners_Paginas_naao_Almoxarifado-1-300x75.jpg 300w, https:\/\/www.ufsm.br\/app\/uploads\/sites\/399\/2023\/04\/Banners_Paginas_naao_Almoxarifado-1-1024x254.jpg 1024w, https:\/\/www.ufsm.br\/app\/uploads\/sites\/399\/2023\/04\/Banners_Paginas_naao_Almoxarifado-1-768x191.jpg 768w, https:\/\/www.ufsm.br\/app\/uploads\/sites\/399\/2023\/04\/Banners_Paginas_naao_Almoxarifado-1-1536x382.jpg 1536w\" sizes=\"(max-width: 1920px) 100vw, 1920px\" \/>\t\t\t\t\t\t\t\t\t\t\t\t\t<\/div>\n\t\t\t\t<\/div>\n\t\t\t\t\t<\/div>\n\t\t<\/div>\n\t\t\t\t\t<\/div>\n\t\t<\/section>\n\t\t\t\t<section class=\"elementor-section elementor-top-section elementor-element elementor-element-dafe0f5 elementor-section-boxed elementor-section-height-default elementor-section-height-default\" data-id=\"dafe0f5\" data-element_type=\"section\">\n\t\t\t\t\t\t<div class=\"elementor-container elementor-column-gap-default\">\n\t\t\t\t\t<div class=\"elementor-column elementor-col-100 elementor-top-column elementor-element elementor-element-978d0f4\" data-id=\"978d0f4\" data-element_type=\"column\">\n\t\t\t<div class=\"elementor-widget-wrap elementor-element-populated\">\n\t\t\t\t\t\t<div class=\"elementor-element elementor-element-e0d2cb8 elementor-widget elementor-widget-text-editor\" data-id=\"e0d2cb8\" data-element_type=\"widget\" data-widget_type=\"text-editor.default\">\n\t\t\t\t<div class=\"elementor-widget-container\">\n\t\t\t\t\t\t\t<p dir=\"ltr\" style=\"line-height: 1.3800000000000001;text-align: justify;background-color: #ffffff;margin-top: 0pt;margin-bottom: 0pt;padding: 0pt 0pt 12pt 0pt\"><span style=\"color: #222222;font-family: arial, sans-serif;font-size: small;text-align: start\">O Almoxarifado Central \u00e9 um espa\u00e7o destinado \u00e0 guarda de materiais de consumo necess\u00e1rios para o andamento das atividades letivas e administrativas na Universidade Federal de Santa Maria (UFSM), bem como para realizar as recep\u00e7\u00f5es, confer\u00eancias e distribui\u00e7\u00f5es dos produtos de consumo, adquiridos pelos demais departamentos e subunidades. Sob a gest\u00e3o do DEMAPA, o Almoxarifado Central solicita a licita\u00e7\u00e3o de itens de uso corrente na UFSM. Dessa forma, ap\u00f3s a licita\u00e7\u00e3o, a Divis\u00e3o de Almoxarifado Central realiza o empenho destes itens em grande quantidade, visando formar estoque e atender as diversas subunidades da UFSM da maneira mais r\u00e1pida poss\u00edvel.<\/span><\/p><p dir=\"ltr\" style=\"line-height: 1.3800000000000001;text-align: justify;background-color: #ffffff;margin-top: 0pt;margin-bottom: 0pt;padding: 0pt 0pt 12pt 0pt\"><br style=\"color: #222222;font-family: arial, sans-serif;font-size: small;text-align: start\" \/><span style=\"color: #222222;font-family: arial, sans-serif;font-size: small;text-align: start\">O solicitante do material dever\u00e1 encaminhar por e-mail ao\u00a0<\/span><span style=\"color: #222222;font-family: Arial, Helvetica, sans-serif;font-size: small;text-align: start\">N\u00facleo de Apoio Administrativo e Or\u00e7ament\u00e1rio\/PROINOVA<\/span><span style=\"color: #222222;font-family: arial, sans-serif;font-size: small;text-align: start\">\u00a0&#8211; <a href=\"mailto:proinova.financeiro@ufsm.br\">proinova.financeiro@ufsm.br<\/a> a solicita\u00e7\u00e3o detalhando os c\u00f3digos e as quantidades dos itens desejados e o local de entrega. A consulta aos itens dispon\u00edveis em estoque pode ser realizada clicando no bot\u00e3o Consulta Itens em Estoque, dispon\u00edvel logo abaixo.<\/span><\/p><p dir=\"ltr\" style=\"line-height: 1.3800000000000001;text-align: justify;background-color: #ffffff;margin-top: 0pt;margin-bottom: 0pt;padding: 0pt 0pt 12pt 0pt\"><br style=\"color: #222222;font-family: arial, sans-serif;font-size: small;text-align: start\" \/><span style=\"color: #222222;font-family: arial, sans-serif;font-size: small;text-align: start\">Orienta-se solicitar o material com <strong>no m\u00ednimo 7 dias de anteced\u00eancia<\/strong> da necessidade prevista.<\/span><\/p>\t\t\t\t\t\t<\/div>\n\t\t\t\t<\/div>\n\t\t\t\t\t<\/div>\n\t\t<\/div>\n\t\t\t\t\t<\/div>\n\t\t<\/section>\n\t\t\t\t<section class=\"elementor-section elementor-top-section elementor-element elementor-element-91f88ab elementor-section-boxed elementor-section-height-default elementor-section-height-default\" data-id=\"91f88ab\" data-element_type=\"section\">\n\t\t\t\t\t\t<div class=\"elementor-container elementor-column-gap-default\">\n\t\t\t\t\t<div class=\"elementor-column elementor-col-100 elementor-top-column elementor-element elementor-element-c9cfdb7\" data-id=\"c9cfdb7\" data-element_type=\"column\" data-settings=\"{&quot;background_background&quot;:&quot;classic&quot;}\">\n\t\t\t<div class=\"elementor-widget-wrap elementor-element-populated\">\n\t\t\t\t\t\t<div class=\"elementor-element elementor-element-d3d27c0 elementor-widget elementor-widget-text-editor\" data-id=\"d3d27c0\" data-element_type=\"widget\" data-widget_type=\"text-editor.default\">\n\t\t\t\t<div class=\"elementor-widget-container\">\n\t\t\t\t\t\t\t<p dir=\"ltr\" style=\"line-height: 1.38;margin-top: 0pt;margin-bottom: 0pt;text-align: center\"><a href=\"https:\/\/www.ufsm.br\/orgaos-executivos\/demapa\/produtos-em-estoque\"><span style=\"color: #000000\"><strong><u>ACESSE OS PRODUTOS EM ESTOQUE DO DEMAPA<\/u><\/strong><\/span><\/a><\/p>\t\t\t\t\t\t<\/div>\n\t\t\t\t<\/div>\n\t\t\t\t\t<\/div>\n\t\t<\/div>\n\t\t\t\t\t<\/div>\n\t\t<\/section>\n\t\t\t\t<section class=\"elementor-section elementor-top-section elementor-element elementor-element-82f37a2 elementor-section-boxed elementor-section-height-default elementor-section-height-default\" data-id=\"82f37a2\" data-element_type=\"section\">\n\t\t\t\t\t\t<div class=\"elementor-container elementor-column-gap-default\">\n\t\t\t\t\t<div class=\"elementor-column elementor-col-100 elementor-top-column elementor-element elementor-element-36659b5\" data-id=\"36659b5\" data-element_type=\"column\">\n\t\t\t<div class=\"elementor-widget-wrap\">\n\t\t\t\t\t\t\t<\/div>\n\t\t<\/div>\n\t\t\t\t\t<\/div>\n\t\t<\/section>\n\t\t\t\t<section class=\"elementor-section elementor-top-section elementor-element elementor-element-60cdc7c elementor-section-boxed elementor-section-height-default elementor-section-height-default\" data-id=\"60cdc7c\" data-element_type=\"section\">\n\t\t\t\t\t\t<div class=\"elementor-container elementor-column-gap-default\">\n\t\t\t\t\t<div class=\"elementor-column elementor-col-100 elementor-top-column elementor-element elementor-element-ecc14c7\" data-id=\"ecc14c7\" data-element_type=\"column\">\n\t\t\t<div class=\"elementor-widget-wrap elementor-element-populated\">\n\t\t\t\t\t\t<div class=\"elementor-element elementor-element-12b1ed8 elementor-widget elementor-widget-image\" data-id=\"12b1ed8\" data-element_type=\"widget\" data-widget_type=\"image.default\">\n\t\t\t\t<div class=\"elementor-widget-container\">\n\t\t\t\t\t\t\t\t\t\t\t\t\t<img decoding=\"async\" width=\"1920\" height=\"806\" src=\"https:\/\/www.ufsm.br\/app\/uploads\/sites\/399\/2023\/04\/infografico-01.jpg\" class=\"attachment-full size-full wp-image-5134\" alt=\"\" srcset=\"https:\/\/www.ufsm.br\/app\/uploads\/sites\/399\/2023\/04\/infografico-01.jpg 1920w, https:\/\/www.ufsm.br\/app\/uploads\/sites\/399\/2023\/04\/infografico-01-300x126.jpg 300w, https:\/\/www.ufsm.br\/app\/uploads\/sites\/399\/2023\/04\/infografico-01-1024x430.jpg 1024w, https:\/\/www.ufsm.br\/app\/uploads\/sites\/399\/2023\/04\/infografico-01-768x322.jpg 768w, https:\/\/www.ufsm.br\/app\/uploads\/sites\/399\/2023\/04\/infografico-01-1536x645.jpg 1536w\" sizes=\"(max-width: 1920px) 100vw, 1920px\" \/>\t\t\t\t\t\t\t\t\t\t\t\t\t<\/div>\n\t\t\t\t<\/div>\n\t\t\t\t\t<\/div>\n\t\t<\/div>\n\t\t\t\t\t<\/div>\n\t\t<\/section>\n\t\t\t\t<\/div>\n\t\t","protected":false},"excerpt":{"rendered":"<p>O Almoxarifado Central \u00e9 um espa\u00e7o destinado \u00e0 guarda de materiais de consumo necess\u00e1rios para o andamento das atividades letivas e administrativas na Universidade Federal de Santa Maria (UFSM), bem como para realizar as recep\u00e7\u00f5es, confer\u00eancias e distribui\u00e7\u00f5es dos produtos de consumo, adquiridos pelos demais departamentos e subunidades. Sob a gest\u00e3o do DEMAPA, o Almoxarifado [&hellip;]<\/p>\n","protected":false},"author":4518,"featured_media":0,"parent":0,"menu_order":0,"comment_status":"closed","ping_status":"closed","template":"","meta":{"episode_type":"","audio_file":"","cover_image":"","cover_image_id":"","duration":"","filesize":"","date_recorded":"","explicit":"","block":"","filesize_raw":"","footnotes":""},"categories":[],"tags":[],"class_list":["post-5060","page","type-page","status-publish","hentry"],"acf":[],"_links":{"self":[{"href":"https:\/\/www.ufsm.br\/pro-reitorias\/proinova\/wp-json\/wp\/v2\/pages\/5060","targetHints":{"allow":["GET"]}}],"collection":[{"href":"https:\/\/www.ufsm.br\/pro-reitorias\/proinova\/wp-json\/wp\/v2\/pages"}],"about":[{"href":"https:\/\/www.ufsm.br\/pro-reitorias\/proinova\/wp-json\/wp\/v2\/types\/page"}],"author":[{"embeddable":true,"href":"https:\/\/www.ufsm.br\/pro-reitorias\/proinova\/wp-json\/wp\/v2\/users\/4518"}],"replies":[{"embeddable":true,"href":"https:\/\/www.ufsm.br\/pro-reitorias\/proinova\/wp-json\/wp\/v2\/comments?post=5060"}],"version-history":[{"count":0,"href":"https:\/\/www.ufsm.br\/pro-reitorias\/proinova\/wp-json\/wp\/v2\/pages\/5060\/revisions"}],"wp:attachment":[{"href":"https:\/\/www.ufsm.br\/pro-reitorias\/proinova\/wp-json\/wp\/v2\/media?parent=5060"}],"wp:term":[{"taxonomy":"category","embeddable":true,"href":"https:\/\/www.ufsm.br\/pro-reitorias\/proinova\/wp-json\/wp\/v2\/categories?post=5060"},{"taxonomy":"post_tag","embeddable":true,"href":"https:\/\/www.ufsm.br\/pro-reitorias\/proinova\/wp-json\/wp\/v2\/tags?post=5060"}],"curies":[{"name":"wp","href":"https:\/\/api.w.org\/{rel}","templated":true}]}}