{"id":5072,"date":"2023-04-25T16:23:02","date_gmt":"2023-04-25T19:23:02","guid":{"rendered":"https:\/\/www.ufsm.br\/pro-reitorias\/proinova\/?page_id=5072"},"modified":"2023-12-11T16:30:42","modified_gmt":"2023-12-11T19:30:42","slug":"bolsas","status":"publish","type":"page","link":"https:\/\/www.ufsm.br\/pro-reitorias\/proinova\/bolsas","title":{"rendered":"Bolsas"},"content":{"rendered":"\t\t<div data-elementor-type=\"wp-page\" data-elementor-id=\"5072\" class=\"elementor elementor-5072\">\n\t\t\t\t\t\t<section class=\"elementor-section elementor-top-section elementor-element elementor-element-4fed18a elementor-section-boxed elementor-section-height-default elementor-section-height-default\" data-id=\"4fed18a\" data-element_type=\"section\">\n\t\t\t\t\t\t<div class=\"elementor-container elementor-column-gap-default\">\n\t\t\t\t\t<div class=\"elementor-column elementor-col-100 elementor-top-column elementor-element elementor-element-5911947\" data-id=\"5911947\" data-element_type=\"column\">\n\t\t\t<div class=\"elementor-widget-wrap elementor-element-populated\">\n\t\t\t\t\t\t<div class=\"elementor-element elementor-element-0acde38 elementor-widget elementor-widget-image\" data-id=\"0acde38\" data-element_type=\"widget\" data-widget_type=\"image.default\">\n\t\t\t\t<div class=\"elementor-widget-container\">\n\t\t\t\t\t\t\t\t\t\t\t\t\t<img fetchpriority=\"high\" decoding=\"async\" width=\"1920\" height=\"477\" src=\"https:\/\/www.ufsm.br\/app\/uploads\/sites\/399\/2023\/04\/Banners_Paginas_naao_Bolsas.jpg\" class=\"attachment-full size-full wp-image-5064\" alt=\"\" srcset=\"https:\/\/www.ufsm.br\/app\/uploads\/sites\/399\/2023\/04\/Banners_Paginas_naao_Bolsas.jpg 1920w, https:\/\/www.ufsm.br\/app\/uploads\/sites\/399\/2023\/04\/Banners_Paginas_naao_Bolsas-300x75.jpg 300w, https:\/\/www.ufsm.br\/app\/uploads\/sites\/399\/2023\/04\/Banners_Paginas_naao_Bolsas-1024x254.jpg 1024w, https:\/\/www.ufsm.br\/app\/uploads\/sites\/399\/2023\/04\/Banners_Paginas_naao_Bolsas-768x191.jpg 768w, https:\/\/www.ufsm.br\/app\/uploads\/sites\/399\/2023\/04\/Banners_Paginas_naao_Bolsas-1536x382.jpg 1536w\" sizes=\"(max-width: 1920px) 100vw, 1920px\" \/>\t\t\t\t\t\t\t\t\t\t\t\t\t<\/div>\n\t\t\t\t<\/div>\n\t\t\t\t\t<\/div>\n\t\t<\/div>\n\t\t\t\t\t<\/div>\n\t\t<\/section>\n\t\t\t\t<section class=\"elementor-section elementor-top-section elementor-element elementor-element-87027f8 elementor-section-boxed elementor-section-height-default elementor-section-height-default\" data-id=\"87027f8\" data-element_type=\"section\">\n\t\t\t\t\t\t<div class=\"elementor-container elementor-column-gap-default\">\n\t\t\t\t\t<div class=\"elementor-column elementor-col-50 elementor-top-column elementor-element elementor-element-91cec35\" data-id=\"91cec35\" data-element_type=\"column\">\n\t\t\t<div class=\"elementor-widget-wrap elementor-element-populated\">\n\t\t\t\t\t\t<section class=\"elementor-section elementor-inner-section elementor-element elementor-element-c22c94a elementor-section-boxed elementor-section-height-default elementor-section-height-default\" data-id=\"c22c94a\" data-element_type=\"section\">\n\t\t\t\t\t\t<div class=\"elementor-container elementor-column-gap-default\">\n\t\t\t\t\t<div class=\"elementor-column elementor-col-100 elementor-inner-column elementor-element elementor-element-9375dfd\" data-id=\"9375dfd\" data-element_type=\"column\">\n\t\t\t<div class=\"elementor-widget-wrap elementor-element-populated\">\n\t\t\t\t\t\t<div class=\"elementor-element elementor-element-2db43f8 elementor-widget elementor-widget-text-editor\" data-id=\"2db43f8\" data-element_type=\"widget\" data-widget_type=\"text-editor.default\">\n\t\t\t\t<div class=\"elementor-widget-container\">\n\t\t\t\t\t\t\t<p dir=\"ltr\" style=\"line-height: 1.38;background-color: #ffffff;margin-top: 0pt;margin-bottom: 0pt;padding: 0pt 0pt 12pt;text-align: left\"><span style=\"color: #222222;font-size: small;font-family: arial, sans-serif\">As bolsas de estudo s\u00e3o aux\u00edlios destinados aos alunos e s\u00e3o reguladas pela Resolu\u00e7\u00e3o 001\/2013, a qual disp\u00f5e sobre concess\u00e3o, crit\u00e9rios de acesso, perman\u00eancia e suspens\u00e3o de Bolsas Estudantis de Ensino, de Pesquisa e de Extens\u00e3o da Universidade Federal de Santa Maria\u00a0<\/span><span style=\"color: #222222;font-size: small;font-family: arial, sans-serif\">(UFSM)<\/span><span style=\"color: #222222;font-size: small;font-family: arial, sans-serif\">.<\/span><\/p><p dir=\"ltr\" style=\"line-height: 1.38;background-color: #ffffff;margin-top: 0pt;margin-bottom: 0pt;padding: 0pt 0pt 12pt;text-align: left\"><span style=\"color: #222222;font-size: small;font-family: arial, sans-serif\"><br \/>A sele\u00e7\u00e3o dos candidatos \u00e0s bolsas s\u00e3o de responsabilidade de cada coordenadoria\/n\u00facleo, assim como o preenchimento dos formul\u00e1rios, que depois, contendo as solicita\u00e7\u00f5es para a concess\u00e3o deste aux\u00edlio dever\u00e3o ser encaminhadas ao N\u00facleo de Gest\u00e3o Or\u00e7ament\u00e1ria\/PROINOVA <strong>at\u00e9 o dia 20 de cada m\u00eas<\/strong>. Os pagamentos s\u00e3o realizados na primeira semana \u00fatil do m\u00eas subsequente ao encaminhamento da solicita\u00e7\u00e3o.<\/span><\/p><p dir=\"ltr\" style=\"line-height: 1.38;background-color: #ffffff;margin-top: 0pt;margin-bottom: 0pt;padding: 0pt 0pt 12pt;text-align: left\"><span style=\"color: #222222;font-size: small;font-family: arial, sans-serif\"><br \/>Ao lado o formul\u00e1rio para solicita\u00e7\u00e3o das bolsas, aplic\u00e1vel tanto a bolsas de recursos pr\u00f3prios ou projetos em funda\u00e7\u00e3o, o mesmo ap\u00f3s preenchido e assinado deve ser enviado para o N\u00facleo de Gest\u00e3o Or\u00e7ament\u00e1ria\/PROINOVA &#8211;\u00a0<a style=\"color: #1155cc\" href=\"mailto:proinova.financeiro@ufsm.br\" target=\"_blank\" rel=\"noopener\">proinova.financeiro@ufsm.br<\/a>\u00a0<strong>acompanhado dos documentos solicitados no formul\u00e1rio.<\/strong><br \/><\/span><\/p>\t\t\t\t\t\t<\/div>\n\t\t\t\t<\/div>\n\t\t\t\t\t<\/div>\n\t\t<\/div>\n\t\t\t\t\t<\/div>\n\t\t<\/section>\n\t\t\t\t\t<\/div>\n\t\t<\/div>\n\t\t\t\t<div class=\"elementor-column elementor-col-50 elementor-top-column elementor-element elementor-element-b437316\" data-id=\"b437316\" data-element_type=\"column\">\n\t\t\t<div class=\"elementor-widget-wrap elementor-element-populated\">\n\t\t\t\t\t\t<div class=\"elementor-element elementor-element-3d9dc54 elementor-widget elementor-widget-image\" data-id=\"3d9dc54\" data-element_type=\"widget\" data-widget_type=\"image.default\">\n\t\t\t\t<div class=\"elementor-widget-container\">\n\t\t\t\t\t\t\t\t\t\t\t\t\t\t<a href=\"https:\/\/www.ufsm.br\/app\/uploads\/sites\/399\/2023\/12\/Formulario-para-bolsa-3.docx\">\n\t\t\t\t\t\t\t<img decoding=\"async\" width=\"394\" height=\"262\" src=\"https:\/\/www.ufsm.br\/app\/uploads\/sites\/399\/2023\/04\/Formulario_documentos-e-processos-copia.png\" class=\"elementor-animation-shrink attachment-full size-full wp-image-5073\" alt=\"\" srcset=\"https:\/\/www.ufsm.br\/app\/uploads\/sites\/399\/2023\/04\/Formulario_documentos-e-processos-copia.png 394w, https:\/\/www.ufsm.br\/app\/uploads\/sites\/399\/2023\/04\/Formulario_documentos-e-processos-copia-300x199.png 300w, https:\/\/www.ufsm.br\/app\/uploads\/sites\/399\/2023\/04\/Formulario_documentos-e-processos-copia-272x182.png 272w\" sizes=\"(max-width: 394px) 100vw, 394px\" \/>\t\t\t\t\t\t\t\t<\/a>\n\t\t\t\t\t\t\t\t\t\t\t\t\t<\/div>\n\t\t\t\t<\/div>\n\t\t\t\t\t<\/div>\n\t\t<\/div>\n\t\t\t\t\t<\/div>\n\t\t<\/section>\n\t\t\t\t<\/div>\n\t\t","protected":false},"excerpt":{"rendered":"<p>As bolsas de estudo s\u00e3o aux\u00edlios destinados aos alunos e s\u00e3o reguladas pela Resolu\u00e7\u00e3o 001\/2013, a qual disp\u00f5e sobre concess\u00e3o, crit\u00e9rios de acesso, perman\u00eancia e suspens\u00e3o de Bolsas Estudantis de Ensino, de Pesquisa e de Extens\u00e3o da Universidade Federal de Santa Maria\u00a0(UFSM). A sele\u00e7\u00e3o dos candidatos \u00e0s bolsas s\u00e3o de responsabilidade de cada coordenadoria\/n\u00facleo, assim [&hellip;]<\/p>\n","protected":false},"author":4518,"featured_media":0,"parent":0,"menu_order":0,"comment_status":"closed","ping_status":"closed","template":"","meta":{"episode_type":"","audio_file":"","cover_image":"","cover_image_id":"","duration":"","filesize":"","date_recorded":"","explicit":"","block":"","filesize_raw":"","footnotes":""},"categories":[],"tags":[],"class_list":["post-5072","page","type-page","status-publish","hentry"],"acf":[],"_links":{"self":[{"href":"https:\/\/www.ufsm.br\/pro-reitorias\/proinova\/wp-json\/wp\/v2\/pages\/5072","targetHints":{"allow":["GET"]}}],"collection":[{"href":"https:\/\/www.ufsm.br\/pro-reitorias\/proinova\/wp-json\/wp\/v2\/pages"}],"about":[{"href":"https:\/\/www.ufsm.br\/pro-reitorias\/proinova\/wp-json\/wp\/v2\/types\/page"}],"author":[{"embeddable":true,"href":"https:\/\/www.ufsm.br\/pro-reitorias\/proinova\/wp-json\/wp\/v2\/users\/4518"}],"replies":[{"embeddable":true,"href":"https:\/\/www.ufsm.br\/pro-reitorias\/proinova\/wp-json\/wp\/v2\/comments?post=5072"}],"version-history":[{"count":0,"href":"https:\/\/www.ufsm.br\/pro-reitorias\/proinova\/wp-json\/wp\/v2\/pages\/5072\/revisions"}],"wp:attachment":[{"href":"https:\/\/www.ufsm.br\/pro-reitorias\/proinova\/wp-json\/wp\/v2\/media?parent=5072"}],"wp:term":[{"taxonomy":"category","embeddable":true,"href":"https:\/\/www.ufsm.br\/pro-reitorias\/proinova\/wp-json\/wp\/v2\/categories?post=5072"},{"taxonomy":"post_tag","embeddable":true,"href":"https:\/\/www.ufsm.br\/pro-reitorias\/proinova\/wp-json\/wp\/v2\/tags?post=5072"}],"curies":[{"name":"wp","href":"https:\/\/api.w.org\/{rel}","templated":true}]}}