{"id":5079,"date":"2023-04-25T16:45:34","date_gmt":"2023-04-25T19:45:34","guid":{"rendered":"https:\/\/www.ufsm.br\/pro-reitorias\/proinova\/?page_id=5079"},"modified":"2023-12-11T16:34:55","modified_gmt":"2023-12-11T19:34:55","slug":"despesas","status":"publish","type":"page","link":"https:\/\/www.ufsm.br\/pro-reitorias\/proinova\/despesas","title":{"rendered":"Despesas"},"content":{"rendered":"\t\t<div data-elementor-type=\"wp-page\" data-elementor-id=\"5079\" class=\"elementor elementor-5079\">\n\t\t\t\t\t\t<section class=\"elementor-section elementor-top-section elementor-element elementor-element-b5883c5 elementor-section-boxed elementor-section-height-default elementor-section-height-default\" data-id=\"b5883c5\" data-element_type=\"section\">\n\t\t\t\t\t\t<div class=\"elementor-container elementor-column-gap-default\">\n\t\t\t\t\t<div class=\"elementor-column elementor-col-100 elementor-top-column elementor-element elementor-element-27faaf5\" data-id=\"27faaf5\" data-element_type=\"column\">\n\t\t\t<div class=\"elementor-widget-wrap elementor-element-populated\">\n\t\t\t\t\t\t<div class=\"elementor-element elementor-element-60fad9c elementor-widget elementor-widget-image\" data-id=\"60fad9c\" data-element_type=\"widget\" data-widget_type=\"image.default\">\n\t\t\t\t<div class=\"elementor-widget-container\">\n\t\t\t\t\t\t\t\t\t\t\t\t\t<img fetchpriority=\"high\" decoding=\"async\" width=\"1920\" height=\"477\" src=\"https:\/\/www.ufsm.br\/app\/uploads\/sites\/399\/2023\/04\/Banners_Paginas_naao_Despesas.jpg\" class=\"attachment-full size-full wp-image-5067\" alt=\"\" srcset=\"https:\/\/www.ufsm.br\/app\/uploads\/sites\/399\/2023\/04\/Banners_Paginas_naao_Despesas.jpg 1920w, https:\/\/www.ufsm.br\/app\/uploads\/sites\/399\/2023\/04\/Banners_Paginas_naao_Despesas-300x75.jpg 300w, https:\/\/www.ufsm.br\/app\/uploads\/sites\/399\/2023\/04\/Banners_Paginas_naao_Despesas-1024x254.jpg 1024w, https:\/\/www.ufsm.br\/app\/uploads\/sites\/399\/2023\/04\/Banners_Paginas_naao_Despesas-768x191.jpg 768w, https:\/\/www.ufsm.br\/app\/uploads\/sites\/399\/2023\/04\/Banners_Paginas_naao_Despesas-1536x382.jpg 1536w\" sizes=\"(max-width: 1920px) 100vw, 1920px\" \/>\t\t\t\t\t\t\t\t\t\t\t\t\t<\/div>\n\t\t\t\t<\/div>\n\t\t\t\t\t<\/div>\n\t\t<\/div>\n\t\t\t\t\t<\/div>\n\t\t<\/section>\n\t\t\t\t<section class=\"elementor-section elementor-top-section elementor-element elementor-element-3bd604b elementor-section-boxed elementor-section-height-default elementor-section-height-default\" data-id=\"3bd604b\" data-element_type=\"section\">\n\t\t\t\t\t\t<div class=\"elementor-container elementor-column-gap-default\">\n\t\t\t\t\t<div class=\"elementor-column elementor-col-50 elementor-top-column elementor-element elementor-element-2cb3342\" data-id=\"2cb3342\" data-element_type=\"column\">\n\t\t\t<div class=\"elementor-widget-wrap elementor-element-populated\">\n\t\t\t\t\t\t<div class=\"elementor-element elementor-element-9d5372c elementor-widget elementor-widget-text-editor\" data-id=\"9d5372c\" data-element_type=\"widget\" data-widget_type=\"text-editor.default\">\n\t\t\t\t<div class=\"elementor-widget-container\">\n\t\t\t\t\t\t\t<p dir=\"ltr\" style=\"line-height: 1.3800000000000001;margin-top: 0pt;margin-bottom: 0pt\"><span style=\"color: #222222;font-family: arial, sans-serif;font-size: small;font-weight: var( --e-global-typography-text-font-weight );text-align: var(--bs-body-text-align)\">Trata-se de restitui\u00e7\u00e3o de gastos j\u00e1 efetuados, mediante apresenta\u00e7\u00e3o de documento com validade fiscal.<\/span><\/p><p dir=\"ltr\" style=\"line-height: 1.3800000000000001;margin-top: 0pt;margin-bottom: 0pt\"><span style=\"color: #222222;font-family: arial, sans-serif;font-size: small;font-weight: var( --e-global-typography-text-font-weight );text-align: var(--bs-body-text-align)\">\u00a0<\/span><\/p><p dir=\"ltr\" style=\"line-height: 1.3800000000000001;margin-top: 0pt;margin-bottom: 0pt\"><span style=\"color: #222222;font-family: arial, sans-serif;font-size: small\">Os reembolsos s\u00e3o realizados por meio de recursos na funda\u00e7\u00e3o de apoio, devendo portanto primeiramente serem autorizados junto ao coordenador do projeto antes da realiza\u00e7\u00e3o da despesa, e na sua realiza\u00e7\u00e3o deve-se atentar para incluir o CNPJ da funda\u00e7\u00e3o na nota fiscal, realizar o pagamento no d\u00e9bito ou cr\u00e9dito (para ter o comprovante do pagamento) e ainda n\u00e3o ultrapassar o valor dos R$ 800,00 (oitocentos reais).<\/span><\/p><p dir=\"ltr\" style=\"line-height: 1.3800000000000001;margin-top: 0pt;margin-bottom: 0pt\"><br style=\"color: #222222;font-family: arial, sans-serif;font-size: small\" \/><span style=\"color: #222222;font-family: arial, sans-serif;font-size: small\">Ao lado o formul\u00e1rio para solicita\u00e7\u00e3o de reembolso, o mesmo ap\u00f3s preenchido e assinado deve ser enviado para o N\u00facleo de Gest\u00e3o Or\u00e7ament\u00e1ria\/PROINOVA &#8211; <a href=\"mailto:proinova.financeiro@ufsm.br\">proinova.financeiro@ufsm.br<\/a> acompanhado dos comprovantes.\u00a0 Estes pedidos levam<strong> em m\u00e9dia 10 dias para serem reembolsados ao solicitante.<\/strong><\/span><\/p>\t\t\t\t\t\t<\/div>\n\t\t\t\t<\/div>\n\t\t\t\t\t<\/div>\n\t\t<\/div>\n\t\t\t\t<div class=\"elementor-column elementor-col-50 elementor-top-column elementor-element elementor-element-77829fa\" data-id=\"77829fa\" data-element_type=\"column\">\n\t\t\t<div class=\"elementor-widget-wrap elementor-element-populated\">\n\t\t\t\t\t\t<div class=\"elementor-element elementor-element-5293cdf elementor-widget elementor-widget-image\" data-id=\"5293cdf\" data-element_type=\"widget\" data-widget_type=\"image.default\">\n\t\t\t\t<div class=\"elementor-widget-container\">\n\t\t\t\t\t\t\t\t\t\t\t\t\t\t<a href=\"https:\/\/www.ufsm.br\/app\/uploads\/sites\/399\/2023\/12\/Formulario-para-reembolso-de-despesas-1-1.docx\">\n\t\t\t\t\t\t\t<img decoding=\"async\" width=\"394\" height=\"262\" src=\"https:\/\/www.ufsm.br\/app\/uploads\/sites\/399\/2023\/04\/Formulario_documentos-e-processos-copia.png\" class=\"elementor-animation-shrink attachment-large size-large wp-image-5073\" alt=\"\" srcset=\"https:\/\/www.ufsm.br\/app\/uploads\/sites\/399\/2023\/04\/Formulario_documentos-e-processos-copia.png 394w, https:\/\/www.ufsm.br\/app\/uploads\/sites\/399\/2023\/04\/Formulario_documentos-e-processos-copia-300x199.png 300w, https:\/\/www.ufsm.br\/app\/uploads\/sites\/399\/2023\/04\/Formulario_documentos-e-processos-copia-272x182.png 272w\" sizes=\"(max-width: 394px) 100vw, 394px\" \/>\t\t\t\t\t\t\t\t<\/a>\n\t\t\t\t\t\t\t\t\t\t\t\t\t<\/div>\n\t\t\t\t<\/div>\n\t\t\t\t\t<\/div>\n\t\t<\/div>\n\t\t\t\t\t<\/div>\n\t\t<\/section>\n\t\t\t\t<\/div>\n\t\t","protected":false},"excerpt":{"rendered":"<p>Trata-se de restitui\u00e7\u00e3o de gastos j\u00e1 efetuados, mediante apresenta\u00e7\u00e3o de documento com validade fiscal. \u00a0 Os reembolsos s\u00e3o realizados por meio de recursos na funda\u00e7\u00e3o de apoio, devendo portanto primeiramente serem autorizados junto ao coordenador do projeto antes da realiza\u00e7\u00e3o da despesa, e na sua realiza\u00e7\u00e3o deve-se atentar para incluir o CNPJ da funda\u00e7\u00e3o na [&hellip;]<\/p>\n","protected":false},"author":4518,"featured_media":0,"parent":0,"menu_order":0,"comment_status":"closed","ping_status":"closed","template":"","meta":{"episode_type":"","audio_file":"","cover_image":"","cover_image_id":"","duration":"","filesize":"","date_recorded":"","explicit":"","block":"","filesize_raw":"","footnotes":""},"categories":[],"tags":[],"class_list":["post-5079","page","type-page","status-publish","hentry"],"acf":[],"_links":{"self":[{"href":"https:\/\/www.ufsm.br\/pro-reitorias\/proinova\/wp-json\/wp\/v2\/pages\/5079","targetHints":{"allow":["GET"]}}],"collection":[{"href":"https:\/\/www.ufsm.br\/pro-reitorias\/proinova\/wp-json\/wp\/v2\/pages"}],"about":[{"href":"https:\/\/www.ufsm.br\/pro-reitorias\/proinova\/wp-json\/wp\/v2\/types\/page"}],"author":[{"embeddable":true,"href":"https:\/\/www.ufsm.br\/pro-reitorias\/proinova\/wp-json\/wp\/v2\/users\/4518"}],"replies":[{"embeddable":true,"href":"https:\/\/www.ufsm.br\/pro-reitorias\/proinova\/wp-json\/wp\/v2\/comments?post=5079"}],"version-history":[{"count":0,"href":"https:\/\/www.ufsm.br\/pro-reitorias\/proinova\/wp-json\/wp\/v2\/pages\/5079\/revisions"}],"wp:attachment":[{"href":"https:\/\/www.ufsm.br\/pro-reitorias\/proinova\/wp-json\/wp\/v2\/media?parent=5079"}],"wp:term":[{"taxonomy":"category","embeddable":true,"href":"https:\/\/www.ufsm.br\/pro-reitorias\/proinova\/wp-json\/wp\/v2\/categories?post=5079"},{"taxonomy":"post_tag","embeddable":true,"href":"https:\/\/www.ufsm.br\/pro-reitorias\/proinova\/wp-json\/wp\/v2\/tags?post=5079"}],"curies":[{"name":"wp","href":"https:\/\/api.w.org\/{rel}","templated":true}]}}