{"id":5080,"date":"2023-04-25T16:50:41","date_gmt":"2023-04-25T19:50:41","guid":{"rendered":"https:\/\/www.ufsm.br\/pro-reitorias\/proinova\/?page_id=5080"},"modified":"2024-04-22T11:22:51","modified_gmt":"2024-04-22T14:22:51","slug":"diarias","status":"publish","type":"page","link":"https:\/\/www.ufsm.br\/pro-reitorias\/proinova\/diarias","title":{"rendered":"Di\u00e1rias"},"content":{"rendered":"\t\t<div data-elementor-type=\"wp-page\" data-elementor-id=\"5080\" class=\"elementor elementor-5080\">\n\t\t\t\t\t\t<section class=\"elementor-section elementor-top-section elementor-element elementor-element-44f9711 elementor-section-boxed elementor-section-height-default elementor-section-height-default\" data-id=\"44f9711\" data-element_type=\"section\">\n\t\t\t\t\t\t<div class=\"elementor-container elementor-column-gap-default\">\n\t\t\t\t\t<div class=\"elementor-column elementor-col-100 elementor-top-column elementor-element elementor-element-2e8f72a\" data-id=\"2e8f72a\" data-element_type=\"column\">\n\t\t\t<div class=\"elementor-widget-wrap elementor-element-populated\">\n\t\t\t\t\t\t<div class=\"elementor-element elementor-element-02b29e2 elementor-widget elementor-widget-image\" data-id=\"02b29e2\" data-element_type=\"widget\" data-widget_type=\"image.default\">\n\t\t\t\t<div class=\"elementor-widget-container\">\n\t\t\t\t\t\t\t\t\t\t\t\t\t<img fetchpriority=\"high\" decoding=\"async\" width=\"1920\" height=\"477\" src=\"https:\/\/www.ufsm.br\/app\/uploads\/sites\/399\/2023\/04\/Banners_Paginas_naao_Diarias.jpg\" class=\"attachment-full size-full wp-image-5068\" alt=\"\" srcset=\"https:\/\/www.ufsm.br\/app\/uploads\/sites\/399\/2023\/04\/Banners_Paginas_naao_Diarias.jpg 1920w, https:\/\/www.ufsm.br\/app\/uploads\/sites\/399\/2023\/04\/Banners_Paginas_naao_Diarias-300x75.jpg 300w, https:\/\/www.ufsm.br\/app\/uploads\/sites\/399\/2023\/04\/Banners_Paginas_naao_Diarias-1024x254.jpg 1024w, https:\/\/www.ufsm.br\/app\/uploads\/sites\/399\/2023\/04\/Banners_Paginas_naao_Diarias-768x191.jpg 768w, https:\/\/www.ufsm.br\/app\/uploads\/sites\/399\/2023\/04\/Banners_Paginas_naao_Diarias-1536x382.jpg 1536w\" sizes=\"(max-width: 1920px) 100vw, 1920px\" \/>\t\t\t\t\t\t\t\t\t\t\t\t\t<\/div>\n\t\t\t\t<\/div>\n\t\t\t\t\t<\/div>\n\t\t<\/div>\n\t\t\t\t\t<\/div>\n\t\t<\/section>\n\t\t\t\t<section class=\"elementor-section elementor-top-section elementor-element elementor-element-278c28f elementor-section-boxed elementor-section-height-default elementor-section-height-default\" data-id=\"278c28f\" data-element_type=\"section\">\n\t\t\t\t\t\t<div class=\"elementor-container elementor-column-gap-default\">\n\t\t\t\t\t<div class=\"elementor-column elementor-col-100 elementor-top-column elementor-element elementor-element-8611058\" data-id=\"8611058\" data-element_type=\"column\">\n\t\t\t<div class=\"elementor-widget-wrap elementor-element-populated\">\n\t\t\t\t\t\t<div class=\"elementor-element elementor-element-fdeefb2 elementor-widget elementor-widget-text-editor\" data-id=\"fdeefb2\" data-element_type=\"widget\" data-widget_type=\"text-editor.default\">\n\t\t\t\t<div class=\"elementor-widget-container\">\n\t\t\t\t\t\t\t<p dir=\"ltr\" style=\"line-height: 1.3800000000000001;text-align: justify;background-color: #ffffff;margin-top: 0pt;margin-bottom: 0pt;padding: 0pt 0pt 12pt 0pt\"><span style=\"color: #222222;font-size: small;text-align: start;font-family: arial, sans-serif\">Conforme DECRETO N\u00ba 5.992, DE 19 DE DEZEMBRO DE 2006, as di\u00e1rias s\u00e3o &nbsp;concedidas por dia de afastamento da sede do servi\u00e7o, destinando-se a indenizar o servidor por despesas extraordin\u00e1rias com hospedagem, alimenta\u00e7\u00e3o e locomo\u00e7\u00e3o urbana.<\/span><\/p>\n<p dir=\"ltr\" style=\"line-height: 1.3800000000000001;text-align: justify;background-color: #ffffff;margin-top: 0pt;margin-bottom: 0pt;padding: 0pt 0pt 12pt 0pt\"><span style=\"color: #222222;font-size: small;text-align: start;font-family: arial, sans-serif\"><br>Quando for ocorrer uma viagem, o servidor deve solicitar o afastamento no Portal da UFSM e encaminhar a solicita\u00e7\u00e3o da di\u00e1ria, se houver. Ap\u00f3s o afastamento aprovado, dever\u00e1 ser encaminhada para o e-mail do N\u00facleo de Gest\u00e3o Or\u00e7ament\u00e1ria \u2013 PROINOVA, o qual \u00e9 respons\u00e1vel tanto pela solicita\u00e7\u00e3o de di\u00e1rias, como tamb\u00e9m o lan\u00e7amento no SCDP.<\/span><\/p>\n<p dir=\"ltr\" style=\"line-height: 1.3800000000000001;text-align: justify;background-color: #ffffff;margin-top: 0pt;margin-bottom: 0pt;padding: 0pt 0pt 12pt 0pt\"><span style=\"color: #222222;font-size: small;text-align: start;font-family: arial, sans-serif\"><br><strong>Em at\u00e9 10 dias antes da viagem<\/strong>, deve-se encaminhar preenchido<\/span><span style=\"color: #222222;font-size: small;text-align: start;font-family: arial, sans-serif\">&nbsp;e assinado o <strong>formul\u00e1rio de solicita\u00e7\u00e3o de di\u00e1rias<\/strong> para o N\u00facleo de Gest\u00e3o Or\u00e7ament\u00e1ria\/PROINOVA &#8211; proinova.financeiro@ufsm acompanhado dos comprovantes e afastamento oficial.<\/span><span style=\"color: #222222;font-size: small;text-align: start;font-family: arial, sans-serif\"><br>Durante a viagem, o solicitante dever\u00e1 recolher uma nota fiscal por dia, preferencialmente de alimenta\u00e7\u00e3o, no seu CPF. Esta serve de fins de comprova\u00e7\u00e3o da presen\u00e7a do servidor naquele local, n\u00e3o influenciando nos valores das di\u00e1rias.<\/span><\/p>\n<p dir=\"ltr\" style=\"line-height: 1.3800000000000001;text-align: justify;background-color: #ffffff;margin-top: 0pt;margin-bottom: 0pt;padding: 0pt 0pt 12pt 0pt\"><span style=\"color: #222222;font-size: small;text-align: start;font-family: arial, sans-serif\"><br>Ap\u00f3s o retorno, <strong>em at\u00e9 5 dias ap\u00f3s o fim da viagem<\/strong>, deve-se encaminhar o <strong>relat\u00f3rio da viagem, juntamente com os comprovantes dela.<\/strong><br>Abaixo o formul\u00e1rio para solicita\u00e7\u00e3o de reembolso de di\u00e1ria, para casos emergenciais em que n\u00e3o tenha sido feita a solicita\u00e7\u00e3o da mesma antes da viagem. Esse mesmo formul\u00e1rio tamb\u00e9m se aplica para o reembolso de passagens rodovi\u00e1rias.<\/span><\/p>\n<p dir=\"ltr\" style=\"line-height: 1.3800000000000001;text-align: justify;background-color: #ffffff;margin-top: 0pt;margin-bottom: 0pt;padding: 0pt 0pt 12pt 0pt\"><span style=\"color: #222222;font-size: small;text-align: start;font-family: arial, sans-serif\"><br>Os mesmos ap\u00f3s preenchidos e assinados devem ser enviados para o N\u00facleo de Gest\u00e3o Or\u00e7ament\u00e1ria\/PROINOVA &#8211; <a href=\"mailto:proinova.financeiro@ufsm.br\">proinova.financeiro@ufsm.br<\/a> acompanhado dos comprovantes.<\/span><\/p>\t\t\t\t\t\t<\/div>\n\t\t\t\t<\/div>\n\t\t\t\t\t<\/div>\n\t\t<\/div>\n\t\t\t\t\t<\/div>\n\t\t<\/section>\n\t\t\t\t<section class=\"elementor-section elementor-top-section elementor-element elementor-element-7135875 elementor-section-boxed elementor-section-height-default elementor-section-height-default\" data-id=\"7135875\" data-element_type=\"section\">\n\t\t\t\t\t\t<div class=\"elementor-container elementor-column-gap-default\">\n\t\t\t\t\t<div class=\"elementor-column elementor-col-33 elementor-top-column elementor-element elementor-element-3eea0cb\" data-id=\"3eea0cb\" data-element_type=\"column\">\n\t\t\t<div class=\"elementor-widget-wrap elementor-element-populated\">\n\t\t\t\t\t\t<div class=\"elementor-element elementor-element-c72a5c6 elementor-widget elementor-widget-image\" data-id=\"c72a5c6\" data-element_type=\"widget\" data-widget_type=\"image.default\">\n\t\t\t\t<div class=\"elementor-widget-container\">\n\t\t\t\t\t\t\t\t\t\t\t\t\t\t<a href=\"https:\/\/www.ufsm.br\/app\/uploads\/sites\/399\/2023\/12\/Formulario-para-diarias-2.docx\">\n\t\t\t\t\t\t\t<img decoding=\"async\" width=\"394\" height=\"106\" src=\"https:\/\/www.ufsm.br\/app\/uploads\/sites\/399\/2023\/04\/Servicos_Coordenadorias_parcerias-para-inovacao-copia-12.png\" class=\"elementor-animation-shrink attachment-large size-large wp-image-5081\" alt=\"\" srcset=\"https:\/\/www.ufsm.br\/app\/uploads\/sites\/399\/2023\/04\/Servicos_Coordenadorias_parcerias-para-inovacao-copia-12.png 394w, https:\/\/www.ufsm.br\/app\/uploads\/sites\/399\/2023\/04\/Servicos_Coordenadorias_parcerias-para-inovacao-copia-12-300x81.png 300w\" sizes=\"(max-width: 394px) 100vw, 394px\" \/>\t\t\t\t\t\t\t\t<\/a>\n\t\t\t\t\t\t\t\t\t\t\t\t\t<\/div>\n\t\t\t\t<\/div>\n\t\t\t\t\t<\/div>\n\t\t<\/div>\n\t\t\t\t<div class=\"elementor-column elementor-col-33 elementor-top-column elementor-element elementor-element-5a8903c\" data-id=\"5a8903c\" data-element_type=\"column\">\n\t\t\t<div class=\"elementor-widget-wrap elementor-element-populated\">\n\t\t\t\t\t\t<div class=\"elementor-element elementor-element-150381c elementor-widget elementor-widget-image\" data-id=\"150381c\" data-element_type=\"widget\" data-widget_type=\"image.default\">\n\t\t\t\t<div class=\"elementor-widget-container\">\n\t\t\t\t\t\t\t\t\t\t\t\t\t\t<a href=\"https:\/\/www.ufsm.br\/app\/uploads\/sites\/399\/2023\/12\/Formulario-para-reembolso-de-viagem-.docx\">\n\t\t\t\t\t\t\t<img decoding=\"async\" width=\"394\" height=\"106\" src=\"https:\/\/www.ufsm.br\/app\/uploads\/sites\/399\/2023\/04\/Servicos_Coordenadorias_parcerias-para-inovacao-copia-11.png\" class=\"elementor-animation-shrink attachment-large size-large wp-image-5083\" alt=\"\" srcset=\"https:\/\/www.ufsm.br\/app\/uploads\/sites\/399\/2023\/04\/Servicos_Coordenadorias_parcerias-para-inovacao-copia-11.png 394w, https:\/\/www.ufsm.br\/app\/uploads\/sites\/399\/2023\/04\/Servicos_Coordenadorias_parcerias-para-inovacao-copia-11-300x81.png 300w\" sizes=\"(max-width: 394px) 100vw, 394px\" \/>\t\t\t\t\t\t\t\t<\/a>\n\t\t\t\t\t\t\t\t\t\t\t\t\t<\/div>\n\t\t\t\t<\/div>\n\t\t\t\t\t<\/div>\n\t\t<\/div>\n\t\t\t\t<div class=\"elementor-column elementor-col-33 elementor-top-column elementor-element elementor-element-fb500fc\" data-id=\"fb500fc\" data-element_type=\"column\">\n\t\t\t<div class=\"elementor-widget-wrap elementor-element-populated\">\n\t\t\t\t\t\t<div class=\"elementor-element elementor-element-cc9ef29 elementor-widget elementor-widget-image\" data-id=\"cc9ef29\" data-element_type=\"widget\" data-widget_type=\"image.default\">\n\t\t\t\t<div class=\"elementor-widget-container\">\n\t\t\t\t\t\t\t\t\t\t\t\t\t\t<a href=\"https:\/\/www.ufsm.br\/app\/uploads\/sites\/399\/2024\/04\/Relatorio-de-viagem.docx\">\n\t\t\t\t\t\t\t<img loading=\"lazy\" decoding=\"async\" width=\"395\" height=\"106\" src=\"https:\/\/www.ufsm.br\/app\/uploads\/sites\/399\/2023\/04\/Servicos_Coordenadorias_parcerias-para-inovacao-copia-10.png\" class=\"elementor-animation-shrink attachment-large size-large wp-image-5082\" alt=\"\" srcset=\"https:\/\/www.ufsm.br\/app\/uploads\/sites\/399\/2023\/04\/Servicos_Coordenadorias_parcerias-para-inovacao-copia-10.png 395w, https:\/\/www.ufsm.br\/app\/uploads\/sites\/399\/2023\/04\/Servicos_Coordenadorias_parcerias-para-inovacao-copia-10-300x81.png 300w\" sizes=\"(max-width: 395px) 100vw, 395px\" \/>\t\t\t\t\t\t\t\t<\/a>\n\t\t\t\t\t\t\t\t\t\t\t\t\t<\/div>\n\t\t\t\t<\/div>\n\t\t\t\t\t<\/div>\n\t\t<\/div>\n\t\t\t\t\t<\/div>\n\t\t<\/section>\n\t\t\t\t<\/div>\n\t\t","protected":false},"excerpt":{"rendered":"<p>Conforme DECRETO N\u00ba 5.992, DE 19 DE DEZEMBRO DE 2006, as di\u00e1rias s\u00e3o &nbsp;concedidas por dia de afastamento da sede do servi\u00e7o, destinando-se a indenizar o servidor por despesas extraordin\u00e1rias com hospedagem, alimenta\u00e7\u00e3o e locomo\u00e7\u00e3o urbana. Quando for ocorrer uma viagem, o servidor deve solicitar o afastamento no Portal da UFSM e encaminhar a solicita\u00e7\u00e3o [&hellip;]<\/p>\n","protected":false},"author":4518,"featured_media":0,"parent":0,"menu_order":0,"comment_status":"closed","ping_status":"closed","template":"","meta":{"episode_type":"","audio_file":"","cover_image":"","cover_image_id":"","duration":"","filesize":"","date_recorded":"","explicit":"","block":"","filesize_raw":"","footnotes":""},"categories":[],"tags":[],"class_list":["post-5080","page","type-page","status-publish","hentry"],"acf":[],"_links":{"self":[{"href":"https:\/\/www.ufsm.br\/pro-reitorias\/proinova\/wp-json\/wp\/v2\/pages\/5080","targetHints":{"allow":["GET"]}}],"collection":[{"href":"https:\/\/www.ufsm.br\/pro-reitorias\/proinova\/wp-json\/wp\/v2\/pages"}],"about":[{"href":"https:\/\/www.ufsm.br\/pro-reitorias\/proinova\/wp-json\/wp\/v2\/types\/page"}],"author":[{"embeddable":true,"href":"https:\/\/www.ufsm.br\/pro-reitorias\/proinova\/wp-json\/wp\/v2\/users\/4518"}],"replies":[{"embeddable":true,"href":"https:\/\/www.ufsm.br\/pro-reitorias\/proinova\/wp-json\/wp\/v2\/comments?post=5080"}],"version-history":[{"count":0,"href":"https:\/\/www.ufsm.br\/pro-reitorias\/proinova\/wp-json\/wp\/v2\/pages\/5080\/revisions"}],"wp:attachment":[{"href":"https:\/\/www.ufsm.br\/pro-reitorias\/proinova\/wp-json\/wp\/v2\/media?parent=5080"}],"wp:term":[{"taxonomy":"category","embeddable":true,"href":"https:\/\/www.ufsm.br\/pro-reitorias\/proinova\/wp-json\/wp\/v2\/categories?post=5080"},{"taxonomy":"post_tag","embeddable":true,"href":"https:\/\/www.ufsm.br\/pro-reitorias\/proinova\/wp-json\/wp\/v2\/tags?post=5080"}],"curies":[{"name":"wp","href":"https:\/\/api.w.org\/{rel}","templated":true}]}}