{"id":5085,"date":"2023-04-26T14:05:40","date_gmt":"2023-04-26T17:05:40","guid":{"rendered":"https:\/\/www.ufsm.br\/pro-reitorias\/proinova\/?page_id=5085"},"modified":"2024-09-18T15:33:22","modified_gmt":"2024-09-18T18:33:22","slug":"deslocamento","status":"publish","type":"page","link":"https:\/\/www.ufsm.br\/pro-reitorias\/proinova\/deslocamento","title":{"rendered":"Deslocamento"},"content":{"rendered":"\t\t<div data-elementor-type=\"wp-page\" data-elementor-id=\"5085\" class=\"elementor elementor-5085\">\n\t\t\t\t\t\t<section class=\"elementor-section elementor-top-section elementor-element elementor-element-23e1324 elementor-section-boxed elementor-section-height-default elementor-section-height-default\" data-id=\"23e1324\" data-element_type=\"section\">\n\t\t\t\t\t\t<div class=\"elementor-container elementor-column-gap-default\">\n\t\t\t\t\t<div class=\"elementor-column elementor-col-100 elementor-top-column elementor-element elementor-element-6814424\" data-id=\"6814424\" data-element_type=\"column\">\n\t\t\t<div class=\"elementor-widget-wrap elementor-element-populated\">\n\t\t\t\t\t\t<div class=\"elementor-element elementor-element-f98c2ab elementor-widget elementor-widget-image\" data-id=\"f98c2ab\" data-element_type=\"widget\" data-widget_type=\"image.default\">\n\t\t\t\t<div class=\"elementor-widget-container\">\n\t\t\t\t\t\t\t\t\t\t\t\t\t<img fetchpriority=\"high\" decoding=\"async\" width=\"1920\" height=\"477\" src=\"https:\/\/www.ufsm.br\/app\/uploads\/sites\/399\/2023\/04\/Banners_Paginas_deslocamento_naao_Deslocamento.jpg\" class=\"attachment-full size-full wp-image-5129\" alt=\"\" srcset=\"https:\/\/www.ufsm.br\/app\/uploads\/sites\/399\/2023\/04\/Banners_Paginas_deslocamento_naao_Deslocamento.jpg 1920w, https:\/\/www.ufsm.br\/app\/uploads\/sites\/399\/2023\/04\/Banners_Paginas_deslocamento_naao_Deslocamento-300x75.jpg 300w, https:\/\/www.ufsm.br\/app\/uploads\/sites\/399\/2023\/04\/Banners_Paginas_deslocamento_naao_Deslocamento-1024x254.jpg 1024w, https:\/\/www.ufsm.br\/app\/uploads\/sites\/399\/2023\/04\/Banners_Paginas_deslocamento_naao_Deslocamento-768x191.jpg 768w, https:\/\/www.ufsm.br\/app\/uploads\/sites\/399\/2023\/04\/Banners_Paginas_deslocamento_naao_Deslocamento-1536x382.jpg 1536w\" sizes=\"(max-width: 1920px) 100vw, 1920px\" \/>\t\t\t\t\t\t\t\t\t\t\t\t\t<\/div>\n\t\t\t\t<\/div>\n\t\t\t\t\t<\/div>\n\t\t<\/div>\n\t\t\t\t\t<\/div>\n\t\t<\/section>\n\t\t\t\t<section class=\"elementor-section elementor-top-section elementor-element elementor-element-2f1c24f elementor-section-boxed elementor-section-height-default elementor-section-height-default\" data-id=\"2f1c24f\" data-element_type=\"section\">\n\t\t\t\t\t\t<div class=\"elementor-container elementor-column-gap-default\">\n\t\t\t\t\t<div class=\"elementor-column elementor-col-50 elementor-top-column elementor-element elementor-element-ecc773d\" data-id=\"ecc773d\" data-element_type=\"column\">\n\t\t\t<div class=\"elementor-widget-wrap elementor-element-populated\">\n\t\t\t\t\t\t<div class=\"elementor-element elementor-element-aa4c332 elementor-widget elementor-widget-text-editor\" data-id=\"aa4c332\" data-element_type=\"widget\" data-widget_type=\"text-editor.default\">\n\t\t\t\t<div class=\"elementor-widget-container\">\n\t\t\t\t\t\t\t<p style=\"text-align: left\"><span style=\"color: #222222;font-family: arial, sans-serif;font-size: small\">Deslocamentos rodovi\u00e1rios podem ser realizados com o transporte\u00a0<\/span><span style=\"color: #222222;font-family: arial, sans-serif;font-size: small;font-weight: var( --e-global-typography-text-font-weight );text-align: var(--bs-body-text-align)\">da UFSM, mediante solicita\u00e7\u00e3o. Podendo ser com: Carro, Caminhonete, Van, Micro-\u00f4nibus, \u00d4nibus e ou Caminh\u00e3o. Os pedidos <\/span><strong style=\"color: #222222;font-family: arial, sans-serif;font-size: small;text-align: var(--bs-body-text-align)\">devem ser feitos com cinco dias de anteced\u00eancia.<\/strong><\/p><p style=\"text-align: left\"><span style=\"color: #222222;font-family: arial, sans-serif;font-size: small;font-weight: var( --e-global-typography-text-font-weight )\">O pedido de locomo\u00e7\u00e3o dever\u00e1 ser feito por meio do <strong>preenchimento dos tr\u00eas arquivos ao lado<\/strong>.\u00a0 Ap\u00f3s preenchidos, os documentos dever\u00e3o\u00a0 ser enviados para o N\u00facleo de Apoio Administrativo-Or\u00e7ament\u00e1rio\/PROINOVA &#8211;<\/span><a style=\"font-family: arial, sans-serif;font-size: small;font-weight: var( --e-global-typography-text-font-weight )\" href=\"mailto:proinova.financeiro@ufsm.br\">proinova.financeiro@ufsm.br<\/a><span style=\"color: #222222;font-family: arial, sans-serif;font-size: small;font-weight: var( --e-global-typography-text-font-weight )\">, junto com os documentos comprobat\u00f3rios.<\/span><\/p>\t\t\t\t\t\t<\/div>\n\t\t\t\t<\/div>\n\t\t\t\t\t<\/div>\n\t\t<\/div>\n\t\t\t\t<div class=\"elementor-column elementor-col-50 elementor-top-column elementor-element elementor-element-db9fad3\" data-id=\"db9fad3\" data-element_type=\"column\">\n\t\t\t<div class=\"elementor-widget-wrap elementor-element-populated\">\n\t\t\t\t\t\t<div class=\"elementor-element elementor-element-eb9403c elementor-widget elementor-widget-image\" data-id=\"eb9403c\" data-element_type=\"widget\" data-widget_type=\"image.default\">\n\t\t\t\t<div class=\"elementor-widget-container\">\n\t\t\t\t\t\t\t\t\t\t\t\t\t\t<a href=\"https:\/\/www.ufsm.br\/app\/uploads\/sites\/399\/2024\/07\/FORMULARIO-DE-TRANSPORTE-VIAGEM.docx\">\n\t\t\t\t\t\t\t<img decoding=\"async\" width=\"729\" height=\"161\" src=\"https:\/\/www.ufsm.br\/app\/uploads\/sites\/399\/2024\/07\/Ativo-17.png\" class=\"elementor-animation-shrink attachment-medium_large size-medium_large wp-image-7108\" alt=\"\" srcset=\"https:\/\/www.ufsm.br\/app\/uploads\/sites\/399\/2024\/07\/Ativo-17.png 729w, https:\/\/www.ufsm.br\/app\/uploads\/sites\/399\/2024\/07\/Ativo-17-300x66.png 300w\" sizes=\"(max-width: 729px) 100vw, 729px\" \/>\t\t\t\t\t\t\t\t<\/a>\n\t\t\t\t\t\t\t\t\t\t\t\t\t<\/div>\n\t\t\t\t<\/div>\n\t\t\t\t<div class=\"elementor-element elementor-element-eac087c elementor-widget elementor-widget-image\" data-id=\"eac087c\" data-element_type=\"widget\" data-widget_type=\"image.default\">\n\t\t\t\t<div class=\"elementor-widget-container\">\n\t\t\t\t\t\t\t\t\t\t\t\t\t\t<a href=\"https:\/\/www.ufsm.br\/app\/uploads\/sites\/399\/2024\/07\/RELACAO-DE-PASSAGEIROS.docx\">\n\t\t\t\t\t\t\t<img decoding=\"async\" width=\"729\" height=\"161\" src=\"https:\/\/www.ufsm.br\/app\/uploads\/sites\/399\/2024\/07\/Ativo-16.png\" class=\"elementor-animation-shrink attachment-large size-large wp-image-7107\" alt=\"\" srcset=\"https:\/\/www.ufsm.br\/app\/uploads\/sites\/399\/2024\/07\/Ativo-16.png 729w, https:\/\/www.ufsm.br\/app\/uploads\/sites\/399\/2024\/07\/Ativo-16-300x66.png 300w\" sizes=\"(max-width: 729px) 100vw, 729px\" \/>\t\t\t\t\t\t\t\t<\/a>\n\t\t\t\t\t\t\t\t\t\t\t\t\t<\/div>\n\t\t\t\t<\/div>\n\t\t\t\t<div class=\"elementor-element elementor-element-3793d8e elementor-widget elementor-widget-image\" data-id=\"3793d8e\" data-element_type=\"widget\" data-widget_type=\"image.default\">\n\t\t\t\t<div class=\"elementor-widget-container\">\n\t\t\t\t\t\t\t\t\t\t\t\t\t\t<a href=\"https:\/\/www.ufsm.br\/app\/uploads\/sites\/399\/2024\/07\/TERMO-DE-COMPROMISSO-1.docx\">\n\t\t\t\t\t\t\t<img loading=\"lazy\" decoding=\"async\" width=\"729\" height=\"161\" src=\"https:\/\/www.ufsm.br\/app\/uploads\/sites\/399\/2024\/07\/Ativo-18.png\" class=\"elementor-animation-shrink attachment-large size-large wp-image-7106\" alt=\"\" srcset=\"https:\/\/www.ufsm.br\/app\/uploads\/sites\/399\/2024\/07\/Ativo-18.png 729w, https:\/\/www.ufsm.br\/app\/uploads\/sites\/399\/2024\/07\/Ativo-18-300x66.png 300w\" sizes=\"(max-width: 729px) 100vw, 729px\" \/>\t\t\t\t\t\t\t\t<\/a>\n\t\t\t\t\t\t\t\t\t\t\t\t\t<\/div>\n\t\t\t\t<\/div>\n\t\t\t\t\t<\/div>\n\t\t<\/div>\n\t\t\t\t\t<\/div>\n\t\t<\/section>\n\t\t\t\t<\/div>\n\t\t","protected":false},"excerpt":{"rendered":"<p>Deslocamentos rodovi\u00e1rios podem ser realizados com o transporte\u00a0da UFSM, mediante solicita\u00e7\u00e3o. Podendo ser com: Carro, Caminhonete, Van, Micro-\u00f4nibus, \u00d4nibus e ou Caminh\u00e3o. Os pedidos devem ser feitos com cinco dias de anteced\u00eancia. O pedido de locomo\u00e7\u00e3o dever\u00e1 ser feito por meio do preenchimento dos tr\u00eas arquivos ao lado.\u00a0 Ap\u00f3s preenchidos, os documentos dever\u00e3o\u00a0 ser enviados [&hellip;]<\/p>\n","protected":false},"author":4518,"featured_media":0,"parent":0,"menu_order":0,"comment_status":"closed","ping_status":"closed","template":"","meta":{"episode_type":"","audio_file":"","cover_image":"","cover_image_id":"","duration":"","filesize":"","date_recorded":"","explicit":"","block":"","filesize_raw":"","footnotes":""},"categories":[],"tags":[],"class_list":["post-5085","page","type-page","status-publish","hentry"],"acf":[],"_links":{"self":[{"href":"https:\/\/www.ufsm.br\/pro-reitorias\/proinova\/wp-json\/wp\/v2\/pages\/5085","targetHints":{"allow":["GET"]}}],"collection":[{"href":"https:\/\/www.ufsm.br\/pro-reitorias\/proinova\/wp-json\/wp\/v2\/pages"}],"about":[{"href":"https:\/\/www.ufsm.br\/pro-reitorias\/proinova\/wp-json\/wp\/v2\/types\/page"}],"author":[{"embeddable":true,"href":"https:\/\/www.ufsm.br\/pro-reitorias\/proinova\/wp-json\/wp\/v2\/users\/4518"}],"replies":[{"embeddable":true,"href":"https:\/\/www.ufsm.br\/pro-reitorias\/proinova\/wp-json\/wp\/v2\/comments?post=5085"}],"version-history":[{"count":0,"href":"https:\/\/www.ufsm.br\/pro-reitorias\/proinova\/wp-json\/wp\/v2\/pages\/5085\/revisions"}],"wp:attachment":[{"href":"https:\/\/www.ufsm.br\/pro-reitorias\/proinova\/wp-json\/wp\/v2\/media?parent=5085"}],"wp:term":[{"taxonomy":"category","embeddable":true,"href":"https:\/\/www.ufsm.br\/pro-reitorias\/proinova\/wp-json\/wp\/v2\/categories?post=5085"},{"taxonomy":"post_tag","embeddable":true,"href":"https:\/\/www.ufsm.br\/pro-reitorias\/proinova\/wp-json\/wp\/v2\/tags?post=5085"}],"curies":[{"name":"wp","href":"https:\/\/api.w.org\/{rel}","templated":true}]}}