{"id":5718,"date":"2023-08-18T10:43:21","date_gmt":"2023-08-18T13:43:21","guid":{"rendered":"https:\/\/www.ufsm.br\/pro-reitorias\/proinova\/?page_id=5718"},"modified":"2023-12-11T15:39:54","modified_gmt":"2023-12-11T18:39:54","slug":"despesas-politica-de-inovacao","status":"publish","type":"page","link":"https:\/\/www.ufsm.br\/pro-reitorias\/proinova\/despesas-politica-de-inovacao","title":{"rendered":"Despesas"},"content":{"rendered":"\t\t<div data-elementor-type=\"wp-page\" data-elementor-id=\"5718\" class=\"elementor elementor-5718\">\n\t\t\t\t\t\t<section class=\"elementor-section elementor-top-section elementor-element elementor-element-3b60eb9 elementor-section-boxed elementor-section-height-default elementor-section-height-default\" data-id=\"3b60eb9\" data-element_type=\"section\">\n\t\t\t\t\t\t<div class=\"elementor-container elementor-column-gap-default\">\n\t\t\t\t\t<div class=\"elementor-column elementor-col-100 elementor-top-column elementor-element elementor-element-f0b506d\" data-id=\"f0b506d\" data-element_type=\"column\">\n\t\t\t<div class=\"elementor-widget-wrap elementor-element-populated\">\n\t\t\t\t\t\t<div class=\"elementor-element elementor-element-8cac5ba elementor-widget elementor-widget-image\" data-id=\"8cac5ba\" data-element_type=\"widget\" data-widget_type=\"image.default\">\n\t\t\t\t<div class=\"elementor-widget-container\">\n\t\t\t\t\t\t\t\t\t\t\t\t\t<img fetchpriority=\"high\" decoding=\"async\" width=\"1920\" height=\"477\" src=\"https:\/\/www.ufsm.br\/app\/uploads\/sites\/399\/2023\/04\/Banners_Paginas_naao_Despesas.jpg\" class=\"attachment-full size-full wp-image-5067\" alt=\"\" srcset=\"https:\/\/www.ufsm.br\/app\/uploads\/sites\/399\/2023\/04\/Banners_Paginas_naao_Despesas.jpg 1920w, https:\/\/www.ufsm.br\/app\/uploads\/sites\/399\/2023\/04\/Banners_Paginas_naao_Despesas-300x75.jpg 300w, https:\/\/www.ufsm.br\/app\/uploads\/sites\/399\/2023\/04\/Banners_Paginas_naao_Despesas-1024x254.jpg 1024w, https:\/\/www.ufsm.br\/app\/uploads\/sites\/399\/2023\/04\/Banners_Paginas_naao_Despesas-768x191.jpg 768w, https:\/\/www.ufsm.br\/app\/uploads\/sites\/399\/2023\/04\/Banners_Paginas_naao_Despesas-1536x382.jpg 1536w\" sizes=\"(max-width: 1920px) 100vw, 1920px\" \/>\t\t\t\t\t\t\t\t\t\t\t\t\t<\/div>\n\t\t\t\t<\/div>\n\t\t\t\t\t<\/div>\n\t\t<\/div>\n\t\t\t\t\t<\/div>\n\t\t<\/section>\n\t\t\t\t<section class=\"elementor-section elementor-top-section elementor-element elementor-element-6386ce4 elementor-section-boxed elementor-section-height-default elementor-section-height-default\" data-id=\"6386ce4\" data-element_type=\"section\">\n\t\t\t\t\t\t<div class=\"elementor-container elementor-column-gap-default\">\n\t\t\t\t\t<div class=\"elementor-column elementor-col-50 elementor-top-column elementor-element elementor-element-818dfda\" data-id=\"818dfda\" data-element_type=\"column\">\n\t\t\t<div class=\"elementor-widget-wrap elementor-element-populated\">\n\t\t\t\t\t\t<div class=\"elementor-element elementor-element-a71b9e2 elementor-widget elementor-widget-text-editor\" data-id=\"a71b9e2\" data-element_type=\"widget\" data-widget_type=\"text-editor.default\">\n\t\t\t\t<div class=\"elementor-widget-container\">\n\t\t\t\t\t\t\t<p dir=\"ltr\" style=\"line-height: 1.3800000000000001;margin-top: 0pt;margin-bottom: 0pt\">Trata-se de restitui\u00e7\u00e3o de gastos j\u00e1 efetuados, mediante apresenta\u00e7\u00e3o de documento com validade<br \/>fiscal. Ressaltamos que esta modalidade \u00e9 poss\u00edvel apenas quando a origem dos recursos \u00e9 a FUNDEP.<br \/><br \/><\/p><p dir=\"ltr\" style=\"line-height: 1.3800000000000001;margin-top: 0pt;margin-bottom: 0pt\">Os reembolsos s\u00e3o realizados por meio de recursos na funda\u00e7\u00e3o de apoio, devendo portanto<br \/>primeiramente serem verificados junto a equipe do N\u00facleo de Apoio Administrativo<br \/>Or\u00e7amentario\/PROINOVA antes da realiza\u00e7\u00e3o da despesa, e na sua realiza\u00e7\u00e3o deve-se atentar para<br \/>incluir o CNPJ da funda\u00e7\u00e3o na nota fiscal, realizar o pagamento no d\u00e9bito ou cr\u00e9dito (para ter o<br \/>comprovante do pagamento) e ainda n\u00e3o ultrapassar o valor dos R$ 800,00 (oitocentos reais).<\/p><p dir=\"ltr\" style=\"line-height: 1.3800000000000001;margin-top: 0pt;margin-bottom: 0pt\"><br \/>Ao lado o formul\u00e1rio para solicita\u00e7\u00e3o de reembolso, o mesmo ap\u00f3s preenchido e assinado deve ser<br \/>enviado para o N\u00facleo de Apoio Administrativo Or\u00e7amentario\/PROINOVA \u2013<br \/>proinova.financeiro@ufsm.br acompanhado dos comprovantes. Estes pedidos levam em m\u00e9dia 10 dias<br \/>para serem reembolsados ao solicitante.<\/p>\t\t\t\t\t\t<\/div>\n\t\t\t\t<\/div>\n\t\t\t\t\t<\/div>\n\t\t<\/div>\n\t\t\t\t<div class=\"elementor-column elementor-col-50 elementor-top-column elementor-element elementor-element-0be057a\" data-id=\"0be057a\" data-element_type=\"column\">\n\t\t\t<div class=\"elementor-widget-wrap elementor-element-populated\">\n\t\t\t\t\t\t<div class=\"elementor-element elementor-element-b35caef elementor-widget__width-initial elementor-widget elementor-widget-image\" data-id=\"b35caef\" data-element_type=\"widget\" data-widget_type=\"image.default\">\n\t\t\t\t<div class=\"elementor-widget-container\">\n\t\t\t\t\t\t\t\t\t\t\t\t\t\t<a href=\"https:\/\/www.ufsm.br\/app\/uploads\/sites\/399\/2023\/12\/Formulario-para-reembolso-de-despesas-1.docx\">\n\t\t\t\t\t\t\t<img decoding=\"async\" width=\"394\" height=\"262\" src=\"https:\/\/www.ufsm.br\/app\/uploads\/sites\/399\/2023\/04\/Formulario_documentos-e-processos-copia.png\" class=\"elementor-animation-shrink attachment-large size-large wp-image-5073\" alt=\"\" srcset=\"https:\/\/www.ufsm.br\/app\/uploads\/sites\/399\/2023\/04\/Formulario_documentos-e-processos-copia.png 394w, https:\/\/www.ufsm.br\/app\/uploads\/sites\/399\/2023\/04\/Formulario_documentos-e-processos-copia-300x199.png 300w, https:\/\/www.ufsm.br\/app\/uploads\/sites\/399\/2023\/04\/Formulario_documentos-e-processos-copia-272x182.png 272w\" sizes=\"(max-width: 394px) 100vw, 394px\" \/>\t\t\t\t\t\t\t\t<\/a>\n\t\t\t\t\t\t\t\t\t\t\t\t\t<\/div>\n\t\t\t\t<\/div>\n\t\t\t\t\t<\/div>\n\t\t<\/div>\n\t\t\t\t\t<\/div>\n\t\t<\/section>\n\t\t\t\t<\/div>\n\t\t","protected":false},"excerpt":{"rendered":"<p>Trata-se de restitui\u00e7\u00e3o de gastos j\u00e1 efetuados, mediante apresenta\u00e7\u00e3o de documento com validadefiscal. Ressaltamos que esta modalidade \u00e9 poss\u00edvel apenas quando a origem dos recursos \u00e9 a FUNDEP. Os reembolsos s\u00e3o realizados por meio de recursos na funda\u00e7\u00e3o de apoio, devendo portantoprimeiramente serem verificados junto a equipe do N\u00facleo de Apoio AdministrativoOr\u00e7amentario\/PROINOVA antes da realiza\u00e7\u00e3o [&hellip;]<\/p>\n","protected":false},"author":4518,"featured_media":0,"parent":0,"menu_order":0,"comment_status":"closed","ping_status":"closed","template":"","meta":{"episode_type":"","audio_file":"","cover_image":"","cover_image_id":"","duration":"","filesize":"","date_recorded":"","explicit":"","block":"","filesize_raw":"","footnotes":""},"categories":[],"tags":[],"class_list":["post-5718","page","type-page","status-publish","hentry"],"acf":[],"_links":{"self":[{"href":"https:\/\/www.ufsm.br\/pro-reitorias\/proinova\/wp-json\/wp\/v2\/pages\/5718","targetHints":{"allow":["GET"]}}],"collection":[{"href":"https:\/\/www.ufsm.br\/pro-reitorias\/proinova\/wp-json\/wp\/v2\/pages"}],"about":[{"href":"https:\/\/www.ufsm.br\/pro-reitorias\/proinova\/wp-json\/wp\/v2\/types\/page"}],"author":[{"embeddable":true,"href":"https:\/\/www.ufsm.br\/pro-reitorias\/proinova\/wp-json\/wp\/v2\/users\/4518"}],"replies":[{"embeddable":true,"href":"https:\/\/www.ufsm.br\/pro-reitorias\/proinova\/wp-json\/wp\/v2\/comments?post=5718"}],"version-history":[{"count":0,"href":"https:\/\/www.ufsm.br\/pro-reitorias\/proinova\/wp-json\/wp\/v2\/pages\/5718\/revisions"}],"wp:attachment":[{"href":"https:\/\/www.ufsm.br\/pro-reitorias\/proinova\/wp-json\/wp\/v2\/media?parent=5718"}],"wp:term":[{"taxonomy":"category","embeddable":true,"href":"https:\/\/www.ufsm.br\/pro-reitorias\/proinova\/wp-json\/wp\/v2\/categories?post=5718"},{"taxonomy":"post_tag","embeddable":true,"href":"https:\/\/www.ufsm.br\/pro-reitorias\/proinova\/wp-json\/wp\/v2\/tags?post=5718"}],"curies":[{"name":"wp","href":"https:\/\/api.w.org\/{rel}","templated":true}]}}