{"id":5720,"date":"2023-08-18T11:05:47","date_gmt":"2023-08-18T14:05:47","guid":{"rendered":"https:\/\/www.ufsm.br\/pro-reitorias\/proinova\/?page_id=5720"},"modified":"2023-12-11T16:26:04","modified_gmt":"2023-12-11T19:26:04","slug":"autonomo-politica-de-inovacao","status":"publish","type":"page","link":"https:\/\/www.ufsm.br\/pro-reitorias\/proinova\/autonomo-politica-de-inovacao","title":{"rendered":"Aut\u00f4nomo"},"content":{"rendered":"\t\t<div data-elementor-type=\"wp-page\" data-elementor-id=\"5720\" class=\"elementor elementor-5720\">\n\t\t\t\t\t\t<section class=\"elementor-section elementor-top-section elementor-element elementor-element-37be495 elementor-section-boxed elementor-section-height-default elementor-section-height-default\" data-id=\"37be495\" data-element_type=\"section\">\n\t\t\t\t\t\t<div class=\"elementor-container elementor-column-gap-default\">\n\t\t\t\t\t<div class=\"elementor-column elementor-col-100 elementor-top-column elementor-element elementor-element-debcc9f\" data-id=\"debcc9f\" data-element_type=\"column\">\n\t\t\t<div class=\"elementor-widget-wrap elementor-element-populated\">\n\t\t\t\t\t\t<div class=\"elementor-element elementor-element-cc85c0b elementor-widget elementor-widget-image\" data-id=\"cc85c0b\" data-element_type=\"widget\" data-widget_type=\"image.default\">\n\t\t\t\t<div class=\"elementor-widget-container\">\n\t\t\t\t\t\t\t\t\t\t\t\t\t<img fetchpriority=\"high\" decoding=\"async\" width=\"1920\" height=\"477\" src=\"https:\/\/www.ufsm.br\/app\/uploads\/sites\/399\/2023\/08\/banner_politica-de-inovacao_autonomo.jpg\" class=\"attachment-full size-full wp-image-5721\" alt=\"\" srcset=\"https:\/\/www.ufsm.br\/app\/uploads\/sites\/399\/2023\/08\/banner_politica-de-inovacao_autonomo.jpg 1920w, https:\/\/www.ufsm.br\/app\/uploads\/sites\/399\/2023\/08\/banner_politica-de-inovacao_autonomo-300x75.jpg 300w, https:\/\/www.ufsm.br\/app\/uploads\/sites\/399\/2023\/08\/banner_politica-de-inovacao_autonomo-1024x254.jpg 1024w, https:\/\/www.ufsm.br\/app\/uploads\/sites\/399\/2023\/08\/banner_politica-de-inovacao_autonomo-768x191.jpg 768w, https:\/\/www.ufsm.br\/app\/uploads\/sites\/399\/2023\/08\/banner_politica-de-inovacao_autonomo-1536x382.jpg 1536w\" sizes=\"(max-width: 1920px) 100vw, 1920px\" \/>\t\t\t\t\t\t\t\t\t\t\t\t\t<\/div>\n\t\t\t\t<\/div>\n\t\t\t\t\t<\/div>\n\t\t<\/div>\n\t\t\t\t\t<\/div>\n\t\t<\/section>\n\t\t\t\t<section class=\"elementor-section elementor-top-section elementor-element elementor-element-5781c28 elementor-section-boxed elementor-section-height-default elementor-section-height-default\" data-id=\"5781c28\" data-element_type=\"section\">\n\t\t\t\t\t\t<div class=\"elementor-container elementor-column-gap-default\">\n\t\t\t\t\t<div class=\"elementor-column elementor-col-50 elementor-top-column elementor-element elementor-element-6ef58b3\" data-id=\"6ef58b3\" data-element_type=\"column\">\n\t\t\t<div class=\"elementor-widget-wrap elementor-element-populated\">\n\t\t\t\t\t\t<div class=\"elementor-element elementor-element-141b885 elementor-widget elementor-widget-text-editor\" data-id=\"141b885\" data-element_type=\"widget\" data-widget_type=\"text-editor.default\">\n\t\t\t\t<div class=\"elementor-widget-container\">\n\t\t\t\t\t\t\t<p>Para despesas eventuais com contrata\u00e7\u00e3o de servi\u00e7os prestados por pessoa f\u00edsica, sem habitualidade ou subordina\u00e7\u00e3o e por prazo determinado.\u00a0<\/p><p>Necess\u00e1rio atentar que al\u00e9m do custo so valor pago ao aut\u00f4nomo, para qual h\u00e1 desconto de INSS, ISSQN e IRPF, tamb\u00e9m h\u00e1 a despesa quanto 20% INSS Patronal.\u00a0<\/p><p>Ao lado o formul\u00e1rio para solicita\u00e7\u00e3o de autonomo, o mesmo ap\u00f3s preenchido e assinado deve ser enviado para o N\u00facleo de Apoio Administrativo Or\u00e7amentario\/PROINOVA \u2013 proinova.financeiro@ufsm.br acompanhado dos comprovantes.<\/p>\t\t\t\t\t\t<\/div>\n\t\t\t\t<\/div>\n\t\t\t\t\t<\/div>\n\t\t<\/div>\n\t\t\t\t<div class=\"elementor-column elementor-col-50 elementor-top-column elementor-element elementor-element-b1d5768\" data-id=\"b1d5768\" data-element_type=\"column\">\n\t\t\t<div class=\"elementor-widget-wrap elementor-element-populated\">\n\t\t\t\t\t\t<div class=\"elementor-element elementor-element-ebc22bf elementor-widget elementor-widget-image\" data-id=\"ebc22bf\" data-element_type=\"widget\" data-widget_type=\"image.default\">\n\t\t\t\t<div class=\"elementor-widget-container\">\n\t\t\t\t\t\t\t\t\t\t\t\t\t\t<a href=\"https:\/\/www.ufsm.br\/app\/uploads\/sites\/399\/2023\/12\/Formulario-para-Autonomo-3.docx\">\n\t\t\t\t\t\t\t<img decoding=\"async\" width=\"394\" height=\"262\" src=\"https:\/\/www.ufsm.br\/app\/uploads\/sites\/399\/2023\/04\/Formulario_documentos-e-processos-copia.png\" class=\"elementor-animation-shrink attachment-full size-full wp-image-5073\" alt=\"\" srcset=\"https:\/\/www.ufsm.br\/app\/uploads\/sites\/399\/2023\/04\/Formulario_documentos-e-processos-copia.png 394w, https:\/\/www.ufsm.br\/app\/uploads\/sites\/399\/2023\/04\/Formulario_documentos-e-processos-copia-300x199.png 300w, https:\/\/www.ufsm.br\/app\/uploads\/sites\/399\/2023\/04\/Formulario_documentos-e-processos-copia-272x182.png 272w\" sizes=\"(max-width: 394px) 100vw, 394px\" \/>\t\t\t\t\t\t\t\t<\/a>\n\t\t\t\t\t\t\t\t\t\t\t\t\t<\/div>\n\t\t\t\t<\/div>\n\t\t\t\t\t<\/div>\n\t\t<\/div>\n\t\t\t\t\t<\/div>\n\t\t<\/section>\n\t\t\t\t<\/div>\n\t\t","protected":false},"excerpt":{"rendered":"<p>Para despesas eventuais com contrata\u00e7\u00e3o de servi\u00e7os prestados por pessoa f\u00edsica, sem habitualidade ou subordina\u00e7\u00e3o e por prazo determinado.\u00a0 Necess\u00e1rio atentar que al\u00e9m do custo so valor pago ao aut\u00f4nomo, para qual h\u00e1 desconto de INSS, ISSQN e IRPF, tamb\u00e9m h\u00e1 a despesa quanto 20% INSS Patronal.\u00a0 Ao lado o formul\u00e1rio para solicita\u00e7\u00e3o de autonomo, [&hellip;]<\/p>\n","protected":false},"author":4518,"featured_media":0,"parent":0,"menu_order":0,"comment_status":"closed","ping_status":"closed","template":"","meta":{"episode_type":"","audio_file":"","cover_image":"","cover_image_id":"","duration":"","filesize":"","date_recorded":"","explicit":"","block":"","filesize_raw":"","footnotes":""},"categories":[],"tags":[],"class_list":["post-5720","page","type-page","status-publish","hentry"],"acf":[],"_links":{"self":[{"href":"https:\/\/www.ufsm.br\/pro-reitorias\/proinova\/wp-json\/wp\/v2\/pages\/5720","targetHints":{"allow":["GET"]}}],"collection":[{"href":"https:\/\/www.ufsm.br\/pro-reitorias\/proinova\/wp-json\/wp\/v2\/pages"}],"about":[{"href":"https:\/\/www.ufsm.br\/pro-reitorias\/proinova\/wp-json\/wp\/v2\/types\/page"}],"author":[{"embeddable":true,"href":"https:\/\/www.ufsm.br\/pro-reitorias\/proinova\/wp-json\/wp\/v2\/users\/4518"}],"replies":[{"embeddable":true,"href":"https:\/\/www.ufsm.br\/pro-reitorias\/proinova\/wp-json\/wp\/v2\/comments?post=5720"}],"version-history":[{"count":0,"href":"https:\/\/www.ufsm.br\/pro-reitorias\/proinova\/wp-json\/wp\/v2\/pages\/5720\/revisions"}],"wp:attachment":[{"href":"https:\/\/www.ufsm.br\/pro-reitorias\/proinova\/wp-json\/wp\/v2\/media?parent=5720"}],"wp:term":[{"taxonomy":"category","embeddable":true,"href":"https:\/\/www.ufsm.br\/pro-reitorias\/proinova\/wp-json\/wp\/v2\/categories?post=5720"},{"taxonomy":"post_tag","embeddable":true,"href":"https:\/\/www.ufsm.br\/pro-reitorias\/proinova\/wp-json\/wp\/v2\/tags?post=5720"}],"curies":[{"name":"wp","href":"https:\/\/api.w.org\/{rel}","templated":true}]}}