{"id":5726,"date":"2023-08-18T11:41:24","date_gmt":"2023-08-18T14:41:24","guid":{"rendered":"https:\/\/www.ufsm.br\/pro-reitorias\/proinova\/?page_id=5726"},"modified":"2024-10-17T10:59:15","modified_gmt":"2024-10-17T13:59:15","slug":"passagem-politica-de-inovacao","status":"publish","type":"page","link":"https:\/\/www.ufsm.br\/pro-reitorias\/proinova\/passagem-politica-de-inovacao","title":{"rendered":"Passagem"},"content":{"rendered":"\t\t<div data-elementor-type=\"wp-page\" data-elementor-id=\"5726\" class=\"elementor elementor-5726\">\n\t\t\t\t\t\t<section class=\"elementor-section elementor-top-section elementor-element elementor-element-4335019 elementor-section-boxed elementor-section-height-default elementor-section-height-default\" data-id=\"4335019\" data-element_type=\"section\">\n\t\t\t\t\t\t<div class=\"elementor-container elementor-column-gap-default\">\n\t\t\t\t\t<div class=\"elementor-column elementor-col-100 elementor-top-column elementor-element elementor-element-74b78a2\" data-id=\"74b78a2\" data-element_type=\"column\">\n\t\t\t<div class=\"elementor-widget-wrap elementor-element-populated\">\n\t\t\t\t\t\t<div class=\"elementor-element elementor-element-996e625 elementor-widget elementor-widget-image\" data-id=\"996e625\" data-element_type=\"widget\" data-widget_type=\"image.default\">\n\t\t\t\t<div class=\"elementor-widget-container\">\n\t\t\t\t\t\t\t\t\t\t\t\t\t<img fetchpriority=\"high\" decoding=\"async\" width=\"1920\" height=\"477\" src=\"https:\/\/www.ufsm.br\/app\/uploads\/sites\/399\/2023\/04\/Banners_Paginas_naao_Passagem.jpg\" class=\"attachment-full size-full wp-image-5070\" alt=\"\" srcset=\"https:\/\/www.ufsm.br\/app\/uploads\/sites\/399\/2023\/04\/Banners_Paginas_naao_Passagem.jpg 1920w, https:\/\/www.ufsm.br\/app\/uploads\/sites\/399\/2023\/04\/Banners_Paginas_naao_Passagem-300x75.jpg 300w, https:\/\/www.ufsm.br\/app\/uploads\/sites\/399\/2023\/04\/Banners_Paginas_naao_Passagem-1024x254.jpg 1024w, https:\/\/www.ufsm.br\/app\/uploads\/sites\/399\/2023\/04\/Banners_Paginas_naao_Passagem-768x191.jpg 768w, https:\/\/www.ufsm.br\/app\/uploads\/sites\/399\/2023\/04\/Banners_Paginas_naao_Passagem-1536x382.jpg 1536w\" sizes=\"(max-width: 1920px) 100vw, 1920px\" \/>\t\t\t\t\t\t\t\t\t\t\t\t\t<\/div>\n\t\t\t\t<\/div>\n\t\t\t\t\t<\/div>\n\t\t<\/div>\n\t\t\t\t\t<\/div>\n\t\t<\/section>\n\t\t\t\t<section class=\"elementor-section elementor-top-section elementor-element elementor-element-a853bbf elementor-section-boxed elementor-section-height-default elementor-section-height-default\" data-id=\"a853bbf\" data-element_type=\"section\">\n\t\t\t\t\t\t<div class=\"elementor-container elementor-column-gap-default\">\n\t\t\t\t\t<div class=\"elementor-column elementor-col-50 elementor-top-column elementor-element elementor-element-da32a0f\" data-id=\"da32a0f\" data-element_type=\"column\">\n\t\t\t<div class=\"elementor-widget-wrap elementor-element-populated\">\n\t\t\t\t\t\t<div class=\"elementor-element elementor-element-ce10363 elementor-widget elementor-widget-text-editor\" data-id=\"ce10363\" data-element_type=\"widget\" data-widget_type=\"text-editor.default\">\n\t\t\t\t<div class=\"elementor-widget-container\">\n\t\t\t\t\t\t\t<p><span style=\"color: #222222;font-family: arial, sans-serif;font-size: small\">Quando for necess\u00e1ria a aquisi\u00e7\u00e3o de passagens a\u00e9reas para deslocamento, o benefici\u00e1rio dever\u00e1 enviar o formul\u00e1rio para solicita\u00e7\u00e3o da mesma. No caso, ele n\u00e3o se aplica a deslocamento rodovi\u00e1rio, esse se encaixa na condi\u00e7\u00e3o de reembolso.<\/span><\/p>\n<p><br style=\"color: #222222;font-family: arial, sans-serif;font-size: small\"><span style=\"color: #222222;font-family: arial, sans-serif;font-size: small\">Pode-se verificar as op\u00e7\u00f5es e estimativas de valores de voo em&nbsp;<\/span><a style=\"color: #1155cc;font-family: arial, sans-serif;font-size: small\" href=\"https:\/\/www.google.com\/travel\/\" target=\"_blank\" rel=\"noopener\" data-saferedirecturl=\"https:\/\/www.google.com\/url?q=https:\/\/www.google.com\/travel\/&amp;source=gmail&amp;ust=1683659010460000&amp;usg=AOvVaw2pZHFJThgWp_OFNvJK7LBZ\">https:\/\/www.google.com\/travel<\/a><span style=\"color: #222222;font-family: arial, sans-serif;font-size: small\">, para informar no formul\u00e1rio o voo da prefer\u00eancia do benefici\u00e1rio.<\/span><\/p>\n<p><br style=\"color: #222222;font-family: arial, sans-serif;font-size: small\"><span style=\"color: #222222;font-family: arial, sans-serif;font-size: small\">O pedido de concess\u00e3o de passagens dever\u00e1 ser feito pelo Formul\u00e1rio de Solicita\u00e7\u00e3o de Passagens, ap\u00f3s preenchido dever\u00e1 &nbsp;ser enviado para o N\u00facleo de Gest\u00e3o Or\u00e7ament\u00e1ria\/PROINOVA &#8211; <a href=\"mailto:proinova.financeiro@ufsm.br\">proinova.financeiro@ufsm.br<\/a>, junto com os documentos comprobat\u00f3rios.<\/span><br style=\"color: #222222;font-family: arial, sans-serif;font-size: small\"><span style=\"color: #222222;font-family: arial, sans-serif;font-size: small\">&nbsp;<\/span><\/p>\t\t\t\t\t\t<\/div>\n\t\t\t\t<\/div>\n\t\t\t\t\t<\/div>\n\t\t<\/div>\n\t\t\t\t<div class=\"elementor-column elementor-col-50 elementor-top-column elementor-element elementor-element-3f2c157\" data-id=\"3f2c157\" data-element_type=\"column\">\n\t\t\t<div class=\"elementor-widget-wrap elementor-element-populated\">\n\t\t\t\t\t\t<div class=\"elementor-element elementor-element-624d664 elementor-widget elementor-widget-image\" data-id=\"624d664\" data-element_type=\"widget\" data-widget_type=\"image.default\">\n\t\t\t\t<div class=\"elementor-widget-container\">\n\t\t\t\t\t\t\t\t\t\t\t\t\t\t<a href=\"https:\/\/www.ufsm.br\/app\/uploads\/sites\/399\/2024\/10\/Formulario-para-Passagem-politica-de-inovacao-1.docx\">\n\t\t\t\t\t\t\t<img decoding=\"async\" width=\"394\" height=\"262\" src=\"https:\/\/www.ufsm.br\/app\/uploads\/sites\/399\/2023\/04\/Formulario_documentos-e-processos-copia.png\" class=\"elementor-animation-shrink attachment-large size-large wp-image-5073\" alt=\"\" srcset=\"https:\/\/www.ufsm.br\/app\/uploads\/sites\/399\/2023\/04\/Formulario_documentos-e-processos-copia.png 394w, https:\/\/www.ufsm.br\/app\/uploads\/sites\/399\/2023\/04\/Formulario_documentos-e-processos-copia-300x199.png 300w, https:\/\/www.ufsm.br\/app\/uploads\/sites\/399\/2023\/04\/Formulario_documentos-e-processos-copia-272x182.png 272w\" sizes=\"(max-width: 394px) 100vw, 394px\" \/>\t\t\t\t\t\t\t\t<\/a>\n\t\t\t\t\t\t\t\t\t\t\t\t\t<\/div>\n\t\t\t\t<\/div>\n\t\t\t\t\t<\/div>\n\t\t<\/div>\n\t\t\t\t\t<\/div>\n\t\t<\/section>\n\t\t\t\t<\/div>\n\t\t","protected":false},"excerpt":{"rendered":"<p>Quando for necess\u00e1ria a aquisi\u00e7\u00e3o de passagens a\u00e9reas para deslocamento, o benefici\u00e1rio dever\u00e1 enviar o formul\u00e1rio para solicita\u00e7\u00e3o da mesma. No caso, ele n\u00e3o se aplica a deslocamento rodovi\u00e1rio, esse se encaixa na condi\u00e7\u00e3o de reembolso. Pode-se verificar as op\u00e7\u00f5es e estimativas de valores de voo em&nbsp;https:\/\/www.google.com\/travel, para informar no formul\u00e1rio o voo da prefer\u00eancia [&hellip;]<\/p>\n","protected":false},"author":4518,"featured_media":0,"parent":0,"menu_order":0,"comment_status":"closed","ping_status":"closed","template":"","meta":{"episode_type":"","audio_file":"","cover_image":"","cover_image_id":"","duration":"","filesize":"","date_recorded":"","explicit":"","block":"","filesize_raw":"","footnotes":""},"categories":[],"tags":[],"class_list":["post-5726","page","type-page","status-publish","hentry"],"acf":[],"_links":{"self":[{"href":"https:\/\/www.ufsm.br\/pro-reitorias\/proinova\/wp-json\/wp\/v2\/pages\/5726","targetHints":{"allow":["GET"]}}],"collection":[{"href":"https:\/\/www.ufsm.br\/pro-reitorias\/proinova\/wp-json\/wp\/v2\/pages"}],"about":[{"href":"https:\/\/www.ufsm.br\/pro-reitorias\/proinova\/wp-json\/wp\/v2\/types\/page"}],"author":[{"embeddable":true,"href":"https:\/\/www.ufsm.br\/pro-reitorias\/proinova\/wp-json\/wp\/v2\/users\/4518"}],"replies":[{"embeddable":true,"href":"https:\/\/www.ufsm.br\/pro-reitorias\/proinova\/wp-json\/wp\/v2\/comments?post=5726"}],"version-history":[{"count":0,"href":"https:\/\/www.ufsm.br\/pro-reitorias\/proinova\/wp-json\/wp\/v2\/pages\/5726\/revisions"}],"wp:attachment":[{"href":"https:\/\/www.ufsm.br\/pro-reitorias\/proinova\/wp-json\/wp\/v2\/media?parent=5726"}],"wp:term":[{"taxonomy":"category","embeddable":true,"href":"https:\/\/www.ufsm.br\/pro-reitorias\/proinova\/wp-json\/wp\/v2\/categories?post=5726"},{"taxonomy":"post_tag","embeddable":true,"href":"https:\/\/www.ufsm.br\/pro-reitorias\/proinova\/wp-json\/wp\/v2\/tags?post=5726"}],"curies":[{"name":"wp","href":"https:\/\/api.w.org\/{rel}","templated":true}]}}