{"id":6540,"date":"2024-03-20T10:11:20","date_gmt":"2024-03-20T13:11:20","guid":{"rendered":"https:\/\/www.ufsm.br\/pro-reitorias\/proinova\/?page_id=6540"},"modified":"2025-03-17T16:48:05","modified_gmt":"2025-03-17T19:48:05","slug":"bolsas-de-incentivo-a-inovacao-finova","status":"publish","type":"page","link":"https:\/\/www.ufsm.br\/pro-reitorias\/proinova\/bolsas-de-incentivo-a-inovacao-finova","title":{"rendered":"Bolsas de Incentivo \u00e0 Inova\u00e7\u00e3o"},"content":{"rendered":"\t\t<div data-elementor-type=\"wp-page\" data-elementor-id=\"6540\" class=\"elementor elementor-6540\">\n\t\t\t\t\t\t<section class=\"elementor-section elementor-top-section elementor-element elementor-element-25d7bd5 elementor-section-boxed elementor-section-height-default elementor-section-height-default\" data-id=\"25d7bd5\" data-element_type=\"section\">\n\t\t\t\t\t\t<div class=\"elementor-container elementor-column-gap-default\">\n\t\t\t\t\t<div class=\"elementor-column elementor-col-100 elementor-top-column elementor-element elementor-element-61d75aea\" data-id=\"61d75aea\" data-element_type=\"column\">\n\t\t\t<div class=\"elementor-widget-wrap elementor-element-populated\">\n\t\t\t\t\t\t<div class=\"elementor-element elementor-element-4d0be22d elementor-widget elementor-widget-text-editor\" data-id=\"4d0be22d\" data-element_type=\"widget\" data-widget_type=\"text-editor.default\">\n\t\t\t\t<div class=\"elementor-widget-container\">\n\t\t\t\t\t\t\t<p><!-- wp:tadv\/classic-paragraph --><\/p>\n<p data-pm-slice=\"1 1 [&quot;orderedList&quot;,{&quot;order&quot;:1},&quot;listItem&quot;,null]\">Aqui voc\u00ea encontra os Editais de Sele\u00e7\u00e3o de Bolsistas realizados pelos docentes da UFSM contemplados com cotas de bolsas de Incentivo \u00e0 Inova\u00e7\u00e3o dos diferentes Editais relacionados aos programas de bolsas existentes na UFSM.<\/p>\n<p><b>Clique em uma das op\u00e7\u00f5es abaixo para acessar as oportunidades de bolsa de cada Edital.<\/b><\/p>\n<p><!-- \/wp:tadv\/classic-paragraph --><\/p>\t\t\t\t\t\t<\/div>\n\t\t\t\t<\/div>\n\t\t\t\t\t<\/div>\n\t\t<\/div>\n\t\t\t\t\t<\/div>\n\t\t<\/section>\n\t\t\t\t<section class=\"elementor-section elementor-top-section elementor-element elementor-element-73ba608 elementor-section-boxed elementor-section-height-default elementor-section-height-default\" data-id=\"73ba608\" data-element_type=\"section\">\n\t\t\t\t\t\t<div class=\"elementor-container elementor-column-gap-default\">\n\t\t\t\t\t<div class=\"elementor-column elementor-col-100 elementor-top-column elementor-element elementor-element-41058b1\" data-id=\"41058b1\" data-element_type=\"column\">\n\t\t\t<div class=\"elementor-widget-wrap elementor-element-populated\">\n\t\t\t\t\t\t<div class=\"elementor-element elementor-element-12b2059 elementor-widget elementor-widget-image\" data-id=\"12b2059\" data-element_type=\"widget\" data-widget_type=\"image.default\">\n\t\t\t\t<div class=\"elementor-widget-container\">\n\t\t\t\t\t\t\t\t\t\t\t\t\t\t<a href=\"https:\/\/www.ufsm.br\/pro-reitorias\/proinova\/bolsas-finova-categoria-social\">\n\t\t\t\t\t\t\t<img fetchpriority=\"high\" decoding=\"async\" width=\"768\" height=\"153\" src=\"https:\/\/www.ufsm.br\/app\/uploads\/sites\/399\/2024\/03\/Ativo-16-1-768x153.png\" class=\"elementor-animation-shrink attachment-medium_large size-medium_large wp-image-6567\" alt=\"\" srcset=\"https:\/\/www.ufsm.br\/app\/uploads\/sites\/399\/2024\/03\/Ativo-16-1-768x153.png 768w, https:\/\/www.ufsm.br\/app\/uploads\/sites\/399\/2024\/03\/Ativo-16-1-300x60.png 300w, https:\/\/www.ufsm.br\/app\/uploads\/sites\/399\/2024\/03\/Ativo-16-1-1024x204.png 1024w, https:\/\/www.ufsm.br\/app\/uploads\/sites\/399\/2024\/03\/Ativo-16-1-1536x307.png 1536w, https:\/\/www.ufsm.br\/app\/uploads\/sites\/399\/2024\/03\/Ativo-16-1.png 1838w\" sizes=\"(max-width: 768px) 100vw, 768px\" \/>\t\t\t\t\t\t\t\t<\/a>\n\t\t\t\t\t\t\t\t\t\t\t\t\t<\/div>\n\t\t\t\t<\/div>\n\t\t\t\t<div class=\"elementor-element elementor-element-6981cdf elementor-widget elementor-widget-image\" data-id=\"6981cdf\" data-element_type=\"widget\" data-widget_type=\"image.default\">\n\t\t\t\t<div class=\"elementor-widget-container\">\n\t\t\t\t\t\t\t\t\t\t\t\t\t\t<a href=\"https:\/\/www.ufsm.br\/pro-reitorias\/proinova\/bolsas-finova-categoria-tecnologica\">\n\t\t\t\t\t\t\t<img decoding=\"async\" width=\"768\" height=\"153\" src=\"https:\/\/www.ufsm.br\/app\/uploads\/sites\/399\/2024\/03\/Ativo-17-1-768x153.png\" class=\"elementor-animation-shrink attachment-medium_large size-medium_large wp-image-6569\" alt=\"\" srcset=\"https:\/\/www.ufsm.br\/app\/uploads\/sites\/399\/2024\/03\/Ativo-17-1-768x153.png 768w, https:\/\/www.ufsm.br\/app\/uploads\/sites\/399\/2024\/03\/Ativo-17-1-300x60.png 300w, https:\/\/www.ufsm.br\/app\/uploads\/sites\/399\/2024\/03\/Ativo-17-1-1024x204.png 1024w, https:\/\/www.ufsm.br\/app\/uploads\/sites\/399\/2024\/03\/Ativo-17-1-1536x307.png 1536w, https:\/\/www.ufsm.br\/app\/uploads\/sites\/399\/2024\/03\/Ativo-17-1.png 1838w\" sizes=\"(max-width: 768px) 100vw, 768px\" \/>\t\t\t\t\t\t\t\t<\/a>\n\t\t\t\t\t\t\t\t\t\t\t\t\t<\/div>\n\t\t\t\t<\/div>\n\t\t\t\t<div class=\"elementor-element elementor-element-3486104 elementor-widget elementor-widget-image\" data-id=\"3486104\" data-element_type=\"widget\" data-widget_type=\"image.default\">\n\t\t\t\t<div class=\"elementor-widget-container\">\n\t\t\t\t\t\t\t\t\t\t\t\t\t\t<a href=\"https:\/\/www.ufsm.br\/pro-reitorias\/proinova\/bolsas-finova-categoria-empreendedora-finova-emp\">\n\t\t\t\t\t\t\t<img decoding=\"async\" width=\"768\" height=\"154\" src=\"https:\/\/www.ufsm.br\/app\/uploads\/sites\/399\/2024\/03\/Ativo-18-1-768x154.png\" class=\"elementor-animation-shrink attachment-medium_large size-medium_large wp-image-6568\" alt=\"\" srcset=\"https:\/\/www.ufsm.br\/app\/uploads\/sites\/399\/2024\/03\/Ativo-18-1-768x154.png 768w, https:\/\/www.ufsm.br\/app\/uploads\/sites\/399\/2024\/03\/Ativo-18-1-300x60.png 300w, https:\/\/www.ufsm.br\/app\/uploads\/sites\/399\/2024\/03\/Ativo-18-1-1024x205.png 1024w, https:\/\/www.ufsm.br\/app\/uploads\/sites\/399\/2024\/03\/Ativo-18-1-1536x308.png 1536w, https:\/\/www.ufsm.br\/app\/uploads\/sites\/399\/2024\/03\/Ativo-18-1.png 1838w\" sizes=\"(max-width: 768px) 100vw, 768px\" \/>\t\t\t\t\t\t\t\t<\/a>\n\t\t\t\t\t\t\t\t\t\t\t\t\t<\/div>\n\t\t\t\t<\/div>\n\t\t\t\t<div class=\"elementor-element elementor-element-2d8c1ff elementor-widget elementor-widget-image\" data-id=\"2d8c1ff\" data-element_type=\"widget\" data-widget_type=\"image.default\">\n\t\t\t\t<div class=\"elementor-widget-container\">\n\t\t\t\t\t\t\t\t\t\t\t\t\t\t<a href=\"https:\/\/www.ufsm.br\/pro-reitorias\/proinova\/iti-unificado-pibiti-e-probiti\">\n\t\t\t\t\t\t\t<img loading=\"lazy\" decoding=\"async\" width=\"768\" height=\"153\" src=\"https:\/\/www.ufsm.br\/app\/uploads\/sites\/399\/2024\/07\/Ativo-19-768x153.png\" class=\"elementor-animation-shrink attachment-medium_large size-medium_large wp-image-7128\" alt=\"\" srcset=\"https:\/\/www.ufsm.br\/app\/uploads\/sites\/399\/2024\/07\/Ativo-19-768x153.png 768w, https:\/\/www.ufsm.br\/app\/uploads\/sites\/399\/2024\/07\/Ativo-19-300x60.png 300w, https:\/\/www.ufsm.br\/app\/uploads\/sites\/399\/2024\/07\/Ativo-19-1024x204.png 1024w, https:\/\/www.ufsm.br\/app\/uploads\/sites\/399\/2024\/07\/Ativo-19-1536x307.png 1536w, https:\/\/www.ufsm.br\/app\/uploads\/sites\/399\/2024\/07\/Ativo-19.png 1838w\" sizes=\"(max-width: 768px) 100vw, 768px\" \/>\t\t\t\t\t\t\t\t<\/a>\n\t\t\t\t\t\t\t\t\t\t\t\t\t<\/div>\n\t\t\t\t<\/div>\n\t\t\t\t<div class=\"elementor-element elementor-element-d9920b1 elementor-widget elementor-widget-image\" data-id=\"d9920b1\" data-element_type=\"widget\" data-widget_type=\"image.default\">\n\t\t\t\t<div class=\"elementor-widget-container\">\n\t\t\t\t\t\t\t\t\t\t\t\t\t\t<a href=\"https:\/\/www.ufsm.br\/pro-reitorias\/proinova\/bolsas-do-programa-de-mestrado-e-doutorado-para-inovacao-mai-dai\">\n\t\t\t\t\t\t\t<img loading=\"lazy\" decoding=\"async\" width=\"768\" height=\"153\" src=\"https:\/\/www.ufsm.br\/app\/uploads\/sites\/399\/2024\/11\/Group-1.jpg\" class=\"elementor-animation-shrink attachment-medium_large size-medium_large wp-image-7625\" alt=\"\" srcset=\"https:\/\/www.ufsm.br\/app\/uploads\/sites\/399\/2024\/11\/Group-1.jpg 768w, https:\/\/www.ufsm.br\/app\/uploads\/sites\/399\/2024\/11\/Group-1-300x60.jpg 300w\" sizes=\"(max-width: 768px) 100vw, 768px\" \/>\t\t\t\t\t\t\t\t<\/a>\n\t\t\t\t\t\t\t\t\t\t\t\t\t<\/div>\n\t\t\t\t<\/div>\n\t\t\t\t\t<\/div>\n\t\t<\/div>\n\t\t\t\t\t<\/div>\n\t\t<\/section>\n\t\t\t\t<\/div>\n\t\t","protected":false},"excerpt":{"rendered":"<p>Aqui voc\u00ea encontra os Editais de Sele\u00e7\u00e3o de Bolsistas realizados pelos docentes da UFSM contemplados com cotas de bolsas de Incentivo \u00e0 Inova\u00e7\u00e3o dos diferentes Editais relacionados aos programas de bolsas existentes na UFSM. Clique em uma das op\u00e7\u00f5es abaixo para acessar as oportunidades de bolsa de cada Edital.<\/p>\n","protected":false},"author":7616,"featured_media":0,"parent":0,"menu_order":0,"comment_status":"closed","ping_status":"closed","template":"","meta":{"episode_type":"","audio_file":"","cover_image":"","cover_image_id":"","duration":"","filesize":"","date_recorded":"","explicit":"","block":"","filesize_raw":"","footnotes":""},"categories":[],"tags":[],"class_list":["post-6540","page","type-page","status-publish","hentry"],"acf":[],"_links":{"self":[{"href":"https:\/\/www.ufsm.br\/pro-reitorias\/proinova\/wp-json\/wp\/v2\/pages\/6540","targetHints":{"allow":["GET"]}}],"collection":[{"href":"https:\/\/www.ufsm.br\/pro-reitorias\/proinova\/wp-json\/wp\/v2\/pages"}],"about":[{"href":"https:\/\/www.ufsm.br\/pro-reitorias\/proinova\/wp-json\/wp\/v2\/types\/page"}],"author":[{"embeddable":true,"href":"https:\/\/www.ufsm.br\/pro-reitorias\/proinova\/wp-json\/wp\/v2\/users\/7616"}],"replies":[{"embeddable":true,"href":"https:\/\/www.ufsm.br\/pro-reitorias\/proinova\/wp-json\/wp\/v2\/comments?post=6540"}],"version-history":[{"count":0,"href":"https:\/\/www.ufsm.br\/pro-reitorias\/proinova\/wp-json\/wp\/v2\/pages\/6540\/revisions"}],"wp:attachment":[{"href":"https:\/\/www.ufsm.br\/pro-reitorias\/proinova\/wp-json\/wp\/v2\/media?parent=6540"}],"wp:term":[{"taxonomy":"category","embeddable":true,"href":"https:\/\/www.ufsm.br\/pro-reitorias\/proinova\/wp-json\/wp\/v2\/categories?post=6540"},{"taxonomy":"post_tag","embeddable":true,"href":"https:\/\/www.ufsm.br\/pro-reitorias\/proinova\/wp-json\/wp\/v2\/tags?post=6540"}],"curies":[{"name":"wp","href":"https:\/\/api.w.org\/{rel}","templated":true}]}}