{"id":1604,"date":"2025-07-08T11:22:56","date_gmt":"2025-07-08T14:22:56","guid":{"rendered":"https:\/\/www.ufsm.br\/pro-reitorias\/proplan\/gap\/?page_id=1604"},"modified":"2025-07-18T13:36:00","modified_gmt":"2025-07-18T16:36:00","slug":"editais-para-bolsistas","status":"publish","type":"page","link":"https:\/\/www.ufsm.br\/pro-reitorias\/proplan\/gap\/editais-para-bolsistas","title":{"rendered":"Editais Para Bolsistas"},"content":{"rendered":"\t\t<div data-elementor-type=\"wp-page\" data-elementor-id=\"1604\" class=\"elementor elementor-1604\">\n\t\t\t\t\t\t<section class=\"elementor-section elementor-top-section elementor-element elementor-element-25c9102 elementor-section-boxed elementor-section-height-default elementor-section-height-default\" data-id=\"25c9102\" data-element_type=\"section\">\n\t\t\t\t\t\t<div class=\"elementor-container elementor-column-gap-default\">\n\t\t\t\t\t<div class=\"elementor-column elementor-col-100 elementor-top-column elementor-element elementor-element-3df88e6\" data-id=\"3df88e6\" data-element_type=\"column\">\n\t\t\t<div class=\"elementor-widget-wrap elementor-element-populated\">\n\t\t\t\t\t\t<div class=\"elementor-element elementor-element-0118e1d elementor-widget elementor-widget-toggle\" data-id=\"0118e1d\" data-element_type=\"widget\" data-widget_type=\"toggle.default\">\n\t\t\t\t<div class=\"elementor-widget-container\">\n\t\t\t\t\t<div class=\"elementor-toggle\">\n\t\t\t\t\t\t\t<div class=\"elementor-toggle-item\">\n\t\t\t\t\t<div id=\"elementor-tab-title-1151\" class=\"elementor-tab-title\" data-tab=\"1\" role=\"button\" aria-controls=\"elementor-tab-content-1151\" aria-expanded=\"false\">\n\t\t\t\t\t\t\t\t\t\t\t\t<span class=\"elementor-toggle-icon elementor-toggle-icon-left\" aria-hidden=\"true\">\n\t\t\t\t\t\t\t\t\t\t\t\t\t\t\t<span class=\"elementor-toggle-icon-closed\"><i class=\"fas fa-caret-right\"><\/i><\/span>\n\t\t\t\t\t\t\t\t<span class=\"elementor-toggle-icon-opened\"><i class=\"elementor-toggle-icon-opened fas fa-caret-up\"><\/i><\/span>\n\t\t\t\t\t\t\t\t\t\t\t\t\t<\/span>\n\t\t\t\t\t\t\t\t\t\t\t\t<a class=\"elementor-toggle-title\" tabindex=\"0\">Edital 001\/2025 - EDITAL N. 01\/2025 DIVPROJ\/UFSM\/FW PROCESSO SELETIVO PARA BOLSA ESTUDANTIL<\/a>\n\t\t\t\t\t<\/div>\n\n\t\t\t\t\t<div id=\"elementor-tab-content-1151\" class=\"elementor-tab-content elementor-clearfix\" data-tab=\"1\" role=\"region\" aria-labelledby=\"elementor-tab-title-1151\"><p><a href=\"https:\/\/www.ufsm.br\/app\/uploads\/sites\/819\/2025\/07\/EDITAL_N._01_2025_DIVPROJ_UFSM_FW_-_SELECAO_DE_BOLSISTA.pdf\" target=\"_blank\" rel=\"noopener\">EDITAL 001\/2025- Sele\u00e7\u00e3o de Bolsistas\u00a0<\/a><\/p><p><a href=\"https:\/\/www.ufsm.br\/app\/uploads\/sites\/819\/2025\/07\/001-2025-ANEXO-1-Ficha-de-Inscricao-do-Candidato.docx\" target=\"_blank\" rel=\"noopener\">Anexo 1 &#8211; Ficha de inscri\u00e7\u00e3o do candidato<\/a><\/p><p><a href=\"https:\/\/www.ufsm.br\/app\/uploads\/sites\/819\/2025\/07\/001-2025-ANEXO-2-Questionario-de-experiencias-individuais-.docx\" target=\"_blank\" rel=\"noopener\">Anexo 2 &#8211; Question\u00e1rio de experi\u00eancias individuais<\/a><\/p><p><a href=\"https:\/\/www.ufsm.br\/app\/uploads\/sites\/819\/2025\/07\/RESULTADO_PRELIMINAR_.docx_assinado.pdf\" target=\"_blank\" rel=\"noopener\">Resultado Preliminar<\/a>\u00a0<\/p><p><a href=\"https:\/\/www.ufsm.br\/app\/uploads\/sites\/819\/2025\/07\/RESULTADO_FINAL.pdf\" target=\"_blank\" rel=\"noopener\">Resultado Final<\/a><\/p><\/div>\n\t\t\t\t<\/div>\n\t\t\t\t\t\t\t\t<\/div>\n\t\t\t\t<\/div>\n\t\t\t\t<\/div>\n\t\t\t\t\t<\/div>\n\t\t<\/div>\n\t\t\t\t\t<\/div>\n\t\t<\/section>\n\t\t\t\t<\/div>\n\t\t","protected":false},"excerpt":{"rendered":"<p>Edital 001\/2025 &#8211; EDITAL N. 01\/2025 DIVPROJ\/UFSM\/FW PROCESSO SELETIVO PARA BOLSA ESTUDANTIL EDITAL 001\/2025- Sele\u00e7\u00e3o de Bolsistas\u00a0 Anexo 1 &#8211; Ficha de inscri\u00e7\u00e3o do candidato Anexo 2 &#8211; Question\u00e1rio de experi\u00eancias individuais Resultado Preliminar\u00a0 Resultado Final<\/p>\n","protected":false},"author":345,"featured_media":0,"parent":0,"menu_order":0,"comment_status":"closed","ping_status":"closed","template":"","meta":{"footnotes":""},"categories":[],"tags":[],"class_list":["post-1604","page","type-page","status-publish","hentry"],"acf":[],"_links":{"self":[{"href":"https:\/\/www.ufsm.br\/pro-reitorias\/proplan\/gap\/wp-json\/wp\/v2\/pages\/1604","targetHints":{"allow":["GET"]}}],"collection":[{"href":"https:\/\/www.ufsm.br\/pro-reitorias\/proplan\/gap\/wp-json\/wp\/v2\/pages"}],"about":[{"href":"https:\/\/www.ufsm.br\/pro-reitorias\/proplan\/gap\/wp-json\/wp\/v2\/types\/page"}],"author":[{"embeddable":true,"href":"https:\/\/www.ufsm.br\/pro-reitorias\/proplan\/gap\/wp-json\/wp\/v2\/users\/345"}],"replies":[{"embeddable":true,"href":"https:\/\/www.ufsm.br\/pro-reitorias\/proplan\/gap\/wp-json\/wp\/v2\/comments?post=1604"}],"version-history":[{"count":0,"href":"https:\/\/www.ufsm.br\/pro-reitorias\/proplan\/gap\/wp-json\/wp\/v2\/pages\/1604\/revisions"}],"wp:attachment":[{"href":"https:\/\/www.ufsm.br\/pro-reitorias\/proplan\/gap\/wp-json\/wp\/v2\/media?parent=1604"}],"wp:term":[{"taxonomy":"category","embeddable":true,"href":"https:\/\/www.ufsm.br\/pro-reitorias\/proplan\/gap\/wp-json\/wp\/v2\/categories?post=1604"},{"taxonomy":"post_tag","embeddable":true,"href":"https:\/\/www.ufsm.br\/pro-reitorias\/proplan\/gap\/wp-json\/wp\/v2\/tags?post=1604"}],"curies":[{"name":"wp","href":"https:\/\/api.w.org\/{rel}","templated":true}]}}