{"id":26,"date":"2019-05-14T17:03:27","date_gmt":"2019-05-14T20:03:27","guid":{"rendered":"https:\/\/www.ufsm.br\/template-laboratprio\/?page_id=26"},"modified":"2022-10-27T15:15:47","modified_gmt":"2022-10-27T18:15:47","slug":"contato","status":"publish","type":"page","link":"https:\/\/www.ufsm.br\/pro-reitorias\/proplan\/gap\/contato","title":{"rendered":"Contatos"},"content":{"rendered":"\t\t<div data-elementor-type=\"wp-page\" data-elementor-id=\"26\" class=\"elementor elementor-26\">\n\t\t\t\t\t\t<section class=\"elementor-section elementor-top-section elementor-element elementor-element-469204fe elementor-section-boxed elementor-section-height-default elementor-section-height-default\" data-id=\"469204fe\" data-element_type=\"section\">\n\t\t\t\t\t\t<div class=\"elementor-container elementor-column-gap-default\">\n\t\t\t\t\t<div class=\"elementor-column elementor-col-100 elementor-top-column elementor-element elementor-element-62823842\" data-id=\"62823842\" data-element_type=\"column\">\n\t\t\t<div class=\"elementor-widget-wrap elementor-element-populated\">\n\t\t\t\t\t\t<div class=\"elementor-element elementor-element-76edca48 elementor-widget elementor-widget-text-editor\" data-id=\"76edca48\" data-element_type=\"widget\" data-widget_type=\"text-editor.default\">\n\t\t\t\t<div class=\"elementor-widget-container\">\n\t\t\t\t\t\t\t<p><!-- wp:tadv\/classic-paragraph --><\/p>\n<p>Subdivis\u00e3o de Projetos CCS<\/p>\n<p>Pr\u00e9dio 26A, 3\u00ba andar &#8211; sala 1357<br \/><span style=\"color: #000000;font-size: 1rem;background-color: var(--bs-body-bg);text-align: var(--bs-body-text-align)\">Chefe: Emily Vivian Valcarenghi<br \/><\/span><span style=\"color: #000000;font-size: 1rem;background-color: var(--bs-body-bg);text-align: var(--bs-body-text-align)\">Ramal: 55 3220-8571<br \/><\/span><span style=\"color: #000000;font-size: 1rem;background-color: var(--bs-body-bg);text-align: var(--bs-body-text-align)\">Instagram: @gapccsufsm<br \/><\/span><span style=\"background-color: var(--bs-body-bg);color: #000000;font-size: 1rem;text-align: var(--bs-body-text-align)\">Whatsapp: (55) 3220-8571 (hor\u00e1rio comercial)<\/span><\/p>\n<p><span style=\"color: #000000;font-size: 1rem;background-color: var(--bs-body-bg);text-align: var(--bs-body-text-align)\">E-mail: <a href=\"mailto:projetos.ccs@ufsm.br\">projetos.ccs@ufsm.br<\/a><\/span><\/p>\n<p>\u00a0<\/p>\n<p><!-- \/wp:tadv\/classic-paragraph --><\/p>\t\t\t\t\t\t<\/div>\n\t\t\t\t<\/div>\n\t\t\t\t\t<\/div>\n\t\t<\/div>\n\t\t\t\t\t<\/div>\n\t\t<\/section>\n\t\t\t\t<section class=\"elementor-section elementor-top-section elementor-element elementor-element-e152af4 elementor-section-boxed elementor-section-height-default elementor-section-height-default\" data-id=\"e152af4\" data-element_type=\"section\">\n\t\t\t\t\t\t<div class=\"elementor-container elementor-column-gap-default\">\n\t\t\t\t\t<div class=\"elementor-column elementor-col-100 elementor-top-column elementor-element elementor-element-6aad67a\" data-id=\"6aad67a\" data-element_type=\"column\">\n\t\t\t<div class=\"elementor-widget-wrap elementor-element-populated\">\n\t\t\t\t\t\t<div class=\"elementor-element elementor-element-31415b7 elementor-widget elementor-widget-text-editor\" data-id=\"31415b7\" data-element_type=\"widget\" data-widget_type=\"text-editor.default\">\n\t\t\t\t<div class=\"elementor-widget-container\">\n\t\t\t\t\t\t\t<p>Subdivis\u00e3o de Projetos CCSH\u00a0<\/p>\n<p>Chefe: Aleniram Soares\u00a0<br \/>Ramal: 55 3220-9262<br \/>E-mail:\u00a0 <a href=\"mailto:projetos.ccsh@ufsm.br\">projetos.ccsh@ufsm.br<\/a>\u00a0<\/p>\t\t\t\t\t\t<\/div>\n\t\t\t\t<\/div>\n\t\t\t\t\t<\/div>\n\t\t<\/div>\n\t\t\t\t\t<\/div>\n\t\t<\/section>\n\t\t\t\t<section class=\"elementor-section elementor-top-section elementor-element elementor-element-fa633ca elementor-section-boxed elementor-section-height-default elementor-section-height-default\" data-id=\"fa633ca\" data-element_type=\"section\">\n\t\t\t\t\t\t<div class=\"elementor-container elementor-column-gap-default\">\n\t\t\t\t\t<div class=\"elementor-column elementor-col-100 elementor-top-column elementor-element elementor-element-2e4a9f9\" data-id=\"2e4a9f9\" data-element_type=\"column\">\n\t\t\t<div class=\"elementor-widget-wrap elementor-element-populated\">\n\t\t\t\t\t\t<div class=\"elementor-element elementor-element-72b6e3f elementor-widget elementor-widget-text-editor\" data-id=\"72b6e3f\" data-element_type=\"widget\" data-widget_type=\"text-editor.default\">\n\t\t\t\t<div class=\"elementor-widget-container\">\n\t\t\t\t\t\t\t<p>Subdivis\u00e3o de Projetos CCR<\/p>\n<p>Pr\u00e9dio 42, sala 3129B<\/p>\n<p>Ramal: 55 3220-8169<\/p>\n<p>E-mail: <a href=\"mailto:projetos.ccr@ufsm.br\">projetos.ccr@ufsm.br<\/a><\/p>\t\t\t\t\t\t<\/div>\n\t\t\t\t<\/div>\n\t\t\t\t\t<\/div>\n\t\t<\/div>\n\t\t\t\t\t<\/div>\n\t\t<\/section>\n\t\t\t\t<section class=\"elementor-section elementor-top-section elementor-element elementor-element-9289d5e elementor-section-boxed elementor-section-height-default elementor-section-height-default\" data-id=\"9289d5e\" data-element_type=\"section\">\n\t\t\t\t\t\t<div class=\"elementor-container elementor-column-gap-default\">\n\t\t\t\t\t<div class=\"elementor-column elementor-col-100 elementor-top-column elementor-element elementor-element-d6ce108\" data-id=\"d6ce108\" data-element_type=\"column\">\n\t\t\t<div class=\"elementor-widget-wrap elementor-element-populated\">\n\t\t\t\t\t\t<div class=\"elementor-element elementor-element-6d7c61d elementor-widget elementor-widget-text-editor\" data-id=\"6d7c61d\" data-element_type=\"widget\" data-widget_type=\"text-editor.default\">\n\t\t\t\t<div class=\"elementor-widget-container\">\n\t\t\t\t\t\t\t<p>Subdivis\u00e3o de Projetos CT<\/p>\n<p>Chefe: Elisete Kronbauer<\/p>\n<p>Ramal: 55 3220-8436<\/p>\n<p>Email:\u00a0<a href=\"mailto:projetos.ct@ufsm.br\">projetos.ct@ufsm.br<\/a><\/p>\t\t\t\t\t\t<\/div>\n\t\t\t\t<\/div>\n\t\t\t\t\t<\/div>\n\t\t<\/div>\n\t\t\t\t\t<\/div>\n\t\t<\/section>\n\t\t\t\t<section class=\"elementor-section elementor-top-section elementor-element elementor-element-e9010b8 elementor-section-boxed elementor-section-height-default elementor-section-height-default\" data-id=\"e9010b8\" data-element_type=\"section\">\n\t\t\t\t\t\t<div class=\"elementor-container elementor-column-gap-default\">\n\t\t\t\t\t<div class=\"elementor-column elementor-col-100 elementor-top-column elementor-element elementor-element-3729ed3\" data-id=\"3729ed3\" data-element_type=\"column\">\n\t\t\t<div class=\"elementor-widget-wrap elementor-element-populated\">\n\t\t\t\t\t\t<div class=\"elementor-element elementor-element-f75c14a elementor-widget elementor-widget-text-editor\" data-id=\"f75c14a\" data-element_type=\"widget\" data-widget_type=\"text-editor.default\">\n\t\t\t\t<div class=\"elementor-widget-container\">\n\t\t\t\t\t\t\t<p>Subdivis\u00e3o de Projetos CCNE<\/p>\n<p>Pr\u00e9dio 13, sala 1107A<\/p>\n<p>Chefe:\u00a0<span style=\"color: #000000;font-size: 16px;background-color: var(--bs-body-bg);text-align: var(--bs-body-text-align)\">Val\u00e9ria Garlet<\/span><\/p>\n<p>Ramal: 55 3220-8617<\/p>\n<p>Email:\u00a0<a class=\"notranslate\" href=\"mailto:projetos.ccne@ufsm.br\">projetos.ccne@ufsm.br<\/a><\/p>\t\t\t\t\t\t<\/div>\n\t\t\t\t<\/div>\n\t\t\t\t\t<\/div>\n\t\t<\/div>\n\t\t\t\t\t<\/div>\n\t\t<\/section>\n\t\t\t\t<\/div>\n\t\t","protected":false},"excerpt":{"rendered":"<p>Subdivis\u00e3o de Projetos CCS Pr\u00e9dio 26A, 3\u00ba andar &#8211; sala 1357Chefe: Emily Vivian ValcarenghiRamal: 55 3220-8571Instagram: @gapccsufsmWhatsapp: (55) 3220-8571 (hor\u00e1rio comercial) E-mail: projetos.ccs@ufsm.br \u00a0 Subdivis\u00e3o de Projetos CCSH&nbsp; Chefe: Aleniram Soares&nbsp;Ramal: 55 3220-9262E-mail:&nbsp; projetos.ccsh@ufsm.br&nbsp; Subdivis\u00e3o de Projetos CCR Pr\u00e9dio 42, sala 3129B Ramal: 55 3220-8169 E-mail: projetos.ccr@ufsm.br Subdivis\u00e3o de Projetos CT Chefe: Elisete Kronbauer Ramal: [&hellip;]<\/p>\n","protected":false},"author":124,"featured_media":0,"parent":0,"menu_order":0,"comment_status":"closed","ping_status":"closed","template":"","meta":{"footnotes":""},"categories":[],"tags":[],"class_list":["post-26","page","type-page","status-publish","hentry"],"acf":[],"_links":{"self":[{"href":"https:\/\/www.ufsm.br\/pro-reitorias\/proplan\/gap\/wp-json\/wp\/v2\/pages\/26","targetHints":{"allow":["GET"]}}],"collection":[{"href":"https:\/\/www.ufsm.br\/pro-reitorias\/proplan\/gap\/wp-json\/wp\/v2\/pages"}],"about":[{"href":"https:\/\/www.ufsm.br\/pro-reitorias\/proplan\/gap\/wp-json\/wp\/v2\/types\/page"}],"author":[{"embeddable":true,"href":"https:\/\/www.ufsm.br\/pro-reitorias\/proplan\/gap\/wp-json\/wp\/v2\/users\/124"}],"replies":[{"embeddable":true,"href":"https:\/\/www.ufsm.br\/pro-reitorias\/proplan\/gap\/wp-json\/wp\/v2\/comments?post=26"}],"version-history":[{"count":0,"href":"https:\/\/www.ufsm.br\/pro-reitorias\/proplan\/gap\/wp-json\/wp\/v2\/pages\/26\/revisions"}],"wp:attachment":[{"href":"https:\/\/www.ufsm.br\/pro-reitorias\/proplan\/gap\/wp-json\/wp\/v2\/media?parent=26"}],"wp:term":[{"taxonomy":"category","embeddable":true,"href":"https:\/\/www.ufsm.br\/pro-reitorias\/proplan\/gap\/wp-json\/wp\/v2\/categories?post=26"},{"taxonomy":"post_tag","embeddable":true,"href":"https:\/\/www.ufsm.br\/pro-reitorias\/proplan\/gap\/wp-json\/wp\/v2\/tags?post=26"}],"curies":[{"name":"wp","href":"https:\/\/api.w.org\/{rel}","templated":true}]}}