{"id":278,"date":"2020-04-02T14:57:49","date_gmt":"2020-04-02T17:57:49","guid":{"rendered":"https:\/\/www.ufsm.br\/pro-reitorias\/proplan\/gap\/?page_id=278"},"modified":"2023-07-13T14:38:39","modified_gmt":"2023-07-13T17:38:39","slug":"tutorial-para-uso-do-portal-de-projetos-da-ufsm","status":"publish","type":"page","link":"https:\/\/www.ufsm.br\/pro-reitorias\/proplan\/gap\/tutorial-para-uso-do-portal-de-projetos-da-ufsm","title":{"rendered":"Tutoriais para uso do Portal de Projetos e de Editais da UFSM"},"content":{"rendered":"\t\t<div data-elementor-type=\"wp-page\" data-elementor-id=\"278\" class=\"elementor elementor-278\">\n\t\t\t\t\t\t<section class=\"elementor-section elementor-top-section elementor-element elementor-element-dbb390d elementor-section-boxed elementor-section-height-default elementor-section-height-default\" data-id=\"dbb390d\" data-element_type=\"section\">\n\t\t\t\t\t\t<div class=\"elementor-container elementor-column-gap-default\">\n\t\t\t\t\t<div class=\"elementor-column elementor-col-100 elementor-top-column elementor-element elementor-element-520e209\" data-id=\"520e209\" data-element_type=\"column\">\n\t\t\t<div class=\"elementor-widget-wrap elementor-element-populated\">\n\t\t\t\t\t\t<div class=\"elementor-element elementor-element-621561d elementor-widget elementor-widget-text-editor\" data-id=\"621561d\" data-element_type=\"widget\" data-widget_type=\"text-editor.default\">\n\t\t\t\t<div class=\"elementor-widget-container\">\n\t\t\t\t\t\t\t<p>Para aux\u00edlio aos orientadores\/coordenadores de projetos, segue abaixo tutoriais em v\u00eddeo respondendo as principais d\u00favidas geradas no processo de registro dos projetos no Portal de Projetos da UFSM:<\/p>\t\t\t\t\t\t<\/div>\n\t\t\t\t<\/div>\n\t\t\t\t\t<\/div>\n\t\t<\/div>\n\t\t\t\t\t<\/div>\n\t\t<\/section>\n\t\t\t\t<section class=\"elementor-section elementor-top-section elementor-element elementor-element-916a2f4 elementor-section-boxed elementor-section-height-default elementor-section-height-default\" data-id=\"916a2f4\" data-element_type=\"section\">\n\t\t\t\t\t\t<div class=\"elementor-container elementor-column-gap-default\">\n\t\t\t\t\t<div class=\"elementor-column elementor-col-100 elementor-top-column elementor-element elementor-element-ee17d23\" data-id=\"ee17d23\" data-element_type=\"column\">\n\t\t\t<div class=\"elementor-widget-wrap elementor-element-populated\">\n\t\t\t\t\t\t<div class=\"elementor-element elementor-element-1d9654c elementor-widget elementor-widget-text-editor\" data-id=\"1d9654c\" data-element_type=\"widget\" data-widget_type=\"text-editor.default\">\n\t\t\t\t<div class=\"elementor-widget-container\">\n\t\t\t\t\t\t\t<h5>Instru\u00e7\u00f5es<\/h5><p>Portal de Projetos:<\/p><ul><li><a href=\"https:\/\/ntetube.nte.ufsm.br\/v\/1558618920\">Como Prorrogar o Projeto?<\/a><\/li><li><a href=\"https:\/\/ntetube.nte.ufsm.br\/v\/1554838975\">Porque Meu Projeto Aparece em Vermelho?<\/a><\/li><li><a href=\"https:\/\/ntetube.nte.ufsm.br\/v\/1557429479\">Quando Cancelar ou Suspender o Projeto?<\/a><\/li><li><a href=\"https:\/\/ntetube.nte.ufsm.br\/v\/1558618685\">Como Avaliar o Projeto?<\/a><\/li><li><a href=\"https:\/\/ntetube.nte.ufsm.br\/v\/1554838822\">Como Encerrar o Projeto?<\/a><\/li><li><a href=\"https:\/\/ntetube.nte.ufsm.br\/v\/1558618995\">Como Reativar um Projeto Suspenso?<\/a><\/li><li><a href=\"https:\/\/ntetube.nte.ufsm.br\/v\/1558643554\">Como Inserir ou Corrigir uma Meta, Fase ou Indicador no Projeto?<\/a><\/li><li><a href=\"https:\/\/www.ufsm.br\/app\/uploads\/sites\/819\/2023\/02\/Exportar_Projeto_Moodle_2020.pdf-.pdf\">Como exportar projeto para o moodle?<\/a><\/li><li><a href=\"https:\/\/www.ufsm.br\/app\/uploads\/sites\/819\/2021\/05\/checklist-final-ensino-e-pesquisa.pdf\">Checklist registro projetos de ensino e pesquisa CCS<\/a><\/li><\/ul><p>Editais:<\/p><ul><li><a href=\"https:\/\/www.ufsm.br\/app\/uploads\/sites\/819\/2023\/02\/Avaliacao-FIPE-Periodo-de-Selecao.pdf\">Sou avaliador, como avalio as inscri\u00e7\u00f5es no Edital FIPE?<\/a><\/li><li><a href=\"https:\/\/www.ufsm.br\/app\/uploads\/sites\/819\/2023\/02\/tutorial-avaliacao-de-bolsistas.pdf\" target=\"_blank\" rel=\"noopener\">Como realizar a presta\u00e7\u00e3o de contas de edital em que fui contemplado?<\/a><\/li><li><a href=\"https:\/\/www.ufsm.br\/app\/uploads\/sites\/819\/2023\/02\/Parecer-dos-Relatorios-Finais-pela-Comissao-FIPE-1.pdf\">Sou avaliador das presta\u00e7\u00f5es de conta de edital FIPE, como proceder?<\/a>\u00a0<\/li><li><a href=\"https:\/\/www.ufsm.br\/app\/uploads\/sites\/819\/2023\/02\/Parecer-dos-Relatorios-Finais-pela-Comissao-FIEX.pdf\">Sou avaliador das presta\u00e7\u00f5es de conta de edital FIEX, como proceder?<\/a><\/li><li><a href=\"https:\/\/www.ufsm.br\/app\/uploads\/sites\/819\/2023\/02\/Parecer-dos-Relatorios-Finais-pela-Comissao-COREDE.pdf\">Sou avaliador das presta\u00e7\u00f5es de conta de edital COREDE, como proceder?<\/a><\/li><\/ul><p>Orienta\u00e7\u00f5es diversas:<\/p><ul><li><a href=\"https:\/\/www.ufsm.br\/pro-reitorias\/prpgp\/cep\">Orienta\u00e7\u00f5es para Pesquisas com seres humanos<\/a><\/li><li><a href=\"https:\/\/www.ufsm.br\/pro-reitorias\/proplan\/gap\/pesquisas-via-questionarios-do-portal\/\">Orienta\u00e7\u00e3o para Pesquisas via question\u00e1rios do portal<\/a><\/li><li><a href=\"https:\/\/www.ufsm.br\/pro-reitorias\/proplan\/gap\/orientacoes-de-registro-de-projeto-de-monografia-dissertacao-ou-tese\/\">Orienta\u00e7\u00f5es de registro de projeto de monografia, disserta\u00e7\u00e3o ou tese<\/a><\/li><li><a href=\"https:\/\/www.youtube.com\/watch?v=JXEL360fV_s\">Grava\u00e7\u00e3o do workshop sobre bolsas de produtividade &#8211; CNPq<\/a>, realizado no dia 12\/07\/2023<\/li><\/ul><h5>Mapa de processos<\/h5><ul><li><a href=\"http:\/\/w3.ufsm.br\/proplan\/images\/coproc\/RegistroProjetos_-base.png\" target=\"_blank\" rel=\"noopener\">Registro projetos ensino, pesquisa e extens\u00e3o<\/a><\/li><li><a href=\"http:\/\/w3.ufsm.br\/proplan\/images\/coproc\/plataforma\/RegistroProjetos_-_Desenv_Institucional.png\" target=\"_blank\" rel=\"noopener\">Registro de projetos de desenvolvimento institucional<\/a><\/li><li><a href=\"http:\/\/w3.ufsm.br\/proplan\/images\/coproc\/plataforma\/Altera%C3%A7%C3%A3o_de_situa%C3%A7%C3%A3o_do_projeto.png\" target=\"_blank\" rel=\"noopener\">Altera\u00e7\u00e3o de situa\u00e7\u00e3o<\/a><\/li><li><a href=\"http:\/\/w3.ufsm.br\/proplan\/images\/coproc\/plataforma\/Altera%C3%A7%C3%A3o_de_fases_e_metas_do_projeto.png\" target=\"_blank\" rel=\"noopener\">Altera\u00e7\u00e3o de fases e metas<\/a><\/li><li><a href=\"http:\/\/w3.ufsm.br\/proplan\/images\/coproc\/plataforma\/Troca_de_responsavel_do_projeto.png\" target=\"_blank\" rel=\"noopener\">Altera\u00e7\u00e3o do respons\u00e1vel<\/a><\/li><\/ul><h5>Manual<\/h5><p><strong data-wp-editing=\"1\"><a href=\"https:\/\/www.ufsm.br\/app\/uploads\/sites\/344\/2018\/08\/Tutorial_V1.9.1.pdf\" target=\"_blank\" rel=\"noopener\"><img decoding=\"async\" class=\"alignright\" src=\"https:\/\/www.ufsm.br\/pro-reitorias\/proplan\/wp-content\/uploads\/sites\/344\/2018\/08\/capa-tutorial-1-9-300x167.png\" alt=\"Imagem com link do pdf para o tutorial de projetos\" \/><\/a>Para outras d\u00favidas, recomenda-se consultar o <a href=\"https:\/\/www.ufsm.br\/app\/uploads\/sites\/344\/2018\/08\/Tutorial_V1.9.1.pdf\" target=\"_blank\" rel=\"noopener\">Tutorial Nova Plataforma de Projetos UFSM<\/a>\u00a0elaborado pela Pr\u00f3-Reitoria de Planejamento da UFSM, que cont\u00e9m explica\u00e7\u00f5es detalhadas sobre o <a href=\"https:\/\/portal.ufsm.br\/projetos\/index.html\" target=\"_blank\" rel=\"noopener\">Portal de Projetos<\/a>.<\/strong><\/p>\t\t\t\t\t\t<\/div>\n\t\t\t\t<\/div>\n\t\t\t\t\t<\/div>\n\t\t<\/div>\n\t\t\t\t\t<\/div>\n\t\t<\/section>\n\t\t\t\t<\/div>\n\t\t","protected":false},"excerpt":{"rendered":"<p>Para aux\u00edlio aos orientadores\/coordenadores de projetos, segue abaixo tutoriais em v\u00eddeo respondendo as principais d\u00favidas geradas no processo de registro dos projetos no Portal de Projetos da UFSM: Instru\u00e7\u00f5es Portal de Projetos: Como Prorrogar o Projeto? Porque Meu Projeto Aparece em Vermelho? Quando Cancelar ou Suspender o Projeto? Como Avaliar o Projeto? Como Encerrar o [&hellip;]<\/p>\n","protected":false},"author":867,"featured_media":0,"parent":0,"menu_order":0,"comment_status":"closed","ping_status":"closed","template":"","meta":{"footnotes":""},"categories":[],"tags":[80,109,134,104,106,107,108,79,147,146,102,148,105],"class_list":["post-278","page","type-page","status-publish","hentry","tag-gap-cachs","tag-gap-cal","tag-gap-ccne","tag-gap-ccs","tag-gap-ccsh","tag-gap-ce","tag-gap-cefd","tag-gap-ct","tag-gap-fw","tag-gap-pm","tag-modelos-2","tag-subproj-pm","tag-tutorial"],"acf":[],"_links":{"self":[{"href":"https:\/\/www.ufsm.br\/pro-reitorias\/proplan\/gap\/wp-json\/wp\/v2\/pages\/278","targetHints":{"allow":["GET"]}}],"collection":[{"href":"https:\/\/www.ufsm.br\/pro-reitorias\/proplan\/gap\/wp-json\/wp\/v2\/pages"}],"about":[{"href":"https:\/\/www.ufsm.br\/pro-reitorias\/proplan\/gap\/wp-json\/wp\/v2\/types\/page"}],"author":[{"embeddable":true,"href":"https:\/\/www.ufsm.br\/pro-reitorias\/proplan\/gap\/wp-json\/wp\/v2\/users\/867"}],"replies":[{"embeddable":true,"href":"https:\/\/www.ufsm.br\/pro-reitorias\/proplan\/gap\/wp-json\/wp\/v2\/comments?post=278"}],"version-history":[{"count":0,"href":"https:\/\/www.ufsm.br\/pro-reitorias\/proplan\/gap\/wp-json\/wp\/v2\/pages\/278\/revisions"}],"wp:attachment":[{"href":"https:\/\/www.ufsm.br\/pro-reitorias\/proplan\/gap\/wp-json\/wp\/v2\/media?parent=278"}],"wp:term":[{"taxonomy":"category","embeddable":true,"href":"https:\/\/www.ufsm.br\/pro-reitorias\/proplan\/gap\/wp-json\/wp\/v2\/categories?post=278"},{"taxonomy":"post_tag","embeddable":true,"href":"https:\/\/www.ufsm.br\/pro-reitorias\/proplan\/gap\/wp-json\/wp\/v2\/tags?post=278"}],"curies":[{"name":"wp","href":"https:\/\/api.w.org\/{rel}","templated":true}]}}