{"id":394,"date":"2021-05-06T12:20:34","date_gmt":"2021-05-06T15:20:34","guid":{"rendered":"https:\/\/www.ufsm.br\/pro-reitorias\/proplan\/gap\/?page_id=394"},"modified":"2023-06-07T17:12:22","modified_gmt":"2023-06-07T20:12:22","slug":"formularios-e-minutas","status":"publish","type":"page","link":"https:\/\/www.ufsm.br\/pro-reitorias\/proplan\/gap\/formularios-e-minutas","title":{"rendered":"Formul\u00e1rios e Minutas"},"content":{"rendered":"\t\t<div data-elementor-type=\"wp-page\" data-elementor-id=\"394\" class=\"elementor elementor-394\">\n\t\t\t\t\t\t<section class=\"elementor-section elementor-top-section elementor-element elementor-element-9754c7e elementor-section-boxed elementor-section-height-default elementor-section-height-default\" data-id=\"9754c7e\" data-element_type=\"section\">\n\t\t\t\t\t\t<div class=\"elementor-container elementor-column-gap-default\">\n\t\t\t\t\t<div class=\"elementor-column elementor-col-100 elementor-top-column elementor-element elementor-element-39554e0\" data-id=\"39554e0\" data-element_type=\"column\">\n\t\t\t<div class=\"elementor-widget-wrap elementor-element-populated\">\n\t\t\t\t\t\t<div class=\"elementor-element elementor-element-a0676c1 elementor-widget elementor-widget-text-editor\" data-id=\"a0676c1\" data-element_type=\"widget\" data-widget_type=\"text-editor.default\">\n\t\t\t\t<div class=\"elementor-widget-container\">\n\t\t\t\t\t\t\t<h5>Documentos para celebra\u00e7\u00e3o de parcerias\u00a0<\/h5><p>Sugere-se consultar os documentos disponibilizados na:<\/p><ul style=\"list-style-type: disc\"><li>p\u00e1gina da Pr\u00f3-Reitoria de Inova\u00e7\u00e3o<a href=\"https:\/\/www.ufsm.br\/pro-reitorias\/proinova\" target=\"_blank\" rel=\"noopener\"> (PROINOVA)<\/a>, na se\u00e7\u00e3o <a href=\"https:\/\/www.ufsm.br\/pro-reitorias\/proinova\/parcerias-para-inovacao-4\">Modalidades de Projetos<\/a>; e<\/li><li>p\u00e1gina da <a href=\"https:\/\/www.ufsm.br\/pro-reitorias\/proplan\/coproc\/\" target=\"_blank\" rel=\"noopener\">Coordenadoria de Projetos e Conv\u00eanios (COPROC)<\/a> da\u00a0 <a href=\"https:\/\/www.ufsm.br\/pro-reitorias\/proplan\/\" target=\"_blank\" rel=\"noopener\">Pr\u00f3-Reitoria de Planejamento (PROPLAN)<\/a>.<\/li><\/ul><p>Outros documentos importantes s\u00e3o listados a seguir:<\/p><p><a href=\"https:\/\/www.ufsm.br\/unidades-universitarias\/ccr\/wp-content\/uploads\/sites\/370\/2019\/10\/Passo_a_Passo__Processos_de_Dispensa_de_Licitacao_Projeto_GLOBAL.pdf\">Passo a passo de instru\u00e7\u00e3o de processos de contrata\u00e7\u00e3o de Funda\u00e7\u00e3o de Apoio para execu\u00e7\u00e3o de projetos<\/a><\/p><p><a href=\"https:\/\/www.ufsm.br\/unidades-universitarias\/ccr\/wp-content\/uploads\/sites\/370\/2019\/05\/Plano-de-Trabalho-de-Empresa.docx\" target=\"_blank\" rel=\"noopener\">Plano de Trabalho de Empresa<\/a><\/p><p><a href=\"https:\/\/www.ufsm.br\/unidades-universitarias\/ccr\/wp-content\/uploads\/sites\/370\/2019\/10\/Plano.de_.Trabalho.TRIPARTITE.Empresa-UFSM-FATEC-1.docx\">Plano de Trabalho Tripartite: Empresa-UFSM-FATEC<\/a><\/p><p><a href=\"https:\/\/www.ufsm.br\/unidades-universitarias\/ccr\/wp-content\/uploads\/sites\/370\/2019\/10\/01C-Modelo_de_Memorando_solicitando_a_contratacao.doc\">Modelo de Memorando motivando\/solicitando a contrata\u00e7\u00e3o e indicando o supervisor financeiro (para Projeto Global)<\/a><\/p><p><a href=\"https:\/\/www.ufsm.br\/unidades-universitarias\/ccr\/wp-content\/uploads\/sites\/370\/2019\/10\/02A-Modelo_de_Memorando_solicitando_a_contratacao.doc\">Modelo de Memorando motivando\/solicitando a contrata\u00e7\u00e3o e indicando o supervisor financeiro (para Projeto Tripartite)<\/a><\/p><p><a href=\"https:\/\/www.ufsm.br\/unidades-universitarias\/ccr\/wp-content\/uploads\/sites\/370\/2019\/10\/R2_Arquivo_06_DECLARACAO_COORDENADOR.doc\">Declara\u00e7\u00e3o do Coordenador do projeto (para Projeto Tripartite)<\/a><\/p><p><a href=\"https:\/\/www.ufsm.br\/unidades-universitarias\/ccr\/wp-content\/uploads\/sites\/370\/2019\/10\/Arquivo_05_DECLARACAO_COORDENADOR.doc\">Declara\u00e7\u00e3o do Coordenador do projeto (para Projeto Global)<\/a><\/p><p><a href=\"https:\/\/www.ufsm.br\/unidades-universitarias\/ccr\/wp-content\/uploads\/sites\/370\/2019\/10\/Arquivo_06_DECLARAO__SUPERVISOR__FINANCEIRO-1.doc\">Declara\u00e7\u00e3o do Supervisor Financeiro do projeto (para Projeto Global)<\/a><\/p><p><a href=\"https:\/\/www.ufsm.br\/unidades-universitarias\/ccr\/wp-content\/uploads\/sites\/370\/2019\/10\/R2_Arquivo_07_DECLARAO__SUPERVISOR__FINANCEIRO.doc\">Declara\u00e7\u00e3o do Supervisor Financeiro do projeto (para Projeto Tripartite)<\/a><\/p><p><a href=\"https:\/\/www.ufsm.br\/unidades-universitarias\/ccr\/wp-content\/uploads\/sites\/370\/2019\/05\/FATEC-Modelo-TA-troca-de-fiscal-ou-coordenador.docx\" target=\"_blank\" rel=\"noopener\">Modelo de troca de fiscal ou coordenador<\/a><\/p><p><a href=\"https:\/\/www.ufsm.br\/unidades-universitarias\/ccr\/wp-content\/uploads\/sites\/370\/2019\/05\/Relat%C3%B3rio-Presta%C3%A7%C3%A3o-de-Contas-FATEC.doc\" target=\"_blank\" rel=\"noopener\">Relat\u00f3rio Presta\u00e7\u00e3o de Contas-FATEC<\/a><\/p>\t\t\t\t\t\t<\/div>\n\t\t\t\t<\/div>\n\t\t\t\t\t<\/div>\n\t\t<\/div>\n\t\t\t\t\t<\/div>\n\t\t<\/section>\n\t\t\t\t<\/div>\n\t\t","protected":false},"excerpt":{"rendered":"<p>Documentos para celebra\u00e7\u00e3o de parcerias\u00a0 Sugere-se consultar os documentos disponibilizados na: p\u00e1gina da Pr\u00f3-Reitoria de Inova\u00e7\u00e3o (PROINOVA), na se\u00e7\u00e3o Modalidades de Projetos; e p\u00e1gina da Coordenadoria de Projetos e Conv\u00eanios (COPROC) da\u00a0 Pr\u00f3-Reitoria de Planejamento (PROPLAN). Outros documentos importantes s\u00e3o listados a seguir: Passo a passo de instru\u00e7\u00e3o de processos de contrata\u00e7\u00e3o de Funda\u00e7\u00e3o de [&hellip;]<\/p>\n","protected":false},"author":223,"featured_media":0,"parent":0,"menu_order":0,"comment_status":"closed","ping_status":"closed","template":"","meta":{"footnotes":""},"categories":[],"tags":[],"class_list":["post-394","page","type-page","status-publish","hentry"],"acf":[],"_links":{"self":[{"href":"https:\/\/www.ufsm.br\/pro-reitorias\/proplan\/gap\/wp-json\/wp\/v2\/pages\/394","targetHints":{"allow":["GET"]}}],"collection":[{"href":"https:\/\/www.ufsm.br\/pro-reitorias\/proplan\/gap\/wp-json\/wp\/v2\/pages"}],"about":[{"href":"https:\/\/www.ufsm.br\/pro-reitorias\/proplan\/gap\/wp-json\/wp\/v2\/types\/page"}],"author":[{"embeddable":true,"href":"https:\/\/www.ufsm.br\/pro-reitorias\/proplan\/gap\/wp-json\/wp\/v2\/users\/223"}],"replies":[{"embeddable":true,"href":"https:\/\/www.ufsm.br\/pro-reitorias\/proplan\/gap\/wp-json\/wp\/v2\/comments?post=394"}],"version-history":[{"count":0,"href":"https:\/\/www.ufsm.br\/pro-reitorias\/proplan\/gap\/wp-json\/wp\/v2\/pages\/394\/revisions"}],"wp:attachment":[{"href":"https:\/\/www.ufsm.br\/pro-reitorias\/proplan\/gap\/wp-json\/wp\/v2\/media?parent=394"}],"wp:term":[{"taxonomy":"category","embeddable":true,"href":"https:\/\/www.ufsm.br\/pro-reitorias\/proplan\/gap\/wp-json\/wp\/v2\/categories?post=394"},{"taxonomy":"post_tag","embeddable":true,"href":"https:\/\/www.ufsm.br\/pro-reitorias\/proplan\/gap\/wp-json\/wp\/v2\/tags?post=394"}],"curies":[{"name":"wp","href":"https:\/\/api.w.org\/{rel}","templated":true}]}}