{"id":467,"date":"2021-05-14T18:46:40","date_gmt":"2021-05-14T21:46:40","guid":{"rendered":"https:\/\/www.ufsm.br\/pro-reitorias\/proplan\/gap\/?page_id=467"},"modified":"2021-06-30T16:22:25","modified_gmt":"2021-06-30T19:22:25","slug":"iniciacao-cientifica-e-pesquisa","status":"publish","type":"page","link":"https:\/\/www.ufsm.br\/pro-reitorias\/proplan\/gap\/iniciacao-cientifica-e-pesquisa","title":{"rendered":"Inicia\u00e7\u00e3o Cient\u00edfica e Pesquisa"},"content":{"rendered":"\t\t<div data-elementor-type=\"wp-page\" data-elementor-id=\"467\" class=\"elementor elementor-467\">\n\t\t\t\t\t\t<section class=\"elementor-section elementor-top-section elementor-element elementor-element-d00107 elementor-section-boxed elementor-section-height-default elementor-section-height-default\" data-id=\"d00107\" data-element_type=\"section\">\n\t\t\t\t\t\t<div class=\"elementor-container elementor-column-gap-default\">\n\t\t\t\t\t<div class=\"elementor-column elementor-col-100 elementor-top-column elementor-element elementor-element-6c3f810\" data-id=\"6c3f810\" data-element_type=\"column\">\n\t\t\t<div class=\"elementor-widget-wrap elementor-element-populated\">\n\t\t\t\t\t\t<div class=\"elementor-element elementor-element-6f505e3c elementor-widget elementor-widget-text-editor\" data-id=\"6f505e3c\" data-element_type=\"widget\" data-widget_type=\"text-editor.default\">\n\t\t\t\t<div class=\"elementor-widget-container\">\n\t\t\t\t\t\t\t<h5>Editais<\/h5><p>Os editais s\u00e3o publicados pela Pr\u00f3-Reitoria de P\u00f3s-Gradua\u00e7\u00e3o e Pesquisa (PRPGP). Consulte as publica\u00e7\u00f5es direto na fonte clicando <a href=\"https:\/\/www.ufsm.br\/pro-reitorias\/prpgp\/busca\/?q=&amp;sites%5B%5D=345&amp;area=editais&amp;orderby=modified&amp;order=DESC\" target=\"_blank\" rel=\"noopener\">aqui<\/a>.<\/p><h5>Resultados do CT<\/h5><p><a href=\"https:\/\/www.ufsm.br\/app\/uploads\/sites\/819\/2021\/06\/Resultado-do-Edital-FIPE-2021-Centro-de-Tecnologia-modo-retrato-1.pdf\" target=\"_blank\" rel=\"noopener\">Resultado dos editais FIPE 2021 &#8211; Centro de Tecnologia<\/a><\/p><h5>Documentos acess\u00f3rios<\/h5><p>A Coordenadoria de Inicia\u00e7\u00e3o Cient\u00edfica (CIC) da PRPGP publica os documentos importantes de gest\u00e3o dos editais como resolu\u00e7\u00f5es, normas, fichas, modelos e formul\u00e1rios <a href=\"https:\/\/www.ufsm.br\/pro-reitorias\/prpgp\/documentos-cic\/\" target=\"_blank\" rel=\"noopener\">aqui<\/a>.<\/p><p><strong>Documentos em destaque:<\/strong><\/p><p><span class=\"fontstyle0\"><a href=\"https:\/\/www.ufsm.br\/app\/uploads\/sites\/819\/2021\/05\/Check_List_de_Documentos.pdf\" target=\"_blank\" rel=\"noopener\">Checklist de Documentos <\/a>de <\/span><span class=\"fontstyle2\">apoio <\/span><span class=\"fontstyle0\">aos solicitantes de bolsas dos programas de Inicia\u00e7\u00e3o Cient\u00edfica e de Inicia\u00e7\u00e3o \u00e0 Inova\u00e7\u00e3o Tecnol\u00f3gica e Desenvolvimento (maio\/2021)<\/span><\/p>\t\t\t\t\t\t<\/div>\n\t\t\t\t<\/div>\n\t\t\t\t\t<\/div>\n\t\t<\/div>\n\t\t\t\t\t<\/div>\n\t\t<\/section>\n\t\t\t\t<\/div>\n\t\t","protected":false},"excerpt":{"rendered":"<p>Editais Os editais s\u00e3o publicados pela Pr\u00f3-Reitoria de P\u00f3s-Gradua\u00e7\u00e3o e Pesquisa (PRPGP). Consulte as publica\u00e7\u00f5es direto na fonte clicando aqui. Resultados do CT Resultado dos editais FIPE 2021 &#8211; Centro de Tecnologia Documentos acess\u00f3rios A Coordenadoria de Inicia\u00e7\u00e3o Cient\u00edfica (CIC) da PRPGP publica os documentos importantes de gest\u00e3o dos editais como resolu\u00e7\u00f5es, normas, fichas, modelos [&hellip;]<\/p>\n","protected":false},"author":223,"featured_media":0,"parent":0,"menu_order":0,"comment_status":"closed","ping_status":"closed","template":"","meta":{"footnotes":""},"categories":[37],"tags":[],"class_list":["post-467","page","type-page","status-publish","hentry","category-noticias-ct"],"acf":[],"_links":{"self":[{"href":"https:\/\/www.ufsm.br\/pro-reitorias\/proplan\/gap\/wp-json\/wp\/v2\/pages\/467","targetHints":{"allow":["GET"]}}],"collection":[{"href":"https:\/\/www.ufsm.br\/pro-reitorias\/proplan\/gap\/wp-json\/wp\/v2\/pages"}],"about":[{"href":"https:\/\/www.ufsm.br\/pro-reitorias\/proplan\/gap\/wp-json\/wp\/v2\/types\/page"}],"author":[{"embeddable":true,"href":"https:\/\/www.ufsm.br\/pro-reitorias\/proplan\/gap\/wp-json\/wp\/v2\/users\/223"}],"replies":[{"embeddable":true,"href":"https:\/\/www.ufsm.br\/pro-reitorias\/proplan\/gap\/wp-json\/wp\/v2\/comments?post=467"}],"version-history":[{"count":0,"href":"https:\/\/www.ufsm.br\/pro-reitorias\/proplan\/gap\/wp-json\/wp\/v2\/pages\/467\/revisions"}],"wp:attachment":[{"href":"https:\/\/www.ufsm.br\/pro-reitorias\/proplan\/gap\/wp-json\/wp\/v2\/media?parent=467"}],"wp:term":[{"taxonomy":"category","embeddable":true,"href":"https:\/\/www.ufsm.br\/pro-reitorias\/proplan\/gap\/wp-json\/wp\/v2\/categories?post=467"},{"taxonomy":"post_tag","embeddable":true,"href":"https:\/\/www.ufsm.br\/pro-reitorias\/proplan\/gap\/wp-json\/wp\/v2\/tags?post=467"}],"curies":[{"name":"wp","href":"https:\/\/api.w.org\/{rel}","templated":true}]}}