{"id":500,"date":"2021-05-27T15:52:07","date_gmt":"2021-05-27T18:52:07","guid":{"rendered":"https:\/\/www.ufsm.br\/pro-reitorias\/proplan\/gap\/?page_id=500"},"modified":"2021-06-17T10:49:49","modified_gmt":"2021-06-17T13:49:49","slug":"fundo-de-incentivo-a-extensao-fiex","status":"publish","type":"page","link":"https:\/\/www.ufsm.br\/pro-reitorias\/proplan\/gap\/fundo-de-incentivo-a-extensao-fiex","title":{"rendered":"Fundo de Incentivo \u00e0 Extens\u00e3o &#8211; FIEX"},"content":{"rendered":"\t\t<div data-elementor-type=\"wp-page\" data-elementor-id=\"500\" class=\"elementor elementor-500\">\n\t\t\t\t\t\t<section class=\"elementor-section elementor-top-section elementor-element elementor-element-713bb594 elementor-section-boxed elementor-section-height-default elementor-section-height-default\" data-id=\"713bb594\" data-element_type=\"section\">\n\t\t\t\t\t\t<div class=\"elementor-container elementor-column-gap-default\">\n\t\t\t\t\t<div class=\"elementor-column elementor-col-100 elementor-top-column elementor-element elementor-element-19cb1b9e\" data-id=\"19cb1b9e\" data-element_type=\"column\">\n\t\t\t<div class=\"elementor-widget-wrap elementor-element-populated\">\n\t\t\t\t\t\t<div class=\"elementor-element elementor-element-56cfb8c3 elementor-widget elementor-widget-text-editor\" data-id=\"56cfb8c3\" data-element_type=\"widget\" data-widget_type=\"text-editor.default\">\n\t\t\t\t<div class=\"elementor-widget-container\">\n\t\t\t\t\t\t\t<h5>O que \u00e9 o FIEX<\/h5>\n<p align=\"justify\">O projeto consiste em selecionar e fomentar as atividades de extens\u00e3o da UFSM, articuladas com o ensino e a pesquisa, a serem desenvolvidas nas unidades, propiciando a participa\u00e7\u00e3o da comunidade acad\u00eamica no desenvolvimento de a\u00e7\u00f5es de extens\u00e3o com aporte de recursos institucionais por meio de Editais.<\/p>\n<p align=\"justify\">Os Projetos de Extens\u00e3o s\u00e3o conjuntos de a\u00e7\u00f5es processuais e cont\u00ednuas de car\u00e1ter educativo, social, desportivo, cultural, cient\u00edfico ou tecnol\u00f3gico, com objetivo definido e prazo determinado. A\u00a0<strong>Pr\u00f3-Reitoria de Extens\u00e3o (PRE)<\/strong>\u00a0apoia o desenvolvimento de diversos projetos nas \u00e1reas de sa\u00fade, direitos humanos, cultura, comunica\u00e7\u00e3o, meio ambiente, tecnologia, trabalho e educa\u00e7\u00e3o.<\/p>\n<p align=\"justify\">Saiba mais em <a href=\"https:\/\/www.ufsm.br\/pro-reitorias\/pre\/fiex\/\" target=\"_blank\" rel=\"noopener\">https:\/\/www.ufsm.br\/pro-reitorias\/pre\/fiex\/<\/a>.<\/p>\n<h5>Editais<\/h5>\n<p>Os editais s\u00e3o publicados pela Pr\u00f3-Reitoria de Extens\u00e3o. Consulte as publica\u00e7\u00f5es direto na fonte clicando <a href=\"https:\/\/www.ufsm.br\/pro-reitorias\/pre\/fiex\/\" target=\"_blank\" rel=\"noopener\">aqui<\/a> (p\u00e1gina do FIEX) ou acessando <a href=\"https:\/\/www.ufsm.br\/pro-reitorias\/pre\/busca\/?q=&amp;sites%5B%5D=346&amp;area=editais&amp;orderby=modified&amp;order=DESC\" target=\"_blank\" rel=\"noopener\">aqui<\/a> (p\u00e1gina dos Editais da PRE).<\/p>\n<h5>Resultados do CT<\/h5>\n<p><a href=\"https:\/\/www.ufsm.br\/app\/uploads\/sites\/819\/2021\/06\/Resultado-do-Edital-Fiex-2021-Centro-de-Tecnologia-modo-retrato-4.pdf\" target=\"_blank\" rel=\"noopener\">Resultado do Edital 003\/2020 Fiex 2021 \u2013 Centro de Tecnologia<\/a><\/p>\n<p style=\"margin-bottom: 0.5rem;font-size: 2.5rem;color: #21376b\"><a href=\"https:\/\/www.ufsm.br\/app\/uploads\/sites\/819\/2021\/06\/Resultado-Edital-FIEX-2a-Chamada-2021.pdf\" target=\"_blank\" rel=\"noopener\"><span style=\"font-size: 12pt\">Resultado do Edital 003\/2020 \u2013 Termo Aditivo 001\/2021\u00a0Fiex 2021 \u2013 Centro de Tecnologia<\/span><\/a><\/p>\n<p>\u00a0<\/p>\n<p>\u00a0<\/p>\n<h5>Documentos Acess\u00f3rios<\/h5>\n<p><a href=\"https:\/\/www.ufsm.br\/app\/uploads\/sites\/819\/2021\/05\/ANEXO-D-MODELO-DE-EDITAL-DE-SELECAO-DE-BOLSISTAS-1.odt\">ANEXO D &#8211; MODELO DE EDITAL DE SELE\u00c7\u00c3O DE BOLSISTAS<\/a><\/p>\n<p><a href=\"https:\/\/www.ufsm.br\/app\/uploads\/sites\/819\/2021\/05\/ANEXO-E-MODELO-DE-TERMO-DE-COMPROMISSO-DO-BOLSISTA.odt\">ANEXO E &#8211; MODELO DE TERMO DE COMPROMISSO DO BOLSISTA<\/a><\/p>\n<p><a href=\"https:\/\/www.ufsm.br\/app\/uploads\/sites\/819\/2021\/05\/FICHA-DE-CADASTRO-DO-BOLSISTA.docx\">FICHA DE CADASTRO DO BOLSISTA<\/a> (uma alternativa que pode facilitar o gerenciamento das informa\u00e7\u00f5es \u00e9 criar no Google Formul\u00e1rios, o qual permite inclusive o envio de anexos).<\/p>\n<p>Dica: Utilizar o <a href=\"https:\/\/www.ilovepdf.com\/pt\" target=\"_blank\" rel=\"noopener\">https:\/\/www.ilovepdf.com\/pt<\/a> para transformar arquivos PDF em outros tipos, como Word, Excel, Power Point e outros. Pode ser \u00fatil para editar os anexos do Edital e outros documentos a preencher.<\/p>\n<p>\u00a0<\/p>\n<p><!-- wp:tadv\/classic-paragraph \/--><\/p>\t\t\t\t\t\t<\/div>\n\t\t\t\t<\/div>\n\t\t\t\t\t<\/div>\n\t\t<\/div>\n\t\t\t\t\t<\/div>\n\t\t<\/section>\n\t\t\t\t<\/div>\n\t\t","protected":false},"excerpt":{"rendered":"<p>O que \u00e9 o FIEX O projeto consiste em selecionar e fomentar as atividades de extens\u00e3o da UFSM, articuladas com o ensino e a pesquisa, a serem desenvolvidas nas unidades, propiciando a participa\u00e7\u00e3o da comunidade acad\u00eamica no desenvolvimento de a\u00e7\u00f5es de extens\u00e3o com aporte de recursos institucionais por meio de Editais. Os Projetos de Extens\u00e3o [&hellip;]<\/p>\n","protected":false},"author":223,"featured_media":0,"parent":0,"menu_order":0,"comment_status":"closed","ping_status":"closed","template":"","meta":{"footnotes":""},"categories":[37],"tags":[],"class_list":["post-500","page","type-page","status-publish","hentry","category-noticias-ct"],"acf":[],"_links":{"self":[{"href":"https:\/\/www.ufsm.br\/pro-reitorias\/proplan\/gap\/wp-json\/wp\/v2\/pages\/500","targetHints":{"allow":["GET"]}}],"collection":[{"href":"https:\/\/www.ufsm.br\/pro-reitorias\/proplan\/gap\/wp-json\/wp\/v2\/pages"}],"about":[{"href":"https:\/\/www.ufsm.br\/pro-reitorias\/proplan\/gap\/wp-json\/wp\/v2\/types\/page"}],"author":[{"embeddable":true,"href":"https:\/\/www.ufsm.br\/pro-reitorias\/proplan\/gap\/wp-json\/wp\/v2\/users\/223"}],"replies":[{"embeddable":true,"href":"https:\/\/www.ufsm.br\/pro-reitorias\/proplan\/gap\/wp-json\/wp\/v2\/comments?post=500"}],"version-history":[{"count":0,"href":"https:\/\/www.ufsm.br\/pro-reitorias\/proplan\/gap\/wp-json\/wp\/v2\/pages\/500\/revisions"}],"wp:attachment":[{"href":"https:\/\/www.ufsm.br\/pro-reitorias\/proplan\/gap\/wp-json\/wp\/v2\/media?parent=500"}],"wp:term":[{"taxonomy":"category","embeddable":true,"href":"https:\/\/www.ufsm.br\/pro-reitorias\/proplan\/gap\/wp-json\/wp\/v2\/categories?post=500"},{"taxonomy":"post_tag","embeddable":true,"href":"https:\/\/www.ufsm.br\/pro-reitorias\/proplan\/gap\/wp-json\/wp\/v2\/tags?post=500"}],"curies":[{"name":"wp","href":"https:\/\/api.w.org\/{rel}","templated":true}]}}