{"id":871,"date":"2022-08-24T11:42:00","date_gmt":"2022-08-24T14:42:00","guid":{"rendered":"https:\/\/www.ufsm.br\/pro-reitorias\/proplan\/gap\/?page_id=871"},"modified":"2022-08-26T14:41:49","modified_gmt":"2022-08-26T17:41:49","slug":"editais-externos","status":"publish","type":"page","link":"https:\/\/www.ufsm.br\/pro-reitorias\/proplan\/gap\/editais-externos","title":{"rendered":"Editais Externos"},"content":{"rendered":"\t\t<div data-elementor-type=\"wp-page\" data-elementor-id=\"871\" class=\"elementor elementor-871\">\n\t\t\t\t\t\t<section class=\"elementor-section elementor-top-section elementor-element elementor-element-5353155 elementor-section-boxed elementor-section-height-default elementor-section-height-default\" data-id=\"5353155\" data-element_type=\"section\">\n\t\t\t\t\t\t<div class=\"elementor-container elementor-column-gap-default\">\n\t\t\t\t\t<div class=\"elementor-column elementor-col-100 elementor-top-column elementor-element elementor-element-e16dc8b\" data-id=\"e16dc8b\" data-element_type=\"column\">\n\t\t\t<div class=\"elementor-widget-wrap elementor-element-populated\">\n\t\t\t\t\t\t<div class=\"elementor-element elementor-element-f60008d elementor-widget elementor-widget-text-editor\" data-id=\"f60008d\" data-element_type=\"widget\" data-widget_type=\"text-editor.default\">\n\t\t\t\t<div class=\"elementor-widget-container\">\n\t\t\t\t\t\t\t<h5>Chamadas p\u00fablicas FINEP<\/h5><p><a href=\"http:\/\/www.finep.gov.br\/chamadas-publicas?situacao=aberta\">http:\/\/www.finep.gov.br\/chamadas-publicas?situacao=aberta<\/a><\/p><h5>Chamadas p\u00fablicas CNPq<\/h5><p><a href=\"http:\/\/memoria2.cnpq.br\/web\/guest\/chamadas-publicas?p_p_id=resultadosportlet_WAR_resultadoscnpqportlet_INSTANCE_0ZaM&amp;filtro=abertas\/\">http:\/\/memoria2.cnpq.br\/web\/guest\/chamadas-publicas?p_p_id=resultadosportlet_WAR_resultadoscnpqportlet_INSTANCE_0ZaM&amp;filtro=abertas\/<\/a><\/p><h5>Chamadas p\u00fablicas FAPERGS<\/h5><p><a href=\"https:\/\/fapergs.rs.gov.br\/abertos\">https:\/\/fapergs.rs.gov.br\/abertos<\/a><\/p><h5>Chamadas p\u00fablicas Secretaria de Inova\u00e7\u00e3o, Ci\u00eancia e Tecnologia do RS\u00a0<\/h5><p><a href=\"https:\/\/www.inova.rs.gov.br\/editais-sict\">https:\/\/www.inova.rs.gov.br\/editais-sict<\/a><\/p><h5>Chamadas p\u00fablicas Instituto Serrapilheira<\/h5><p><a href=\"https:\/\/serrapilheira.org\/todas-as-chamadas\/\">https:\/\/serrapilheira.org\/todas-as-chamadas\/<\/a><\/p><h5>Chamadas p\u00fablicas Minist\u00e9rio da Sa\u00fade<\/h5><p><a href=\"https:\/\/www.gov.br\/saude\/pt-br\/composicao\/sctie\/editais-e-transparencias\/editais\">https:\/\/www.gov.br\/saude\/pt-br\/composicao\/sctie\/editais-e-transparencias\/editais<\/a><\/p><p>\u00a0<\/p><p>\u00a0<\/p>\t\t\t\t\t\t<\/div>\n\t\t\t\t<\/div>\n\t\t\t\t\t<\/div>\n\t\t<\/div>\n\t\t\t\t\t<\/div>\n\t\t<\/section>\n\t\t\t\t<\/div>\n\t\t","protected":false},"excerpt":{"rendered":"<p>Chamadas p\u00fablicas FINEP http:\/\/www.finep.gov.br\/chamadas-publicas?situacao=aberta Chamadas p\u00fablicas CNPq http:\/\/memoria2.cnpq.br\/web\/guest\/chamadas-publicas?p_p_id=resultadosportlet_WAR_resultadoscnpqportlet_INSTANCE_0ZaM&amp;filtro=abertas\/ Chamadas p\u00fablicas FAPERGS https:\/\/fapergs.rs.gov.br\/abertos Chamadas p\u00fablicas Secretaria de Inova\u00e7\u00e3o, Ci\u00eancia e Tecnologia do RS\u00a0 https:\/\/www.inova.rs.gov.br\/editais-sict Chamadas p\u00fablicas Instituto Serrapilheira https:\/\/serrapilheira.org\/todas-as-chamadas\/ Chamadas p\u00fablicas Minist\u00e9rio da Sa\u00fade https:\/\/www.gov.br\/saude\/pt-br\/composicao\/sctie\/editais-e-transparencias\/editais \u00a0 \u00a0<\/p>\n","protected":false},"author":2697,"featured_media":0,"parent":0,"menu_order":0,"comment_status":"closed","ping_status":"closed","template":"","meta":{"footnotes":""},"categories":[],"tags":[],"class_list":["post-871","page","type-page","status-publish","hentry"],"acf":[],"_links":{"self":[{"href":"https:\/\/www.ufsm.br\/pro-reitorias\/proplan\/gap\/wp-json\/wp\/v2\/pages\/871","targetHints":{"allow":["GET"]}}],"collection":[{"href":"https:\/\/www.ufsm.br\/pro-reitorias\/proplan\/gap\/wp-json\/wp\/v2\/pages"}],"about":[{"href":"https:\/\/www.ufsm.br\/pro-reitorias\/proplan\/gap\/wp-json\/wp\/v2\/types\/page"}],"author":[{"embeddable":true,"href":"https:\/\/www.ufsm.br\/pro-reitorias\/proplan\/gap\/wp-json\/wp\/v2\/users\/2697"}],"replies":[{"embeddable":true,"href":"https:\/\/www.ufsm.br\/pro-reitorias\/proplan\/gap\/wp-json\/wp\/v2\/comments?post=871"}],"version-history":[{"count":0,"href":"https:\/\/www.ufsm.br\/pro-reitorias\/proplan\/gap\/wp-json\/wp\/v2\/pages\/871\/revisions"}],"wp:attachment":[{"href":"https:\/\/www.ufsm.br\/pro-reitorias\/proplan\/gap\/wp-json\/wp\/v2\/media?parent=871"}],"wp:term":[{"taxonomy":"category","embeddable":true,"href":"https:\/\/www.ufsm.br\/pro-reitorias\/proplan\/gap\/wp-json\/wp\/v2\/categories?post=871"},{"taxonomy":"post_tag","embeddable":true,"href":"https:\/\/www.ufsm.br\/pro-reitorias\/proplan\/gap\/wp-json\/wp\/v2\/tags?post=871"}],"curies":[{"name":"wp","href":"https:\/\/api.w.org\/{rel}","templated":true}]}}