{"id":885,"date":"2022-09-05T14:00:28","date_gmt":"2022-09-05T17:00:28","guid":{"rendered":"https:\/\/www.ufsm.br\/pro-reitorias\/proplan\/gap\/?page_id=885"},"modified":"2022-09-05T15:38:08","modified_gmt":"2022-09-05T18:38:08","slug":"orientacoes-de-registro-de-projeto-de-monografia-dissertacao-ou-tese","status":"publish","type":"page","link":"https:\/\/www.ufsm.br\/pro-reitorias\/proplan\/gap\/orientacoes-de-registro-de-projeto-de-monografia-dissertacao-ou-tese","title":{"rendered":"Orienta\u00e7\u00f5es de registro de projeto de monografia, disserta\u00e7\u00e3o ou tese"},"content":{"rendered":"\t\t<div data-elementor-type=\"wp-page\" data-elementor-id=\"885\" class=\"elementor elementor-885\">\n\t\t\t\t\t\t<section class=\"elementor-section elementor-top-section elementor-element elementor-element-0061714 elementor-section-boxed elementor-section-height-default elementor-section-height-default\" data-id=\"0061714\" data-element_type=\"section\">\n\t\t\t\t\t\t<div class=\"elementor-container elementor-column-gap-default\">\n\t\t\t\t\t<div class=\"elementor-column elementor-col-100 elementor-top-column elementor-element elementor-element-f9d1058\" data-id=\"f9d1058\" data-element_type=\"column\">\n\t\t\t<div class=\"elementor-widget-wrap elementor-element-populated\">\n\t\t\t\t\t\t<div class=\"elementor-element elementor-element-5a8602b elementor-widget elementor-widget-text-editor\" data-id=\"5a8602b\" data-element_type=\"widget\" data-widget_type=\"text-editor.default\">\n\t\t\t\t<div class=\"elementor-widget-container\">\n\t\t\t\t\t\t\t<p>Para registros de projetos de monografia, disserta\u00e7\u00e3o ou tese no portal, orienta-se que:<\/p>\n<p>1. Na aba &#8220;Gest\u00e3o&#8221;, o coordenador marque &#8220;SIM&#8221; na pergunta: &#8220;<strong>\u00c9 um projeto de monografia, disserta\u00e7\u00e3o ou tese?<\/strong>&#8220;<\/p>\n<p>2. Na aba &#8220;Classifica\u00e7\u00f5es&#8221; &gt; &#8220;Classifica\u00e7\u00f5es do projeto&#8221;, tipo: &#8220;Quanto ao tipo de projeto de pesquisa&#8221;, o coordenador deve indicar se \u00e9: 2.02 &#8211; Projeto de Monografia para Cursos de P\u00f3s-Gradua\u00e7\u00e3o; 2.03 &#8211; Projeto de Disserta\u00e7\u00e3o; 2.04 &#8211; Projeto de Tese; ou 2.12 &#8211; Projeto de monografia\/TCC\/Relat\u00f3rio de Est\u00e1gio para Cursos de Gradua\u00e7\u00e3o.<\/p>\t\t\t\t\t\t<\/div>\n\t\t\t\t<\/div>\n\t\t\t\t\t<\/div>\n\t\t<\/div>\n\t\t\t\t\t<\/div>\n\t\t<\/section>\n\t\t\t\t<section class=\"elementor-section elementor-top-section elementor-element elementor-element-3fe9b33 elementor-section-boxed elementor-section-height-default elementor-section-height-default\" data-id=\"3fe9b33\" data-element_type=\"section\">\n\t\t\t\t\t\t<div class=\"elementor-container elementor-column-gap-default\">\n\t\t\t\t\t<div class=\"elementor-column elementor-col-100 elementor-top-column elementor-element elementor-element-da1ed20\" data-id=\"da1ed20\" data-element_type=\"column\">\n\t\t\t<div class=\"elementor-widget-wrap elementor-element-populated\">\n\t\t\t\t\t\t<div class=\"elementor-element elementor-element-c4527e9 elementor-widget elementor-widget-image\" data-id=\"c4527e9\" data-element_type=\"widget\" data-widget_type=\"image.default\">\n\t\t\t\t<div class=\"elementor-widget-container\">\n\t\t\t\t\t\t\t\t\t\t\t\t\t<img fetchpriority=\"high\" decoding=\"async\" width=\"604\" height=\"336\" src=\"https:\/\/www.ufsm.br\/app\/uploads\/sites\/819\/2022\/09\/classificacoes-portal.jpg\" class=\"attachment-medium_large size-medium_large wp-image-886\" alt=\"\" srcset=\"https:\/\/www.ufsm.br\/app\/uploads\/sites\/819\/2022\/09\/classificacoes-portal.jpg 604w, https:\/\/www.ufsm.br\/app\/uploads\/sites\/819\/2022\/09\/classificacoes-portal-300x167.jpg 300w\" sizes=\"(max-width: 604px) 100vw, 604px\" \/>\t\t\t\t\t\t\t\t\t\t\t\t\t<\/div>\n\t\t\t\t<\/div>\n\t\t\t\t\t<\/div>\n\t\t<\/div>\n\t\t\t\t\t<\/div>\n\t\t<\/section>\n\t\t\t\t<section class=\"elementor-section elementor-top-section elementor-element elementor-element-6918c5d elementor-section-boxed elementor-section-height-default elementor-section-height-default\" data-id=\"6918c5d\" data-element_type=\"section\">\n\t\t\t\t\t\t<div class=\"elementor-container elementor-column-gap-default\">\n\t\t\t\t\t<div class=\"elementor-column elementor-col-100 elementor-top-column elementor-element elementor-element-9e79b94\" data-id=\"9e79b94\" data-element_type=\"column\">\n\t\t\t<div class=\"elementor-widget-wrap elementor-element-populated\">\n\t\t\t\t\t\t<div class=\"elementor-element elementor-element-e5414d6 elementor-widget elementor-widget-text-editor\" data-id=\"e5414d6\" data-element_type=\"widget\" data-widget_type=\"text-editor.default\">\n\t\t\t\t<div class=\"elementor-widget-container\">\n\t\t\t\t\t\t\t<p>3. Na aba &#8220;Participantes&#8221;, cadastrar o aluno orientado;<\/p><p>4. Na aba &#8220;\u00d3rg\u00e3os&#8221;, manter a unidade de lota\u00e7\u00e3o do coordenador como respons\u00e1vel e cadastrar o PPG como executor,\u00a0no caso de Tese ou Disserta\u00e7\u00e3o.<\/p>\t\t\t\t\t\t<\/div>\n\t\t\t\t<\/div>\n\t\t\t\t\t<\/div>\n\t\t<\/div>\n\t\t\t\t\t<\/div>\n\t\t<\/section>\n\t\t\t\t<\/div>\n\t\t","protected":false},"excerpt":{"rendered":"<p>Para registros de projetos de monografia, disserta\u00e7\u00e3o ou tese no portal, orienta-se que: 1. Na aba &#8220;Gest\u00e3o&#8221;, o coordenador marque &#8220;SIM&#8221; na pergunta: &#8220;\u00c9 um projeto de monografia, disserta\u00e7\u00e3o ou tese?&#8220; 2. Na aba &#8220;Classifica\u00e7\u00f5es&#8221; &gt; &#8220;Classifica\u00e7\u00f5es do projeto&#8221;, tipo: &#8220;Quanto ao tipo de projeto de pesquisa&#8221;, o coordenador deve indicar se \u00e9: 2.02 &#8211; [&hellip;]<\/p>\n","protected":false},"author":2697,"featured_media":0,"parent":0,"menu_order":0,"comment_status":"closed","ping_status":"closed","template":"","meta":{"footnotes":""},"categories":[],"tags":[],"class_list":["post-885","page","type-page","status-publish","hentry"],"acf":[],"_links":{"self":[{"href":"https:\/\/www.ufsm.br\/pro-reitorias\/proplan\/gap\/wp-json\/wp\/v2\/pages\/885","targetHints":{"allow":["GET"]}}],"collection":[{"href":"https:\/\/www.ufsm.br\/pro-reitorias\/proplan\/gap\/wp-json\/wp\/v2\/pages"}],"about":[{"href":"https:\/\/www.ufsm.br\/pro-reitorias\/proplan\/gap\/wp-json\/wp\/v2\/types\/page"}],"author":[{"embeddable":true,"href":"https:\/\/www.ufsm.br\/pro-reitorias\/proplan\/gap\/wp-json\/wp\/v2\/users\/2697"}],"replies":[{"embeddable":true,"href":"https:\/\/www.ufsm.br\/pro-reitorias\/proplan\/gap\/wp-json\/wp\/v2\/comments?post=885"}],"version-history":[{"count":0,"href":"https:\/\/www.ufsm.br\/pro-reitorias\/proplan\/gap\/wp-json\/wp\/v2\/pages\/885\/revisions"}],"wp:attachment":[{"href":"https:\/\/www.ufsm.br\/pro-reitorias\/proplan\/gap\/wp-json\/wp\/v2\/media?parent=885"}],"wp:term":[{"taxonomy":"category","embeddable":true,"href":"https:\/\/www.ufsm.br\/pro-reitorias\/proplan\/gap\/wp-json\/wp\/v2\/categories?post=885"},{"taxonomy":"post_tag","embeddable":true,"href":"https:\/\/www.ufsm.br\/pro-reitorias\/proplan\/gap\/wp-json\/wp\/v2\/tags?post=885"}],"curies":[{"name":"wp","href":"https:\/\/api.w.org\/{rel}","templated":true}]}}