{"id":95,"date":"2020-03-24T16:44:31","date_gmt":"2020-03-24T19:44:31","guid":{"rendered":"https:\/\/www.ufsm.br\/pro-reitorias\/proplan\/gap\/?page_id=95"},"modified":"2023-09-18T15:41:02","modified_gmt":"2023-09-18T18:41:02","slug":"gabinete-de-projetos-do-centro-de-educacao","status":"publish","type":"page","link":"https:\/\/www.ufsm.br\/pro-reitorias\/proplan\/gap\/gabinete-de-projetos-do-centro-de-educacao","title":{"rendered":"Gabinete de Projetos do Centro de Educa\u00e7\u00e3o"},"content":{"rendered":"\n<h5><strong>Apresenta\u00e7\u00e3o<\/strong><\/h5>\n<p>O Gabinete de Projetos \u00e9 um \u00f3rg\u00e3o de apoio do Centro de Educa\u00e7\u00e3o (GAP\/CE), cujos objetivos s\u00e3o:<\/p>\n<ul>\n<li>Atender \u00e0 comunidade do CE, prestando informa\u00e7\u00f5es sobre registro e avalia\u00e7\u00e3o de projetos, bem como sobre os editais institucionais,<\/li>\n<li>Prestar apoio t\u00e9cnico-administrativo para realiza\u00e7\u00e3o dos tr\u00e2mites relacionados a projetos de ensino, pesquisa e extens\u00e3o, e de seus respectivos relat\u00f3rios;<\/li>\n<li>Dar suporte t\u00e9cnico na sele\u00e7\u00e3o de projetos para os editais FIPE, FIEX e PROEXT e demais repassados ao Gabinete de Projetos.<\/li>\n<\/ul>\n\n\n<h5><strong>Utilidades<\/strong><\/h5>\n<p><a href=\"https:\/\/www.ufsm.br\/pro-reitorias\/proplan\/gap\/busca\/?q=&amp;sites%5B%5D=819&amp;tags=edital-ce\">\u00a0<\/a><\/p>\n<h3><a href=\"https:\/\/www.ufsm.br\/pro-reitorias\/proplan\/gap\/busca\/?q=&amp;sites%5B%5D=819&amp;tags=edital-ce\">Editais<\/a><\/h3>\n<h3>Detalhes<\/h3>\n<h3>Comiss\u00f5es<\/h3>\n<p><a href=\"https:\/\/www.ufsm.br\/pro-reitorias\/proplan\/gap\/normativas-gap-centro-de-educacao\">\u00a0<\/a><\/p>\n<h3><a href=\"https:\/\/www.ufsm.br\/pro-reitorias\/proplan\/gap\/normativas-gap-centro-de-educacao\">Normativas<\/a><\/h3>\n<p><a href=\"https:\/\/www.ufsm.br\/pro-reitorias\/proplan\/gap\/tutorial-para-uso-do-portal-de-projetos-da-ufsm\/\">\u00a0<\/a><\/p>\n<h3><a href=\"https:\/\/www.ufsm.br\/pro-reitorias\/proplan\/gap\/tutorial-para-uso-do-portal-de-projetos-da-ufsm\/\">Tutoriais<\/a><\/h3>\n<h5><strong>Contato<\/strong><\/h5>\n<p><strong>Sala:<\/strong> 3155<\/p>\n<p><strong>Telefone:<\/strong>\u00a0(55) 3220 8422<\/p>\n<p><strong>E-mail:<\/strong>\u00a0<a href=\"mailto:gapceufsm@gmail.com\">gapceufsm@gmail.com<\/a><a href=\"mailto:gapceufsm@gmail.com\">\u00a0<\/a><\/p>\n<h5><strong>Equipe<\/strong><\/h5>\n<p><strong>Coordena\u00e7\u00e3o: <\/strong>Nara Francisco Dornelles<\/p>\n<p><strong>Secretaria: <\/strong>M\u00e1rcio Lamberti de Bittencourt<\/p>","protected":false},"excerpt":{"rendered":"<p>Apresenta\u00e7\u00e3o O Gabinete de Projetos \u00e9 um \u00f3rg\u00e3o de apoio do Centro de Educa\u00e7\u00e3o (GAP\/CE), cujos objetivos s\u00e3o: Atender \u00e0 comunidade do CE, prestando informa\u00e7\u00f5es sobre registro e avalia\u00e7\u00e3o de projetos, bem como sobre os editais institucionais, Prestar apoio t\u00e9cnico-administrativo para realiza\u00e7\u00e3o dos tr\u00e2mites relacionados a projetos de ensino, pesquisa e extens\u00e3o, e de seus [&hellip;]<\/p>\n","protected":false},"author":2223,"featured_media":0,"parent":0,"menu_order":0,"comment_status":"closed","ping_status":"closed","template":"","meta":{"footnotes":""},"categories":[],"tags":[],"class_list":["post-95","page","type-page","status-publish","hentry"],"acf":[],"_links":{"self":[{"href":"https:\/\/www.ufsm.br\/pro-reitorias\/proplan\/gap\/wp-json\/wp\/v2\/pages\/95","targetHints":{"allow":["GET"]}}],"collection":[{"href":"https:\/\/www.ufsm.br\/pro-reitorias\/proplan\/gap\/wp-json\/wp\/v2\/pages"}],"about":[{"href":"https:\/\/www.ufsm.br\/pro-reitorias\/proplan\/gap\/wp-json\/wp\/v2\/types\/page"}],"author":[{"embeddable":true,"href":"https:\/\/www.ufsm.br\/pro-reitorias\/proplan\/gap\/wp-json\/wp\/v2\/users\/2223"}],"replies":[{"embeddable":true,"href":"https:\/\/www.ufsm.br\/pro-reitorias\/proplan\/gap\/wp-json\/wp\/v2\/comments?post=95"}],"version-history":[{"count":0,"href":"https:\/\/www.ufsm.br\/pro-reitorias\/proplan\/gap\/wp-json\/wp\/v2\/pages\/95\/revisions"}],"wp:attachment":[{"href":"https:\/\/www.ufsm.br\/pro-reitorias\/proplan\/gap\/wp-json\/wp\/v2\/media?parent=95"}],"wp:term":[{"taxonomy":"category","embeddable":true,"href":"https:\/\/www.ufsm.br\/pro-reitorias\/proplan\/gap\/wp-json\/wp\/v2\/categories?post=95"},{"taxonomy":"post_tag","embeddable":true,"href":"https:\/\/www.ufsm.br\/pro-reitorias\/proplan\/gap\/wp-json\/wp\/v2\/tags?post=95"}],"curies":[{"name":"wp","href":"https:\/\/api.w.org\/{rel}","templated":true}]}}