{"id":101,"date":"2018-12-19T12:56:18","date_gmt":"2018-12-19T14:56:18","guid":{"rendered":"https:\/\/www.ufsm.br\/pro-reitorias\/proplan\/pdi\/?page_id=101"},"modified":"2018-12-19T12:56:21","modified_gmt":"2018-12-19T14:56:21","slug":"pdi-2001-2005","status":"publish","type":"page","link":"https:\/\/www.ufsm.br\/pro-reitorias\/proplan\/pdi\/pdi-2001-2005","title":{"rendered":"PDI 2001 &#8211; 2005"},"content":{"rendered":"\n<p>O primeiro Plano de Desenvolvimento Institucional da UFSM vigorou no per\u00edodo de 2001 a 2005. O trabalho foi coordenado pela Pr\u00f3-Reitoria de Planejamento.<\/p>\n<p>O documento oficial, publicado em agosto de 2002, foi elaborado a partir da metodologia prevista na Portaria n. 1.466, de 12 de julho de 2001, e na ferramenta de Planejamento Estrat\u00e9gico adotada na \u00e9poca pela gest\u00e3o da UFSM.<\/p>\n<p>As defini\u00e7\u00f5es do primeiro plano surgiram em reuni\u00f5es dos gestores da administra\u00e7\u00e3o central, que estabeleceram a miss\u00e3o, a vis\u00e3o de futuro e os valores da UFSM, bem como os objetivos estrat\u00e9gicos para o per\u00edodo.<\/p>\n<p>Os resultados da avalia\u00e7\u00e3o institucional do Programa de Qualidade e Avalia\u00e7\u00e3o da UFSM, criado pelo Comit\u00ea Universit\u00e1rio, tamb\u00e9m foram usados como diagn\u00f3stico para o estabelecimento das metas deste e dos PDIs seguintes. Tal programa, vinculado diretamente ao Gabinete do Reitor, foi institu\u00eddo pelo parecer n. 015\/99, de 28 de abril de 1999.<\/p>\n<p>O Programa de Qualidade e Avalia\u00e7\u00e3o da UFSM prop\u00f4s uma sistem\u00e1tica que contemplou duas a\u00e7\u00f5es b\u00e1sicas. Por um lado, previu a exist\u00eancia de um Comit\u00ea Estrat\u00e9gico respons\u00e1vel pela cria\u00e7\u00e3o de uma estrutura de planejamento institucional, por coordenar o posicionamento estrat\u00e9gico da UFSM diante do ambiente e por sustentar as a\u00e7\u00f5es da administra\u00e7\u00e3o superior. Por outro, visou incrementar a sistem\u00e1tica de aperfei\u00e7oamento da rotina administrativa e acad\u00eamica atrav\u00e9s da cria\u00e7\u00e3o de uma Comiss\u00e3o Executiva de Avalia\u00e7\u00e3o Institucional e do Grupo T\u00e9cnico de Apoio \u00e0 Qualidade, coordenados pelo Comit\u00ea Estrat\u00e9gico.<\/p>\n<p>Dentro desses par\u00e2metros, os primeiros resultados j\u00e1 surtiram efeito, por meio da avalia\u00e7\u00e3o interna do ensino de gradua\u00e7\u00e3o da UFSM, ocorrida em 1999 e 2000.<\/p>\n","protected":false},"excerpt":{"rendered":"<p>O primeiro Plano de Desenvolvimento Institucional da UFSM vigorou no per\u00edodo de 2001 a 2005. O trabalho foi coordenado pela Pr\u00f3-Reitoria de Planejamento. O documento oficial, publicado em agosto de 2002, foi elaborado a partir da metodologia prevista na Portaria n. 1.466, de 12 de julho de 2001, e na ferramenta de Planejamento Estrat\u00e9gico adotada [&hellip;]<\/p>\n","protected":false},"author":118,"featured_media":0,"parent":0,"menu_order":0,"comment_status":"closed","ping_status":"closed","template":"","meta":{"footnotes":""},"categories":[],"tags":[],"class_list":["post-101","page","type-page","status-publish","hentry"],"acf":[],"_links":{"self":[{"href":"https:\/\/www.ufsm.br\/pro-reitorias\/proplan\/pdi\/wp-json\/wp\/v2\/pages\/101","targetHints":{"allow":["GET"]}}],"collection":[{"href":"https:\/\/www.ufsm.br\/pro-reitorias\/proplan\/pdi\/wp-json\/wp\/v2\/pages"}],"about":[{"href":"https:\/\/www.ufsm.br\/pro-reitorias\/proplan\/pdi\/wp-json\/wp\/v2\/types\/page"}],"author":[{"embeddable":true,"href":"https:\/\/www.ufsm.br\/pro-reitorias\/proplan\/pdi\/wp-json\/wp\/v2\/users\/118"}],"replies":[{"embeddable":true,"href":"https:\/\/www.ufsm.br\/pro-reitorias\/proplan\/pdi\/wp-json\/wp\/v2\/comments?post=101"}],"version-history":[{"count":0,"href":"https:\/\/www.ufsm.br\/pro-reitorias\/proplan\/pdi\/wp-json\/wp\/v2\/pages\/101\/revisions"}],"wp:attachment":[{"href":"https:\/\/www.ufsm.br\/pro-reitorias\/proplan\/pdi\/wp-json\/wp\/v2\/media?parent=101"}],"wp:term":[{"taxonomy":"category","embeddable":true,"href":"https:\/\/www.ufsm.br\/pro-reitorias\/proplan\/pdi\/wp-json\/wp\/v2\/categories?post=101"},{"taxonomy":"post_tag","embeddable":true,"href":"https:\/\/www.ufsm.br\/pro-reitorias\/proplan\/pdi\/wp-json\/wp\/v2\/tags?post=101"}],"curies":[{"name":"wp","href":"https:\/\/api.w.org\/{rel}","templated":true}]}}