{"id":124,"date":"2018-12-19T13:46:01","date_gmt":"2018-12-19T15:46:01","guid":{"rendered":"https:\/\/www.ufsm.br\/pro-reitorias\/proplan\/pdi\/?page_id=124"},"modified":"2018-12-19T13:46:03","modified_gmt":"2018-12-19T15:46:03","slug":"comissoes-tematicas","status":"publish","type":"page","link":"https:\/\/www.ufsm.br\/pro-reitorias\/proplan\/pdi\/comissoes-tematicas","title":{"rendered":"Comiss\u00f5es Tem\u00e1ticas"},"content":{"rendered":"\n<table border=\"1\">\n<tbody>\n<tr>\n<td><strong>\u00a0 \u00a0COMISS\u00c3O TEM\u00c1TICA<\/strong><\/td>\n<td><strong>\u00a0 \u00a0 \u00a0 \u00a0 \u00a0 \u00a0REUNI\u00d5ES<\/strong><\/td>\n<\/tr>\n<tr>\n<td>Planejamento e Desenvolvimento Institucional<\/td>\n<td>\n<p>15\/03, na PROPLAN<\/p>\n<p>28\/04, na PROPLAN<\/p>\n<\/td>\n<\/tr>\n<tr>\n<td>Pol\u00edticas Acad\u00eamicas<\/td>\n<td>\n<p>11\/04, na PROGRAD<\/p>\n<p>20\/04, na PROGRAD<\/p>\n<p>11\/05, na PROGRAD<\/p>\n<\/td>\n<\/tr>\n<tr>\n<td>Pol\u00edticas de Gest\u00e3o<\/td>\n<td>17\/03, na PROPLAN<\/td>\n<\/tr>\n<tr>\n<td>Infraestrutura<\/td>\n<td>&#8211;<\/td>\n<\/tr>\n<tr>\n<td>\n<p>Inova\u00e7\u00e3o, Empreende Inova\u00e7\u00e3o, Empreendedorismo<\/p>\n<p>e Transfer\u00eancia de Tecnologia<\/p>\n<\/td>\n<td>19\/04, na PROPLAN<\/td>\n<\/tr>\n<tr>\n<td>Sunstentabilidade e Responsabilidade Ambiental<\/td>\n<td>\n<p>27\/04, na PROPLAN<\/p>\n<p>05\/05, no CCNE<\/p>\n<p>23\/05, no CCNE<\/p>\n<\/td>\n<\/tr>\n<tr>\n<td>Pol\u00edtica de Comunica\u00e7\u00e3o<\/td>\n<td>06\/05, na sala dos conselhos<\/td>\n<\/tr>\n<\/tbody>\n<\/table>\n","protected":false},"excerpt":{"rendered":"<p>\u00a0 \u00a0COMISS\u00c3O TEM\u00c1TICA \u00a0 \u00a0 \u00a0 \u00a0 \u00a0 \u00a0REUNI\u00d5ES Planejamento e Desenvolvimento Institucional 15\/03, na PROPLAN 28\/04, na PROPLAN Pol\u00edticas Acad\u00eamicas 11\/04, na PROGRAD 20\/04, na PROGRAD 11\/05, na PROGRAD Pol\u00edticas de Gest\u00e3o 17\/03, na PROPLAN Infraestrutura &#8211; Inova\u00e7\u00e3o, Empreende Inova\u00e7\u00e3o, Empreendedorismo e Transfer\u00eancia de Tecnologia 19\/04, na PROPLAN Sunstentabilidade e Responsabilidade Ambiental 27\/04, na [&hellip;]<\/p>\n","protected":false},"author":118,"featured_media":0,"parent":0,"menu_order":0,"comment_status":"closed","ping_status":"closed","template":"","meta":{"footnotes":""},"categories":[],"tags":[],"class_list":["post-124","page","type-page","status-publish","hentry"],"acf":[],"_links":{"self":[{"href":"https:\/\/www.ufsm.br\/pro-reitorias\/proplan\/pdi\/wp-json\/wp\/v2\/pages\/124","targetHints":{"allow":["GET"]}}],"collection":[{"href":"https:\/\/www.ufsm.br\/pro-reitorias\/proplan\/pdi\/wp-json\/wp\/v2\/pages"}],"about":[{"href":"https:\/\/www.ufsm.br\/pro-reitorias\/proplan\/pdi\/wp-json\/wp\/v2\/types\/page"}],"author":[{"embeddable":true,"href":"https:\/\/www.ufsm.br\/pro-reitorias\/proplan\/pdi\/wp-json\/wp\/v2\/users\/118"}],"replies":[{"embeddable":true,"href":"https:\/\/www.ufsm.br\/pro-reitorias\/proplan\/pdi\/wp-json\/wp\/v2\/comments?post=124"}],"version-history":[{"count":0,"href":"https:\/\/www.ufsm.br\/pro-reitorias\/proplan\/pdi\/wp-json\/wp\/v2\/pages\/124\/revisions"}],"wp:attachment":[{"href":"https:\/\/www.ufsm.br\/pro-reitorias\/proplan\/pdi\/wp-json\/wp\/v2\/media?parent=124"}],"wp:term":[{"taxonomy":"category","embeddable":true,"href":"https:\/\/www.ufsm.br\/pro-reitorias\/proplan\/pdi\/wp-json\/wp\/v2\/categories?post=124"},{"taxonomy":"post_tag","embeddable":true,"href":"https:\/\/www.ufsm.br\/pro-reitorias\/proplan\/pdi\/wp-json\/wp\/v2\/tags?post=124"}],"curies":[{"name":"wp","href":"https:\/\/api.w.org\/{rel}","templated":true}]}}