{"id":23,"date":"2018-12-18T19:07:19","date_gmt":"2018-12-18T21:07:19","guid":{"rendered":"https:\/\/www.ufsm.br\/pro-reitorias\/proplan\/pdi\/?page_id=23"},"modified":"2018-12-18T19:07:23","modified_gmt":"2018-12-18T21:07:23","slug":"internacionalizacao","status":"publish","type":"page","link":"https:\/\/www.ufsm.br\/pro-reitorias\/proplan\/pdi\/internacionalizacao","title":{"rendered":"Internacionaliza\u00e7\u00e3o"},"content":{"rendered":"\n<p>O Desafio 1 \u2013 Internacionaliza\u00e7\u00e3o cont\u00e9m\u00a0<strong>9 objetivos estrat\u00e9gicos<\/strong>, sendo um na dimens\u00e3o Alunos e sociedade, cinco na dimens\u00e3o Processos e dois na dimens\u00e3o Aprendizado e infraestrutura.<\/p>\n<p>Na\u00a0<strong>dimens\u00e3o Alunos e sociedade o objetivo \u00e9 \u00fanico<\/strong>\u00a0e est\u00e1 relacionado a aumentar a inser\u00e7\u00e3o cient\u00edfica da institui\u00e7\u00e3o no cen\u00e1rio internacional.<\/p>\n<p>Na\u00a0<strong>dimens\u00e3o Processos h\u00e1 3 objetivos<\/strong>\u00a0que possuem influ\u00eancia direta com o aumento da inser\u00e7\u00e3o cient\u00edfica. O primeiro se refere a parcerias de pesquisadores com outras institui\u00e7\u00f5es, enquanto o segundo \u00e9 no sentido de realizar conv\u00eanios para trocas culturais e trocas de experi\u00eancias de gest\u00e3o. O terceiro objetivo \u00e9 para oportunizar experi\u00eancias de internacionaliza\u00e7\u00e3o aos alunos. Os demais objetivos servem de apoio a estes, sendo que dois deles est\u00e3o relacionados a melhorar as rotinas e processos relacionados \u00e0 internacionaliza\u00e7\u00e3o, sempre considerando a realidade multi-campi e os diferentes n\u00edveis de ensino. O \u00faltimo objetivo da dimens\u00e3o Processos est\u00e1 relacionado aos curr\u00edculos e, no \u00e2mbito da internacionaliza\u00e7\u00e3o diz respeito a manter curr\u00edculos atrativos do ponto de vista internacional para que haja interesse de alunos de outros pa\u00edses em realizar cursos na UFSM.<\/p>\n<p>Na\u00a0<strong>dimens\u00e3o Aprendizado e infraestrutura h\u00e1 2 objetivos<\/strong>. O primeiro diz respeito \u00e0 infraestrutura de acolhimento para pesquisadores e alunos estrangeiros, que deve ser aprimorada. J\u00e1 o segundo possui rela\u00e7\u00e3o direta com o aumento da inser\u00e7\u00e3o cient\u00edfica da institui\u00e7\u00e3o, pois est\u00e1 relacionado a manter um quadro docente com pesquisadores que sejam refer\u00eancia em sua \u00e1rea de pesquisa.<br \/><img decoding=\"async\" src=\"https:\/\/www.ufsm.br\/pro-reitorias\/proplan\/pdi\/wp-content\/uploads\/sites\/500\/2018\/12\/MapaDesafio1-1024x639.png\" \/><\/p>\n","protected":false},"excerpt":{"rendered":"<p>O Desafio 1 \u2013 Internacionaliza\u00e7\u00e3o cont\u00e9m\u00a09 objetivos estrat\u00e9gicos, sendo um na dimens\u00e3o Alunos e sociedade, cinco na dimens\u00e3o Processos e dois na dimens\u00e3o Aprendizado e infraestrutura. Na\u00a0dimens\u00e3o Alunos e sociedade o objetivo \u00e9 \u00fanico\u00a0e est\u00e1 relacionado a aumentar a inser\u00e7\u00e3o cient\u00edfica da institui\u00e7\u00e3o no cen\u00e1rio internacional. Na\u00a0dimens\u00e3o Processos h\u00e1 3 objetivos\u00a0que possuem influ\u00eancia direta com [&hellip;]<\/p>\n","protected":false},"author":118,"featured_media":0,"parent":0,"menu_order":0,"comment_status":"closed","ping_status":"closed","template":"","meta":{"footnotes":""},"categories":[],"tags":[],"class_list":["post-23","page","type-page","status-publish","hentry"],"acf":[],"_links":{"self":[{"href":"https:\/\/www.ufsm.br\/pro-reitorias\/proplan\/pdi\/wp-json\/wp\/v2\/pages\/23","targetHints":{"allow":["GET"]}}],"collection":[{"href":"https:\/\/www.ufsm.br\/pro-reitorias\/proplan\/pdi\/wp-json\/wp\/v2\/pages"}],"about":[{"href":"https:\/\/www.ufsm.br\/pro-reitorias\/proplan\/pdi\/wp-json\/wp\/v2\/types\/page"}],"author":[{"embeddable":true,"href":"https:\/\/www.ufsm.br\/pro-reitorias\/proplan\/pdi\/wp-json\/wp\/v2\/users\/118"}],"replies":[{"embeddable":true,"href":"https:\/\/www.ufsm.br\/pro-reitorias\/proplan\/pdi\/wp-json\/wp\/v2\/comments?post=23"}],"version-history":[{"count":0,"href":"https:\/\/www.ufsm.br\/pro-reitorias\/proplan\/pdi\/wp-json\/wp\/v2\/pages\/23\/revisions"}],"wp:attachment":[{"href":"https:\/\/www.ufsm.br\/pro-reitorias\/proplan\/pdi\/wp-json\/wp\/v2\/media?parent=23"}],"wp:term":[{"taxonomy":"category","embeddable":true,"href":"https:\/\/www.ufsm.br\/pro-reitorias\/proplan\/pdi\/wp-json\/wp\/v2\/categories?post=23"},{"taxonomy":"post_tag","embeddable":true,"href":"https:\/\/www.ufsm.br\/pro-reitorias\/proplan\/pdi\/wp-json\/wp\/v2\/tags?post=23"}],"curies":[{"name":"wp","href":"https:\/\/api.w.org\/{rel}","templated":true}]}}