{"id":46,"date":"2018-12-18T20:01:43","date_gmt":"2018-12-18T22:01:43","guid":{"rendered":"https:\/\/www.ufsm.br\/pro-reitorias\/proplan\/pdi\/?page_id=46"},"modified":"2018-12-19T11:53:56","modified_gmt":"2018-12-19T13:53:56","slug":"mapa-estrategico","status":"publish","type":"page","link":"https:\/\/www.ufsm.br\/pro-reitorias\/proplan\/pdi\/mapa-estrategico","title":{"rendered":"Mapa Estrat\u00e9gico"},"content":{"rendered":"\t\t<div data-elementor-type=\"wp-post\" data-elementor-id=\"46\" class=\"elementor elementor-46 elementor-bc-flex-widget\">\n\t\t\t\t\t\t<section class=\"elementor-section elementor-top-section elementor-element elementor-element-55444f87 elementor-section-boxed elementor-section-height-default elementor-section-height-default\" data-id=\"55444f87\" data-element_type=\"section\">\n\t\t\t\t\t\t<div class=\"elementor-container elementor-column-gap-default\">\n\t\t\t\t\t<div class=\"elementor-column elementor-col-100 elementor-top-column elementor-element elementor-element-79e52472\" data-id=\"79e52472\" data-element_type=\"column\">\n\t\t\t<div class=\"elementor-widget-wrap elementor-element-populated\">\n\t\t\t\t\t\t<div class=\"elementor-element elementor-element-76d340e1 elementor-widget elementor-widget-text-editor\" data-id=\"76d340e1\" data-element_type=\"widget\" data-widget_type=\"text-editor.default\">\n\t\t\t\t<div class=\"elementor-widget-container\">\n\t\t\t\t\t\t\t<!-- wp:tadv\/classic-paragraph -->\n<p>O mapa estrat\u00e9gico do PDI 2016-2026 \u00e9 divido em quatro dimens\u00f5es e sete desafios institucionais. A leitura do mapa, de cima para baixo, \u00e9 feita seguindo o seguinte racioc\u00ednio: a UFSM serve aos alunos e \u00e0 sociedade (dimens\u00e3o Alunos e sociedade), para quem deve entregar resultados. Para entregar estes resultados \u00e9 preciso desenvolver um conjunto de processos de trabalho (dimens\u00e3o Processos), e para que isso seja poss\u00edvel \u00e9 necess\u00e1rio prover uma infraestrutura de apoio e desenvolver conhecimentos na sua equipe (dimens\u00e3o Aprendizado e infraestrutura).<\/p>\n<p>Para viabilizar todo esse contexto \u00e9 necess\u00e1rio um or\u00e7amento que d\u00ea sustenta\u00e7\u00e3o \u00e0 institui\u00e7\u00e3o (dimens\u00e3o Sustentabilidade financeira). Cada objetivo \u00e9 representado no mapa central por uma caixa, e possui um c\u00f3digo que o identifica. O c\u00f3digo \u00e9 formado de maneira a identificar o objetivo no mapa e obedece \u00e0 estrutura AA-DN-NN, onde:<\/p>\n<ul>\n<li>AA: indica a dimens\u00e3o (AS-Alunos e sociedade; PR-Processos; AIAprendizado e infraestrutura; SF-Sustentabilidade financeira)<\/li>\n<li>DN: indica o desafio principal ao qual o objetivo est\u00e1 associado (D1-Internacionaliza\u00e7\u00e3o; D2-Educa\u00e7\u00e3o inovadora e transformadora com excel\u00eancia acad\u00eamica; D3-Inclus\u00e3o social; D4-Inova\u00e7\u00e3o, gera\u00e7\u00e3o de conhecimento e transfer\u00eancia de tecnologia; D5-Moderniza\u00e7\u00e3o e desenvolvimento organizacional; D6-Desenvolvimento local, regional e nacional; D7-Gest\u00e3o ambiental);<\/li>\n<li>NN: indica o n\u00famero do objetivo dentro da dimens\u00e3o do desafio (1, 2, 3, etc.)<\/li>\n<\/ul>\n<p>H\u00e1 objetivos que se relacionam a mais de um desafio. Nesse caso, no mapa central, os desafios aos quais o objetivo est\u00e1 relacionado ficam destacados na parte inferior da caixa. No exemplo da figura abaixo, o objetivo PR-D1-01 Desenvolver parcerias com pesquisadores e institui\u00e7\u00f5es internacionais se relaciona apenas ao Desafio 1 \u2013 Internacionaliza\u00e7\u00e3o. J\u00e1 o objetivo PR-D4-02 Implementar projetos interdisciplinares est\u00e1 relacionado ao Desafio 4 e ao Desafio 6.<img decoding=\"async\" src=\"https:\/\/www.ufsm.br\/pro-reitorias\/proplan\/pdi\/wp-content\/uploads\/sites\/500\/2018\/12\/TrechoMapaEstratgico-1024x244.png\"><\/p>\n<p>Al\u00e9m do mapa central, o plano contempla um mapa estrat\u00e9gico para cada desafio institucional. Dessa forma \u00e9 poss\u00edvel saber quais s\u00e3o os objetivos relacionados a cada desafio. No mapa de cada desafio os objetivos s\u00e3o apresentados no formato de elipses, as quais possuem rela\u00e7\u00f5es entre si indicando a influ\u00eancia que um objetivo pode ter sobre outro. Ou seja, o mapa de um desafio apresenta informa\u00e7\u00f5es mais detalhadas do que o mapa central.<\/p>\n<p>A leitura do mapa de cada desafio pode ser feita de baixo para cima ou de cima para baixo, sempre seguindo as setas. Tomando como refer\u00eancia o mapa da figura abaixo, um exemplo de leitura a partir da dimens\u00e3o Aprendizado e Infraestrutura seria:&nbsp;<em>Prover infraestrutura e ambiente de acolhimento para integra\u00e7\u00e3o internacional<\/em>&nbsp;ajuda a&nbsp;<em>Desenvolver parcerias com pesquisadores e institui\u00e7\u00f5es internacionais<\/em>, o que contribui para que se atinja o objetivo de&nbsp;<em>Aumentar a inser\u00e7\u00e3o cient\u00edfica da institui\u00e7\u00e3o<\/em>.<br><img decoding=\"async\" src=\"https:\/\/www.ufsm.br\/pro-reitorias\/proplan\/pdi\/wp-content\/uploads\/sites\/500\/2018\/12\/MapaDesafio1-1024x639.png\"><\/p>\n<!-- \/wp:tadv\/classic-paragraph -->\t\t\t\t\t\t<\/div>\n\t\t\t\t<\/div>\n\t\t\t\t\t<\/div>\n\t\t<\/div>\n\t\t\t\t\t<\/div>\n\t\t<\/section>\n\t\t\t\t<section class=\"elementor-section elementor-top-section elementor-element elementor-element-0f8c7c9 elementor-section-boxed elementor-section-height-default elementor-section-height-default\" data-id=\"0f8c7c9\" data-element_type=\"section\">\n\t\t\t\t\t\t<div class=\"elementor-container elementor-column-gap-default\">\n\t\t\t\t\t<div class=\"elementor-column elementor-col-100 elementor-top-column elementor-element elementor-element-dccd655\" data-id=\"dccd655\" data-element_type=\"column\">\n\t\t\t<div class=\"elementor-widget-wrap elementor-element-populated\">\n\t\t\t\t\t\t<div class=\"elementor-element elementor-element-d361460 elementor-widget elementor-widget-heading\" data-id=\"d361460\" data-element_type=\"widget\" data-widget_type=\"heading.default\">\n\t\t\t\t<div class=\"elementor-widget-container\">\n\t\t\t<h1 class=\"elementor-heading-title elementor-size-default\">Mapa Estrat\u00e9gico Central<\/h1>\t\t<\/div>\n\t\t\t\t<\/div>\n\t\t\t\t\t<\/div>\n\t\t<\/div>\n\t\t\t\t\t<\/div>\n\t\t<\/section>\n\t\t\t\t<section class=\"elementor-section elementor-top-section elementor-element elementor-element-96c8c9f elementor-section-boxed elementor-section-height-default elementor-section-height-default\" data-id=\"96c8c9f\" data-element_type=\"section\">\n\t\t\t\t\t\t<div class=\"elementor-container elementor-column-gap-default\">\n\t\t\t\t\t<div class=\"elementor-column elementor-col-100 elementor-top-column elementor-element elementor-element-bfe78cc\" data-id=\"bfe78cc\" data-element_type=\"column\">\n\t\t\t<div class=\"elementor-widget-wrap elementor-element-populated\">\n\t\t\t\t\t\t<div class=\"elementor-element elementor-element-c69845d elementor-widget elementor-widget-text-editor\" data-id=\"c69845d\" data-element_type=\"widget\" data-widget_type=\"text-editor.default\">\n\t\t\t\t<div class=\"elementor-widget-container\">\n\t\t\t\t\t\t\t<p><img decoding=\"async\" src=\"https:\/\/www.ufsm.br\/pro-reitorias\/proplan\/pdi\/wp-content\/uploads\/sites\/500\/2018\/12\/image-1024x564.jpg\" \/><\/p>\t\t\t\t\t\t<\/div>\n\t\t\t\t<\/div>\n\t\t\t\t\t<\/div>\n\t\t<\/div>\n\t\t\t\t\t<\/div>\n\t\t<\/section>\n\t\t\t\t<\/div>\n\t\t","protected":false},"excerpt":{"rendered":"<p>O mapa estrat\u00e9gico do PDI 2016-2026 \u00e9 divido em quatro dimens\u00f5es e sete desafios institucionais. A leitura do mapa, de cima para baixo, \u00e9 feita seguindo o seguinte racioc\u00ednio: a UFSM serve aos alunos e \u00e0 sociedade (dimens\u00e3o Alunos e sociedade), para quem deve entregar resultados. Para entregar estes resultados \u00e9 preciso desenvolver um conjunto [&hellip;]<\/p>\n","protected":false},"author":118,"featured_media":0,"parent":0,"menu_order":0,"comment_status":"closed","ping_status":"closed","template":"","meta":{"footnotes":""},"categories":[],"tags":[],"class_list":["post-46","page","type-page","status-publish","hentry"],"acf":[],"_links":{"self":[{"href":"https:\/\/www.ufsm.br\/pro-reitorias\/proplan\/pdi\/wp-json\/wp\/v2\/pages\/46","targetHints":{"allow":["GET"]}}],"collection":[{"href":"https:\/\/www.ufsm.br\/pro-reitorias\/proplan\/pdi\/wp-json\/wp\/v2\/pages"}],"about":[{"href":"https:\/\/www.ufsm.br\/pro-reitorias\/proplan\/pdi\/wp-json\/wp\/v2\/types\/page"}],"author":[{"embeddable":true,"href":"https:\/\/www.ufsm.br\/pro-reitorias\/proplan\/pdi\/wp-json\/wp\/v2\/users\/118"}],"replies":[{"embeddable":true,"href":"https:\/\/www.ufsm.br\/pro-reitorias\/proplan\/pdi\/wp-json\/wp\/v2\/comments?post=46"}],"version-history":[{"count":0,"href":"https:\/\/www.ufsm.br\/pro-reitorias\/proplan\/pdi\/wp-json\/wp\/v2\/pages\/46\/revisions"}],"wp:attachment":[{"href":"https:\/\/www.ufsm.br\/pro-reitorias\/proplan\/pdi\/wp-json\/wp\/v2\/media?parent=46"}],"wp:term":[{"taxonomy":"category","embeddable":true,"href":"https:\/\/www.ufsm.br\/pro-reitorias\/proplan\/pdi\/wp-json\/wp\/v2\/categories?post=46"},{"taxonomy":"post_tag","embeddable":true,"href":"https:\/\/www.ufsm.br\/pro-reitorias\/proplan\/pdi\/wp-json\/wp\/v2\/tags?post=46"}],"curies":[{"name":"wp","href":"https:\/\/api.w.org\/{rel}","templated":true}]}}