{"id":55,"date":"2018-12-18T20:14:34","date_gmt":"2018-12-18T22:14:34","guid":{"rendered":"https:\/\/www.ufsm.br\/pro-reitorias\/proplan\/pdi\/?page_id=55"},"modified":"2018-12-18T20:14:37","modified_gmt":"2018-12-18T22:14:37","slug":"reitoria","status":"publish","type":"page","link":"https:\/\/www.ufsm.br\/pro-reitorias\/proplan\/pdi\/reitoria","title":{"rendered":"Reitoria"},"content":{"rendered":"\n<p>A partir de 2017 a execu\u00e7\u00e3o do or\u00e7amento da UFSM passou a contar com um c\u00f3digo or\u00e7ament\u00e1rio que identifica, no momento da realiza\u00e7\u00e3o de cada\u00a0<em>Empenho<\/em>, o projeto ou atividade a qual est\u00e1 relacionado. O objetivo deste registro \u00e9 melhorar a identifica\u00e7\u00e3o do gasto e permitir acompanhar, com maior n\u00edvel de detalhe onde est\u00e1 sendo investido o or\u00e7amento da institui\u00e7\u00e3o.<\/p>\n<p>O ano de 2017 \u00e9 o primeiro em que este processo de controle foi implantado e, portanto, as informa\u00e7\u00f5es ainda n\u00e3o est\u00e3o precisas, podendo estar sujeitas a erro de digita\u00e7\u00e3o ou a imprecis\u00f5es relacionadas ao pr\u00f3prio processo de controle.<\/p>\n<p>Desta forma, embora as informa\u00e7\u00f5es possam ser utilizadas para que se tenha uma ideia geral de como est\u00e1 sendo executado o or\u00e7amento de cada Pr\u00f3-Reitoria, an\u00e1lises mais criteriosas de cada item de gasto ficam prejudicadas devido ao est\u00e1gio inicial dos procedimentos de controle realizados. Esta situa\u00e7\u00e3o \u00e9 inerente ao processo de mudan\u00e7a de cultura e de procedimento pelo qual as unidades est\u00e3o passando para registrar as suas despesas.<\/p>\n<p>Outra ressalva \u00e9 que as informa\u00e7\u00f5es de car\u00e1ter gerencial s\u00e3o obtidas do SIAFI e as informa\u00e7\u00f5es de car\u00e1ter anal\u00edtico s\u00e3o obtidas do SIE. Isto pode fazer com que, eventualmente, ao confrontar as duas informa\u00e7\u00f5es surjam diferen\u00e7as de valores. Embora possa gerar valores diferentes, esta separa\u00e7\u00e3o \u00e9 momentaneamente necess\u00e1ria porque algumas informa\u00e7\u00f5es est\u00e3o dispon\u00edveis em um sistema (SIAFI), enquanto outras est\u00e3o dispon\u00edveis no outro sistema (SIE).<\/p>\n","protected":false},"excerpt":{"rendered":"<p>A partir de 2017 a execu\u00e7\u00e3o do or\u00e7amento da UFSM passou a contar com um c\u00f3digo or\u00e7ament\u00e1rio que identifica, no momento da realiza\u00e7\u00e3o de cada\u00a0Empenho, o projeto ou atividade a qual est\u00e1 relacionado. O objetivo deste registro \u00e9 melhorar a identifica\u00e7\u00e3o do gasto e permitir acompanhar, com maior n\u00edvel de detalhe onde est\u00e1 sendo investido [&hellip;]<\/p>\n","protected":false},"author":118,"featured_media":0,"parent":0,"menu_order":0,"comment_status":"closed","ping_status":"closed","template":"","meta":{"footnotes":""},"categories":[],"tags":[],"class_list":["post-55","page","type-page","status-publish","hentry"],"acf":[],"_links":{"self":[{"href":"https:\/\/www.ufsm.br\/pro-reitorias\/proplan\/pdi\/wp-json\/wp\/v2\/pages\/55","targetHints":{"allow":["GET"]}}],"collection":[{"href":"https:\/\/www.ufsm.br\/pro-reitorias\/proplan\/pdi\/wp-json\/wp\/v2\/pages"}],"about":[{"href":"https:\/\/www.ufsm.br\/pro-reitorias\/proplan\/pdi\/wp-json\/wp\/v2\/types\/page"}],"author":[{"embeddable":true,"href":"https:\/\/www.ufsm.br\/pro-reitorias\/proplan\/pdi\/wp-json\/wp\/v2\/users\/118"}],"replies":[{"embeddable":true,"href":"https:\/\/www.ufsm.br\/pro-reitorias\/proplan\/pdi\/wp-json\/wp\/v2\/comments?post=55"}],"version-history":[{"count":0,"href":"https:\/\/www.ufsm.br\/pro-reitorias\/proplan\/pdi\/wp-json\/wp\/v2\/pages\/55\/revisions"}],"wp:attachment":[{"href":"https:\/\/www.ufsm.br\/pro-reitorias\/proplan\/pdi\/wp-json\/wp\/v2\/media?parent=55"}],"wp:term":[{"taxonomy":"category","embeddable":true,"href":"https:\/\/www.ufsm.br\/pro-reitorias\/proplan\/pdi\/wp-json\/wp\/v2\/categories?post=55"},{"taxonomy":"post_tag","embeddable":true,"href":"https:\/\/www.ufsm.br\/pro-reitorias\/proplan\/pdi\/wp-json\/wp\/v2\/tags?post=55"}],"curies":[{"name":"wp","href":"https:\/\/api.w.org\/{rel}","templated":true}]}}