{"id":57,"date":"2018-12-18T20:28:00","date_gmt":"2018-12-18T22:28:00","guid":{"rendered":"https:\/\/www.ufsm.br\/pro-reitorias\/proplan\/pdi\/?page_id=57"},"modified":"2018-12-18T20:34:46","modified_gmt":"2018-12-18T22:34:46","slug":"politicas-institucionais","status":"publish","type":"page","link":"https:\/\/www.ufsm.br\/pro-reitorias\/proplan\/pdi\/politicas-institucionais","title":{"rendered":"Pol\u00edticas Institucionais"},"content":{"rendered":"\t\t<div data-elementor-type=\"wp-post\" data-elementor-id=\"57\" class=\"elementor elementor-57 elementor-bc-flex-widget\">\n\t\t\t\t\t\t<section class=\"elementor-section elementor-top-section elementor-element elementor-element-2dc0faf0 elementor-section-boxed elementor-section-height-default elementor-section-height-default\" data-id=\"2dc0faf0\" data-element_type=\"section\">\n\t\t\t\t\t\t<div class=\"elementor-container elementor-column-gap-default\">\n\t\t\t\t\t<div class=\"elementor-column elementor-col-100 elementor-top-column elementor-element elementor-element-5d03093c\" data-id=\"5d03093c\" data-element_type=\"column\">\n\t\t\t<div class=\"elementor-widget-wrap elementor-element-populated\">\n\t\t\t\t\t\t<div class=\"elementor-element elementor-element-490e6cee elementor-widget elementor-widget-text-editor\" data-id=\"490e6cee\" data-element_type=\"widget\" data-widget_type=\"text-editor.default\">\n\t\t\t\t<div class=\"elementor-widget-container\">\n\t\t\t\t\t\t\t<!-- wp:tadv\/classic-paragraph -->\n<p>As pol\u00edticas de gest\u00e3o est\u00e3o associadas \u00e0s diretrizes e princ\u00edpios que norteiam a gest\u00e3o administrativa da Universidade e estabelecem a base para a governan\u00e7a universit\u00e1ria. \u00c9 percept\u00edvel que a boa governan\u00e7a vem contribuindo para as transforma\u00e7\u00f5es no setor p\u00fablico e privado.<\/p>\n<p>O PDI 2016-2026 definiu as diretrizes para as seguintes pol\u00edticas:<\/p>\n<ul>\n<li>\n<p>Planejamento e avalia\u00e7\u00e3o institucional<\/p>\n<\/li>\n<li>\n<p>Governan\u00e7a, controle interno e gest\u00e3o de riscos<\/p>\n<\/li>\n<li>\n<p>Organiza\u00e7\u00e3o administrativa<\/p>\n<\/li>\n<li>\n<p>Gest\u00e3o de pessoas<\/p>\n<\/li>\n<li>\n<p>Gest\u00e3o or\u00e7ament\u00e1ria<\/p>\n<\/li>\n<li>\n<p>Tecnologia de informa\u00e7\u00e3o<\/p>\n<\/li>\n<li>\n<p>Assist\u00eancia estudantil<\/p>\n<\/li>\n<li>\n<p>Infraestrutura e gest\u00e3o do acervo<\/p>\n<\/li>\n<li>\n<p>Gest\u00e3o ambiental<\/p>\n<\/li>\n<li>\n<p>Inova\u00e7\u00e3o, empreendedorismo e transfer\u00eancia de tecnologia<\/p>\n<\/li>\n<li>\n<p>Comunica\u00e7\u00e3o<\/p>\n<\/li>\n<li>\n<p>Acessibilidade<\/p>\n<\/li>\n<\/ul>\n<!-- \/wp:tadv\/classic-paragraph -->\t\t\t\t\t\t<\/div>\n\t\t\t\t<\/div>\n\t\t\t\t\t<\/div>\n\t\t<\/div>\n\t\t\t\t\t<\/div>\n\t\t<\/section>\n\t\t\t\t<section class=\"elementor-section elementor-top-section elementor-element elementor-element-8d48262 elementor-section-boxed elementor-section-height-default elementor-section-height-default\" data-id=\"8d48262\" data-element_type=\"section\">\n\t\t\t\t\t\t<div class=\"elementor-container elementor-column-gap-default\">\n\t\t\t\t\t<div class=\"elementor-column elementor-col-100 elementor-top-column elementor-element elementor-element-1646d48\" data-id=\"1646d48\" data-element_type=\"column\">\n\t\t\t<div class=\"elementor-widget-wrap elementor-element-populated\">\n\t\t\t\t\t\t<div class=\"elementor-element elementor-element-a4b4687 elementor-widget elementor-widget-heading\" data-id=\"a4b4687\" data-element_type=\"widget\" data-widget_type=\"heading.default\">\n\t\t\t\t<div class=\"elementor-widget-container\">\n\t\t\t<h5 class=\"elementor-heading-title elementor-size-default\">Anexo<\/h5>\t\t<\/div>\n\t\t\t\t<\/div>\n\t\t\t\t\t<\/div>\n\t\t<\/div>\n\t\t\t\t\t<\/div>\n\t\t<\/section>\n\t\t\t\t<section class=\"elementor-section elementor-top-section elementor-element elementor-element-ab1eaf1 elementor-section-boxed elementor-section-height-default elementor-section-height-default\" data-id=\"ab1eaf1\" data-element_type=\"section\">\n\t\t\t\t\t\t<div class=\"elementor-container elementor-column-gap-default\">\n\t\t\t\t\t<div class=\"elementor-column elementor-col-100 elementor-top-column elementor-element elementor-element-c74023c\" data-id=\"c74023c\" data-element_type=\"column\">\n\t\t\t<div class=\"elementor-widget-wrap elementor-element-populated\">\n\t\t\t\t\t\t<div class=\"elementor-element elementor-element-e66ca31 elementor-widget elementor-widget-text-editor\" data-id=\"e66ca31\" data-element_type=\"widget\" data-widget_type=\"text-editor.default\">\n\t\t\t\t<div class=\"elementor-widget-container\">\n\t\t\t\t\t\t\t<p><a href=\"https:\/\/www.ufsm.br\/pro-reitorias\/proplan\/pdi\/wp-content\/uploads\/sites\/500\/2018\/12\/05-DocPDI-Capitulo5-Politicas-ConsultaPublica.pdf\" target=\"_blank\" rel=\"noopener\">Cap\u00edtulo 5 &#8211; Diretrizes das Pol\u00edticas Institucionais<\/a><\/p>\t\t\t\t\t\t<\/div>\n\t\t\t\t<\/div>\n\t\t\t\t\t<\/div>\n\t\t<\/div>\n\t\t\t\t\t<\/div>\n\t\t<\/section>\n\t\t\t\t<\/div>\n\t\t","protected":false},"excerpt":{"rendered":"<p>As pol\u00edticas de gest\u00e3o est\u00e3o associadas \u00e0s diretrizes e princ\u00edpios que norteiam a gest\u00e3o administrativa da Universidade e estabelecem a base para a governan\u00e7a universit\u00e1ria. \u00c9 percept\u00edvel que a boa governan\u00e7a vem contribuindo para as transforma\u00e7\u00f5es no setor p\u00fablico e privado. O PDI 2016-2026 definiu as diretrizes para as seguintes pol\u00edticas: Planejamento e avalia\u00e7\u00e3o institucional [&hellip;]<\/p>\n","protected":false},"author":118,"featured_media":0,"parent":0,"menu_order":0,"comment_status":"closed","ping_status":"closed","template":"","meta":{"footnotes":""},"categories":[],"tags":[],"class_list":["post-57","page","type-page","status-publish","hentry"],"acf":[],"_links":{"self":[{"href":"https:\/\/www.ufsm.br\/pro-reitorias\/proplan\/pdi\/wp-json\/wp\/v2\/pages\/57","targetHints":{"allow":["GET"]}}],"collection":[{"href":"https:\/\/www.ufsm.br\/pro-reitorias\/proplan\/pdi\/wp-json\/wp\/v2\/pages"}],"about":[{"href":"https:\/\/www.ufsm.br\/pro-reitorias\/proplan\/pdi\/wp-json\/wp\/v2\/types\/page"}],"author":[{"embeddable":true,"href":"https:\/\/www.ufsm.br\/pro-reitorias\/proplan\/pdi\/wp-json\/wp\/v2\/users\/118"}],"replies":[{"embeddable":true,"href":"https:\/\/www.ufsm.br\/pro-reitorias\/proplan\/pdi\/wp-json\/wp\/v2\/comments?post=57"}],"version-history":[{"count":0,"href":"https:\/\/www.ufsm.br\/pro-reitorias\/proplan\/pdi\/wp-json\/wp\/v2\/pages\/57\/revisions"}],"wp:attachment":[{"href":"https:\/\/www.ufsm.br\/pro-reitorias\/proplan\/pdi\/wp-json\/wp\/v2\/media?parent=57"}],"wp:term":[{"taxonomy":"category","embeddable":true,"href":"https:\/\/www.ufsm.br\/pro-reitorias\/proplan\/pdi\/wp-json\/wp\/v2\/categories?post=57"},{"taxonomy":"post_tag","embeddable":true,"href":"https:\/\/www.ufsm.br\/pro-reitorias\/proplan\/pdi\/wp-json\/wp\/v2\/tags?post=57"}],"curies":[{"name":"wp","href":"https:\/\/api.w.org\/{rel}","templated":true}]}}