{"id":64,"date":"2018-12-18T20:42:05","date_gmt":"2018-12-18T22:42:05","guid":{"rendered":"https:\/\/www.ufsm.br\/pro-reitorias\/proplan\/pdi\/?page_id=64"},"modified":"2018-12-18T20:44:15","modified_gmt":"2018-12-18T22:44:15","slug":"projeto-pedagogico-institucional-ppi","status":"publish","type":"page","link":"https:\/\/www.ufsm.br\/pro-reitorias\/proplan\/pdi\/projeto-pedagogico-institucional-ppi","title":{"rendered":"Projeto Pedag\u00f3gico Institucional (PPI)"},"content":{"rendered":"\t\t<div data-elementor-type=\"wp-post\" data-elementor-id=\"64\" class=\"elementor elementor-64 elementor-bc-flex-widget\">\n\t\t\t\t\t\t<section class=\"elementor-section elementor-top-section elementor-element elementor-element-32cff5d4 elementor-section-boxed elementor-section-height-default elementor-section-height-default\" data-id=\"32cff5d4\" data-element_type=\"section\">\n\t\t\t\t\t\t<div class=\"elementor-container elementor-column-gap-default\">\n\t\t\t\t\t<div class=\"elementor-column elementor-col-100 elementor-top-column elementor-element elementor-element-5d68c710\" data-id=\"5d68c710\" data-element_type=\"column\">\n\t\t\t<div class=\"elementor-widget-wrap elementor-element-populated\">\n\t\t\t\t\t\t<div class=\"elementor-element elementor-element-379e7a22 elementor-widget elementor-widget-text-editor\" data-id=\"379e7a22\" data-element_type=\"widget\" data-widget_type=\"text-editor.default\">\n\t\t\t\t<div class=\"elementor-widget-container\">\n\t\t\t\t\t\t\t<!-- wp:tadv\/classic-paragraph -->\n<p>Como indicado no inciso II, do artigo 16, do Decreto n. 5.773\/2009, um dos elementos do Plano de Desenvolvimento Institucional (PDI) \u00e9 o Projeto Pedag\u00f3gico Institucional (PPI), equivalente ao Projeto Pol\u00edtico Pedag\u00f3gico (PPP) elaborado pelos estabelecimentos de ensino de forma geral. O Projeto Pedag\u00f3gico Institucional \u00e9 o documento pelo qual a institui\u00e7\u00e3o estabelece suas pol\u00edticas de ensino, pesquisa e extens\u00e3o.<\/p>\n<p>O PPI da Universidade Federal de Santa Maria (UFSM) \u00e9 parte integrante do PDI 2016-2026 da institui\u00e7\u00e3o. O seu texto-base foi aprovado no Conselho de Ensino, Pesquisa e Extens\u00e3o (CEPE) e referendado quando da aprova\u00e7\u00e3o do PDI 2016-2026 pelo Conselho Universit\u00e1rio (CONSU). O texto do PPI contempla as diretrizes que devem ser observadas pelas pol\u00edticas de ensino, pesquisa e extens\u00e3o.<\/p>\n<!-- \/wp:tadv\/classic-paragraph -->\t\t\t\t\t\t<\/div>\n\t\t\t\t<\/div>\n\t\t\t\t\t<\/div>\n\t\t<\/div>\n\t\t\t\t\t<\/div>\n\t\t<\/section>\n\t\t\t\t<section class=\"elementor-section elementor-top-section elementor-element elementor-element-bd5338a elementor-section-boxed elementor-section-height-default elementor-section-height-default\" data-id=\"bd5338a\" data-element_type=\"section\">\n\t\t\t\t\t\t<div class=\"elementor-container elementor-column-gap-default\">\n\t\t\t\t\t<div class=\"elementor-column elementor-col-100 elementor-top-column elementor-element elementor-element-2d6eecd\" data-id=\"2d6eecd\" data-element_type=\"column\">\n\t\t\t<div class=\"elementor-widget-wrap elementor-element-populated\">\n\t\t\t\t\t\t<div class=\"elementor-element elementor-element-8d0fce3 elementor-widget elementor-widget-heading\" data-id=\"8d0fce3\" data-element_type=\"widget\" data-widget_type=\"heading.default\">\n\t\t\t\t<div class=\"elementor-widget-container\">\n\t\t\t<h5 class=\"elementor-heading-title elementor-size-default\">Anexo<\/h5>\t\t<\/div>\n\t\t\t\t<\/div>\n\t\t\t\t\t<\/div>\n\t\t<\/div>\n\t\t\t\t\t<\/div>\n\t\t<\/section>\n\t\t\t\t<section class=\"elementor-section elementor-top-section elementor-element elementor-element-fff3c18 elementor-section-boxed elementor-section-height-default elementor-section-height-default\" data-id=\"fff3c18\" data-element_type=\"section\">\n\t\t\t\t\t\t<div class=\"elementor-container elementor-column-gap-default\">\n\t\t\t\t\t<div class=\"elementor-column elementor-col-100 elementor-top-column elementor-element elementor-element-b739770\" data-id=\"b739770\" data-element_type=\"column\">\n\t\t\t<div class=\"elementor-widget-wrap elementor-element-populated\">\n\t\t\t\t\t\t<div class=\"elementor-element elementor-element-ceba210 elementor-widget elementor-widget-text-editor\" data-id=\"ceba210\" data-element_type=\"widget\" data-widget_type=\"text-editor.default\">\n\t\t\t\t<div class=\"elementor-widget-container\">\n\t\t\t\t\t\t\t<p><a href=\"https:\/\/www.ufsm.br\/pro-reitorias\/proplan\/pdi\/wp-content\/uploads\/sites\/500\/2018\/12\/04-DocPDI-Capitulo4-PPI-TextoBaseCEPE.pdf\" target=\"_blank\" rel=\"noopener\">Cap\u00edtulo 4 \u2013 PPI \u2013 Projeto Pedag\u00f3gico Institucional<\/a><\/p>\t\t\t\t\t\t<\/div>\n\t\t\t\t<\/div>\n\t\t\t\t\t<\/div>\n\t\t<\/div>\n\t\t\t\t\t<\/div>\n\t\t<\/section>\n\t\t\t\t<\/div>\n\t\t","protected":false},"excerpt":{"rendered":"<p>Como indicado no inciso II, do artigo 16, do Decreto n. 5.773\/2009, um dos elementos do Plano de Desenvolvimento Institucional (PDI) \u00e9 o Projeto Pedag\u00f3gico Institucional (PPI), equivalente ao Projeto Pol\u00edtico Pedag\u00f3gico (PPP) elaborado pelos estabelecimentos de ensino de forma geral. O Projeto Pedag\u00f3gico Institucional \u00e9 o documento pelo qual a institui\u00e7\u00e3o estabelece suas pol\u00edticas [&hellip;]<\/p>\n","protected":false},"author":118,"featured_media":0,"parent":0,"menu_order":0,"comment_status":"closed","ping_status":"closed","template":"","meta":{"footnotes":""},"categories":[],"tags":[],"class_list":["post-64","page","type-page","status-publish","hentry"],"acf":[],"_links":{"self":[{"href":"https:\/\/www.ufsm.br\/pro-reitorias\/proplan\/pdi\/wp-json\/wp\/v2\/pages\/64","targetHints":{"allow":["GET"]}}],"collection":[{"href":"https:\/\/www.ufsm.br\/pro-reitorias\/proplan\/pdi\/wp-json\/wp\/v2\/pages"}],"about":[{"href":"https:\/\/www.ufsm.br\/pro-reitorias\/proplan\/pdi\/wp-json\/wp\/v2\/types\/page"}],"author":[{"embeddable":true,"href":"https:\/\/www.ufsm.br\/pro-reitorias\/proplan\/pdi\/wp-json\/wp\/v2\/users\/118"}],"replies":[{"embeddable":true,"href":"https:\/\/www.ufsm.br\/pro-reitorias\/proplan\/pdi\/wp-json\/wp\/v2\/comments?post=64"}],"version-history":[{"count":0,"href":"https:\/\/www.ufsm.br\/pro-reitorias\/proplan\/pdi\/wp-json\/wp\/v2\/pages\/64\/revisions"}],"wp:attachment":[{"href":"https:\/\/www.ufsm.br\/pro-reitorias\/proplan\/pdi\/wp-json\/wp\/v2\/media?parent=64"}],"wp:term":[{"taxonomy":"category","embeddable":true,"href":"https:\/\/www.ufsm.br\/pro-reitorias\/proplan\/pdi\/wp-json\/wp\/v2\/categories?post=64"},{"taxonomy":"post_tag","embeddable":true,"href":"https:\/\/www.ufsm.br\/pro-reitorias\/proplan\/pdi\/wp-json\/wp\/v2\/tags?post=64"}],"curies":[{"name":"wp","href":"https:\/\/api.w.org\/{rel}","templated":true}]}}