{"id":82,"date":"2018-12-19T12:22:57","date_gmt":"2018-12-19T14:22:57","guid":{"rendered":"https:\/\/www.ufsm.br\/pro-reitorias\/proplan\/pdi\/?page_id=82"},"modified":"2018-12-19T12:59:36","modified_gmt":"2018-12-19T14:59:36","slug":"pdis-anteriores","status":"publish","type":"page","link":"https:\/\/www.ufsm.br\/pro-reitorias\/proplan\/pdi\/pdis-anteriores","title":{"rendered":"PDIs anteriores"},"content":{"rendered":"\t\t<div data-elementor-type=\"wp-post\" data-elementor-id=\"82\" class=\"elementor elementor-82 elementor-bc-flex-widget\">\n\t\t\t\t\t\t<section class=\"elementor-section elementor-top-section elementor-element elementor-element-7371c7d9 elementor-section-boxed elementor-section-height-default elementor-section-height-default\" data-id=\"7371c7d9\" data-element_type=\"section\">\n\t\t\t\t\t\t<div class=\"elementor-container elementor-column-gap-default\">\n\t\t\t\t\t<div class=\"elementor-column elementor-col-100 elementor-top-column elementor-element elementor-element-159808eb\" data-id=\"159808eb\" data-element_type=\"column\">\n\t\t\t<div class=\"elementor-widget-wrap elementor-element-populated\">\n\t\t\t\t\t\t<div class=\"elementor-element elementor-element-c825a3e elementor-widget elementor-widget-text-editor\" data-id=\"c825a3e\" data-element_type=\"widget\" data-widget_type=\"text-editor.default\">\n\t\t\t\t<div class=\"elementor-widget-container\">\n\t\t\t\t\t\t\t<!-- wp:tadv\/classic-paragraph -->\n<p>O Plano de Desenvolvimento Institucional (PDI) \u00e9 o documento que identifica e norteia o que \u00e9 desenvolvido em uma institui\u00e7\u00e3o de ensino. Diz respeito \u00e0 filosofia de trabalho, \u00e0 miss\u00e3o e \u00e0s atividades acad\u00eamicas realizadas ou pretendidas. Desta forma, serve de base para o planejamento como um todo, guiando o trabalho dos cursos, centros de ensino, departamentos e programas. Al\u00e9m disso, \u00e9 o instrumento que o Minist\u00e9rio da Educa\u00e7\u00e3o (MEC) e outros \u00f3rg\u00e3os de controle utilizam para avaliar a institui\u00e7\u00e3o.<\/p>\n<p>A partir da Lei n. 10.861, de 14 de abril de 2004, que estabelece o Sistema Nacional de Avalia\u00e7\u00e3o da Educa\u00e7\u00e3o Superior, o MEC introduziu como parte integrante do processo avaliativo das institui\u00e7\u00f5es de ensino superior (IES) o seu planejamento estrat\u00e9gico, sintetizado no que se convencionou denominar de Plano de Desenvolvimento Institucional (PDI).<\/p>\n<p>A UFSM elaborou o seu primeiro PDI no ano de 2001 e desde ent\u00e3o foram outras duas edi\u00e7\u00f5es, at\u00e9 que o PDI 2016-2026 entrasse em vigor.<\/p>\n<ul>\n<li><a href=\"https:\/\/www.ufsm.br\/pro-reitorias\/proplan\/pdi\/wp-content\/uploads\/sites\/500\/2018\/12\/PDI-2011-2016.pdf\" target=\"_blank\" rel=\"noopener\">2001 &#8211; 2005 &#8211; primeiro PDI<\/a><\/li>\n<li>2006 &#8211; 2010 &#8211; segundo PDI<\/li>\n<li>2011 &#8211; 2015 &#8211; terceiro PDI<\/li>\n<li>2016 &#8211; 2026 &#8211; PDI atual\u00a0<\/li>\n<\/ul>\n<!-- \/wp:tadv\/classic-paragraph -->\t\t\t\t\t\t<\/div>\n\t\t\t\t<\/div>\n\t\t\t\t\t<\/div>\n\t\t<\/div>\n\t\t\t\t\t<\/div>\n\t\t<\/section>\n\t\t\t\t<\/div>\n\t\t","protected":false},"excerpt":{"rendered":"<p>O Plano de Desenvolvimento Institucional (PDI) \u00e9 o documento que identifica e norteia o que \u00e9 desenvolvido em uma institui\u00e7\u00e3o de ensino. Diz respeito \u00e0 filosofia de trabalho, \u00e0 miss\u00e3o e \u00e0s atividades acad\u00eamicas realizadas ou pretendidas. Desta forma, serve de base para o planejamento como um todo, guiando o trabalho dos cursos, centros de [&hellip;]<\/p>\n","protected":false},"author":118,"featured_media":0,"parent":0,"menu_order":0,"comment_status":"closed","ping_status":"closed","template":"","meta":{"footnotes":""},"categories":[],"tags":[],"class_list":["post-82","page","type-page","status-publish","hentry"],"acf":[],"_links":{"self":[{"href":"https:\/\/www.ufsm.br\/pro-reitorias\/proplan\/pdi\/wp-json\/wp\/v2\/pages\/82","targetHints":{"allow":["GET"]}}],"collection":[{"href":"https:\/\/www.ufsm.br\/pro-reitorias\/proplan\/pdi\/wp-json\/wp\/v2\/pages"}],"about":[{"href":"https:\/\/www.ufsm.br\/pro-reitorias\/proplan\/pdi\/wp-json\/wp\/v2\/types\/page"}],"author":[{"embeddable":true,"href":"https:\/\/www.ufsm.br\/pro-reitorias\/proplan\/pdi\/wp-json\/wp\/v2\/users\/118"}],"replies":[{"embeddable":true,"href":"https:\/\/www.ufsm.br\/pro-reitorias\/proplan\/pdi\/wp-json\/wp\/v2\/comments?post=82"}],"version-history":[{"count":0,"href":"https:\/\/www.ufsm.br\/pro-reitorias\/proplan\/pdi\/wp-json\/wp\/v2\/pages\/82\/revisions"}],"wp:attachment":[{"href":"https:\/\/www.ufsm.br\/pro-reitorias\/proplan\/pdi\/wp-json\/wp\/v2\/media?parent=82"}],"wp:term":[{"taxonomy":"category","embeddable":true,"href":"https:\/\/www.ufsm.br\/pro-reitorias\/proplan\/pdi\/wp-json\/wp\/v2\/categories?post=82"},{"taxonomy":"post_tag","embeddable":true,"href":"https:\/\/www.ufsm.br\/pro-reitorias\/proplan\/pdi\/wp-json\/wp\/v2\/tags?post=82"}],"curies":[{"name":"wp","href":"https:\/\/api.w.org\/{rel}","templated":true}]}}