{"id":1002,"date":"2018-07-03T16:18:36","date_gmt":"2018-07-03T19:18:36","guid":{"rendered":"https:\/\/www.ufsm.br\/pro-reitorias\/proplan\/?page_id=1002"},"modified":"2022-06-21T20:41:26","modified_gmt":"2022-06-21T23:41:26","slug":"coordenadoria-de-planejamento-economico-coplec","status":"publish","type":"page","link":"https:\/\/www.ufsm.br\/pro-reitorias\/proplan\/coordenadoria-de-planejamento-economico-coplec","title":{"rendered":"Coordenadoria de Planejamento Econ\u00f4mico &#8211; COPLEC"},"content":{"rendered":"<p>A COPLEC tem como objetivo:<\/p>\n<p>Dimensionar as necessidades reais de custeio e investimento da Institui\u00e7\u00e3o e diversificar suas fontes de recursos;<br \/>Estabelecer crit\u00e9rios e prioridades para sua aloca\u00e7\u00e3o;<br \/>Elaborar o Or\u00e7amento Plurianual de Investimentos e o Or\u00e7amento Programa da Institui\u00e7\u00e3o;<br \/>Elaborar e detalhar o Or\u00e7amento Interno;<br \/>Acompanhar e controlar a execu\u00e7\u00e3o or\u00e7ament\u00e1ria;<br \/>Elaborar estudos de custos do ensino e da administra\u00e7\u00e3o universit\u00e1ria;<br \/>Conceber sistem\u00e1tica de participa\u00e7\u00e3o dos departamentos para elabora\u00e7\u00e3o dos planos or\u00e7ament\u00e1rios;<br \/>Elaborar planos or\u00e7ament\u00e1rios com a participa\u00e7\u00e3o de todos os n\u00edveis e setores da Institui\u00e7\u00e3o;<br \/>Divulgar o Or\u00e7amento Interno da Institui\u00e7\u00e3o;<br \/>Planejar os recursos necess\u00e1rios para atender a expans\u00e3o do n\u00edvel de atividades da Institui\u00e7\u00e3o e acompanhar e avaliar o Or\u00e7amento.<\/p>\n<p><strong>Acesse as informa\u00e7\u00f5es or\u00e7ament\u00e1rias:<\/strong><\/p>\n<p><blockquote class=\"wp-embedded-content\" data-secret=\"gY9YfMBZ9C\"><a href=\"https:\/\/www.ufsm.br\/pro-reitorias\/proplan\/coplec\">Coordenadoria de Planejamento Econ\u00f4mico (COPLEC)<\/a><\/blockquote><iframe class=\"wp-embedded-content\" sandbox=\"allow-scripts\" security=\"restricted\" style=\"position: absolute; clip: rect(1px, 1px, 1px, 1px);\" title=\"&#8220;Coordenadoria de Planejamento Econ\u00f4mico (COPLEC)&#8221; &#8212; PROPLAN\" src=\"https:\/\/www.ufsm.br\/pro-reitorias\/proplan\/coplec\/embed#?secret=JGgH4lAuf9#?secret=gY9YfMBZ9C\" data-secret=\"gY9YfMBZ9C\" width=\"500\" height=\"282\" frameborder=\"0\" marginwidth=\"0\" marginheight=\"0\" scrolling=\"no\"><\/iframe><\/p>\n<p><br \/><strong>Contato<\/strong><\/p>\n<p>Fone: (55) 3220.8334<br \/>Pr\u00e9dio da Reitoria &#8211; Sala 542 \u2013 5\u00ba andar<\/p>\n\n","protected":false},"excerpt":{"rendered":"<p>A COPLEC tem como objetivo: Dimensionar as necessidades reais de custeio e investimento da Institui\u00e7\u00e3o e diversificar suas fontes de recursos;Estabelecer crit\u00e9rios e prioridades para sua aloca\u00e7\u00e3o;Elaborar o Or\u00e7amento Plurianual de Investimentos e o Or\u00e7amento Programa da Institui\u00e7\u00e3o;Elaborar e detalhar o Or\u00e7amento Interno;Acompanhar e controlar a execu\u00e7\u00e3o or\u00e7ament\u00e1ria;Elaborar estudos de custos do ensino e da [&hellip;]<\/p>\n","protected":false},"author":119,"featured_media":0,"parent":0,"menu_order":0,"comment_status":"closed","ping_status":"closed","template":"","meta":{"footnotes":""},"categories":[],"tags":[],"class_list":["post-1002","page","type-page","status-publish","hentry"],"acf":[],"_links":{"self":[{"href":"https:\/\/www.ufsm.br\/pro-reitorias\/proplan\/wp-json\/wp\/v2\/pages\/1002","targetHints":{"allow":["GET"]}}],"collection":[{"href":"https:\/\/www.ufsm.br\/pro-reitorias\/proplan\/wp-json\/wp\/v2\/pages"}],"about":[{"href":"https:\/\/www.ufsm.br\/pro-reitorias\/proplan\/wp-json\/wp\/v2\/types\/page"}],"author":[{"embeddable":true,"href":"https:\/\/www.ufsm.br\/pro-reitorias\/proplan\/wp-json\/wp\/v2\/users\/119"}],"replies":[{"embeddable":true,"href":"https:\/\/www.ufsm.br\/pro-reitorias\/proplan\/wp-json\/wp\/v2\/comments?post=1002"}],"version-history":[{"count":0,"href":"https:\/\/www.ufsm.br\/pro-reitorias\/proplan\/wp-json\/wp\/v2\/pages\/1002\/revisions"}],"wp:attachment":[{"href":"https:\/\/www.ufsm.br\/pro-reitorias\/proplan\/wp-json\/wp\/v2\/media?parent=1002"}],"wp:term":[{"taxonomy":"category","embeddable":true,"href":"https:\/\/www.ufsm.br\/pro-reitorias\/proplan\/wp-json\/wp\/v2\/categories?post=1002"},{"taxonomy":"post_tag","embeddable":true,"href":"https:\/\/www.ufsm.br\/pro-reitorias\/proplan\/wp-json\/wp\/v2\/tags?post=1002"}],"curies":[{"name":"wp","href":"https:\/\/api.w.org\/{rel}","templated":true}]}}